{"id":368,"date":"2018-11-04T00:00:00","date_gmt":"2018-11-04T04:00:00","guid":{"rendered":"http:\/\/egyptianwisdomcenter.org\/astronomical-consciousness\/"},"modified":"2023-10-20T16:30:44","modified_gmt":"2023-10-20T20:30:44","slug":"astronomical-consciousness-2","status":"publish","type":"page","link":"https:\/\/egyptianwisdomcenter.org\/pt\/consciencia-astronomica-2\/","title":{"rendered":"Consci\u00eancia Astron\u00f4mica"},"content":{"rendered":"<h2 style=\"text-align: center;\"><span style=\"color: #0000ff;\">Consci\u00eancia Astron\u00f4mica<\/span><\/h2>\n<p>&nbsp;<\/p>\n<h3><span style=\"color: #ff0000;\"><strong>1. Consci\u00eancia C\u00f3smica e Astronomia<\/strong><\/span><\/h3>\n<p>O Egito, reconhecendo a influ\u00eancia dos c\u00e9us na terra, observou os c\u00e9us com a m\u00e1xima aten\u00e7\u00e3o. Os dados da astronomia foram estudados pelo seu significado: isto \u00e9, o estudo das correspond\u00eancias entre eventos nos c\u00e9us e eventos na terra. Astronomia e astrologia eram, para eles, duas faces da mesma moeda.<\/p>\n<p>Os registros eg\u00edpcios antigos de todos os assuntos mostram uma coordena\u00e7\u00e3o e correspond\u00eancia completa entre as atividades dos eg\u00edpcios na Terra e os v\u00e1rios ciclos do universo (como algumas aplica\u00e7\u00f5es s\u00e3o descritas ao longo deste livro).<\/p>\n<p>Os eg\u00edpcios estavam muito conscientes da sua depend\u00eancia dos ciclos da terra e do c\u00e9u. Portanto, aos sacerdotes do templo foi atribu\u00edda a tarefa de observar os movimentos desses corpos celestes. Eles tamb\u00e9m foram respons\u00e1veis por observar outros eventos celestes e interpret\u00e1-los.<\/p>\n<p>Numerosos monumentos podem ser encontrados em locais do Antigo Egito, atestando sua plena consci\u00eancia e conhecimento de cosmologia e astronomia.<\/p>\n<p>Clement Alexandrinus (200 dC) relatou sobre o conhecimento avan\u00e7ado da astronomia no Antigo Egito. Ele se referiu a cinco volumes inter-relacionados no Antigo Egito sobre astronomia - um contendo uma lista das estrelas fixas, outro sobre os fen\u00f4menos do Sol e da Lua, outros dois sobre o nascimento das estrelas e outro contendo uma cosmografia e geografia, o curso do sol, da lua e dos cinco planetas. Essas refer\u00eancias indicam uma compreens\u00e3o completa da astronomia, incompar\u00e1vel at\u00e9 mesmo em nossos tempos atuais.<\/p>\n<p>Enquanto a academia ocidental atribui o conhecimento da astronomia aos gregos, os pr\u00f3prios gregos atribu\u00edram o seu conhecimento astron\u00f4mico aos sacerdotes eg\u00edpcios.<\/p>\n<p>O Grande Estrab\u00e3o [64 aC-25 dC] admitiu, em c. 20 AC (cerca de 100 anos depois de Hiparco) que:<\/p>\n<p style=\"padding-left: 30px;\"><strong><em>\u201cOs sacerdotes eg\u00edpcios s\u00e3o supremos na ci\u00eancia do c\u00e9u\u2026[os eg\u00edpcios]\u2026transmitem alguns dos seus preceitos; embora escondam a maior parte. [Os eg\u00edpcios] revelaram aos gregos os segredos do ano completo, que estes ignoraram como acontece com muitas outras coisas\u201d.<\/em><\/strong><\/p>\n<p>(Mais sobre o ano civil eg\u00edpcio mais preciso mais adiante neste cap\u00edtulo.)<\/p>\n<p>Os astr\u00f4nomos que estudam o Egito h\u00e1 muito argumentam que a astronomia eg\u00edpcia era altamente avan\u00e7ada; que a precess\u00e3o dos equin\u00f3cios era conhecida por eles, assim como o sistema helioc\u00eantrico e muitos outros fen\u00f4menos supostamente descobertos apenas recentemente.<\/p>\n<p>&nbsp;<\/p>\n<h3><span style=\"color: #ff0000;\"><strong>2. Kepler e a astronomia eg\u00edpcia<\/strong><\/span><\/h3>\n<p>H\u00e1 algumas d\u00e9cadas, aqueles que sugeriam que a astronomia tinha atingido um estado avan\u00e7ado muito antes da inven\u00e7\u00e3o do telesc\u00f3pio eram geralmente ridicularizados ou ignorados. A astronomia \u201cmoderna\u201d \u00e9 atribu\u00edda aos trabalhos de Johannes Kepler [1571\u20131630 dC], e ele \u00e9 creditado por ter \u201cdescoberto\u201d as tr\u00eas leis planet\u00e1rias sem o \u201cbenef\u00edcio de um telesc\u00f3pio\u201d.<\/p>\n<p style=\"padding-left: 30px;\">Lei 1. A \u00f3rbita de um planeta\/cometa em torno do Sol \u00e9 uma elipse com o centro de massa do Sol em um foco.<\/p>\n<p style=\"padding-left: 30px;\">Lei 2. Uma linha que une um planeta\/cometa e o Sol varre \u00e1reas iguais em intervalos iguais de tempo.<\/p>\n<p style=\"padding-left: 30px;\">Lei 3. Os quadrados dos per\u00edodos dos planetas s\u00e3o proporcionais aos cubos dos seus semieixos maiores.<\/p>\n<p>As leis planet\u00e1rias que mostram as rela\u00e7\u00f5es entre planetas, dist\u00e2ncias, varia\u00e7\u00f5es na velocidade, configura\u00e7\u00f5es de \u00f3rbita, etc. nunca podem ser determinadas sem observa\u00e7\u00f5es, medi\u00e7\u00f5es, registros e an\u00e1lises regulares; no entanto, nenhum destes acad\u00e9micos ocidentais nos diz como Kepler chegou (do nada) a estas leis planet\u00e1rias. Na verdade, o pr\u00f3prio Kepler vangloriou-se por escrito, no final do <em>Livro V <\/em>da s\u00e9rie dele <em>Harmonia do Mundo<\/em>, que redescobriu as leis perdidas do Egito, conforme afirmado abaixo:<\/p>\n<p style=\"padding-left: 30px;\"><strong><em>\u201cAgora, dezoito meses depois da primeira luz, tr\u00eas meses depois do dia verdadeiro, mas poucos dias depois que o Sol puro daquele estudo maravilhoso come\u00e7ou a brilhar, nada me impede; \u00e9 um prazer ceder ao frenesi inspirado, \u00e9 um prazer insultar os homens mortais com o sincero reconhecimento de que <span style=\"text-decoration: underline;\">Estou roubando os vasos de ouro dos eg\u00edpcios<\/span> para construir neles um tabern\u00e1culo ao meu Deus, muito, muito longe dos limites do Egito\u201d.<\/em><\/strong><\/p>\n<p>O exultante Kepler n\u00e3o afirmou que ele pr\u00f3prio descobriu alguma coisa. Em vez disso, era tudo do Egito Antigo.<\/p>\n<p>&nbsp;<\/p>\n<h3><span style=\"color: #ff0000;\"><strong>3. Observa\u00e7\u00f5es e grava\u00e7\u00f5es astron\u00f4micas<\/strong><\/span><\/h3>\n<p>Numerosos monumentos podem ser encontrados em locais do Antigo Egito, atestando sua plena consci\u00eancia e conhecimento de cosmologia e astronomia. Um tipo sistem\u00e1tico de observa\u00e7\u00e3o astron\u00f4mica come\u00e7ou no Antigo Egito desde muito cedo. Os Antigos Eg\u00edpcios compilaram informa\u00e7\u00f5es, fazendo mapas das constela\u00e7\u00f5es com base em observa\u00e7\u00f5es e registros.<\/p>\n<p>Um tipo sistem\u00e1tico de observa\u00e7\u00e3o astron\u00f4mica come\u00e7ou muito cedo. Os textos astron\u00f4micos mais antigos atualmente conhecidos s\u00e3o encontrados nas tampas de caix\u00f5es de madeira que datam da 9\u00aa Dinastia (c. 2150 aC).<\/p>\n<p>Esses textos s\u00e3o chamados <em>calend\u00e1rios diagonais <\/em>ou <em>rel\u00f3gios de estrelas diagonais<\/em>, que significam os objetivos e conte\u00fados destes textos: observar e documentar a rela\u00e7\u00e3o entre o movimento das estrelas e o tempo.<\/p>\n<p>A palavra &#039;diagonal&#039; significa medi\u00e7\u00e3o de \u00e2ngulos; isto \u00e9, a dist\u00e2ncia do movimento do arco durante um per\u00edodo de tempo espec\u00edfico.<\/p>\n<p>As medidas angulares s\u00e3o uma combina\u00e7\u00e3o da divis\u00e3o eg\u00edpcia do c\u00e9u em 36 segmentos angulares. Cada um tem um \u00e2ngulo central de 10 graus, totalizando 360 graus.<\/p>\n<p>Esses textos d\u00e3o os nomes dos decanatos (estrelas que surgiram em intervalos de dez dias ao mesmo tempo que o sol), dos quais havia 36.<\/p>\n<p>Mapas estelares mais elaborados foram encontrados no Novo Reino (1550\u20131070 aC) no teto da tumba de Senenmut, o arquiteto da Rainha Hatshepsut, e no teto do templo de Abidos. Nos t\u00famulos do Conjunto I e Rams\u00e9s IV, VII e IX, inscri\u00e7\u00f5es relativas ao primeiro e ao 16\u00ba dia de cada m\u00eas indicam a posi\u00e7\u00e3o ocupada por uma estrela em cada uma das 12 horas da noite em rela\u00e7\u00e3o a uma figura sentada. (sobre a orelha esquerda, sobre a orelha direita, etc.).<\/p>\n<p>&nbsp;<\/p>\n<h3><span style=\"color: #ff0000;\"><strong>4. Cronometragem REAL eg\u00edpcia<\/strong><\/span><\/h3>\n<p>O conhecimento eg\u00edpcio antigo sobre cronometragem se reflete na divis\u00e3o do dia em 12 horas do dia e 12 horas da noite. A dura\u00e7\u00e3o da hora n\u00e3o era fixa, mas variava de acordo com as esta\u00e7\u00f5es. Dias longos no ver\u00e3o significavam mais horas do dia e o contr\u00e1rio nos meses de inverno. Os dias 21 de mar\u00e7o e 23 de setembro, quando o Sol cruza o equador e o dia e a noite t\u00eam a mesma dura\u00e7\u00e3o em todos os lugares, s\u00e3o conhecidos como &#039;equin\u00f3cios&#039; (noites iguais). A dura\u00e7\u00e3o vari\u00e1vel da hora significa a sua compreens\u00e3o do equin\u00f3cio, bem como a sua plena compreens\u00e3o da medi\u00e7\u00e3o precisa do tempo, conforme explicado abaixo.<\/p>\n<p><img decoding=\"async\" class=\"aligncenter\" src=\"http:\/\/egyptianwisdomcenter.org\/wp-content\/uploads\/2019\/02\/aecr-ch11-2.jpg\" \/><\/p>\n<p>Como a Terra gira em torno do Sol no plano da sua \u00f3rbita uma vez por ano, a linha de refer\u00eancia para o Sol muda constantemente e a dura\u00e7\u00e3o de um dia solar n\u00e3o \u00e9 o verdadeiro tempo de uma rota\u00e7\u00e3o da Terra. \u00c9 portanto que a nossa astronomia \u201cmoderna\u201d reconhece que o verdadeiro tempo de uma rota\u00e7\u00e3o da Terra, que \u00e9 conhecido como dia sideral, \u00e9 baseado em uma rota\u00e7\u00e3o em rela\u00e7\u00e3o ao equin\u00f3cio vernal, quando a dura\u00e7\u00e3o do dia e da noite s\u00e3o exatamente o mesmo.<\/p>\n<p>Os antigos eg\u00edpcios conheciam os segredos do tempo porque observavam e estudavam o movimento aparente das estrelas, da lua e do sol. Como todos os corpos celestes est\u00e3o em constante movimento aparente em rela\u00e7\u00e3o ao observador, \u00e9 extremamente importante saber o tempo preciso de uma observa\u00e7\u00e3o de um corpo celeste \u2013 que os Antigos Eg\u00edpcios dominavam h\u00e1 muito tempo.<\/p>\n<p>O movimento de cada corpo celeste foi medido em mudan\u00e7a angular como uma combina\u00e7\u00e3o de declina\u00e7\u00e3o e ascens\u00e3o reta; sendo estas as coordenadas fornecidas das estrelas em um mapa do c\u00e9u.<\/p>\n<p>As observa\u00e7\u00f5es foram registradas e plotadas em uma grade sobrepondo \u2013 sob o centro do c\u00e9u \u2013 uma figura humana sentada ereta, com o topo da cabe\u00e7a colocado abaixo do z\u00eanite. A grade era normalmente composta por 8 segmentos horizontais e 12 segmentos verticais, representando as 12 horas da noite. As estrelas que se aproximavam do z\u00e9nite foram referenciadas numa parte desta figura, e a sua posi\u00e7\u00e3o foi indicada nas listas de estrelas: sobre a orelha esquerda, sobre a orelha direita, etc.<\/p>\n<p>Os textos astron\u00f4micos do Antigo Egito fornecem a posi\u00e7\u00e3o das estrelas durante as 12 horas da noite em intervalos de 15 dias e, a partir dessas informa\u00e7\u00f5es, pode-se medir a mudan\u00e7a na localiza\u00e7\u00e3o de um determinado ponto do c\u00e9u. Estas medi\u00e7\u00f5es e registos frequentes e regulares levaram-nos a correlacionar a taxa de velocidade dos corpos celestes e, como tal, os antigos eg\u00edpcios foram capazes de registar irregularidades maiores e menores no movimento percebido destes corpos celestes.<\/p>\n<p>Mapas dos c\u00e9us e tabelas estelares foram feitos no Egito desde muito cedo; as estrelas sendo agrupadas para formar constela\u00e7\u00f5es como as retratadas no teto da tumba. Refer\u00eancias astron\u00f4micas \u00e0 importante constela\u00e7\u00e3o da Perna de Touro (Ursa Maior) a Sirius, a Orion e a outros grupos de estrelas s\u00e3o encontradas nos Textos das Pir\u00e2mides da 5\u00aa e 6\u00aa dinastias.<\/p>\n<p>Listas de decanatos ou estrelas de dez dias (ou grupos de estrelas) associadas \u00e0s tabelas de estrelas hor\u00e1rias j\u00e1 estavam em uso nos caix\u00f5es das 11\u00aa e 12\u00aa dinastias de Assyut.<\/p>\n<p><a href=\"https:\/\/pressbooks.com\/app\/uploads\/sites\/43032\/2015\/11\/aecr-ch11-1-200c-1-1.jpg\"><img decoding=\"async\" class=\"wp-image-915 aligncenter\" src=\"http:\/\/egyptianwisdomcenter.org\/wp-content\/uploads\/2019\/02\/aecr-ch11-1-200c-1-1-e1522603208227.jpg\" alt=\"\" width=\"291\" height=\"163\" \/><\/a><\/p>\n<p style=\"text-align: center;\"><strong>Lista de estrelas no dia 16 de Babeh (Paophi) - 27 de outubro - de Rams\u00e9s<\/strong><br \/>\n<strong>Tumba de IX em Ta-Apet (Tebas).<\/strong><\/p>\n<p>No caso da tumba de Rams\u00e9s IX (1131-1112 aC), o teto mostra as posi\u00e7\u00f5es das v\u00e1rias estrelas ao longo de 12 per\u00edodos consecutivos de 15 dias. A partir desses mapas estelares, os Antigos Eg\u00edpcios determinavam as posi\u00e7\u00f5es e mudan\u00e7as de localiza\u00e7\u00e3o e\/ou hora das estrelas. Como tal, os Antigos Eg\u00edpcios estavam cientes do facto de que as estrelas mudavam lentamente e que isto era facilmente mensur\u00e1vel no tr\u00e2nsito dos meridianos; e assim os Antigos Eg\u00edpcios conheciam e calculavam a taxa de mudan\u00e7a precessional.<\/p>\n<p>Os Antigos Eg\u00edpcios faziam refer\u00eancia \u00e0s estrelas que definem o per\u00edmetro das diversas constela\u00e7\u00f5es, tais como:<\/p>\n<p style=\"padding-left: 30px;\">perna do gigante<br \/>\ngarra do ganso<br \/>\ncabe\u00e7a do ganso<br \/>\natrapalhar-parte do ganso<br \/>\nestrela de milhares<br \/>\nestrela S&#039;ar<br \/>\nponta do dedo da constela\u00e7\u00e3o S&#039;ah. (\u00d3rion)<br \/>\nas estrelas de S&#039;ah. (\u00d3rion)<br \/>\nestrela que segue Sirius<br \/>\nponta do dedo de estrelas g\u00eameas<br \/>\nestrelas da \u00e1gua<br \/>\nponta do dedo do S&#039;ah.<br \/>\ncabe\u00e7a do le\u00e3o<br \/>\ncauda do le\u00e3o<\/p>\n<p>&nbsp;<\/p>\n<h3><span style=\"color: #ff0000;\"><strong>5. O Ciclo do Zod\u00edaco<\/strong><\/span><\/h3>\n<p><a href=\"http:\/\/egyptianwisdomcenter.org\/wp-content\/uploads\/2019\/02\/ec3-136.jpg\"><img decoding=\"async\" class=\"size-medium wp-image-873 aligncenter\" src=\"http:\/\/egyptianwisdomcenter.org\/wp-content\/uploads\/2019\/02\/ec3-136-300x129.jpg\" alt=\"\" width=\"300\" height=\"129\" \/><\/a><\/p>\n<p>O mapa estelar do p\u00f3lo norte do c\u00e9u, da tumba de Seti I [1333\u20131304 aC] [mostrado acima], refor\u00e7a<br \/>\no significado eg\u00edpcio antigo da palavra zod\u00edaco - como um c\u00edrculo de animais.<\/p>\n<p>A principal raz\u00e3o da nossa consci\u00eancia, na Terra, do zod\u00edaco s\u00e3o as complexas intera\u00e7\u00f5es entre a Terra, o Sol e a Lua. Entre os v\u00e1rios volumes dos textos eg\u00edpcios antigos reconhecidos por Clemente Alexandrino estava um volume inteiro sobre os fen\u00f4menos do sol e da lua. O significado do sol e da lua no ritmo c\u00f3smico \u00e9 atribu\u00eddo alegoricamente a \u00cdsis e Os\u00edris, que foi melhor descrito por Diodoro da Sic\u00edlia, <em>Livro eu<\/em>, 11. 5-6:<\/p>\n<p style=\"padding-left: 30px;\"><strong><em>Esses dois neteru (deuses), eles controlam, regulam todo o universo. . .<br \/>\n<\/em><\/strong><\/p>\n<p>As a\u00e7\u00f5es g\u00eameas do Sol e da Lua na Terra s\u00e3o a causa da precess\u00e3o. A lua e o sol puxam, gravitacionalmente, a protuber\u00e2ncia equatorial da nossa terra. A lua tenta puxar a protuber\u00e2ncia para o plano de sua \u00f3rbita ao redor da Terra, e o Sol tenta puxar essa protuber\u00e2ncia para o plano da \u00f3rbita da Terra ao redor do Sol. Como resultado, a Terra n\u00e3o gira em torno de seu eixo, mas mais como um pi\u00e3o ligeiramente descentralizado. O resultado combinado destas duas tend\u00eancias faz com que o eixo da Terra forme um cone duplo no espa\u00e7o, centrado no centro da Terra \u2013 uma esp\u00e9cie de oscila\u00e7\u00e3o. Este movimento \u00e9 chamado de precess\u00e3o.<\/p>\n<p><a href=\"http:\/\/egyptianwisdomcenter.org\/wp-content\/uploads\/2019\/02\/aecr-ch11-2.jpg\"><img decoding=\"async\" class=\"size-full wp-image-760 aligncenter\" src=\"http:\/\/egyptianwisdomcenter.org\/wp-content\/uploads\/2019\/02\/aecr-ch11-2.jpg\" alt=\"\" width=\"292\" height=\"156\" \/><\/a><\/p>\n<p>A Terra gira de oeste para leste em seu eixo polar e gira em torno do Sol em uma \u00f3rbita el\u00edptica com o Sol em um dos focos da elipse. Completa uma revolu\u00e7\u00e3o em um per\u00edodo de 365,2564 dias. A inclina\u00e7\u00e3o da Terra (23\u00bd graus com a perpendicular ao plano orbital), combinada com a sua revolu\u00e7\u00e3o em torno do Sol, faz com que a dura\u00e7\u00e3o do dia e da noite mude e tamb\u00e9m causa as diferentes esta\u00e7\u00f5es [mostradas acima].<\/p>\n<p>Existem v\u00e1rios componentes deste movimento inst\u00e1vel da Terra. S\u00e3o simplesmente componentes de frequ\u00eancia diferentes dos mesmos efeitos f\u00edsicos \u2013 o cabo de guerra entre os tr\u00eas corpos.<\/p>\n<p>Se o c\u00e9u for considerado um pano de fundo constelado, ent\u00e3o, devido \u00e0 oscila\u00e7\u00e3o da Terra em torno de seu eixo, o equin\u00f3cio vernal ocorre a cada ano contra um fundo de constela\u00e7\u00f5es que muda gradualmente. O efeito n\u00e3o \u00e9 real, mas <em>aparente<\/em>, e envolve apenas as estrelas. Na verdade, as estrelas n\u00e3o se movem, mas parecem mover-se devido \u00e0 oscila\u00e7\u00e3o de precess\u00e3o da Terra. Os astr\u00f4nomos chamam isso de precess\u00e3o dos equin\u00f3cios.<\/p>\n<p>A mudan\u00e7a cont\u00ednua da posi\u00e7\u00e3o das estrelas funciona como uma esp\u00e9cie de rel\u00f3gio estelar para o nosso planeta. Para os antigos eg\u00edpcios, ao conhecerem a taxa exata de mudan\u00e7a processional e as coordenadas de uma estrela, eles foram capazes de determinar a sua altitude no meridiano para um determinado momento, ou o seu ponto de ascens\u00e3o no horizonte oriental.<\/p>\n<p>A precess\u00e3o dos equin\u00f3cios atrav\u00e9s das constela\u00e7\u00f5es d\u00e1 nomes \u00e0s doze idades do zod\u00edaco. Demora cerca de 2.160 anos para o equin\u00f3cio passar por um signo do zod\u00edaco. Assim, s\u00e3o necess\u00e1rios cerca de 25.920 anos para o equin\u00f3cio da primavera percorrer o circuito completo das constela\u00e7\u00f5es dos doze signos do zod\u00edaco. Este ciclo completo \u00e9 chamado de Grande\/Ano Completo.<\/p>\n<p>Cada uma das idades\/signos do zod\u00edaco \u00e9 dividida em tr\u00eas segmentos iguais representados por tr\u00eas figuras humanas em conjunto com os eg\u00edpcios dividindo o c\u00e9u em 36 segmentos angulares. Cada um tem um \u00e2ngulo central de 10 graus, totalizando 360 graus.<\/p>\n<p>Como afirmado e mostrado acima, esses decanatos s\u00e3o representados principalmente em um fluxo linear desde o per\u00edodo mais antigo da hist\u00f3ria recuperada eg\u00edpcia.<\/p>\n<p><img decoding=\"async\" class=\"aligncenter\" src=\"http:\/\/egyptianwisdomcenter.org\/wp-content\/uploads\/2019\/02\/aecr-ch11-debdera5-300x115.jpg\" \/><\/p>\n<p>Essas mesmas representa\u00e7\u00f5es e organiza\u00e7\u00e3o dos decanatos s\u00e3o exatamente as mesmas milhares de anos depois, seja em fluxo linear no sal\u00e3o hipoestilo do Templo de Dendera [ver fotografia no Ap\u00eandice C] ou em fluxo circular, como mostrado aqui no mesmo templo eg\u00edpcio , com os mesmos decanatos triplos para cada uma das doze constela\u00e7\u00f5es zodiacais<\/p>\n<p><img decoding=\"async\" class=\"aligncenter\" src=\"http:\/\/egyptianwisdomcenter.org\/wp-content\/uploads\/2019\/02\/aecr-ch11-dendera1-300x300.jpg\" \/><\/p>\n<p>Se\u00e7\u00e3o do Zod\u00edaco Dendera:<\/p>\n<p><img decoding=\"async\" class=\"aligncenter\" src=\"http:\/\/egyptianwisdomcenter.org\/wp-content\/uploads\/2019\/02\/aecr-ch11-dendera2-300x142.jpg\" \/><\/p>\n<p>Uma se\u00e7\u00e3o ampliada do Zod\u00edaco Dendera:<\/p>\n<p><a href=\"http:\/\/egyptianwisdomcenter.org\/wp-content\/uploads\/2019\/02\/aecr-ch11-dendera3.jpg\"><img loading=\"lazy\" decoding=\"async\" class=\"size-medium wp-image-705 aligncenter\" src=\"http:\/\/egyptianwisdomcenter.org\/wp-content\/uploads\/2019\/02\/aecr-ch11-dendera3-300x235.jpg\" alt=\"\" width=\"300\" height=\"235\" \/><\/a><\/p>\n<p>&nbsp;<\/p>\n<p>Abaixo est\u00e1 o gr\u00e1fico do zod\u00edaco eg\u00edpcio mostrando os principais itens com menos detalhes do que o gr\u00e1fico original.<\/p>\n<p><img loading=\"lazy\" decoding=\"async\" class=\"size-medium wp-image-68444 aligncenter\" src=\"https:\/\/egyptianwisdomcenter.org\/wp-content\/uploads\/2023\/10\/aecr-ch11-dendera4-200c-1-1-300x296.jpg\" alt=\"\" width=\"300\" height=\"296\" srcset=\"https:\/\/egyptianwisdomcenter.org\/wp-content\/uploads\/2023\/10\/aecr-ch11-dendera4-200c-1-1-300x296.jpg 300w, https:\/\/egyptianwisdomcenter.org\/wp-content\/uploads\/2023\/10\/aecr-ch11-dendera4-200c-1-1-230x227.jpg 230w, https:\/\/egyptianwisdomcenter.org\/wp-content\/uploads\/2023\/10\/aecr-ch11-dendera4-200c-1-1-350x345.jpg 350w, https:\/\/egyptianwisdomcenter.org\/wp-content\/uploads\/2023\/10\/aecr-ch11-dendera4-200c-1-1-480x473.jpg 480w, https:\/\/egyptianwisdomcenter.org\/wp-content\/uploads\/2023\/10\/aecr-ch11-dendera4-200c-1-1-45x45.jpg 45w, https:\/\/egyptianwisdomcenter.org\/wp-content\/uploads\/2023\/10\/aecr-ch11-dendera4-200c-1-1-420x414.jpg 420w, https:\/\/egyptianwisdomcenter.org\/wp-content\/uploads\/2023\/10\/aecr-ch11-dendera4-200c-1-1-100x100.jpg 100w, https:\/\/egyptianwisdomcenter.org\/wp-content\/uploads\/2023\/10\/aecr-ch11-dendera4-200c-1-1.jpg 660w\" sizes=\"(max-width: 300px) 100vw, 300px\" \/><\/p>\n<p>&nbsp;<\/p>\n<p>Os signos do zod\u00edaco est\u00e3o representados em dois locais no Templo Het-Heru (Hathor) em Dendera. \u00c9 claramente do Egito Antigo, com suas figuras, s\u00edmbolos, etc. O mesmo simbolismo exato das idades, divindades, figuras do zod\u00edaco retratadas, etc. \u00e9 encontrado em v\u00e1rios templos e tumbas do Antigo Egito em todo o pa\u00eds, muito antes da era greco-romana.<\/p>\n<p>A academia ocidental desconsiderou a esmagadora evid\u00eancia f\u00edsica, bem como a afirma\u00e7\u00e3o de fontes do Antigo Egito, de que a precess\u00e3o dos equin\u00f3cios era conhecida no Egito desde tempos imemoriais. A academia entregou o cr\u00e9dito ao \u201cgrego\u201d Hiparco de Alexandria [c.160\u2013125 aC]. Esta \u00e9 mais uma tentativa pat\u00e9tica de creditar a um europeu uma grande conquista. No entanto, neste caso, Hiparco (que nunca se afirmou como a fonte) nunca poderia ter feito sozinho algo que exigisse observa\u00e7\u00f5es astron\u00f3micas, medi\u00e7\u00f5es e registos durante s\u00e9culos e mil\u00e9nios.<\/p>\n<p>Enquanto a academia ocidental atribui o conhecimento da astronomia aos gregos, os pr\u00f3prios gregos atribu\u00edram o seu conhecimento astron\u00f4mico aos sacerdotes eg\u00edpcios. O Grande Estrab\u00e3o [64 aC-25 dC] admitiu, em c. 20 AC (cerca de 100 anos depois de Hiparco), que:<\/p>\n<p style=\"padding-left: 30px;\"><strong><em>Os sacerdotes eg\u00edpcios s\u00e3o supremos na ci\u00eancia do c\u00e9u\u2026[os eg\u00edpcios]\u2026transmitem alguns de seus preceitos; embora escondam a maior parte. [Os eg\u00edpcios] revelaram aos gregos os segredos do ano inteiro, que estes ignoraram como acontece com muitas outras coisas\u2026<\/em><\/strong><\/p>\n<p>&nbsp;<\/p>\n<p><span style=\"color: #ff0000;\"><strong>[Trechos de <\/strong><\/span><strong>Cosmologia Eg\u00edpcia: O Universo Animado, Terceira Edi\u00e7\u00e3o por Moustafa Gadalla<\/strong><span style=\"color: #ff0000;\"><strong><br \/>\n<a href=\"https:\/\/egyptianwisdomcenter.org\/pt\/produto\/egyptian-cosmology-the-animated-universe-third-edition\/\"><span style=\"color: #0000ff;\">https:\/\/egyptianwisdomcenter.org\/product\/a-cosmologia-egipcia\/<\/span><\/a><\/strong><\/span><\/p>\n<p><img loading=\"lazy\" decoding=\"async\" class=\"aligncenter\" src=\"https:\/\/egyptianwisdomcenter.org\/wp-content\/uploads\/2023\/01\/a-cosmologia-egipcia.jpg\" width=\"212\" height=\"318\" \/><\/p>\n<p style=\"text-align: center;\"><a href=\"https:\/\/egyptianwisdomcenter.org\/pt\/produto\/egyptian-cosmology-the-animated-universe-third-edition\/\"><span style=\"color: #ff0000;\"><strong><span style=\"color: #0000ff;\">https:\/\/egyptianwisdomcenter.org\/product\/a-cosmologia-egipcia\/<\/span><\/strong><\/span><\/a><\/p>\n<p style=\"text-align: center;\"><strong>&#8212;&#8212;<\/strong><\/p>\n<p><span style=\"color: #ff0000;\"><strong>E de <\/strong><\/span><strong>Antigo Eg\u00edpcio: Cultura Revelada, Segunda Edi\u00e7\u00e3o por Moustafa Gadalla<\/strong><span style=\"color: #ff0000;\"><strong><br \/>\n<a href=\"https:\/\/egyptianwisdomcenter.org\/pt\/produto\/cultura-egipcia-antiga-revelada-segunda-edicao\/\"><span style=\"color: #0000ff;\">https:\/\/egyptianwisdomcenter.org\/product\/a-cultura-do-antigo-egito-revelada\/<\/span><\/a><\/strong><\/span><\/p>\n<p><img loading=\"lazy\" decoding=\"async\" class=\"aligncenter\" src=\"https:\/\/books2read-prod.s3.amazonaws.com\/CACHE\/images\/ubl_book_images\/book_display_image_6heB7g0\/9bcff3df91ca713a9cfe93997d847840\" alt=\"A antiga cultura eg\u00edpcia revelada\" width=\"226\" height=\"339\" \/><\/p>\n<p style=\"text-align: center;\"><a href=\"https:\/\/egyptianwisdomcenter.org\/pt\/produto\/cultura-egipcia-antiga-revelada-segunda-edicao\/\"><span style=\"color: #ff0000;\"><strong><span style=\"color: #0000ff;\">https:\/\/egyptianwisdomcenter.org\/product\/a-cultura-do-antigo-egito-revelada\/<\/span><\/strong><\/span><\/a><\/p>\n<div dir=\"auto\">\n<div dir=\"auto\"><\/div>\n<\/div>","protected":false},"excerpt":{"rendered":"<p>Astronomical Consciousness &nbsp; 1. Cosmic Consciousness And Astronomy Egypt, recognizing the influence of the heavens on earth, observed the skies with the [&hellip;]<\/p>","protected":false},"author":3,"featured_media":0,"parent":0,"menu_order":0,"comment_status":"closed","ping_status":"closed","template":"","meta":{"footnotes":""},"class_list":["post-368","page","type-page","status-publish","hentry"],"aioseo_notices":[],"_links":{"self":[{"href":"https:\/\/egyptianwisdomcenter.org\/pt\/wp-json\/wp\/v2\/pages\/368","targetHints":{"allow":["GET"]}}],"collection":[{"href":"https:\/\/egyptianwisdomcenter.org\/pt\/wp-json\/wp\/v2\/pages"}],"about":[{"href":"https:\/\/egyptianwisdomcenter.org\/pt\/wp-json\/wp\/v2\/types\/page"}],"author":[{"embeddable":true,"href":"https:\/\/egyptianwisdomcenter.org\/pt\/wp-json\/wp\/v2\/users\/3"}],"replies":[{"embeddable":true,"href":"https:\/\/egyptianwisdomcenter.org\/pt\/wp-json\/wp\/v2\/comments?post=368"}],"version-history":[{"count":2,"href":"https:\/\/egyptianwisdomcenter.org\/pt\/wp-json\/wp\/v2\/pages\/368\/revisions"}],"predecessor-version":[{"id":68457,"href":"https:\/\/egyptianwisdomcenter.org\/pt\/wp-json\/wp\/v2\/pages\/368\/revisions\/68457"}],"wp:attachment":[{"href":"https:\/\/egyptianwisdomcenter.org\/pt\/wp-json\/wp\/v2\/media?parent=368"}],"curies":[{"name":"wp","href":"https:\/\/api.w.org\/{rel}","templated":true}]}}