{"id":3683,"date":"2019-03-02T15:43:52","date_gmt":"2019-03-02T20:43:52","guid":{"rendered":"http:\/\/egyptianwisdomcenter.org\/el-gol-dorado-alquimia-2\/"},"modified":"2023-01-12T13:33:34","modified_gmt":"2023-01-12T18:33:34","slug":"el-gol-dorado-alquimia-2","status":"publish","type":"page","link":"https:\/\/egyptianwisdomcenter.org\/pt\/el-gol-dorado-alquimia-2\/","title":{"rendered":"El Gol Dorado \u2014 Alquimia"},"content":{"rendered":"<h2 style=\"text-align: center;\"><span style=\"color: #ff0000;\"><strong>El Gol Dorado \u2014 Alquimia<\/strong><\/span><\/h2>\n<p>&nbsp;<\/p>\n<p>La alquimia quiere decir el m\u00e9todo\/poder\/proceso de transmutaci\u00f3n de una cosa a otra mejor, simb\u00f3licamente transformar el plomo en oro.<\/p>\n<p>El oro en la alquimia verdadera es una met\u00e1fora para la realizaci\u00f3n espiritual suprema; el alquimista verdadero no practicaba una forma de qu\u00edmica err\u00f3nea, como los cient\u00edficos modernos quieren creer; se dedicaba a una b\u00fasqueda espiritual para transformar la materia bruta (plomo) en un veh\u00edculo para el esp\u00edritu (oro).<\/p>\n<p>Esta tradici\u00f3n alquimista\/Suf\u00ed, de transformar la materia en oro, tiene su origen en el Antiguo Egipto, como se reflej\u00f3 en su lenguaje de la siguiente manera:<\/p>\n<p>\u2013 la materia ca\u00f3tica en el Antiguo Egipto se llama <strong><em>Bem<\/em><\/strong> y tiene varios significados relacionados: <em>la piedra original, el mont\u00edculo de la creaci\u00f3n, la primera etapa de la materia, oposici\u00f3n\/ negaci\u00f3n, no es, no existe, es plural.<\/em><\/p>\n<p>\u2013 La imagen de <strong><em>Bem<\/em><\/strong> es <strong><em>Neb<\/em><\/strong> (Ben deletreado al rev\u00e9s), que tambi\u00e9n tiene varios significados relacionados: <em>oro<\/em> (tradicionalmente el producto final acabado perfecto, el oro del alquimista), <em>el se\u00f1or, el due\u00f1o, el todo, la afirmaci\u00f3n y lo puro.<\/em><\/p>\n<p>Todos los escritores Suf\u00edes antiguos (y m\u00e1s actuales) reconocen a Tot, el neter (dios) del Antiguo Egipto, como el modelo antiguo de alquimia, misticismo y de todos los temas relacionados. El reconocido escritor Suf\u00ed, Idries Shah, admite el papel de Egipto a trav\u00e9s de Tot y Dhu\u2019I-Nun en el Sufismo y en la alquimia de la siguiente manera:<\/p>\n<p style=\"padding-left: 30px;\"><strong><em>\u201c&#8230;La suposici\u00f3n de que la ciencia alqu\u00edmica lleg\u00f3 de Egipto directamente a trav\u00e9s de los escritos de Tot&#8230; De acuerdo a la tradici\u00f3n Suf\u00ed el conocimiento fue transmitido por Dhu\u2019I-Nun el Egipcio, el Rey o Se\u00f1or del Pez, uno de los mas famosos ense\u00f1antes cl\u00e1sicos Suf\u00edes\u201d. [The Sufis, 1964]<\/em><\/strong><\/p>\n<p><span lang=\"ES\">El nombre de Tot aparece entre los maestros antiguos de lo que en la actualidad llamamos el <em>Camino de los Suf\u00edes<\/em>. Es decir, tanto los Suf\u00edes como los alquimistas reconocen a Tot como la base de su conocimiento.<\/span><\/p>\n<p><span lang=\"ES\">Tambi\u00e9n, Idries Shah realiz\u00f3 una referencia directa al historiador hispano-\u00e1rabe, Said de Toledo (muri\u00f3 en 1069), que otorga esta tradici\u00f3n del Antiguo Egipto a Tot: <\/span><\/p>\n<p style=\"padding-left: 30px;\"><em><strong>\u201cLos sabios afirman que todas las ciencias antediluvianas tienen su origen en el primer Hermes [Tot], que vivi\u00f3 en Said, en el Egipcio Superior (llamado Khmunu \u2013 Herm\u00f3polis). Los jud\u00edos le llaman Enoch y los musulmanes Idris. Fue el primero que habl\u00f3 de lo material del mundo superior y de los movimientos planetarios\u2026 La medicina y la poes\u00eda eran sus funciones\u2026 [as\u00ed como] las ciencias, incluyendo la alquimia y la magia\u201d<\/strong><\/em>. [Cf. As\u00edn Palacios, Ibn Masarra, p. 13] Masarra significa Egipcio.<\/p>\n<p style=\"line-height: 24.5pt; vertical-align: baseline; margin: 0in 0in 11.25pt 0in;\"><span lang=\"ES\">El misticismo egipcio b\u00e1sicamente abarca dos tipos de experiencia espiritual.<\/span><\/p>\n<ol>\n<li>Una b\u00fasqueda del autodesarrollo espiritual en forma de autocontrol \u00e9tico y de visi\u00f3n religiosa personal del mundo. El aspirante que es capaz de autopurificarse ya est\u00e1 preparado para la segunda b\u00fasqueda.<\/li>\n<li>La b\u00fasqueda para encontrar a Dios en el mundo manifestado y al mundo manifestado en Dios. Esto se logra mediante la adquisici\u00f3n de conocimiento al utilizar tanto la inteligencia como la intuici\u00f3n para superar las limitaciones de nuestros sentidos humanos.<\/li>\n<\/ol>\n<p style=\"margin: 0in; margin-bottom: .0001pt; text-align: justify; line-height: 24.5pt; vertical-align: baseline;\"><span lang=\"ES\">[Para obtener m\u00e1s informaci\u00f3n acerca de este tema lea el libro <\/span><span style=\"color: #ff0000;\"><em>M\u00edsticos Egipcios : Buscadores del Camino <\/em><\/span><span style=\"color: #ff0000;\"><i>por<\/i> Moustafa Gadalla<\/span>.]<\/p>\n<p>&nbsp;<\/p>\n<p><span style=\"color: #ff0000;\"><strong>[Un fragmento de Cosmolog\u00eda Egipcia : El Universo Animado , Tercera Edici\u00f3n <\/strong><\/span><span style=\"color: #ff0000;\"><strong>por Moustafa Gadalla]<\/strong><\/span><\/p>\n<p><span style=\"color: #0000ff;\"><strong>https:\/\/egyptianwisdomcenter.org\/product\/cosmologia-egipcia-el-universo-animado-tercera-edicion\/<\/strong><\/span><\/p>\n<p><img decoding=\"async\" class=\"aligncenter\" src=\"https:\/\/egypt-tehuti.org\/wp-content\/uploads\/2016\/10\/cover-spanish-1-e1514493781273-225x338.jpg\" \/><\/p>\n<p style=\"text-align: center;\"><span style=\"color: #0000ff;\"><strong>https:\/\/egyptianwisdomcenter.org\/product\/cosmologia-egipcia-el-universo-animado-tercera-edicion\/<\/strong><\/span><\/p>\n<p>&nbsp;<\/p>\n<p>&#8212;&#8212;&#8212;&#8212;&#8212;&#8212;&#8212;&#8212;&#8212;&#8212;&#8212;&#8212;&#8212;&#8212;&#8212;&#8212;&#8212;&#8212;&#8212;&#8212;&#8212;&#8212;&#8212;&#8212;&#8212;&#8212;&#8212;&#8212;&#8212;&#8212;&#8212;&#8212;&#8212;&#8212;&#8212;&#8212;&#8212;&#8212;&#8212;<\/p>\n<div dir=\"auto\">\n<p><span style=\"color: #0000ff;\"><strong>https:\/\/egyptianwisdomcenter.org\/product\/misticos-egipcios-buscadores-del-camino\/<\/strong><\/span><\/p>\n<p><img decoding=\"async\" class=\"aligncenter\" src=\"https:\/\/egypt-tehuti.org\/wp-content\/uploads\/2016\/10\/cover-spanish-5-e1514493613629-225x338.jpg\" \/><\/p>\n<div dir=\"auto\" style=\"text-align: center;\"><span style=\"color: #0000ff;\"><strong>https:\/\/egyptianwisdomcenter.org\/product\/misticos-egipcios-buscadores-del-camino\/<\/strong><\/span><\/div>\n<\/div>\n<div dir=\"auto\"><\/div>\n<div dir=\"auto\">\n<div dir=\"auto\"><\/div>\n<\/div>\n<div dir=\"auto\"><\/div>\n<div dir=\"auto\"><\/div>","protected":false},"excerpt":{"rendered":"<p>El Gol Dorado \u2014 Alquimia &nbsp; La alquimia quiere decir el m\u00e9todo\/poder\/proceso de transmutaci\u00f3n de una cosa a otra mejor, simb\u00f3licamente transformar [&hellip;]<\/p>","protected":false},"author":3,"featured_media":0,"parent":0,"menu_order":0,"comment_status":"closed","ping_status":"closed","template":"","meta":{"footnotes":""},"class_list":["post-3683","page","type-page","status-publish","hentry"],"aioseo_notices":[],"_links":{"self":[{"href":"https:\/\/egyptianwisdomcenter.org\/pt\/wp-json\/wp\/v2\/pages\/3683","targetHints":{"allow":["GET"]}}],"collection":[{"href":"https:\/\/egyptianwisdomcenter.org\/pt\/wp-json\/wp\/v2\/pages"}],"about":[{"href":"https:\/\/egyptianwisdomcenter.org\/pt\/wp-json\/wp\/v2\/types\/page"}],"author":[{"embeddable":true,"href":"https:\/\/egyptianwisdomcenter.org\/pt\/wp-json\/wp\/v2\/users\/3"}],"replies":[{"embeddable":true,"href":"https:\/\/egyptianwisdomcenter.org\/pt\/wp-json\/wp\/v2\/comments?post=3683"}],"version-history":[{"count":0,"href":"https:\/\/egyptianwisdomcenter.org\/pt\/wp-json\/wp\/v2\/pages\/3683\/revisions"}],"wp:attachment":[{"href":"https:\/\/egyptianwisdomcenter.org\/pt\/wp-json\/wp\/v2\/media?parent=3683"}],"curies":[{"name":"wp","href":"https:\/\/api.w.org\/{rel}","templated":true}]}}