{"id":377,"date":"2018-11-04T00:00:00","date_gmt":"2018-11-04T04:00:00","guid":{"rendered":"http:\/\/egyptianwisdomcenter.org\/the-advanced-egyptian-medical-library\/"},"modified":"2023-01-03T01:43:15","modified_gmt":"2023-01-03T06:43:15","slug":"the-advanced-egyptian-medical-library-2","status":"publish","type":"page","link":"https:\/\/egyptianwisdomcenter.org\/pt\/a-biblioteca-medica-egipcia-avancada-2\/","title":{"rendered":"A Biblioteca M\u00e9dica Eg\u00edpcia Avan\u00e7ada"},"content":{"rendered":"<h2 style=\"text-align: center;\"><span style=\"color: #0000ff;\">A Biblioteca M\u00e9dica Eg\u00edpcia Avan\u00e7ada<\/span><\/h2>\n<p>&nbsp;<\/p>\n<h3><span style=\"color: #ff0000;\"><strong>1. Reputa\u00e7\u00f5es Internacionais<\/strong><\/span><\/h3>\n<p>O sinal familiar de prescri\u00e7\u00e3o de hoje, Rx, originou-se no Antigo Egito. No s\u00e9culo II, Galeno usou s\u00edmbolos m\u00edsticos para impressionar seus pacientes. Conseq\u00fcentemente, ele pegou emprestado o olho de H\u00f3rus da alegoria eg\u00edpcia. A hist\u00f3ria conta como H\u00f3rus atacou seu tio Set (Seth) para vingar o assassinato de seu pai. Na luta, o olho de H\u00f3rus foi rasgado em fragmentos, e ent\u00e3o Thoth (Tehuti) o restaurou para H\u00f3rus.<\/p>\n<p><a href=\"http:\/\/egyptianwisdomcenter.org\/wp-content\/uploads\/2019\/02\/aecr-ch10-1-72c-1.jpg\"><img decoding=\"async\" class=\"size-full wp-image-1076 aligncenter\" src=\"http:\/\/egyptianwisdomcenter.org\/wp-content\/uploads\/2019\/02\/aecr-ch10-1-72c-1.jpg\" alt=\"\" width=\"94\" height=\"56\" \/><\/a><\/p>\n<p>O s\u00edmbolo do olho eg\u00edpcio evoluiu gradualmente para o sinal familiar de prescri\u00e7\u00e3o de hoje, Rx, que \u00e9 usado em todo o mundo, independentemente do idioma usado.<\/p>\n<p>Muitos dos rem\u00e9dios e prescri\u00e7\u00f5es eg\u00edpcios foram transmitidos \u00e0 Europa atrav\u00e9s dos escritos de Pl\u00ednio, Diosc\u00f3rides, Galeno e outros escritores gregos.<\/p>\n<p>Warren R. Dawson, em <em>O Legado do Egito<\/em>, escreve:<\/p>\n<p style=\"padding-left: 30px;\"><strong><em>As obras dos escritores cl\u00e1ssicos s\u00e3o... muitas vezes apenas os trampolins pelos quais grande parte da antiga tradi\u00e7\u00e3o m\u00e9dica chegou \u00e0 Europa, al\u00e9m de empr\u00e9stimos diretos... Do Egito temos os primeiros livros m\u00e9dicos, as primeiras observa\u00e7\u00f5es em anatomia, as primeiras experi\u00eancias em cirurgia e farm\u00e1cia, o primeiro uso de talas, bandagens, compressas e outros aparelhos, e o primeiro vocabul\u00e1rio anat\u00f4mico e m\u00e9dico\u2026<\/em><\/strong><\/p>\n<p>\u00c9 evidente que a ci\u00eancia m\u00e9dica dos eg\u00edpcios era procurada e apreciada em pa\u00edses estrangeiros. Her\u00f3doto nos contou que Ciro e Dario enviaram m\u00e9dicos ao Egito. Mais tarde, tamb\u00e9m, eles continuaram a ser celebrados por sua habilidade. Amiano diz que bastava um m\u00e9dico dizer que estudou no Egito para recomend\u00e1-lo. Pl\u00ednio tamb\u00e9m mencionou m\u00e9dicos indo do Egito para Roma.<\/p>\n<p>O cuidado que os eg\u00edpcios tinham com a sa\u00fade foi motivo de espanto para os observadores estrangeiros; particularmente gregos e romanos. Pl\u00ednio pensava que o grande n\u00famero de m\u00e9dicos significava que a popula\u00e7\u00e3o do Egito sofria de um grande n\u00famero de doen\u00e7as \u2013 uma l\u00f3gica paradoxal. Her\u00f3doto, por outro lado, relatou que n\u00e3o existiam pessoas mais saud\u00e1veis que os eg\u00edpcios.<\/p>\n<p>&nbsp;<\/p>\n<h3><span style=\"color: #ff0000;\"><strong>2. A profiss\u00e3o m\u00e9dica<\/strong><\/span><\/h3>\n<p><strong>Os m\u00e9dicos<\/strong><\/p>\n<p>Os nomes e t\u00edtulos de mais de cem m\u00e9dicos foram determinados a partir de achados arqueol\u00f3gicos, com detalhes suficientes para revelar um quadro geral da pr\u00e1tica m\u00e9dica. O nome de Imhotep [3\u00aa Dinastia] ficou para sempre ligado \u00e0 medicina eg\u00edpcia, e mais tarde ele foi deificado e identificado com Ascl\u00e9pio, o deus grego da cura.<\/p>\n<p>J\u00e1 no Imp\u00e9rio Antigo, a profiss\u00e3o m\u00e9dica era altamente organizada, com m\u00e9dicos ocupando diversos cargos e especialidades. O m\u00e9dico comum foi superado pelo Supervisor dos M\u00e9dicos, pelo Chefe dos M\u00e9dicos, pelo Mais Velho dos M\u00e9dicos e pelo Inspetor dos M\u00e9dicos. Foi feita uma distin\u00e7\u00e3o entre m\u00e9dicos e cirurgi\u00f5es.<\/p>\n<p>Cada m\u00e9dico era bem treinado e atuava apenas em sua \u00e1rea de especializa\u00e7\u00e3o. Os m\u00e9dicos eg\u00edpcios eram altamente especializados. Her\u00f3doto ressalta que eles n\u00e3o podiam praticar outro ramo sen\u00e3o o seu.<\/p>\n<p>Havia oftalmologistas, especialistas em intestino (Guardi\u00f5es do \u00c2nus), m\u00e9dicos especializados em doen\u00e7as internas que conhecem os segredos e se especializaram em fluidos corporais, m\u00e9dicos de nariz, aqueles que se especializaram em doen\u00e7as das vias a\u00e9reas superiores, m\u00e9dicos do abd\u00f4men, e dentistas.<\/p>\n<p><strong>A Conduta e Pr\u00e1tica<\/strong><\/p>\n<p>Algumas ferramentas e instrumentos cir\u00fargicos s\u00e3o representados em tumbas e templos, tais como:<\/p>\n<ul>\n<li>A Tumba de Ankh-mahor em Saqqara, que cont\u00e9m v\u00e1rios relevos m\u00e9dicos e cir\u00fargicos exclusivos. Entre eles estava uma faca de s\u00edlex que alguns consideraram uma prova de sua origem remota. As pesquisas cir\u00fargicas mais recentes justificam os instrumentos de pedra da antiguidade. Descobriu-se que, para certas opera\u00e7\u00f5es neurol\u00f3gicas e \u00f3pticas, a obsidiana possui qualidades que n\u00e3o podem ser igualadas pelo a\u00e7o mais fino, e uma vers\u00e3o atualizada da antiga faca de s\u00edlex est\u00e1 voltando a ser usada.<\/li>\n<li>Na parede do corredor externo do templo de Kom Ombo, uma caixa de instrumentos cir\u00fargicos est\u00e1 esculpida em relevo. A caixa inclui tesouras de metal, facas cir\u00fargicas, serras, sondas, esp\u00e1tulas, pequenos ganchos e pin\u00e7as.<\/li>\n<\/ul>\n<p>As opera\u00e7\u00f5es cir\u00fargicas foram realizadas pelos Antigos Eg\u00edpcios, mesmo em tempos pr\u00e9-din\u00e1sticos. M\u00famias foram encontradas com partes de seus cr\u00e2nios muito bem cortadas, indicando um n\u00edvel altamente avan\u00e7ado de cirurgia cerebral. V\u00e1rios desses cr\u00e2nios foram encontrados, indicando a natureza das opera\u00e7\u00f5es; e \u00e0s vezes a se\u00e7\u00e3o cortada do cr\u00e2nio se unia ao osso original, provando que o paciente havia sobrevivido \u00e0 opera\u00e7\u00e3o.<\/p>\n<p>Embora nenhuma cicatriz cir\u00fargica tenha sido relatada em m\u00famias (al\u00e9m das incis\u00f5es dos embalsamadores), h\u00e1 treze refer\u00eancias a \u201ccosturas\u201d no Papiro Smith. O Papiro tamb\u00e9m menciona feridas sendo fechadas com fita adesiva feita de linho. Linho tamb\u00e9m estava dispon\u00edvel para bandagens, ligaduras e suturas. As agulhas provavelmente eram de cobre.<\/p>\n<p>Os m\u00e9dicos eg\u00edpcios distinguiam entre feridas est\u00e9reis (limpas) e feridas infectadas (purulentas). Os primeiros foram escritos usando o determinante para &#039;sangue&#039; ou &#039;catarro&#039;, e os \u00faltimos, usando o determinante para &#039;sa\u00edda fedorenta&#039; ou &#039;fezes&#039;. Uma mistura de gordura de \u00edbex, \u00f3leo de abeto e ervilhas esmagadas eram ingredientes usados como pomada para limpar uma ferida infectada. Cada templo tinha um laborat\u00f3rio completo onde os medicamentos eram produzidos e estocados.<\/p>\n<p>Quando os primeiros papiros m\u00e9dicos eg\u00edpcios foram decifrados por estudiosos alem\u00e3es, eles ficaram chocados. Eles chamaram a medicina eg\u00edpcia de \u201c<em>farmacologia de esgoto<\/em>\u201d porque os eg\u00edpcios tratavam v\u00e1rias inflama\u00e7\u00f5es, infec\u00e7\u00f5es e feridas aplicando esterco e subst\u00e2ncias semelhantes.<\/p>\n<p>A inven\u00e7\u00e3o posterior da penicilina e dos antibi\u00f3ticos, nas \u00faltimas d\u00e9cadas, fez-nos perceber que os Antigos Eg\u00edpcios aplicavam vers\u00f5es rudimentares e org\u00e2nicas destes rem\u00e9dios. O que os alem\u00e3es descreveram como \u201c<em>farmacologia de esgoto<\/em>\u201dfoi recentemente ratificado como \u201cmedicina moderna\u201d. Al\u00e9m disso, os eg\u00edpcios conheciam os diferentes tipos de antibi\u00f3ticos. Suas prescri\u00e7\u00f5es exigiam tipos espec\u00edficos de antibi\u00f3ticos para corresponder a doen\u00e7as espec\u00edficas.<\/p>\n<p>A academia que estudava as t\u00e9cnicas eg\u00edpcias antigas de fornecer est\u00e1tuas com olhos incrustados concluiu que os eg\u00edpcios deviam ter compreendido n\u00e3o apenas a anatomia do olho, mas tamb\u00e9m suas propriedades refrativas. Os eg\u00edpcios aproximaram essas propriedades usando combina\u00e7\u00f5es de pedras e cristais (at\u00e9 quatro tipos diferentes, num \u00fanico olho). Quando s\u00e3o tiradas fotografias dessas est\u00e1tuas eg\u00edpcias, os olhos realmente parecem reais.<\/p>\n<p>&nbsp;<\/p>\n<h3><span style=\"color: #ff0000;\"><strong>3. A Biblioteca M\u00e9dica<\/strong><\/span><\/h3>\n<p>De acordo com Clemens Alexandrinus, que viveu em Alexandria por volta de 200 d.C., os sacerdotes do Antigo Egito Din\u00e1stico escreveram a soma total de seus conhecimentos em 42 livros sagrados, que eram guardados nos templos e transportados em prociss\u00f5es religiosas. Seis desses livros tratavam totalmente de medicina e tratavam de anatomia, doen\u00e7as em geral, cirurgia, rem\u00e9dios, doen\u00e7as oculares e doen\u00e7as femininas.<\/p>\n<p>V\u00e1rios papiros m\u00e9dicos sobreviveram ao longo dos tempos. Eles cont\u00eam receitas para o tratamento de doen\u00e7as dos pulm\u00f5es, f\u00edgado, est\u00f4mago e bexiga, e para v\u00e1rios problemas da cabe\u00e7a e do couro cabeludo (incluindo receitas para evitar que o cabelo caia ou fique grisalho). Eles tamb\u00e9m cont\u00eam prescri\u00e7\u00f5es para queixas reum\u00e1ticas e artr\u00edticas e para doen\u00e7as femininas.<\/p>\n<p>V\u00e1rios outros papiros eg\u00edpcios que tratam de doen\u00e7as n\u00e3o f\u00edsicas s\u00e3o apelidados de \u201cpapiros m\u00e1gicos\u201d pela academia ocidental. A seguir est\u00e1 um resumo dos principais papiros m\u00e9dicos:<\/p>\n<p><span style=\"color: #ff0000;\"><strong>Papiro de Edwin Smith<\/strong><\/span><\/p>\n<p>O papiro Edwin Smith foi datado de cerca de 1600 aC. A presen\u00e7a de palavras do Imp\u00e9rio Antigo no texto sugere que o papiro foi copiado de trabalhos anteriores de cerca de 2.500 aC, quando as pir\u00e2mides foram constru\u00eddas.<\/p>\n<p>Este \u00e9 o primeiro livro de cirurgia do mundo. Cont\u00e9m um total de 48 casos cir\u00fargicos de natureza traum\u00e1tica, dispostos metodicamente desde a cabe\u00e7a e geralmente descendo pelo corpo at\u00e9 os membros inferiores.<\/p>\n<p>Cada caso \u00e9 precedido por uma breve legenda expressando um diagn\u00f3stico resumido, seguido por outro diagn\u00f3stico detalhado, um progn\u00f3stico breve, mas claramente formulado, e \u00e0s vezes, a terapia.<\/p>\n<p>O diagn\u00f3stico foi estabelecido ap\u00f3s observa\u00e7\u00f5es extraordinariamente precisas. Na sua conclus\u00e3o, prop\u00f4s tr\u00eas possibilidades: um m\u00e9dico poderia agir com pleno sucesso, poderia tentar com algumas chances de sucesso ou n\u00e3o teria nenhuma chance; nesse caso, ele n\u00e3o deveria fazer nada.<\/p>\n<p>As t\u00e9cnicas eram numerosas e variadas. As fraturas foram devidamente fixadas, talas foram aplicadas e as feridas foram suturadas. Havia uma esp\u00e9cie de esparadrapo que fazia maravilhas com ossos quebrados. Fraturas perfeitamente curadas podem ser vistas em in\u00fameras m\u00famias.<\/p>\n<p>As frases mais emocionantes podem ser encontradas logo no in\u00edcio deste papiro:<\/p>\n<p style=\"padding-left: 30px;\"><strong><em>A contagem de qualquer coisa com os dedos [\u00e9 feita] para reconhecer a dire\u00e7\u00e3o do cora\u00e7\u00e3o. Nele existem vasos que conduzem a todas as partes do corpo... Quando um sacerdote de Sekhmet, qualquer m\u00e9dico... coloca os dedos na cabe\u00e7a... nas duas m\u00e3os, no lugar do cora\u00e7\u00e3o... ele fala... em cada vaso, em cada parte do corpo. o corpo.<\/em><\/strong><\/p>\n<p>O papiro m\u00e9dico prova que os eg\u00edpcios entendiam a rela\u00e7\u00e3o do cora\u00e7\u00e3o com a circula\u00e7\u00e3o do sangue, que acreditavam que o cora\u00e7\u00e3o era a fonte da vida dentro do corpo e que sentiam o pulso e o mediam por compara\u00e7\u00e3o com os seus pr\u00f3prios pulsos. .<\/p>\n<p>Os eg\u00edpcios tamb\u00e9m acreditavam que todos os \u201csucos internos do corpo\u201d flu\u00edam atrav\u00e9s de vasos que irradiavam do cora\u00e7\u00e3o e se acumulavam no \u00e2nus, de onde podiam ser novamente redistribu\u00eddos para diversas partes do corpo. Ar, sangue, urina, muco, s\u00eamen e fezes flu\u00edam pelo sistema; geralmente em harmonia, mas ocasionalmente saindo do controle e causando uma doen\u00e7a.<\/p>\n<p><span style=\"text-decoration: underline;\">O Smith Papyrus cont\u00e9m o que \u00e9 provavelmente a primeira descri\u00e7\u00e3o documentada do c\u00e9rebro humano:<\/span><\/p>\n<p style=\"padding-left: 30px;\"><strong><em>Quando voc\u00ea examina um homem com um\u2026 ferimento na cabe\u00e7a, que vai at\u00e9 o osso; seu cr\u00e2nio est\u00e1 quebrado; quebrado est\u00e1 o c\u00e9rebro de seu cr\u00e2nio... essas voltas que surgem em metal vazado. H\u00e1 algo ali... que treme (e) vibra sob seus dedos como o ponto fraco na cabe\u00e7a de uma crian\u00e7a que ainda n\u00e3o cresceu... O sangue flui de suas duas narinas.<\/em><\/strong><\/p>\n<p>Os avan\u00e7os na neurologia moderna provam que os eg\u00edpcios entendiam, em detalhes, o funcionamento do sistema nervoso e a rela\u00e7\u00e3o entre \u00e1reas do c\u00e9rebro e a maneira como essas \u00e1reas controlavam as fun\u00e7\u00f5es corporais.<\/p>\n<p><span style=\"color: #ff0000;\"><strong>Papiro M\u00e9dico de Ebers<\/strong><\/span><\/p>\n<p>A data de origem do <em>Papiro M\u00e9dico de Ebers <\/em>\u00e9 cerca de 1555 aC. \u00c9 considerado um manual para o ensino de anatomia e farm\u00e1cia. Cont\u00e9m 876 rem\u00e9dios e menciona 500 subst\u00e2ncias diferentes utilizadas em tratamentos m\u00e9dicos.<\/p>\n<p>O <em>Papiro de Ebers <\/em>descreve o tratamento e as prescri\u00e7\u00f5es para problemas de est\u00f4mago, tosse, resfriados, mordidas, problemas e enfermidades de cabe\u00e7a, problemas de f\u00edgado, queimaduras e outros tipos de feridas, coceira, fur\u00fanculos, cistos e similares, problemas de dedos das m\u00e3os e dos p\u00e9s, pomadas para feridas e dores nas veias, m\u00fasculos e nervos, doen\u00e7as da l\u00edngua, dor de dente, dores de ouvido, doen\u00e7as femininas, produtos de beleza, rem\u00e9dios caseiros contra vermes, dois livros sobre o cora\u00e7\u00e3o e as veias e diagn\u00f3sticos de tumores.<\/p>\n<p><span style=\"color: #ff0000;\"><strong>Papiro de Berlim<\/strong><\/span><\/p>\n<p>O Papiro de Berlim foi datado entre 1350 e 1200 aC.<\/p>\n<p>Trata do parto e dos beb\u00eas.<\/p>\n<p>Isto<span style=\"text-decoration: underline;\"> cont\u00e9m um teste de gravidez<\/span> que reconheceu que a urina carregava o fator gravidez. Requer embeber um pouco de trigo e um pouco de cevada em sua urina. Se o trigo brotar, ser\u00e1 um menino; se a cevada brotar, ser\u00e1 menina.<\/p>\n<p>Em 1963, Ghalioungui descobriu que embora a urina de mulheres n\u00e3o gr\u00e1vidas impedisse o crescimento da cevada e do trigo (modernos), revelou-se imposs\u00edvel detectar o sexo de um feto a partir da taxa de crescimento de qualquer um dos gr\u00e3os; possivelmente porque os gr\u00e3os e os solos eram diferentes no Antigo Egito. N\u00e3o obstante, o facto <span style=\"text-decoration: underline;\">os eg\u00edpcios reconheceram que a urina carregava o fator de gravidez<\/span> foi not\u00e1vel. A padroniza\u00e7\u00e3o de testes de urina confi\u00e1veis para gravidez n\u00e3o ocorreu at\u00e9 1929.<\/p>\n<p>\u00c9 surpreendente saber que esta receita eg\u00edpcia chegou \u00e0 Europa; pois em um livro engenhoso do s\u00e9culo XVII, Peter Boyer escreveu:<\/p>\n<p style=\"padding-left: 30px;\"><strong><em>Fa\u00e7a dois buracos no ch\u00e3o, jogue a cevada em um e o trigo no outro, depois despeje em ambos a \u00e1gua da gr\u00e1vida e cubra-os novamente com terra. Se o trigo brotar antes da cevada, ser\u00e1 um menino, mas se a cevada brotar primeiro, voc\u00ea dever\u00e1 esperar uma filha.<\/em><\/strong><\/p>\n<p>H\u00e1 tamb\u00e9m um livrinho em ingl\u00eas chamado <em>A parteira experiente<\/em>, em que esta receita aparece de forma um tanto modificada.<\/p>\n<p><span style=\"color: #ff0000;\"><strong>O Papiro Hearst<\/strong><\/span><\/p>\n<p>Isto foi datado de cerca de 1550 aC e parece ser a diretriz para um m\u00e9dico praticante. Ele cont\u00e9m mais de 250 prescri\u00e7\u00f5es e feiti\u00e7os e tem uma se\u00e7\u00e3o sobre ossos e mordidas, problemas de dedos, tumores, queimaduras e doen\u00e7as de mulheres, ouvidos, olhos e dentes.<\/p>\n<p>&nbsp;<\/p>\n<h3><span style=\"color: #ff0000;\"><strong>4. Curas e prescri\u00e7\u00f5es<\/strong><\/span><\/h3>\n<p>Os Antigos Eg\u00edpcios tinham pleno conhecimento dos usos das ervas e das terapias naturais, na medida em que aperfei\u00e7oaram o procedimento de embalsamamento dos cad\u00e1veres dos seus mortos \u2013 feito que o homem moderno ainda n\u00e3o conseguiu conquistar.<\/p>\n<p>As v\u00e1rias prescri\u00e7\u00f5es dos papiros Ebers e Hearst, bem como de outros papiros m\u00e9dicos, s\u00e3o bastante racionais e apresentam aplica\u00e7\u00f5es naturais para o al\u00edvio dos sintomas. Essas prescri\u00e7\u00f5es s\u00e3o produto do conhecimento das propriedades fisiol\u00f3gicas gerais e das a\u00e7\u00f5es das plantas, animais e minerais, bem como do corpo humano.<\/p>\n<p>O <em>Papiro de Ebers<\/em> sozinho cont\u00e9m 876 rem\u00e9dios e cita 500 subst\u00e2ncias utilizadas em tratamentos m\u00e9dicos. D\u00e1 receitas de diversos rem\u00e9dios, como emplastros, b\u00e1lsamos e pomadas de origem vegetal, mineral e tamb\u00e9m animal.<\/p>\n<p>Os ingredientes \u00e0s vezes eram triturados e outras vezes fervidos ou misturados. Alguns foram peneirados em um peda\u00e7o de tecido ou dilu\u00eddos em \u00e1gua limpa, cerveja, vinho, \u00f3leo ou leite.<\/p>\n<p>De <em>Papiro de Ebers, <\/em>aprendemos que uma \u00fanica prescri\u00e7\u00e3o pode incluir at\u00e9 35 subst\u00e2ncias.<\/p>\n<p>As prescri\u00e7\u00f5es eram dadas em diferentes formas; seja como bebida ou na forma de comprimidos ou como \u00f3leo para esfregar ou fermenta\u00e7\u00e3o. Algumas prescri\u00e7\u00f5es foram inaladas.<\/p>\n<p>Eles pesavam e mediam suas prescri\u00e7\u00f5es com muito cuidado.<\/p>\n<p>As dosagens do medicamento variavam de acordo com a idade, peso e sexo do paciente.<\/p>\n<p>As plantas medicinais eram bem conhecidas. Plantas medicinais n\u00e3o nativas do Egito foram importadas de fora do Egito. O abeto veio da S\u00edria e da \u00c1sia Menor. Essa resina pungente era inestim\u00e1vel como anti-s\u00e9ptico e material de embalsamamento. O \u00f3leo de abeto era usado como anti-helm\u00edntico e para limpar feridas infectadas. Da \u00c1frica Oriental vieram o alo\u00e9, usado para \u201cexpulsar o catarro do nariz\u201d, e a canela, ingrediente essencial num unguento para gengivas ulceradas, e no incenso.<\/p>\n<p>Um constituinte importante na maioria dos rem\u00e9dios era o mel. O mel \u00e9 altamente resistente ao crescimento bacteriano. Tamb\u00e9m possui a\u00e7\u00e3o antibi\u00f3tica devido \u00e0 presen\u00e7a de uma enzima bactericida chamada <em>inibir<\/em>. Em estudos modernos, o mel provou ser eficaz contra as bact\u00e9rias estafilococos, salmonelas e candida. Tamb\u00e9m \u00e9 utilizado no tratamento de feridas cir\u00fargicas, queimaduras e \u00falceras, tendo qualidades de cicatriza\u00e7\u00e3o mais r\u00e1pidas do que o tratamento convencional.<\/p>\n<p>Outro produto ap\u00edcola, chamado pr\u00f3polis (cola de abelha), \u00e9 um material duro e resinoso obtido pelas abelhas a partir de sucos de plantas e \u00e9 usado pelas abelhas para selar rachaduras em suas colmeias. A pr\u00f3polis tamb\u00e9m possui propriedades antibi\u00f3ticas e conservantes. Um pequeno rato, que entrou numa colmeia do Antigo Egito h\u00e1 3 mil anos, foi encontrado perfeitamente preservado, coberto de pr\u00f3polis e sem sinais de decomposi\u00e7\u00e3o.<\/p>\n<p>A cerveja tamb\u00e9m \u00e9 mencionada como agente pelo qual muitos medicamentos eram administrados, e a cerveja era uma bebida popular e saud\u00e1vel.<\/p>\n<p>Eles conheciam e utilizavam os benef\u00edcios do fermento, aplicando-o cru em fur\u00fanculos e \u00falceras e engolindo-o para tratar dist\u00farbios digestivos. Levedura cont\u00e9m vitamina B, bem como agentes antibi\u00f3ticos.<\/p>\n<p>Anteriormente, mencionamos o uso de antibi\u00f3ticos para tratar feridas ou feridas abertas no Antigo Egito.<\/p>\n<p>Em resumo, o Antigo Egito era altamente avan\u00e7ado e apreciado pelos seus produtos m\u00e9dicos, aos quais Pl\u00ednio fazia refer\u00eancias frequentes nos seus escritos.<\/p>\n<p>Homero, no <em>Odisseia<\/em>, descreve os muitos medicamentos valiosos dados por Polydamna, esposa de Thonis, a Helen, enquanto estava no Egito:<\/p>\n<p style=\"padding-left: 30px;\"><strong><em>\u2026um pa\u00eds cujo solo f\u00e9rtil produz uma infinidade de drogas, algumas salutares e outras perniciosas; onde cada m\u00e9dico possui conhecimento acima de todos os outros homens.<\/em><\/strong><\/p>\n<p>&nbsp;<\/p>\n<div dir=\"auto\">\n<p><strong><span style=\"color: #ff0000;\">[Um trecho de\u00a0<\/span><\/strong><strong>Antigo Eg\u00edpcio: Cultura Revelada, Segunda Edi\u00e7\u00e3o<span style=\"color: #ff0000;\"> por Moustafa Gadalla]<br \/>\n<a href=\"https:\/\/egyptianwisdomcenter.org\/pt\/produto\/cultura-egipcia-antiga-revelada-segunda-edicao\/\"><span style=\"color: #0000ff;\">https:\/\/egyptianwisdomcenter.org\/product\/a-cultura-do-antigo-egito-revelada\/<\/span><\/a><br \/>\n<\/span><\/strong><\/p>\n<p><img decoding=\"async\" class=\"aligncenter\" src=\"https:\/\/egyptianwisdomcenter.org\/wp-content\/uploads\/2023\/01\/a-cultura-do-antigo-egito-revelada-1.jpg\" \/><\/p>\n<div dir=\"auto\" style=\"text-align: center;\"><a href=\"https:\/\/egyptianwisdomcenter.org\/pt\/produto\/cultura-egipcia-antiga-revelada-segunda-edicao\/\"><span style=\"color: #0000ff;\"><strong>https:\/\/egyptianwisdomcenter.org\/product\/a-cultura-do-antigo-egito-revelada\/<\/strong><\/span><\/a><\/div>\n<\/div>","protected":false},"excerpt":{"rendered":"<p>The Advanced Egyptian Medical Library &nbsp; 1. International Reputations Today\u2019s familiar sign for prescription, Rx, originated in Ancient Egypt. In the 2nd [&hellip;]<\/p>","protected":false},"author":3,"featured_media":0,"parent":0,"menu_order":0,"comment_status":"closed","ping_status":"closed","template":"","meta":{"footnotes":""},"class_list":["post-377","page","type-page","status-publish","hentry"],"aioseo_notices":[],"_links":{"self":[{"href":"https:\/\/egyptianwisdomcenter.org\/pt\/wp-json\/wp\/v2\/pages\/377","targetHints":{"allow":["GET"]}}],"collection":[{"href":"https:\/\/egyptianwisdomcenter.org\/pt\/wp-json\/wp\/v2\/pages"}],"about":[{"href":"https:\/\/egyptianwisdomcenter.org\/pt\/wp-json\/wp\/v2\/types\/page"}],"author":[{"embeddable":true,"href":"https:\/\/egyptianwisdomcenter.org\/pt\/wp-json\/wp\/v2\/users\/3"}],"replies":[{"embeddable":true,"href":"https:\/\/egyptianwisdomcenter.org\/pt\/wp-json\/wp\/v2\/comments?post=377"}],"version-history":[{"count":0,"href":"https:\/\/egyptianwisdomcenter.org\/pt\/wp-json\/wp\/v2\/pages\/377\/revisions"}],"wp:attachment":[{"href":"https:\/\/egyptianwisdomcenter.org\/pt\/wp-json\/wp\/v2\/media?parent=377"}],"curies":[{"name":"wp","href":"https:\/\/api.w.org\/{rel}","templated":true}]}}