{"id":379,"date":"2018-11-04T00:00:00","date_gmt":"2018-11-04T04:00:00","guid":{"rendered":"http:\/\/egyptianwisdomcenter.org\/sacred-geometry-and-natural-sciences\/"},"modified":"2023-01-03T01:44:03","modified_gmt":"2023-01-03T06:44:03","slug":"sacred-geometry-and-natural-sciences-2","status":"publish","type":"page","link":"https:\/\/egyptianwisdomcenter.org\/pt\/geometria-sagrada-e-ciencias-naturais-2\/","title":{"rendered":"Geometria Sagrada e Ci\u00eancias Naturais"},"content":{"rendered":"<h2 style=\"text-align: center;\"><span style=\"color: #ff0000;\"><strong>Geometria Sagrada e Ci\u00eancias Naturais<\/strong><\/span><\/h2>\n<p>&nbsp;<\/p>\n<p>A geometria, para os antigos eg\u00edpcios, era muito mais do que um estudo de pontos, linhas, superf\u00edcies e s\u00f3lidos; e suas propriedades e medidas. A harmonia herdada da geometria foi reconhecida no Antigo Egito como a express\u00e3o mais convincente de um plano divino subjacente ao mundo \u2013 um plano metaf\u00edsico que determina o f\u00edsico.<\/p>\n<p>Para os Antigos Eg\u00edpcios, a geometria era o meio pelo qual a humanidade poderia compreender os mist\u00e9rios da ordem divina. A geometria existe em toda parte na natureza: sua ordem est\u00e1 subjacente \u00e0 estrutura de todas as coisas, desde mol\u00e9culas at\u00e9 gal\u00e1xias. A natureza da forma geom\u00e9trica permite o seu funcionamento. O projeto, utilizando os princ\u00edpios da geometria sagrada, deve atingir o mesmo objetivo; ou seja, forma para servir\/representar uma fun\u00e7\u00e3o.<\/p>\n<p>A geometria sagrada trata n\u00e3o apenas das propor\u00e7\u00f5es das figuras geom\u00e9tricas, mas tamb\u00e9m das rela\u00e7\u00f5es harm\u00f4nicas das partes com o todo, como as partes do ser humano relacionadas umas com as outras, a estrutura das plantas e dos animais, e as formas. de cristais e objetos naturais - todos manifesta\u00e7\u00f5es do continuum universal.<\/p>\n<p>A chave para a propor\u00e7\u00e3o harm\u00f4nica divina (geometria sagrada) \u00e9 a rela\u00e7\u00e3o entre a progress\u00e3o do crescimento e a propor\u00e7\u00e3o. A propor\u00e7\u00e3o e a progress\u00e3o harm\u00f4nicas s\u00e3o a ess\u00eancia do universo criado. \u00c9 consistente com a natureza que nos rodeia. A natureza que nos rodeia segue esta rela\u00e7\u00e3o harmoniosa. A progress\u00e3o natural segue uma s\u00e9rie que \u00e9 popularizada no Ocidente como \u201cS\u00e9rie Fibonacci\u201d.<\/p>\n<p>Como esta s\u00e9rie j\u00e1 existia antes de Fibonacci (nascido em 1179 dC), ela n\u00e3o deveria levar seu nome. O pr\u00f3prio Fibonacci e os seus comentadores ocidentais nem sequer afirmaram que era a sua \u201ccria\u00e7\u00e3o\u201d. Vamos cham\u00e1-lo como \u00e9 - um <em>S\u00e9rie de soma<\/em>. \u00c9 uma s\u00e9rie progressiva, onde voc\u00ea come\u00e7a com os dois primeiros n\u00fameros do sistema eg\u00edpcio antigo \u2013 ou seja, 2 e 3. Em seguida, voc\u00ea adiciona o total ao n\u00famero anterior e assim por diante. Qualquer valor \u00e9 a soma dos dois anteriores. A s\u00e9rie seria portanto: 2, 3, 5, 8, 13, 21, 34, 55, 89, 144, 233, 377, 610, etc.<\/p>\n<p>Esta s\u00e9rie se reflete em toda a natureza. O n\u00famero de sementes de um girassol, as p\u00e9talas de qualquer flor, o arranjo das pinhas, o crescimento da concha de um n\u00e1utilo, etc. \u2013 todos seguem o mesmo padr\u00e3o dessas s\u00e9ries.<\/p>\n<p>Evid\u00eancias esmagadoras indicam que a S\u00e9rie da Soma era conhecida pelos Antigos Eg\u00edpcios. As plantas de templos e tumbas do Antigo Egito, ao longo de sua longa hist\u00f3ria, mostram que os principais elementos dos templos est\u00e3o posicionados ao longo de seu eixo longitudinal, seguindo os n\u00fameros consecutivos da S\u00e9rie de Soma (2, 3, 5, 8, 13, 21, 34, 55, 89, 144, 233, 377, 610, etc.).<\/p>\n<p>Uma vez que as dimens\u00f5es dos monumentos do Antigo Egito s\u00e3o mostradas nas unidades de c\u00f4vado do Antigo Egito (1,72 p\u00e9s\/0,528 m), fica claro que a S\u00e9rie da Soma \u00e9 uma ideia dos Antigos Eg\u00edpcios. A S\u00e9rie de Soma est\u00e1 perfeitamente em conformidade e pode ser considerada uma express\u00e3o da matem\u00e1tica eg\u00edpcia, que foi definida por todos como uma matem\u00e1tica essencialmente <em>procedimento aditivo<\/em>.<\/p>\n<p>H\u00e1 evid\u00eancias sobre o conhecimento da S\u00e9rie da Soma desde o Templo da Pir\u00e2mide (erroneamente conhecido como mortu\u00e1rio) de Khafra (Qu\u00e9fren) em Giz\u00e9, constru\u00eddo em 2.500 aC (cerca de 3.700 anos antes de Fibonacci).<\/p>\n<p>Os pontos essenciais do templo [aqui mostrados] obedecem \u00e0 S\u00e9rie Somat\u00f3ria, que atinge a cifra de 233 c\u00f4vados em seu comprimento total, medido a partir da pir\u00e2mide, com DEZ n\u00fameros consecutivos da s\u00e9rie.<\/p>\n<p><a href=\"http:\/\/egyptianwisdomcenter.org\/wp-content\/uploads\/2019\/02\/aecr-ch12-1.jpg\"><img fetchpriority=\"high\" decoding=\"async\" class=\"wp-image-875 aligncenter\" src=\"http:\/\/egyptianwisdomcenter.org\/wp-content\/uploads\/2019\/02\/aecr-ch12-1-143x300.jpg\" alt=\"\" width=\"186\" height=\"390\" \/><\/a><\/p>\n<p>No que diz respeito \u00e0 aplica\u00e7\u00e3o limitada do termo \u201cgeometria\u201d nos dias de hoje, todos os aspectos da nossa geometria moderna foram aperfei\u00e7oados no Antigo Egipto h\u00e1 muito tempo. Seu conhecimento avan\u00e7ado \u00e9 claramente evidente em alguns papiros recuperados que s\u00e3o comumente conhecidos como papiros \u201cmatem\u00e1ticos\u201d do Antigo Egito. Mais detalhes sobre esses papiros ser\u00e3o fornecidos posteriormente.<\/p>\n<p>&nbsp;<\/p>\n<p><span style=\"color: #ff0000;\"><strong>[Um trecho de <\/strong><\/span><strong>Antigo Eg\u00edpcio: Cultura Revelada, Segunda Edi\u00e7\u00e3o<\/strong><span style=\"color: #ff0000;\"><strong> por Moustafa Gadalla]<br \/>\n<a href=\"https:\/\/egyptianwisdomcenter.org\/pt\/produto\/cultura-egipcia-antiga-revelada-segunda-edicao\/\"><span style=\"color: #0000ff;\">https:\/\/egyptianwisdomcenter.org\/product\/a-cultura-do-antigo-egito-revelada\/<\/span><\/a><br \/>\n<\/strong><\/span><\/p>\n<p><img decoding=\"async\" class=\"aligncenter\" src=\"https:\/\/egyptianwisdomcenter.org\/wp-content\/uploads\/2023\/01\/a-cultura-do-antigo-egito-revelada-1.jpg\" \/><\/p>\n<p style=\"text-align: center;\"><a href=\"https:\/\/egyptianwisdomcenter.org\/pt\/produto\/cultura-egipcia-antiga-revelada-segunda-edicao\/\"><span style=\"color: #ff0000;\"><strong><span style=\"color: #0000ff;\">https:\/\/egyptianwisdomcenter.org\/product\/a-cultura-do-antigo-egito-revelada\/<\/span><\/strong><\/span><\/a><\/p>\n<div dir=\"auto\"><\/div>","protected":false},"excerpt":{"rendered":"<p>Sacred Geometry And Natural Sciences &nbsp; Geometry, to the Ancient Egyptians, was much more than a study of points, lines, surfaces, and [&hellip;]<\/p>","protected":false},"author":3,"featured_media":0,"parent":0,"menu_order":0,"comment_status":"closed","ping_status":"closed","template":"","meta":{"footnotes":""},"class_list":["post-379","page","type-page","status-publish","hentry"],"aioseo_notices":[],"_links":{"self":[{"href":"https:\/\/egyptianwisdomcenter.org\/pt\/wp-json\/wp\/v2\/pages\/379","targetHints":{"allow":["GET"]}}],"collection":[{"href":"https:\/\/egyptianwisdomcenter.org\/pt\/wp-json\/wp\/v2\/pages"}],"about":[{"href":"https:\/\/egyptianwisdomcenter.org\/pt\/wp-json\/wp\/v2\/types\/page"}],"author":[{"embeddable":true,"href":"https:\/\/egyptianwisdomcenter.org\/pt\/wp-json\/wp\/v2\/users\/3"}],"replies":[{"embeddable":true,"href":"https:\/\/egyptianwisdomcenter.org\/pt\/wp-json\/wp\/v2\/comments?post=379"}],"version-history":[{"count":0,"href":"https:\/\/egyptianwisdomcenter.org\/pt\/wp-json\/wp\/v2\/pages\/379\/revisions"}],"wp:attachment":[{"href":"https:\/\/egyptianwisdomcenter.org\/pt\/wp-json\/wp\/v2\/media?parent=379"}],"curies":[{"name":"wp","href":"https:\/\/api.w.org\/{rel}","templated":true}]}}