{"id":382,"date":"2018-11-04T00:00:00","date_gmt":"2018-11-04T04:00:00","guid":{"rendered":"http:\/\/egyptianwisdomcenter.org\/squaring-the-circle\/"},"modified":"2023-10-21T12:22:12","modified_gmt":"2023-10-21T16:22:12","slug":"squaring-the-circle-2","status":"publish","type":"page","link":"https:\/\/egyptianwisdomcenter.org\/pt\/squaring-the-circle-2\/","title":{"rendered":"Squaring The Circle"},"content":{"rendered":"<h2 style=\"text-align: center;\"><span style=\"color: #ff0000;\"><strong>Squaring The Circle<\/strong><\/span><\/h2>\n<h3 style=\"text-align: center;\"><span style=\"color: #0000ff;\"><strong>A Manifesta\u00e7\u00e3o da Cria\u00e7\u00e3o<\/strong><\/span><\/h3>\n<p>&nbsp;<\/p>\n<p>A \u201cquadratura do c\u00edrculo\u201d para os Antigos Eg\u00edpcios representava a realiza\u00e7\u00e3o da cria\u00e7\u00e3o \u2013 o processo de transforma\u00e7\u00e3o do conceito de cria\u00e7\u00e3o na sua manifesta\u00e7\u00e3o real.<\/p>\n<p>Tal transforma\u00e7\u00e3o \u00e9 refletida e evidente em todos os papiros \u201cmatem\u00e1ticos\u201d do Antigo Egito. Em todos esses papiros, a \u00e1rea de um c\u00edrculo foi obtida por <strong>quadratura do c\u00edrculo<\/strong>. O di\u00e2metro sempre foi representado como 9 c\u00f4vados. Os antigos papiros eg\u00edpcios igualam o c\u00edrculo de 9 c\u00f4vados de di\u00e2metro a um quadrado com lados de 8 c\u00f4vados.<\/p>\n<p><img decoding=\"async\" class=\"size-full wp-image-68458 aligncenter\" src=\"https:\/\/egyptianwisdomcenter.org\/wp-content\/uploads\/2023\/10\/eh-49-300-150x150-1.jpg\" alt=\"\" width=\"150\" height=\"150\" srcset=\"https:\/\/egyptianwisdomcenter.org\/wp-content\/uploads\/2023\/10\/eh-49-300-150x150-1.jpg 150w, https:\/\/egyptianwisdomcenter.org\/wp-content\/uploads\/2023\/10\/eh-49-300-150x150-1-45x45.jpg 45w, https:\/\/egyptianwisdomcenter.org\/wp-content\/uploads\/2023\/10\/eh-49-300-150x150-1-100x100.jpg 100w\" sizes=\"(max-width: 150px) 100vw, 150px\" \/><\/p>\n<p>O n\u00famero 9, assim como o di\u00e2metro, representa a En\u00e9ada, o grupo de 9 neteru (deuses, deusas) que produziram os ingredientes da cria\u00e7\u00e3o. Os 9 s\u00e3o todos aspectos de Re, a for\u00e7a criativa c\u00f3smica primordial cujo s\u00edmbolo \u00e9\/era o c\u00edrculo.<\/p>\n<p>8 corresponde ao mundo f\u00edsico conforme o experimentamos. 8 \u00e9 o n\u00famero de Thoth, e em Khmunu (Herm\u00f3polis), Thoth \u00e9 conhecido como o <strong>Mestre da Cidade dos Oito.<\/strong><\/p>\n<p>Musicalmente, a propor\u00e7\u00e3o 8:9 \u00e9 o tom perfeito. A propor\u00e7\u00e3o 8:9 est\u00e1 presente nas obras do Antigo Egito, como a propor\u00e7\u00e3o da c\u00e2mara interna do santu\u00e1rio superior do Templo de Luxor.<\/p>\n<p>Os padr\u00f5es metaf\u00edsicos subjacentes do universo manifestado s\u00e3o representados na rela\u00e7\u00e3o de <strong>quadratura do c\u00edrculo <\/strong>(Re e Thoth \u2013 concebidos e manifestados).<\/p>\n<p>Thoth transformou o conceito de cria\u00e7\u00e3o (simbolizado em um c\u00edrculo) em uma realidade f\u00edsica e metaf\u00edsica. Tal transforma\u00e7\u00e3o se reflete no processo eg\u00edpcio antigo de \u201cquadratura do c\u00edrculo\u201d.<\/p>\n<p>A \u00e1rea de um c\u00edrculo com 9 c\u00f4vados como di\u00e2metro = 63,61725.<\/p>\n<p>A \u00e1rea do c\u00edrculo quadrado com 8 c\u00f4vados como lado = 64.<\/p>\n<p>A diferen\u00e7a = 64 \u2013 63,61725 = 0,38.<\/p>\n<p>Tal diferen\u00e7a = 0,6%, que reflete a considera\u00e7\u00e3o do Antigo Egito de um ligeiro desvio da perfei\u00e7\u00e3o no mundo manifestado.<\/p>\n<p>Um bom exemplo desta ligeira imperfei\u00e7\u00e3o \u00e9 a \u00f3rbita da Terra em torno do Sol, que segue uma forma el\u00edptica e n\u00e3o um c\u00edrculo perfeito.<\/p>\n<p>Musicalmente, a propor\u00e7\u00e3o 8:9 \u00e9 o tom perfeito.<\/p>\n<p>A propor\u00e7\u00e3o 8:9 = 2 elevado \u00e0 sua 3\u00aa pot\u00eancia e 3 \u00e0 sua 2\u00aa pot\u00eancia. Esta \u00e9 a rela\u00e7\u00e3o perfeita entre os rec\u00edprocos de 2 e 3 e as suas pot\u00eancias rec\u00edprocas de 3 e 2. Os n\u00fameros 2 e 3 s\u00e3o os dois n\u00fameros c\u00f3smicos prim\u00e1rios, como ser\u00e1 discutido no Cap\u00edtulo 9 deste livro.<\/p>\n<p>As paredes do templo eg\u00edpcio eram cobertas com imagens animadas \u2013 incluindo hier\u00f3glifos \u2013 para facilitar a comunica\u00e7\u00e3o entre o que est\u00e1 acima e o que est\u00e1 abaixo.<\/p>\n<p>A estrutura do Antigo Egito era geralmente um quadrado, representando o mundo manifestado (quadratura do c\u00edrculo). Al\u00e9m disso, a pr\u00f3pria grade quadrada tinha um significado simb\u00f3lico para o mundo manifestado, o que tamb\u00e9m facilitou a constru\u00e7\u00e3o dos ret\u00e2ngulos raiz de 2, 3 e 5, no(s) fundo(s) do(s) quadrado(s). Os cantos dos quadrados e ret\u00e2ngulos de raiz foram definidos por entalhes ao longo do per\u00edmetro ou cuidadosamente definidos por linhas incisas.<\/p>\n<p>&nbsp;<\/p>\n<p><span style=\"color: #ff0000;\"><strong>[Um trecho de <span style=\"color: #000000;\">A Arquitetura Metaf\u00edsica Eg\u00edpcia Antiga<\/span> por Moustafa Gadalla]<br \/>\n<a href=\"https:\/\/egyptianwisdomcenter.org\/pt\/produto\/the-ancient-egyptian-metaphysical-architecture\/\"><span style=\"color: #0000ff;\">https:\/\/egyptianwisdomcenter.org\/product\/the-ancient-egyptian-metaphysical-architecture\/<\/span><\/a><br \/>\n<\/strong><\/span><\/p>\n<p><img decoding=\"async\" class=\"aligncenter\" src=\"https:\/\/books2read-prod.s3.amazonaws.com\/CACHE\/images\/ubl_book_images\/book_display_image_DzTMfrV\/372fcbccd1ea208063914bdc7d930cad\" \/><\/p>\n<p style=\"text-align: center;\"><a href=\"https:\/\/egyptianwisdomcenter.org\/pt\/produto\/the-ancient-egyptian-metaphysical-architecture\/\"><span style=\"color: #0000ff;\"><strong>https:\/\/egyptianwisdomcenter.org\/product\/the-ancient-egyptian-metaphysical-architecture\/<\/strong><\/span><\/a><\/p>\n<div dir=\"auto\"><\/div>\n<div dir=\"auto\"><\/div>","protected":false},"excerpt":{"rendered":"<p>Squaring The Circle The Manifestation Of Creation &nbsp; \u201cSquaring the circle\u201d for the Ancient Egyptians represented the realization of creation\u2014the transformation process [&hellip;]<\/p>","protected":false},"author":3,"featured_media":0,"parent":0,"menu_order":0,"comment_status":"closed","ping_status":"closed","template":"","meta":{"footnotes":""},"class_list":["post-382","page","type-page","status-publish","hentry"],"aioseo_notices":[],"_links":{"self":[{"href":"https:\/\/egyptianwisdomcenter.org\/pt\/wp-json\/wp\/v2\/pages\/382","targetHints":{"allow":["GET"]}}],"collection":[{"href":"https:\/\/egyptianwisdomcenter.org\/pt\/wp-json\/wp\/v2\/pages"}],"about":[{"href":"https:\/\/egyptianwisdomcenter.org\/pt\/wp-json\/wp\/v2\/types\/page"}],"author":[{"embeddable":true,"href":"https:\/\/egyptianwisdomcenter.org\/pt\/wp-json\/wp\/v2\/users\/3"}],"replies":[{"embeddable":true,"href":"https:\/\/egyptianwisdomcenter.org\/pt\/wp-json\/wp\/v2\/comments?post=382"}],"version-history":[{"count":4,"href":"https:\/\/egyptianwisdomcenter.org\/pt\/wp-json\/wp\/v2\/pages\/382\/revisions"}],"predecessor-version":[{"id":68471,"href":"https:\/\/egyptianwisdomcenter.org\/pt\/wp-json\/wp\/v2\/pages\/382\/revisions\/68471"}],"wp:attachment":[{"href":"https:\/\/egyptianwisdomcenter.org\/pt\/wp-json\/wp\/v2\/media?parent=382"}],"curies":[{"name":"wp","href":"https:\/\/api.w.org\/{rel}","templated":true}]}}