{"id":383,"date":"2018-11-04T00:00:00","date_gmt":"2018-11-04T04:00:00","guid":{"rendered":"http:\/\/egyptianwisdomcenter.org\/the-sacred-ratios\/"},"modified":"2023-01-06T00:14:11","modified_gmt":"2023-01-06T05:14:11","slug":"the-sacred-ratios-2","status":"publish","type":"page","link":"https:\/\/egyptianwisdomcenter.org\/pt\/as-proporcoes-sagradas-2\/","title":{"rendered":"As Raz\u00f5es Sagradas"},"content":{"rendered":"<h2 style=\"text-align: center;\"><span style=\"color: #0000ff;\"><strong>As \u201cpropor\u00e7\u00f5es\u201d sagradas<\/strong><\/span><\/h2>\n<p>&nbsp;<\/p>\n<p>Os antigos eg\u00edpcios conheciam o <em>n\u00fameros transcendentais<\/em> <em>pi<\/em> e <em>phi<\/em>. Eles manifestaram seu conhecimento na propor\u00e7\u00e3o harm\u00f4nica de seus edif\u00edcios e obras de arte.<\/p>\n<p><span style=\"color: #ff0000;\"><strong>1. A Propor\u00e7\u00e3o \u00c1urea<\/strong> <\/span>(qual <em>numericamente<\/em> = 1,618), ao qual a academia ocidental atribuiu recentemente um s\u00edmbolo arbitr\u00e1rio \u2013 a letra do alfabeto grego \u03c6 (phi) \u2013 era conhecido e usado muito antes dos gregos. E o que \u00e9 pior \u00e9 que n\u00e3o h\u00e1 nenhuma evid\u00eancia factual de que os gregos soubessem disso!<\/p>\n<p>A integridade e a honestidade exigem que um termo eg\u00edpcio antigo seja usado para esta propor\u00e7\u00e3o; ou seja, a Propor\u00e7\u00e3o Neb (\u00c1urea). Neb significa ouro; divino. Esta propor\u00e7\u00e3o tamb\u00e9m \u00e9 conhecida em textos ocidentais como <em>Dourado <\/em>e <em>Divino<\/em>, desde o s\u00e9culo XIX.<\/p>\n<p>A Propor\u00e7\u00e3o Neb (\u00c1urea) pode ser derivada matematicamente da S\u00e9rie Somat\u00f3ria, da qual os Antigos Eg\u00edpcios manifestaram seu conhecimento h\u00e1 pelo menos 4.500 anos. \u00c0 medida que a S\u00e9rie de Soma avan\u00e7a (2, 3, 5, 8, 13, 21, 34, 55, 89, 144,\u2026), a propor\u00e7\u00e3o entre n\u00fameros sucessivos tende para a Propor\u00e7\u00e3o Neb (\u00c1urea). As propor\u00e7\u00f5es 55:34, 89:55, 144:89, etc. t\u00eam todas o mesmo \u201cvalor\u201d de 1,618. Como mostrado anteriormente, os templos e santu\u00e1rios do Antigo Egito foram segmentados ao longo dos n\u00fameros progressivos da S\u00e9rie de Soma \u2013 os pontos significativos ao longo do eixo do plano de constru\u00e7\u00e3o.<\/p>\n<p>A Propor\u00e7\u00e3o Neb (\u00c1urea) tamb\u00e9m pode ser derivada graficamente, de diversas maneiras que eram comuns nos edif\u00edcios eg\u00edpcios ao longo de sua hist\u00f3ria din\u00e1stica. [Veja detalhes das v\u00e1rias maneiras em <em>A Arquitetura Metaf\u00edsica Eg\u00edpcia Antiga <\/em>por Moustafa Gadalla.]<\/p>\n<p><span style=\"color: #ff0000;\"><strong>2. O \u00cdndice do C\u00edrculo<\/strong><\/span> \u00e9 a representa\u00e7\u00e3o funcional do c\u00edrculo. \u00c9 a raz\u00e3o entre a circunfer\u00eancia do c\u00edrculo e seu di\u00e2metro. \u00c9 popularizado na academia ocidental pela letra grega <em>pi <\/em>e dado um valor de 3,1415927.<\/p>\n<p>Os eg\u00edpcios manifestaram seu conhecimento das propriedades do c\u00edrculo e de outras curvas j\u00e1 nos registros que sobreviveram. Um registro da 3\u00aa Dinastia [~2630 aC] mostra a defini\u00e7\u00e3o da curva de um telhado, em Saqqara, por um sistema de coordenadas [mostrado aqui]. Isto mostra que o seu conhecimento do c\u00edrculo lhes permitiu calcular as coordenadas ao longo desta curva vertical. Conseq\u00fcentemente, os trabalhadores da constru\u00e7\u00e3o seguiram dimens\u00f5es precisas nas curvas circulares executadas.<\/p>\n<p><a href=\"http:\/\/egyptianwisdomcenter.org\/wp-content\/uploads\/2019\/02\/aecr-ch12-2-72c-1.jpg\"><img decoding=\"async\" class=\"size-full wp-image-1086 aligncenter\" src=\"http:\/\/egyptianwisdomcenter.org\/wp-content\/uploads\/2019\/02\/aecr-ch12-2-72c-1.jpg\" alt=\"\" width=\"151\" height=\"124\" \/><\/a><\/p>\n<p>Os eg\u00edpcios tamb\u00e9m constru\u00edram seus capit\u00e9is com nove elementos, e ocasionalmente com sete, al\u00e9m de pol\u00edgonos de 6, 8, 11 e 13 lados, porque conheciam as propriedades do c\u00edrculo e sua rela\u00e7\u00e3o com coordenadas perpendiculares e outras figuras geom\u00e9tricas.<\/p>\n<p>Tal aplica\u00e7\u00e3o ficou evidente no Egito, pelo menos 2.000 anos antes de Arquimedes andar nesta Terra.<\/p>\n<p><span style=\"text-decoration: underline; color: #ff0000;\">O layout t\u00edpico da porta do Antigo Egito incorporava ambas as propor\u00e7\u00f5es sagradas (pi e phi)<\/span>, conforme mostrado e explicado aqui.<\/p>\n<p><a href=\"http:\/\/egyptianwisdomcenter.org\/wp-content\/uploads\/2019\/02\/epr-ph-pyrpower3.jpg\"><img decoding=\"async\" class=\"wp-image-877 aligncenter\" src=\"http:\/\/egyptianwisdomcenter.org\/wp-content\/uploads\/2019\/02\/epr-ph-pyrpower3.jpg\" alt=\"\" width=\"168\" height=\"280\" \/><\/a><\/p>\n<p style=\"padding-left: 30px;\">1. O contorno geral no plano vertical \u00e9 o quadrado duplo, propor\u00e7\u00e3o 1:2. [H = 2B]<\/p>\n<p style=\"padding-left: 30px;\">2. A largura da abertura \u00e9 baseada em um quadrado inscrito em um semic\u00edrculo, a forma t\u00edpica do Antigo Egito de proporcionar um ret\u00e2ngulo de raiz cinco. Assim, a espessura do batente da porta \u00e9 0,618 da largura da abertura.<\/p>\n<p style=\"padding-left: 30px;\">3. A altura da abertura (h) = 3,1415 = pi<\/p>\n<p>&nbsp;<\/p>\n<div dir=\"auto\">\n<p><strong><span style=\"color: #ff0000;\">[Um trecho de\u00a0<\/span><\/strong><strong>Antigo Eg\u00edpcio: Cultura Revelada, Segunda Edi\u00e7\u00e3o<span style=\"color: #ff0000;\"> por Moustafa Gadalla]<br \/>\n<a href=\"https:\/\/egyptianwisdomcenter.org\/pt\/produto\/cultura-egipcia-antiga-revelada-segunda-edicao\/\"><span style=\"color: #0000ff;\">https:\/\/egyptianwisdomcenter.org\/product\/a-cultura-do-antigo-egito-revelada\/<\/span><\/a><br \/>\n<\/span><\/strong><\/p>\n<p><img decoding=\"async\" class=\"aligncenter\" src=\"https:\/\/egyptianwisdomcenter.org\/wp-content\/uploads\/2023\/01\/a-cultura-do-antigo-egito-revelada-1.jpg\" \/><\/p>\n<div dir=\"auto\" style=\"text-align: center;\"><a href=\"https:\/\/egyptianwisdomcenter.org\/pt\/produto\/cultura-egipcia-antiga-revelada-segunda-edicao\/\"><span style=\"color: #0000ff;\"><strong>https:\/\/egyptianwisdomcenter.org\/product\/a-cultura-do-antigo-egito-revelada\/<\/strong><\/span><\/a><\/div>\n<\/div>","protected":false},"excerpt":{"rendered":"<p>The Sacred \u201cRatios\u201d &nbsp; The Ancient Egyptians knew the transcendental numbers pi and phi. They manifested their knowledge in their harmonic proportioning [&hellip;]<\/p>","protected":false},"author":3,"featured_media":0,"parent":0,"menu_order":0,"comment_status":"closed","ping_status":"closed","template":"","meta":{"footnotes":""},"class_list":["post-383","page","type-page","status-publish","hentry"],"aioseo_notices":[],"_links":{"self":[{"href":"https:\/\/egyptianwisdomcenter.org\/pt\/wp-json\/wp\/v2\/pages\/383","targetHints":{"allow":["GET"]}}],"collection":[{"href":"https:\/\/egyptianwisdomcenter.org\/pt\/wp-json\/wp\/v2\/pages"}],"about":[{"href":"https:\/\/egyptianwisdomcenter.org\/pt\/wp-json\/wp\/v2\/types\/page"}],"author":[{"embeddable":true,"href":"https:\/\/egyptianwisdomcenter.org\/pt\/wp-json\/wp\/v2\/users\/3"}],"replies":[{"embeddable":true,"href":"https:\/\/egyptianwisdomcenter.org\/pt\/wp-json\/wp\/v2\/comments?post=383"}],"version-history":[{"count":0,"href":"https:\/\/egyptianwisdomcenter.org\/pt\/wp-json\/wp\/v2\/pages\/383\/revisions"}],"wp:attachment":[{"href":"https:\/\/egyptianwisdomcenter.org\/pt\/wp-json\/wp\/v2\/media?parent=383"}],"curies":[{"name":"wp","href":"https:\/\/api.w.org\/{rel}","templated":true}]}}