{"id":387,"date":"2018-11-04T00:00:00","date_gmt":"2018-11-04T04:00:00","guid":{"rendered":"http:\/\/egyptianwisdomcenter.org\/the-egyptian-alphabetical-form-of-writing\/"},"modified":"2023-01-06T00:18:33","modified_gmt":"2023-01-06T05:18:33","slug":"the-egyptian-alphabetical-form-of-writing-2","status":"publish","type":"page","link":"https:\/\/egyptianwisdomcenter.org\/pt\/a-forma-alfabetica-egipcia-de-escrita-2\/","title":{"rendered":"A forma alfab\u00e9tica eg\u00edpcia de escrita"},"content":{"rendered":"<h2 style=\"text-align: center;\"><span style=\"color: #0000ff;\">A forma alfab\u00e9tica eg\u00edpcia de escrita<\/span><\/h2>\n<p>&nbsp;<\/p>\n<h3><span style=\"color: #ff0000;\"><strong>1. Era remota dos alfabetos eg\u00edpcios\u00a0<\/strong><\/span><\/h3>\n<p>A maioria dos estudiosos ocidentais modernos afirmam, expl\u00edcita e implicitamente, que o alfabeto (e a l\u00edngua) eg\u00edpcio antigo \u00e9 a fonte mais antiga do mundo. Em seu livro <em>A Literatura dos Antigos Eg\u00edpcios <\/em>[p\u00e1gina xxxiv-v], o egipt\u00f3logo alem\u00e3o Adolf Erman admite:<\/p>\n<p style=\"padding-left: 30px;\"><em>&#8220;<strong>Somente os eg\u00edpcios estavam destinados a adotar um m\u00e9todo not\u00e1vel, ap\u00f3s o qual alcan\u00e7aram a forma mais elevada de escrita, o alfabeto. . .\u201d<\/strong><\/em><\/p>\n<p>O egipt\u00f3logo brit\u00e2nico WM Flinders Petrie, em seu livro\u00a0<em>A Forma\u00e7\u00e3o dos Alfabetos<\/em> [p\u00e1gina 3], concluiu:<\/p>\n<p style=\"padding-left: 30px;\"><span style=\"text-decoration: underline;\"><strong><em>\u201cDesde o in\u00edcio das eras pr\u00e9-hist\u00f3ricas, um sistema cursivo composto por sinais lineares, cheio de variedade e distin\u00e7\u00e3o foi certamente utilizado no Egito.\u201d<\/em><\/strong><\/span><\/p>\n<p>A mais eminente autoridade em l\u00ednguas, Isaac Taylor, em seu livro <em>Hist\u00f3ria dos Alfabetos,<\/em> Volume 1, p\u00e1gina 62:<\/p>\n<p style=\"padding-left: 30px;\"><strong><em>\u201cA data imensamente antiga em que s\u00edmbolos de natureza alfab\u00e9tica s\u00e3o encontrados nos monumentos eg\u00edpcios \u00e9 um facto de grande interesse e import\u00e2ncia. \u00c9 de grande interesse, na medida em que constitui o ponto de partida na hist\u00f3ria do Alfabeto, estabelecendo a verdade literal da afirma\u00e7\u00e3o de que <span style=\"text-decoration: underline;\">as letras do alfabeto s\u00e3o mais antigas que as pir\u00e2mides \u2013 provavelmente mais antigas que qualquer outro monumento existente da civiliza\u00e7\u00e3o humana.<\/span>&#8221; <\/em><\/strong><\/p>\n<p>Isaac Taylor, em seu livro <em>Hist\u00f3ria dos Alfabetos<\/em> Tomo I, p\u00e1g. 64, escreveu sobre o Rei Eg\u00edpcio Enviado:<\/p>\n<p style=\"padding-left: 30px;\"><strong><em>\u201cO Rei Enviado, em cujo reinado os caracteres alfab\u00e9ticos j\u00e1 estavam em uso, pode ser considerado como tendo vivido <span style=\"text-decoration: underline;\">entre 4.000 e 4.700 a.C.<\/span>. Por mais surpreendente que possa parecer o resultado de tais c\u00e1lculos, deve-se afirmar que \u00e9 prov\u00e1vel que o <span style=\"text-decoration: underline;\">Os prim\u00f3rdios da arte gr\u00e1fica no vale do Nilo devem ser relegados a uma data de sete ou oito mil anos a partir da atualidade.<\/span>&#8220;<\/em><\/strong><\/p>\n<p>\u00c9 muito claro que a l\u00edngua alfab\u00e9tica do Antigo Egito foi a PRIMEIRA no mundo, milhares de anos antes das \u201cescritas do Sinai\u201d que t\u00eam muito a fazer sobre nada [veja um cap\u00edtulo posterior sobre este t\u00f3pico].<\/p>\n<p>Em seu livro <em>A Forma\u00e7\u00e3o do Alfabeto<\/em>, WM Flinders Petrie coletou e tabulou letras alfab\u00e9ticas que se estenderam desde a era pr\u00e9-hist\u00f3rica do Egito at\u00e9 as eras grega e romana. Petrie tamb\u00e9m compilou (de v\u00e1rios estudiosos independentes) letras alfab\u00e9ticas de apar\u00eancia semelhante de 25 locais na \u00c1sia Menor, Gr\u00e9cia, It\u00e1lia, Espanha e outros locais em toda a Europa. Todos s\u00e3o muito mais jovens do que as formas das letras alfab\u00e9ticas do Antigo Egito.<\/p>\n<p>A tabula\u00e7\u00e3o de Petrie dessas formas de letras alfab\u00e9ticas mostra que:<\/p>\n<p style=\"padding-left: 30px;\">1. Todas as formas de letras alfab\u00e9ticas estavam presentes no Antigo Egito desde as primeiras eras pr\u00e9-din\u00e1sticas (mais de 7.000 anos atr\u00e1s), antes de qualquer outro lugar do mundo.<\/p>\n<p style=\"padding-left: 30px;\">2. Todas as formas das letras alfab\u00e9ticas eg\u00edpcias s\u00e3o claramente distingu\u00edveis na mais antiga chamada \u201cescrita hier\u00e1tica\u201d eg\u00edpcia recuperada h\u00e1 mais de 5.000 anos.<\/p>\n<p style=\"padding-left: 30px;\">3. As mesmas formas alfab\u00e9ticas do Antigo Egito foram posteriormente adotadas e espalhadas por outras pessoas em todo o mundo.<\/p>\n<p>&nbsp;<\/p>\n<h3><span style=\"color: #ff0000;\"><strong>2. Os distintos papiros alfab\u00e9ticos eg\u00edpcios pr\u00e9-hicsos <\/strong><\/span><\/h3>\n<p>O eminente egipt\u00f3logo alem\u00e3o Adolf Erman escreveu, em seu livro\u00a0<em>Vida no Antigo Egito<\/em>, p\u00e1gina 339:<\/p>\n<p style=\"padding-left: 30px;\"><strong><em>\u201cMesmo sob o Imp\u00e9rio Antigo <\/em><\/strong>[2575-2040 a.C.]<strong><em> uma letra cursiva especial j\u00e1 havia sido inventada para uso di\u00e1rio, a chamada hier\u00e1tica.\u201d<\/em><\/strong><\/p>\n<p>Isaac Taylor, em seu livro <em>A Hist\u00f3ria do Alfabeto<\/em>, Vol.1, p\u00e1ginas 94 e 95, referia-se a tr\u00eas importantes manuscritos eg\u00edpcios antigos das eras do Imp\u00e9rio Antigo e M\u00e9dio [2575-1783] antes do per\u00edodo hicsos [c.1600 aC], que tinham escritas cursivas alfab\u00e9ticas muito claras e distintas . Os tr\u00eas papiros concordam essencialmente entre si quanto ao estilo geral da escrita e \u00e0s formas dos caracteres alfab\u00e9ticos individuais em letras cursivas bem definidas.<\/p>\n<p>Essas primeiras escritas alfab\u00e9ticas [hier\u00e1ticas] mostram claramente um verdadeiro car\u00e1ter cursivo: preto, arredondado e em negrito.<\/p>\n<p>Os tr\u00eas manuscritos eg\u00edpcios antigos referidos por<\/p>\n<p>Isaac Taylor s\u00e3o:<\/p>\n<p style=\"padding-left: 30px;\">1. Um manuscrito eg\u00edpcio em posse do Prof. Lepsius no qual \u00e9 feita men\u00e7\u00e3o ao construtor da Grande Pir\u00e2mide de Giz\u00e9, Khufu [Qu\u00e9ops], e outros reis das primeiras dinastias de M\u00eanfis [2649 -2465 aC].<\/p>\n<p style=\"padding-left: 30px;\">2. O exemplar mais perfeito da escrita cursiva alfab\u00e9tica do per\u00edodo inicial \u00e9 o c\u00e9lebre papiro que foi adquirido em Tebas por M. Prisse d&#039;Avennes, doado por ele \u00e0 Biblioth\u00e8que Nationale de Paris. Este manuscrito \u00e9 geralmente chamado de \u201cPapiro Prisse\u201d. Foi publicado em fac-s\u00edmile por M. Prisse em 1847 e consiste em dezoito p\u00e1ginas de uma magn\u00edfica escrita cursiva alfab\u00e9tica, inigual\u00e1vel em tamanho e beleza, sendo os caracteres excepcionalmente grandes, cheios e firmes. Uma declara\u00e7\u00e3o no final do papiro mostra que se trata apenas de uma c\u00f3pia da obra original, que supostamente foi composta pelo pr\u00edncipe Ptah-Hotep, que viveu durante o reinado de Assa, rei da quinta dinastia [2465-2323 AC].<\/p>\n<p style=\"padding-left: 30px;\">3. No Museu de Berlim, encontram-se alguns fragmentos de um papiro hier\u00e1tico da \u00e9poca dos reis eg\u00edpcios Amenemhat e Usurtasen, que pertenceram \u00e0 XII dinastia [1991-1783] que precedeu a invas\u00e3o dos hicsos.<\/p>\n<p><strong>Aqui est\u00e1 o <\/strong><strong>Fac-s\u00edmile do papiro Prisse<\/strong><strong>, onde os formatos das letras se parecem exatamente com os formatos das letras em toda a reconhecida hist\u00f3ria do Antigo Egito e al\u00e9m.<\/strong><\/p>\n<p><a href=\"http:\/\/egyptianwisdomcenter.org\/wp-content\/uploads\/2019\/02\/eu-ch1-2-96c-1.jpg\"><img decoding=\"async\" class=\"size-full wp-image-1369 aligncenter\" src=\"http:\/\/egyptianwisdomcenter.org\/wp-content\/uploads\/2019\/02\/eu-ch1-2-96c-1.jpg\" alt=\"\" width=\"307\" height=\"137\" \/><\/a><\/p>\n<div class=\"gmail_default\">Aqui est\u00e1 uma parte ampliada deste papiro eg\u00edpcio antigo mostrando formas alfab\u00e9ticas distintas de letras que todos os outros pa\u00edses adotar\u00e3o, como a evid\u00eancia mostrar\u00e1 ao longo deste livro.<\/div>\n<div><\/div>\n<div><a href=\"http:\/\/egyptianwisdomcenter.org\/wp-content\/uploads\/2019\/02\/eu-ch1-3-96c-1.jpg\"><img decoding=\"async\" class=\"size-full wp-image-1365 aligncenter\" src=\"http:\/\/egyptianwisdomcenter.org\/wp-content\/uploads\/2019\/02\/eu-ch1-3-96c-1.jpg\" alt=\"\" width=\"269\" height=\"124\" \/><\/a><\/div>\n<div><\/div>\n<div class=\"gmail_default\">\u00a0Outras primeiras escritas alfab\u00e9ticas s\u00e3o numerosas. Aqui est\u00e3o alguns exemplos:<\/div>\n<p style=\"padding-left: 30px;\">1. Alfabetos claros da era do Imp\u00e9rio Antigo [2575-2040 aC] de uma carta de uma vi\u00fava, escrita em linho, Museu Eg\u00edpcio, Cairo, JE25975.<\/p>\n<p><a href=\"http:\/\/egyptianwisdomcenter.org\/wp-content\/uploads\/2019\/02\/eu-ch1-4-96c-1.jpg\"><img decoding=\"async\" class=\"size-full wp-image-1366 aligncenter\" src=\"http:\/\/egyptianwisdomcenter.org\/wp-content\/uploads\/2019\/02\/eu-ch1-4-96c-1.jpg\" alt=\"\" width=\"269\" height=\"172\" \/><\/a><\/p>\n<p style=\"padding-left: 30px;\">2. Este \u00e9 o terceiro de um ciclo de cinco hinos a Senwosret III, que foi encontrado na cidade de el-Lahun. O hino a Senwosret III mostra o arranjo estr\u00f3fico e foi escrito em meados da 12\u00aa Dinastia [1991-1783 aC].<\/p>\n<p><a href=\"http:\/\/egyptianwisdomcenter.org\/wp-content\/uploads\/2019\/02\/eu-ch1-5-96c-1.jpg\"><img loading=\"lazy\" decoding=\"async\" class=\"size-full wp-image-1367 aligncenter\" src=\"http:\/\/egyptianwisdomcenter.org\/wp-content\/uploads\/2019\/02\/eu-ch1-5-96c-1.jpg\" alt=\"\" width=\"384\" height=\"159\" \/><\/a><\/p>\n<p style=\"padding-left: 30px;\">3. A escrita mostrada aqui \u00e9 um memorando do Supervisor do templo ao sacerdote Lector no Templo Nubkaura em el-Lahun (durante a \u00e9poca de Senwosret II, 1897-1878 aC), notificando-o de que Sirius ressuscitaria no 16\u00ba dia. do 4\u00ba m\u00eas, para anotar sua localiza\u00e7\u00e3o exata e hor\u00e1rio para inscrev\u00ea-lo nos registros do templo.<\/p>\n<p><a href=\"http:\/\/egyptianwisdomcenter.org\/wp-content\/uploads\/2019\/02\/eu-ch1-6aa.-1-96c-1.jpg\"><img loading=\"lazy\" decoding=\"async\" class=\"size-full wp-image-1368 aligncenter\" src=\"http:\/\/egyptianwisdomcenter.org\/wp-content\/uploads\/2019\/02\/eu-ch1-6aa.-1-96c-1.jpg\" alt=\"\" width=\"307\" height=\"92\" \/><\/a><\/p>\n<p style=\"padding-left: 30px;\">4. V\u00e1rios outros exemplos semelhantes sobre v\u00e1rios t\u00f3picos e prop\u00f3sitos podem ser encontrados no livro de RB Parkinson [ver Bibliografia Selecionada.]<\/p>\n<p style=\"padding-left: 30px;\">5. Outros papiros eg\u00edpcios antigos com escritas alfab\u00e9ticas organizadas sobre todos os tipos de assuntos desta era muito antiga s\u00e3o mencionados em v\u00e1rias publica\u00e7\u00f5es de Moustafa Gadalla e est\u00e3o na maioria das refer\u00eancias egiptol\u00f3gicas.<\/p>\n<p>&nbsp;<\/p>\n<h3><span style=\"color: #ff0000;\"><strong>3. Triagem de fuma\u00e7a em milhares de escritos alfab\u00e9ticos eg\u00edpcios<\/strong><\/span><\/h3>\n<p>A MAIOR cortina de fuma\u00e7a da hist\u00f3ria est\u00e1 escondendo o sistema de escrita alfab\u00e9tica do (Antigo) Egito. Eles fizeram todos pensarem na l\u00edngua eg\u00edpcia como uma cole\u00e7\u00e3o de \u201cimagens primitivas\u201d chamadas hier\u00f3glifos. Eles ocultaram o sistema alfab\u00e9tico eg\u00edpcio como a M\u00c3E de TODAS as l\u00ednguas do mundo.<\/p>\n<p>Veja como Alan Gardiner, em seu livro <em>Gram\u00e1tica Eg\u00edpcia<\/em>, tenta \u201cracionalizar\u201d como ocultaram o sistema alfab\u00e9tico eg\u00edpcio:<\/p>\n<p style=\"padding-left: 30px;\"><strong><em>\u201cOs egipt\u00f3logos experimentaram a necessidade pr\u00e1tica de adotar algum padr\u00e3o comum ao qual diferentes m\u00e3os hier\u00e1ticas pudessem ser reduzidas e, em vez de selecionar um estilo simples de hier\u00e1tico para esse prop\u00f3sito, preferiram transcrever todas as m\u00e3os hier\u00e1ticas em hier\u00f3glifos\u201d.<\/em><\/strong><\/p>\n<p>A \u201cexplica\u00e7\u00e3o\/justificativa\u201d de Gardiner para enterrar os escritos alfab\u00e9ticos [hier\u00e1ticos] nos assegura que houve <span style=\"text-decoration: underline;\">v\u00e1rias formas de escritos para diversos fins<\/span>. As mesmas academias ocidentais NUNCA usaram a mesma \u201cdesculpa esfarrapada\u201d com o grego, o romano ou qualquer outra l\u00edngua do mundo!<\/p>\n<p>Esta desculpa esfarrapada foi usada SOMENTE nos escritos eg\u00edpcios para enganar e ocultar a linguagem de escrita alfab\u00e9tica do Antigo Egito.<\/p>\n<p>N\u00c3O H\u00c1 UMA \u00daNICA refer\u00eancia \u2013 antes desta conspira\u00e7\u00e3o dos \u201cegipt\u00f3logos ocidentais\u201d dos s\u00e9culos XIX e XX \u2013 que declarasse uma rela\u00e7\u00e3o entre hier\u00f3glifos (sinais pict\u00f3ricos) e formas de letras alfab\u00e9ticas hier\u00e1ticas\/dem\u00f3ticas. Pelo contr\u00e1rio, CADA refer\u00eancia declarou EXPLICITAMENTE o qu\u00e3o n\u00e3o relacionadas elas s\u00e3o.<\/p>\n<p>&nbsp;<\/p>\n<h3><span style=\"color: #ff0000;\"><strong>4. O eg\u00edpcio est\u00e1 morto, viva o \u201c\u00e1rabe\u201d <\/strong><\/span><\/h3>\n<p>Depois de ocultar o sistema de escrita alfab\u00e9tica (antigo) eg\u00edpcio que faz com que todos pensem na l\u00edngua eg\u00edpcia como uma cole\u00e7\u00e3o de \u201cimagens primitivas\u201d chamadas hier\u00f3glifos, seu segundo golpe foi declarar que a l\u00edngua eg\u00edpcia antiga est\u00e1 MORTA e que foi substitu\u00edda \u2013 do nada. ar \u2013 pela l\u00edngua \u201c\u00e1rabe\u201d!<\/p>\n<p>Dizer que os eg\u00edpcios falam \u201c\u00e1rabe\u201d \u00e9 totalmente falso e il\u00f3gico. \u00c9 o contr\u00e1rio: os \u201c\u00e1rabes\u201d h\u00e1 muito \u201cadotaram\u201d e continuam a falar o EG\u00cdPCIO.<\/p>\n<p>O egipt\u00f3logo brit\u00e2nico Alan Gardiner em seu livro, <em>Gram\u00e1tica Eg\u00edpcia<\/em>, p\u00e1gina 3, escreve:<\/p>\n<p style=\"padding-left: 30px;\"><span style=\"text-decoration: underline;\"><strong><em>\u201cPode-se de fato provar que todo o sistema voc\u00e1lico do Antigo Eg\u00edpcio atingiu um est\u00e1gio semelhante ao do hebraico ou do \u00e1rabe moderno\u201d<\/em><\/strong><\/span><\/p>\n<p>O eg\u00edpcio \u00e9 a m\u00e3e de todas as l\u00ednguas sem\u00edticas, como comprovado e conclu\u00eddo por TODOS os acad\u00eamicos.<\/p>\n<p>Quanto aos outros pilares de uma l\u00edngua, como gram\u00e1tica, sintaxe, etc., ela permanece exatamente como a l\u00edngua eg\u00edpcia antiga.<\/p>\n<p>O egipt\u00f3logo brit\u00e2nico Alan Gardiner, em seu livro\u00a0<em>Gram\u00e1tica Eg\u00edpcia<\/em>, p\u00e1gina 2, afirmou:<\/p>\n<p style=\"padding-left: 30px;\"><strong><em>\u201cA l\u00edngua eg\u00edpcia est\u00e1 relacionada n\u00e3o apenas com as l\u00ednguas sem\u00edticas (hebraico, \u00e1rabe, aramaico, babil\u00f4nico, etc.), mas tamb\u00e9m com as l\u00ednguas da \u00c1frica Oriental (galla, somali, etc.) e com os idiomas berberes do Norte de \u00c1frica. Sua liga\u00e7\u00e3o com estes \u00faltimos grupos, conhecidos como fam\u00edlia cam\u00edtica, \u00e9 um assunto muito espinhoso, mas a rela\u00e7\u00e3o com as l\u00ednguas sem\u00edticas pode ser definida com bastante precis\u00e3o. Na estrutura geral a semelhan\u00e7a \u00e9 muito grande; O eg\u00edpcio compartilha a principal peculiaridade do sem\u00edtico, pois seus radicais de palavras consistem em combina\u00e7\u00f5es de consoantes, geralmente em n\u00famero de tr\u00eas, que s\u00e3o teoricamente pelo menos imut\u00e1veis. A inflex\u00e3o gramatical e pequenas varia\u00e7\u00f5es de significado s\u00e3o criadas principalmente pelo toque das mudan\u00e7as nas vogais internas, embora desin\u00eancias afixadas tamb\u00e9m sejam usadas para o mesmo prop\u00f3sito.<\/em><\/strong>.<\/p>\n<p>A \u201cL\u00edngua \u00c1rabe\u201d obedece exatamente a todas as caracter\u00edsticas lingu\u00edsticas da muito mais antiga l\u00edngua do Antigo Egito, que foi detalhada no Cap\u00edtulo 15 deste livro. Isso inclui (mas n\u00e3o est\u00e1 limitado a) l\u00e9xico, gram\u00e1tica e sintaxe interconectados protot\u00edpicos do Egito Antigo, como o significado de verbos, ra\u00edzes verbais, radicais verbais, classes e estruturas de verbos, o esquema de conjuga\u00e7\u00e3o de verbos e etimologia\/l\u00e9xicos protot\u00edpicos eg\u00edpcios e forma\u00e7\u00e3o\/deriva\u00e7\u00e3o de palavras de uma raiz de tr\u00eas letras (que significa um certo conceito geral) em numerosos padr\u00f5es atrav\u00e9s do uso de vogais e prefixos intermedi\u00e1rios, infixos e sufixos, etc.; al\u00e9m de tipos e estruturas de s\u00edlabas, bem como sintaxe\/ordens de palavras e tipos de frases.<\/p>\n<p>&nbsp;<\/p>\n<div dir=\"auto\">\n<p><span style=\"color: #ff0000;\"><strong>[Trechos de <\/strong><\/span><strong>Modos de escrita universal eg\u00edpcio antigo por Moustafa Gadalla<\/strong><span style=\"color: #ff0000;\"><strong>]<br \/>\n<a href=\"https:\/\/egyptianwisdomcenter.org\/pt\/produto\/ancient-egyptian-universal-writing-modes\/\"><span style=\"color: #0000ff;\">https:\/\/egyptianwisdomcenter.org\/product\/ancient-egyptian-universal-writing-modes\/<\/span><\/a><\/strong><\/span><\/p>\n<p><img decoding=\"async\" class=\"aligncenter\" src=\"https:\/\/books2read-prod.s3.amazonaws.com\/CACHE\/images\/ubl_book_images\/book_display_image_47HRC95\/515452d8b8f6b949614788303f629e63\" \/><\/p>\n<p style=\"text-align: center;\"><a href=\"https:\/\/egyptianwisdomcenter.org\/pt\/produto\/ancient-egyptian-universal-writing-modes\/\"><strong style=\"color: #ff0000;\"><span style=\"color: #0000ff;\">https:\/\/egyptianwisdomcenter.org\/product\/ancient-egyptian-universal-writing-modes\/<\/span><\/strong><\/a><\/p>\n<\/div>","protected":false},"excerpt":{"rendered":"<p>The Egyptian Alphabetical Form Of Writing &nbsp; 1. Remote Age Of Egyptian Alphabets\u00a0 Most modern Western scholars affirm, explicitly and implicitly, that [&hellip;]<\/p>","protected":false},"author":3,"featured_media":0,"parent":0,"menu_order":0,"comment_status":"closed","ping_status":"closed","template":"","meta":{"footnotes":""},"class_list":["post-387","page","type-page","status-publish","hentry"],"aioseo_notices":[],"_links":{"self":[{"href":"https:\/\/egyptianwisdomcenter.org\/pt\/wp-json\/wp\/v2\/pages\/387","targetHints":{"allow":["GET"]}}],"collection":[{"href":"https:\/\/egyptianwisdomcenter.org\/pt\/wp-json\/wp\/v2\/pages"}],"about":[{"href":"https:\/\/egyptianwisdomcenter.org\/pt\/wp-json\/wp\/v2\/types\/page"}],"author":[{"embeddable":true,"href":"https:\/\/egyptianwisdomcenter.org\/pt\/wp-json\/wp\/v2\/users\/3"}],"replies":[{"embeddable":true,"href":"https:\/\/egyptianwisdomcenter.org\/pt\/wp-json\/wp\/v2\/comments?post=387"}],"version-history":[{"count":0,"href":"https:\/\/egyptianwisdomcenter.org\/pt\/wp-json\/wp\/v2\/pages\/387\/revisions"}],"wp:attachment":[{"href":"https:\/\/egyptianwisdomcenter.org\/pt\/wp-json\/wp\/v2\/media?parent=387"}],"curies":[{"name":"wp","href":"https:\/\/api.w.org\/{rel}","templated":true}]}}