{"id":400,"date":"2018-11-04T00:00:00","date_gmt":"2018-11-04T04:00:00","guid":{"rendered":"http:\/\/egyptianwisdomcenter.org\/an-overview-of-the-egyptian-musical-heritage\/"},"modified":"2023-01-03T00:37:38","modified_gmt":"2023-01-03T05:37:38","slug":"an-overview-of-the-egyptian-musical-heritage-2","status":"publish","type":"page","link":"https:\/\/egyptianwisdomcenter.org\/pt\/uma-visao-geral-da-heranca-musical-egipcia-2\/","title":{"rendered":"Uma Vis\u00e3o Geral da Heran\u00e7a Musical Eg\u00edpcia"},"content":{"rendered":"<h2 style=\"text-align: center;\"><span style=\"color: #ff0000;\">Uma Vis\u00e3o Geral da Heran\u00e7a Musical Eg\u00edpcia<\/span><\/h2>\n<p>&nbsp;<\/p>\n<p>A hist\u00f3ria arqueol\u00f3gica e tradicional da m\u00fasica eg\u00edpcia \u00e9 muito mais abundante do que em qualquer outro pa\u00eds. Os relevos das paredes dos templos e tumbas do Antigo Egito retratam v\u00e1rios tipos e formas de instrumentos musicais, as t\u00e9cnicas pelas quais esses instrumentos deveriam ser tocados e afinados, a execu\u00e7\u00e3o em conjunto e muito, muito mais.<\/p>\n<p>Essas cenas musicais mostram visivelmente as m\u00e3os do gaitista tocando certas cordas,<\/p>\n<p><a href=\"http:\/\/egyptianwisdomcenter.org\/wp-content\/uploads\/2019\/02\/emus-ch1-photo1-96c.jpg\"><img decoding=\"async\" class=\"size-full wp-image-1381 aligncenter\" src=\"http:\/\/egyptianwisdomcenter.org\/wp-content\/uploads\/2019\/02\/emus-ch1-photo1-96c.jpg\" alt=\"\" width=\"192\" height=\"216\" \/><\/a><\/p>\n<p>e os instrumentistas de sopro tocando certos acordes juntos.<\/p>\n<p><a href=\"http:\/\/egyptianwisdomcenter.org\/wp-content\/uploads\/2019\/02\/emus-ch1-photo2-96c.jpg\"><img decoding=\"async\" class=\"size-full wp-image-1390 aligncenter\" src=\"http:\/\/egyptianwisdomcenter.org\/wp-content\/uploads\/2019\/02\/emus-ch1-photo2-96c.jpg\" alt=\"\" width=\"192\" height=\"152\" \/><\/a><\/p>\n<p>As dist\u00e2ncias dos trastes do ala\u00fade mostram claramente que os intervalos e escalas correspondentes podem ser medidos e calculados. [A an\u00e1lise detalhada \u00e9 mostrada em um cap\u00edtulo posterior deste livro.]<\/p>\n<p><a href=\"http:\/\/egyptianwisdomcenter.org\/wp-content\/uploads\/2019\/02\/emus-ch1-photo3-96c.jpg\"><img decoding=\"async\" class=\"size-full wp-image-1391 aligncenter\" src=\"http:\/\/egyptianwisdomcenter.org\/wp-content\/uploads\/2019\/02\/emus-ch1-photo3-96c.jpg\" alt=\"\" width=\"240\" height=\"157\" \/><\/a><\/p>\n<p>As posi\u00e7\u00f5es das m\u00e3os dos harpistas nas cordas indicam claramente propor\u00e7\u00f5es como a Quarta, a Quinta e a Oitava, revelando um conhecimento inquestion\u00e1vel das leis que regem a harmonia musical.<\/p>\n<p>A execu\u00e7\u00e3o de instrumentos musicais tamb\u00e9m \u00e9 representada como sendo controlada pelos movimentos das m\u00e3os dos maestros, o que tamb\u00e9m nos ajuda a identificar certos tons, intervalos e fun\u00e7\u00f5es do som, conforme mostrado \u00e0 esquerda na representa\u00e7\u00e3o abaixo.<\/p>\n<p><a href=\"http:\/\/egyptianwisdomcenter.org\/wp-content\/uploads\/2019\/02\/emus-ch1-photo4-96c.jpg\"><img loading=\"lazy\" decoding=\"async\" class=\"size-full wp-image-1392 aligncenter\" src=\"http:\/\/egyptianwisdomcenter.org\/wp-content\/uploads\/2019\/02\/emus-ch1-photo4-96c.jpg\" alt=\"\" width=\"240\" height=\"167\" \/><\/a><\/p>\n<p>Os intervalos de Quarta, Quinta e Oitava eram os mais comuns nas representa\u00e7\u00f5es do Antigo Egito. Curt Sachs [em seu livro, <em>Hist\u00f3ria dos Instrumentos Musicais<\/em>] descobriram que de 17 harpistas representados em obras de arte eg\u00edpcias (com realismo e distin\u00e7\u00e3o suficientes para serem registros confi\u00e1veis), sete est\u00e3o tocando um acorde de quarta, cinco um acorde de quinta e cinco um acorde de oitava.<\/p>\n<p>A oitava de oito termos foi chamada de Harmonia ou escala de octacorde harm\u00f4nico, e foi descrita nos primeiros escritos gregos como a oitava d\u00f3rica, estruturada com base na oitava, na quarta e na quinta - os tr\u00eas intervalos consonantais. Esses tr\u00eas intervalos consonantais referem-se \u00e0s tr\u00eas esta\u00e7\u00f5es do calend\u00e1rio eg\u00edpcio antigo, como veremos mais adiante neste livro.<\/p>\n<p>Descobriu-se que as harpas representadas com mais frequ\u00eancia tinham sete cordas e, de acordo com o estudo de Curt Sachs sobre os instrumentos eg\u00edpcios, os eg\u00edpcios afinavam suas harpas na mesma s\u00e9rie diat\u00f4nica de intervalos.<\/p>\n<p>&gt;&gt; Uma das duas harpas encontradas retratadas na tumba de Rams\u00e9s III possui 13 cordas, onde se a corda mais longa representasse pr\u00f3s-lambanomenos, ou R\u00e9, as 12 cordas restantes seriam mais de <span style=\"text-decoration: underline;\"><strong>fornece todos os tons, semitons e quartos de tom dos g\u00eaneros diat\u00f4nico, crom\u00e1tico e enarm\u00f4nico dentro do compasso de uma oitava.<\/strong><\/span><\/p>\n<p><a href=\"http:\/\/egyptianwisdomcenter.org\/wp-content\/uploads\/2019\/02\/harp.png\" rel=\"attachment wp-att-308\"><img loading=\"lazy\" decoding=\"async\" class=\"size-full wp-image-308 aligncenter\" src=\"http:\/\/egyptianwisdomcenter.org\/wp-content\/uploads\/2019\/02\/harp.png\" alt=\"harpa\" width=\"188\" height=\"185\" \/><\/a><\/p>\n<p>Al\u00e9m das numerosas representa\u00e7\u00f5es de cenas musicais retratadas em templos e tumbas de todos os per\u00edodos da hist\u00f3ria din\u00e1stica do Egito, tamb\u00e9m temos acesso a centenas de v\u00e1rios instrumentos musicais do Antigo Egito que foram recuperados de seus t\u00famulos. Estes instrumentos eg\u00edpcios est\u00e3o agora espalhados em museus e cole\u00e7\u00f5es particulares em todo o mundo.<\/p>\n<p>As cenas musicais representadas nas tumbas do Antigo Egito, bem como os instrumentos encontrados nos Reinos Antigo e M\u00e9dio, indicam propor\u00e7\u00f5es entre as cordas abertas da harpa e os trastes densamente ordenados nos bra\u00e7os longos dos instrumentos de cordas, bem como as medidas entre os buracos para dedos em instrumentos de sopro que revelam\/confirmam que:<\/p>\n<p style=\"padding-left: 30px;\">a. v\u00e1rios tipos de escalas musicais eram conhecidos\/utilizados.<\/p>\n<p style=\"padding-left: 30px;\">b. escalas estreitas eram comuns desde a mais antiga hist\u00f3ria eg\u00edpcia conhecida (mais de 5.000 anos atr\u00e1s).<\/p>\n<p style=\"padding-left: 30px;\">c. t\u00e9cnicas de execu\u00e7\u00e3o e afina\u00e7\u00e3o de instrumentos de cordas proporcionavam a execu\u00e7\u00e3o solo e de acordes de instrumentos.<\/p>\n<p style=\"padding-left: 30px;\">d. t\u00e9cnicas de execu\u00e7\u00e3o de instrumentos de sopro proporcionaram pequenos incrementos e o efeito de \u00f3rg\u00e3o.<\/p>\n<p style=\"padding-left: 30px;\">e. tanto o m\u00e9todo c\u00edclico (para cima e para baixo) quanto o m\u00e9todo divisivo de ajuste estavam em uso.<\/p>\n<p>Os Antigos Eg\u00edpcios eram\/s\u00e3o famosos mundialmente pelo dom\u00ednio das t\u00e9cnicas de execu\u00e7\u00e3o de seus instrumentos musicais. A habilidade dos eg\u00edpcios, no uso desses instrumentos, foi afirmada por Ateneu, que afirmou (em seus textos [iv, 25]) que \u201c<strong><em>tanto os gregos quanto os \u201cb\u00e1rbaros\u201d aprenderam m\u00fasica com nativos eg\u00edpcios<\/em><\/strong>.&#8221;<\/p>\n<p>Ap\u00f3s o fim da Era Fara\u00f4nica do Antigo Egito, o Egito continuou a ser o centro de aprendizagem da m\u00fasica para os pa\u00edses arabizados\/islamizados.<\/p>\n<p><a href=\"http:\/\/egyptianwisdomcenter.org\/wp-content\/uploads\/2019\/02\/emus-ch1-photo6-96c.jpg\"><img loading=\"lazy\" decoding=\"async\" class=\"size-full wp-image-1393 aligncenter\" src=\"http:\/\/egyptianwisdomcenter.org\/wp-content\/uploads\/2019\/02\/emus-ch1-photo6-96c.jpg\" alt=\"\" width=\"240\" height=\"167\" \/><\/a><\/p>\n<p>Todas estas descobertas, juntamente com os primeiros escritos dos historiadores sobre a heran\u00e7a musical eg\u00edpcia, bem como as tradi\u00e7\u00f5es dos modernos habitantes do Nilo, corroboram para fornecer o caso mais aut\u00eantico da hist\u00f3ria musical do Antigo Egito.<\/p>\n<p>Infelizmente, muitas destas evid\u00eancias CLARAMENTE EG\u00cdPCIAS foram distorcidas repetidas vezes ao longo da hist\u00f3ria pela academia ocidental. No que diz respeito ao Antigo Egipto, praticamente todos os acad\u00e9micos ocidentais sentem desprezo e inveja desta grande civiliza\u00e7\u00e3o. O t\u00edpico acad\u00e9mico ocidental ir\u00e1 simultaneamente: 1) descrever os eg\u00edpcios como sendo muito conservadores, que n\u00e3o mudaram nem evolu\u00edram e que n\u00e3o tinham imagina\u00e7\u00e3o, etc.; e 2) descrever as conquistas do Antigo Egito como sendo emprestadas\/roubadas\/copiadas de n\u00e3o-eg\u00edpcios. \u00c9 irracional que algu\u00e9m empregue simultaneamente estes argumentos contradit\u00f3rios.<\/p>\n<p>O fato \u00e9 que os eg\u00edpcios (antigos e baladi) s\u00e3o notavelmente tradicionalistas ao extremo, como atestam TODOS os primeiros historiadores, como Her\u00f3doto, que, em <em>As hist\u00f3rias<\/em>, Livro Dois, 79, afirma:<\/p>\n<p style=\"padding-left: 30px;\"><strong><em>\u201cOs eg\u00edpcios mant\u00eam seus costumes nativos e nunca adotam nenhum do exterior<\/em><\/strong>.&#8221;<\/p>\n<p>Her\u00f3doto, em <em>As hist\u00f3rias<\/em>, Livro Dois, 91, tamb\u00e9m afirma:<\/p>\n<p style=\"padding-left: 30px;\">&#8220;<strong><em>Os eg\u00edpcios n\u00e3o est\u00e3o dispostos a adotar os costumes gregos ou, em termos gerais, os de qualquer outro pa\u00eds<\/em><\/strong>.&#8221;<\/p>\n<p>&nbsp;<\/p>\n<p><strong>[Um trecho de<\/strong> <span style=\"color: #ff0000;\"><strong>O duradouro sistema musical eg\u00edpcio antigo, teoria e pr\u00e1tica: segunda edi\u00e7\u00e3o por Moustafa Gadalla<\/strong><\/span>]<br \/>\n<a href=\"https:\/\/egyptianwisdomcenter.org\/pt\/produto\/the-enduring-ancient-egyptian-musical-system-theory-and-practice-second-edition\/\"><strong><span style=\"color: #0000ff;\">https:\/\/egyptianwisdomcenter.org\/product\/instrumentos-musicais-do-egito\/<\/span><\/strong><\/a><\/p>\n<p><img decoding=\"async\" class=\"aligncenter\" src=\"https:\/\/egyptianwisdomcenter.org\/wp-content\/uploads\/2023\/01\/instrumentos-musicais-do-egito-2.jpg\" \/><\/p>\n<p style=\"text-align: center;\"><a href=\"https:\/\/egyptianwisdomcenter.org\/pt\/produto\/the-enduring-ancient-egyptian-musical-system-theory-and-practice-second-edition\/\"><strong><span style=\"color: #0000ff;\">https:\/\/egyptianwisdomcenter.org\/product\/instrumentos-musicais-do-egito\/<\/span><\/strong><\/a><\/p>\n<div dir=\"auto\"><\/div>","protected":false},"excerpt":{"rendered":"<p>An Overview Of The Egyptian Musical Heritage &nbsp; The archaeological and traditional Egyptian history of music is much more abundant than in [&hellip;]<\/p>","protected":false},"author":3,"featured_media":0,"parent":0,"menu_order":0,"comment_status":"closed","ping_status":"closed","template":"","meta":{"footnotes":""},"class_list":["post-400","page","type-page","status-publish","hentry"],"aioseo_notices":[],"_links":{"self":[{"href":"https:\/\/egyptianwisdomcenter.org\/pt\/wp-json\/wp\/v2\/pages\/400","targetHints":{"allow":["GET"]}}],"collection":[{"href":"https:\/\/egyptianwisdomcenter.org\/pt\/wp-json\/wp\/v2\/pages"}],"about":[{"href":"https:\/\/egyptianwisdomcenter.org\/pt\/wp-json\/wp\/v2\/types\/page"}],"author":[{"embeddable":true,"href":"https:\/\/egyptianwisdomcenter.org\/pt\/wp-json\/wp\/v2\/users\/3"}],"replies":[{"embeddable":true,"href":"https:\/\/egyptianwisdomcenter.org\/pt\/wp-json\/wp\/v2\/comments?post=400"}],"version-history":[{"count":0,"href":"https:\/\/egyptianwisdomcenter.org\/pt\/wp-json\/wp\/v2\/pages\/400\/revisions"}],"wp:attachment":[{"href":"https:\/\/egyptianwisdomcenter.org\/pt\/wp-json\/wp\/v2\/media?parent=400"}],"curies":[{"name":"wp","href":"https:\/\/api.w.org\/{rel}","templated":true}]}}