{"id":4021,"date":"2019-03-02T16:25:45","date_gmt":"2019-03-02T21:25:45","guid":{"rendered":"http:\/\/egyptianwisdomcenter.org\/los-ratios-sagrados\/"},"modified":"2023-01-12T11:31:32","modified_gmt":"2023-01-12T16:31:32","slug":"los-ratios-sagrados","status":"publish","type":"page","link":"https:\/\/egyptianwisdomcenter.org\/pt\/los-ratios-sagrados\/","title":{"rendered":"Los Ratios Sagrados"},"content":{"rendered":"<h2 style=\"text-align: center;\"><span style=\"color: #0000ff;\"><strong>Las &#8220;Proporciones&#8221; Sagradas<\/strong><\/span><\/h2>\n<p>&nbsp;<\/p>\n<p>Los antiguos egipcios conoc\u00edan los <em>n\u00fameros trascendentales<\/em> <em>pi<\/em> sim <em>phi<\/em>. Conoc\u00edan la proporci\u00f3n arm\u00f3nica de sus edificaciones y obras art\u00edsticas.<\/p>\n<p><span style=\"color: #ff0000;\"><strong>1. La Proporci\u00f3n Dorada<\/strong> <\/span>(que <em>num\u00e9ricamente<\/em> = 1,618), a la que el mundo acad\u00e9mico occidental ha asignado recientemente un s\u00edmbolo arbitrario, la letra del alfabeto griego \u03c6 (phi), que se conoc\u00eda y usaba mucho antes de los griegos. Y, lo que es peor, es que no hay evidencias reales de que los griegos la conocieran.<\/p>\n<p>La integridad y la honestidad demandan que el t\u00e9rmino del Antiguo Egipto sea usado para esta proporci\u00f3n, es decir la Proporci\u00f3n Neb (Dorada). Neb significa oro, divino. Adem\u00e1s, esta proporci\u00f3n se conoce en los textos occidentales como <em>Dorada<\/em> sim <em>Divina<\/em>, desde el siglo XIX.<\/p>\n<p>La Proporci\u00f3n Neb (Dorada) puede obtenerse matem\u00e1ticamente desde la sucesi\u00f3n recurrente, que los antiguos egipcios conoc\u00edan al menos hace 4.500 a\u00f1os. Al igual que se desarrolla la sucesi\u00f3n recurrente (2, 3, 5, 8, 13, 21, 34, 55, 89, 144,&#8230;), el ratio entre los n\u00fameros sucesivos tiende hacia la Proporci\u00f3n Neb (Dorada). Los ratios 55:34, 89:55, 144:89,&#8230; etc., tienen todos el mismo \u201cvalor\u201d 1,618. Como se mostr\u00f3 anteriormente, los templos y santuarios del Antiguo Egipto se segmentan en los n\u00fameros progresivos de la Serie de Sucesi\u00f3n, los puntos significativos a lo largo del eje del plan de construcci\u00f3n.<\/p>\n<p>Asimismo, la Proporci\u00f3n Neb (Dorada) puede obtenerse gr\u00e1ficamente, de diferentes maneras, que eran todas comunes en las edificaciones egipcias a trav\u00e9s de su historia din\u00e1stica. [Vea m\u00e1s informaci\u00f3n acerca de diferentes maneras en <em>A Arquitetura Metaf\u00edsica Eg\u00edpcia Antiga <\/em>de Moustafa Gadalla].<\/p>\n<p><span style=\"color: #ff0000;\"><strong>2. La Constante De Circunferencia <\/strong><\/span>es la representaci\u00f3n funcional del c\u00edrculo. Es el ratio entre la circunferencia del c\u00edrculo y su di\u00e1metro. El mundo acad\u00e9mico occidental lo populariza como la letra griega <em>pi<\/em> y le da un valor de 3,1415927.<\/p>\n<p>Los egipcios conoc\u00edan las propiedades del c\u00edrculo y de otras curvas, desde sus registros que se conservan. Registro de la Dinast\u00edaIII [aproximadamente en el a\u00f1o 2630 AEC] muestra la definici\u00f3n de la curva de un tejado, en Saqqara, por un sistema de coordenadas [que se muestra a continuaci\u00f3n]. Este registro muestra que su conocimiento del c\u00edrculo les permiti\u00f3 calcular las coordenadas a lo largo de esta curva vertical. Por consiguiente, los trabajadores de la construcci\u00f3n segu\u00edan dimensiones precisas en la ejecuci\u00f3n de sus curvas circulares.<\/p>\n<p><img decoding=\"async\" class=\"aligncenter\" src=\"https:\/\/pressbooks.com\/app\/uploads\/sites\/56540\/2017\/08\/aecr-ch12-2-72c-1.jpg\" \/><\/p>\n<p>Asimismo, los egipcios hab\u00edan construido sus capitales con nueve elementos y ocasionalmente con siete, adem\u00e1s de los pol\u00edgonos de 6, 8, 11 y 13 lados, debido a que conoc\u00edan las propiedades del c\u00edrculo y su relaci\u00f3n con las coordenadas perpendiculares y otras figuras geom\u00e9tricas.<\/p>\n<p>Dicha aplicaci\u00f3n era evidente en Egipto por lo menos hace 2.000 a\u00f1os antes de que naciera Arqu\u00edmedes.<\/p>\n<p>El dise\u00f1o t\u00edpico de puerta del Antiguo Egipto incorporaba ambos ratios sagrados (pi y phi), como ya hemos mostrado y explicado.<\/p>\n<p><img fetchpriority=\"high\" decoding=\"async\" class=\"size-medium wp-image-405 aligncenter\" src=\"https:\/\/pressbooks.com\/app\/uploads\/sites\/56540\/2017\/08\/aecr-ch12-3-200c-1-173x300.jpg\" alt=\"\" width=\"173\" height=\"300\" \/><\/p>\n<p style=\"padding-left: 30px;\">1. El esquema general en el plano vertical es el cuadrado doble, el ratio 1:2. [H = 2B]<\/p>\n<p style=\"padding-left: 30px;\">2. El ancho de apertura se basa en un cuadrado inscrito dentro de un semic\u00edrculo, la t\u00edpica forma del Antiguo Egipto de proporcionar un rect\u00e1ngulo de cinco ra\u00edces. Por eso, el espesor de la jamba es 0,618 la anchura de la apertura.<\/p>\n<p style=\"padding-left: 30px;\">3. La altura de la apertura (h) = 3,1415 = pi<\/p>\n<p>&nbsp;<\/p>\n<p><span style=\"color: #ff0000;\"><strong>[Un extracto de La Cultura Revelada Del Antiguo Egipto, Segunda edicion por<\/strong><\/span><span style=\"color: #ff0000;\"><strong> Moustafa Gadalla]<\/strong><\/span><\/p>\n<div>\n<div dir=\"auto\">\n<p><span style=\"color: #0000ff;\"><strong>https:\/\/egyptianwisdomcenter.org\/product\/la-cultura-revelada-del-antiguo-egipto\/<\/strong><\/span><\/p>\n<p><img decoding=\"async\" class=\"aligncenter\" src=\"https:\/\/egypt-tehuti.org\/wp-content\/uploads\/2017\/11\/spanish-2-e1514402470988-225x338.jpg\" \/><\/p>\n<p style=\"text-align: center;\"><span style=\"color: #0000ff;\"><strong>https:\/\/egyptianwisdomcenter.org\/product\/la-cultura-revelada-del-antiguo-egipto\/<\/strong><\/span><\/p>\n<\/div>\n<\/div>\n<div dir=\"auto\"><\/div>","protected":false},"excerpt":{"rendered":"<p>Las &#8220;Proporciones&#8221; Sagradas &nbsp; Los antiguos egipcios conoc\u00edan los n\u00fameros trascendentales pi y phi. Conoc\u00edan la proporci\u00f3n arm\u00f3nica de sus edificaciones y [&hellip;]<\/p>","protected":false},"author":3,"featured_media":0,"parent":0,"menu_order":0,"comment_status":"closed","ping_status":"closed","template":"","meta":{"footnotes":""},"class_list":["post-4021","page","type-page","status-publish","hentry"],"aioseo_notices":[],"_links":{"self":[{"href":"https:\/\/egyptianwisdomcenter.org\/pt\/wp-json\/wp\/v2\/pages\/4021","targetHints":{"allow":["GET"]}}],"collection":[{"href":"https:\/\/egyptianwisdomcenter.org\/pt\/wp-json\/wp\/v2\/pages"}],"about":[{"href":"https:\/\/egyptianwisdomcenter.org\/pt\/wp-json\/wp\/v2\/types\/page"}],"author":[{"embeddable":true,"href":"https:\/\/egyptianwisdomcenter.org\/pt\/wp-json\/wp\/v2\/users\/3"}],"replies":[{"embeddable":true,"href":"https:\/\/egyptianwisdomcenter.org\/pt\/wp-json\/wp\/v2\/comments?post=4021"}],"version-history":[{"count":0,"href":"https:\/\/egyptianwisdomcenter.org\/pt\/wp-json\/wp\/v2\/pages\/4021\/revisions"}],"wp:attachment":[{"href":"https:\/\/egyptianwisdomcenter.org\/pt\/wp-json\/wp\/v2\/media?parent=4021"}],"curies":[{"name":"wp","href":"https:\/\/api.w.org\/{rel}","templated":true}]}}