{"id":429,"date":"2018-11-04T00:00:00","date_gmt":"2018-11-04T04:00:00","guid":{"rendered":"http:\/\/egyptianwisdomcenter.org\/the-all-encompassing-capacities-of-ancient-egyptian-harps\/"},"modified":"2023-01-03T00:41:51","modified_gmt":"2023-01-03T05:41:51","slug":"the-all-encompassing-capacities-of-ancient-egyptian-harps-2","status":"publish","type":"page","link":"https:\/\/egyptianwisdomcenter.org\/pt\/as-capacidades-abrangentes-das-antigas-harpas-egipcias-2\/","title":{"rendered":"As capacidades abrangentes das antigas harpas eg\u00edpcias"},"content":{"rendered":"<h2 style=\"text-align: center;\"><span style=\"color: #ff0000;\">As capacidades abrangentes das antigas harpas eg\u00edpcias<\/span><\/h2>\n<p>&nbsp;<\/p>\n<p>As antigas harpas eg\u00edpcias variavam muito em forma, tamanho e n\u00famero de cordas. Eles s\u00e3o representados nas pinturas antigas com 4, 6, 7, 8, 9, 10, 11, 12, 14, 17, 20, 21 e 22 cordas.<\/p>\n<p><a href=\"http:\/\/egyptianwisdomcenter.org\/wp-content\/uploads\/2019\/02\/emus-ch15-photo4-96c.jpg\"><img decoding=\"async\" class=\"size-full wp-image-1406 aligncenter\" src=\"http:\/\/egyptianwisdomcenter.org\/wp-content\/uploads\/2019\/02\/emus-ch15-photo4-96c.jpg\" alt=\"\" width=\"259\" height=\"168\" \/><\/a><\/p>\n<p><a href=\"http:\/\/egyptianwisdomcenter.org\/wp-content\/uploads\/2019\/02\/emus-ch15-photo5-96c.jpg\"><img fetchpriority=\"high\" decoding=\"async\" class=\"size-full wp-image-1407 aligncenter\" src=\"http:\/\/egyptianwisdomcenter.org\/wp-content\/uploads\/2019\/02\/emus-ch15-photo5-96c.jpg\" alt=\"\" width=\"259\" height=\"196\" \/><\/a><\/p>\n<p><a href=\"http:\/\/egyptianwisdomcenter.org\/wp-content\/uploads\/2019\/02\/emus-ch15-photo6-96c.jpg\"><img decoding=\"async\" class=\"wp-image-1408 aligncenter\" src=\"http:\/\/egyptianwisdomcenter.org\/wp-content\/uploads\/2019\/02\/emus-ch15-photo6-96c.jpg\" alt=\"\" width=\"181\" height=\"254\" \/><\/a><\/p>\n<div>\n<p>Havia basicamente dois tipos de harpas:<\/p>\n<p style=\"padding-left: 30px;\"><strong>1. <\/strong>A pequena harpa port\u00e1til (de ombro) (arco raso). As harpas de ombro s\u00e3o encontradas em grande n\u00famero em museus de todo o mundo. Como todos os instrumentos do g\u00eanero, eles tinham uma configura\u00e7\u00e3o que podia ser movida da frente para tr\u00e1s e de cima para baixo ou vice-versa. Era uma esp\u00e9cie de haste de suspens\u00e3o das cordas, que permitia uma afina\u00e7\u00e3o r\u00e1pida em diferentes alturas.<\/p>\n<p style=\"padding-left: 30px;\"><a href=\"https:\/\/emus.pressbooks.com\/wp-content\/uploads\/sites\/42623\/2015\/11\/portable-harp.png\"><img loading=\"lazy\" decoding=\"async\" class=\"aligncenter wp-image-800 size-full\" src=\"http:\/\/egyptianwisdomcenter.org\/wp-content\/uploads\/2019\/02\/portable-harp-e1484696124557.png\" width=\"136\" height=\"190\" \/><\/a><\/p>\n<p style=\"padding-left: 30px;\"><strong>2. <\/strong>A harpa maior, arqueada (arco) ou harpa angular. Houve diversas varia\u00e7\u00f5es das grandes harpas no Egito, como em suas estruturas e tamanhos, dependendo do suporte da corda e se ele fica na parte superior ou inferior, e se o ressonador \u00e9 reto ou dobrado. [Aqui \u00e9 mostrada uma cena do t\u00famulo de Amenemhet, Beni Hassan, 12<sup>\u00ba<\/sup> Dinastia.]<\/p>\n<p style=\"padding-left: 30px;\"><a href=\"https:\/\/emus.pressbooks.com\/wp-content\/uploads\/sites\/42623\/2015\/11\/bow-harp.png\"><img loading=\"lazy\" decoding=\"async\" class=\"aligncenter wp-image-801 size-full\" src=\"http:\/\/egyptianwisdomcenter.org\/wp-content\/uploads\/2019\/02\/bow-harp-e1484696139970.png\" width=\"138\" height=\"160\" \/><\/a><\/p>\n<p>Quase n\u00e3o h\u00e1 diferen\u00e7a entre o arco (arco) e a harpa angular, no que diz respeito ao som.<\/p>\n<p>A numerosa variedade de harpas do Antigo Egito revela a riqueza de suas capacidades de produ\u00e7\u00e3o musical. A vis\u00e3o geral a seguir \u00e9 baseada apenas na propor\u00e7\u00e3o entre cadeias abertas.<\/p>\n<p>&gt; Deve-se notar que muito mais tons musicais menores podem ser alcan\u00e7ados pela t\u00e9cnica de tocar com uma m\u00e3o, como mostrado anteriormente.<\/p>\n<p style=\"padding-left: 30px;\"><strong>1. <\/strong>Com harpas de 4 a 22 cordas, algumas harpas seriam capazes de produzir uma ampla gama de notas em v\u00e1rias oitavas. A propor\u00e7\u00e3o entre o mais curto e o mais longo \u00e9 de 1:3 a 1:4 (ou seja, 1 a 2 oitavas). Com a t\u00e9cnica de tocar com uma m\u00e3o [ver se\u00e7\u00e3o anterior], possibilidades ilimitadas de v\u00e1rios tons e oitavas podem ser alcan\u00e7adas.<\/p>\n<p style=\"padding-left: 30px;\"><strong>2. <\/strong>Os intervalos de Quarta, Quinta e Oitava eram os mais comuns nas representa\u00e7\u00f5es do Antigo Egito. Curt Sachs [em seu livro, <em>Hist\u00f3ria dos Instrumentos Musicais<\/em>] descobriram que de 17 harpistas representados em obras de arte eg\u00edpcias com realismo e distin\u00e7\u00e3o suficientes para serem registros confi\u00e1veis, sete est\u00e3o tocando um acorde de quarta, cinco um acorde de quinta e cinco um acorde de oitava.<\/p>\n<p style=\"padding-left: 30px;\"><strong>3. <\/strong>A propor\u00e7\u00e3o entre a corda mais curta e a mais longa de v\u00e1rias harpas do Antigo Egito \u00e9 de cerca de 2:3. Como esse intervalo \u00e9 dividido entre cinco cordas, a escala forneceria uma faixa de tons entre meios tons e tons completos. Em harpas com dez cordas, isso daria um intervalo m\u00e9dio de um semitom (menor) (90 centavos = 4 v\u00edrgulas).<\/p>\n<p style=\"padding-left: 30px;\"><strong>4. <\/strong>Uma das duas harpas encontradas na tumba de Rams\u00e9s III possui 13 cordas, onde se a corda mais longa representasse <em>pr\u00f3s-lambanomenos<\/em>, ou <em>D<\/em>, as 12 cordas restantes mais do que forneceriam todos os tons, semitons e quartos de tom dos g\u00eaneros diat\u00f4nico, crom\u00e1tico e enarm\u00f4nico, dentro do compasso de uma oitava.<\/p>\n<p><a href=\"http:\/\/egyptianwisdomcenter.org\/wp-content\/uploads\/2019\/02\/emus-ch15-photo13-96c.jpg\"><img loading=\"lazy\" decoding=\"async\" class=\"size-full wp-image-1416 aligncenter\" src=\"http:\/\/egyptianwisdomcenter.org\/wp-content\/uploads\/2019\/02\/emus-ch15-photo13-96c.jpg\" alt=\"\" width=\"300\" height=\"172\" \/><\/a><\/p>\n<p style=\"padding-left: 30px;\">A afina\u00e7\u00e3o desta harpa de 13 cordas pode fornecer os quatro tetracordes, <em>hip\u00e1ton, m\u00e9son, sinemmenon<\/em>, e <em>diezeugnenon<\/em>, com <em>proslambanomenos<\/em> no fundo:<\/p>\n<p style=\"padding-left: 30px;\"><a href=\"http:\/\/egyptianwisdomcenter.org\/wp-content\/uploads\/2019\/02\/scale.png\" rel=\"attachment wp-att-385\"><img loading=\"lazy\" decoding=\"async\" class=\"aligncenter size-medium wp-image-385\" src=\"http:\/\/egyptianwisdomcenter.org\/wp-content\/uploads\/2019\/02\/scale-300x51.png\" alt=\"escala\" width=\"300\" height=\"51\" \/><\/a><\/p>\n<p style=\"padding-left: 30px;\"><strong>5. <\/strong>Descobriu-se que as harpas representadas com mais frequ\u00eancia tinham sete cordas e, de acordo com o estudo de Curt Sachs sobre instrumentos eg\u00edpcios, os eg\u00edpcios afinavam suas harpas na mesma s\u00e9rie diat\u00f4nica de intervalos.<\/p>\n<p style=\"padding-left: 30px;\"><strong>6. <\/strong>Uma harpa eg\u00edpcia antiga com 20 cordas [encontrada em Luxor (Tebas)], parece ter a escala pentat\u00f4nica percorrendo quatro oitavas. E a harpa de 21 cordas [no Museu de Paris] provavelmente tinha a mesma ordem de intervalos, com o acr\u00e9scimo da nota t\u00f4nica no topo.<\/p>\n<p>&nbsp;<\/p>\n<p style=\"padding-left: 30px;\"><strong style=\"font-size: 16px;\">[Um trecho de <span style=\"color: #ff0000;\">O duradouro sistema musical eg\u00edpcio antigo, teoria e pr\u00e1tica<\/span>: Segunda Edi\u00e7\u00e3o por Moustafa Gadalla]<br \/>\n<a href=\"https:\/\/egyptianwisdomcenter.org\/pt\/produto\/the-enduring-ancient-egyptian-musical-system-theory-and-practice-second-edition\/\"><span style=\"color: #0000ff;\">https:\/\/egyptianwisdomcenter.org\/product\/instrumentos-musicais-do-egito\/<\/span><\/a><\/strong><\/p>\n<p style=\"padding-left: 30px;\"><strong style=\"font-size: 16px;\"><br \/>\n<\/strong><img decoding=\"async\" class=\"aligncenter\" src=\"https:\/\/egyptianwisdomcenter.org\/wp-content\/uploads\/2023\/01\/instrumentos-musicais-do-egito-2.jpg\" \/><\/p>\n<\/div>\n<p style=\"padding-left: 30px;\"><a href=\"https:\/\/egyptianwisdomcenter.org\/pt\/produto\/the-enduring-ancient-egyptian-musical-system-theory-and-practice-second-edition\/\"><strong style=\"font-size: 16px;\"><span style=\"color: #0000ff;\">https:\/\/egyptianwisdomcenter.org\/product\/instrumentos-musicais-do-egito\/<\/span><\/strong><\/a><\/p>\n<div dir=\"auto\"><\/div>\n<div dir=\"auto\"><\/div>","protected":false},"excerpt":{"rendered":"<p>The All-Encompassing Capacities Of Ancient Egyptian Harps &nbsp; The Ancient Egyptian harps varied greatly in form, size, and the number of their [&hellip;]<\/p>","protected":false},"author":3,"featured_media":0,"parent":0,"menu_order":0,"comment_status":"closed","ping_status":"closed","template":"","meta":{"footnotes":""},"class_list":["post-429","page","type-page","status-publish","hentry"],"aioseo_notices":[],"_links":{"self":[{"href":"https:\/\/egyptianwisdomcenter.org\/pt\/wp-json\/wp\/v2\/pages\/429","targetHints":{"allow":["GET"]}}],"collection":[{"href":"https:\/\/egyptianwisdomcenter.org\/pt\/wp-json\/wp\/v2\/pages"}],"about":[{"href":"https:\/\/egyptianwisdomcenter.org\/pt\/wp-json\/wp\/v2\/types\/page"}],"author":[{"embeddable":true,"href":"https:\/\/egyptianwisdomcenter.org\/pt\/wp-json\/wp\/v2\/users\/3"}],"replies":[{"embeddable":true,"href":"https:\/\/egyptianwisdomcenter.org\/pt\/wp-json\/wp\/v2\/comments?post=429"}],"version-history":[{"count":0,"href":"https:\/\/egyptianwisdomcenter.org\/pt\/wp-json\/wp\/v2\/pages\/429\/revisions"}],"wp:attachment":[{"href":"https:\/\/egyptianwisdomcenter.org\/pt\/wp-json\/wp\/v2\/media?parent=429"}],"curies":[{"name":"wp","href":"https:\/\/api.w.org\/{rel}","templated":true}]}}