{"id":437,"date":"2018-11-04T00:00:00","date_gmt":"2018-11-04T04:00:00","guid":{"rendered":"http:\/\/egyptianwisdomcenter.org\/the-musical-orchestras\/"},"modified":"2023-01-03T00:42:56","modified_gmt":"2023-01-03T05:42:56","slug":"the-musical-orchestras-2","status":"publish","type":"page","link":"https:\/\/egyptianwisdomcenter.org\/pt\/as-orquestras-musicais-2\/","title":{"rendered":"As orquestras musicais"},"content":{"rendered":"<h2 style=\"text-align: center;\"><span style=\"color: #ff0000;\"><strong>A Orquestra Musical<\/strong><\/span><\/h2>\n<p>&nbsp;<\/p>\n<p>Os instrumentos musicais diferem na b\u00fassola, na variedade de for\u00e7a de uma \u00fanica nota, no valor do acento, no valor de sobreviv\u00eancia, na velocidade de articula\u00e7\u00e3o de uma nota repetida e em quantas notas cada instrumento pode tocar ao mesmo tempo. Como tal, uma variedade de instrumentos foram utilizados pelos Antigos Eg\u00edpcios para fornecer um sistema\/gama completo de sons musicais.<\/p>\n<p>Deve-se notar que a vis\u00e3o geral dos instrumentos musicais do Antigo Egito neste livro \u00e9 limitada a instrumentos que podem ser comparados com os instrumentos atuais. Alguns dos instrumentos dos Antigos Eg\u00edpcios diferem muito da classifica\u00e7\u00e3o atual para serem classificados com qualquer um deles.<\/p>\n<p>As bandas musicais variavam, no Antigo Egito. Conjuntos menores e maiores foram empregados para diversos fins, como fica evidente nas cenas musicais retratadas em edif\u00edcios do Antigo Egito. \u00c9 suficientemente evidente, pelas esculturas dos Antigos Eg\u00edpcios, que seus m\u00fasicos estavam familiarizados com a sinfonia tripla \u2013 a harmonia de instrumentos, vozes e de vozes e instrumentos. A execu\u00e7\u00e3o de instrumentos musicais era controlada pelos movimentos das m\u00e3os dos maestros (quironom\u00eddeos). Seus sinais manuais mostram uma variedade de execu\u00e7\u00e3o: un\u00edssono, acorde, polifonia, etc., como mostrado anteriormente.<\/p>\n<p>A orquestra\/conjunto eg\u00edpcio consistia geralmente em quatro grupos de instrumentos:<\/p>\n<p style=\"padding-left: 30px;\"><strong>1. <\/strong>Instrumentos de cordas com cordas abertas, como tr\u00edgono, lira, harpa, etc. [Ver Cap\u00edtulo 15.]<\/p>\n<p style=\"padding-left: 30px;\"><strong>2. <\/strong>Instrumentos de cordas com cordas paradas no bra\u00e7o, como tanboura, viol\u00e3o, oud\/ala\u00fade, etc. [Ver Cap\u00edtulo 15.]<\/p>\n<p style=\"padding-left: 30px;\"><strong>3. <\/strong>Instrumentos de sopro como flauta, flauta, etc. [Ver Cap\u00edtulo 16.]<\/p>\n<p style=\"padding-left: 30px;\"><strong>4. <\/strong>Instrumentos de percuss\u00e3o como tambores, badalos, sinos, etc. [Ver Cap\u00edtulo 17.]<\/p>\n<p>O quironom\u00eddeo presidia o conjunto musical e, por meio de uma s\u00e9rie de gestos, determinava o tom e os intervalos em que os m\u00fasicos baseavam sua atua\u00e7\u00e3o. Os detalhes deste exame s\u00e3o relatados em um estudo especial [H. Hickman, <em>A Quironomia no Antigo Egito<\/em>, Revista de L\u00edngua Eg\u00edpcia e Antiguidade 83, 2, 1958.].<\/p>\n<div>\n<p>Varia\u00e7\u00f5es sinf\u00f4nicas e polif\u00f4nicas s\u00e3o representadas em cenas musicais de edif\u00edcios do Antigo Egito do Imp\u00e9rio Antigo (h\u00e1 4.500 anos), com um diretor guiando todo o conjunto por meio de gestos vis\u00edveis. Um ou mais quironom\u00eddeos foram representados para indicar o tipo de desempenho. Deve-se notar que representar mais de um quironom\u00eddeo para um instrumento simboliza a a\u00e7\u00e3o pretendida na representa\u00e7\u00e3o art\u00edstica do Antigo Egito.<\/p>\n<\/div>\n<p>Os quironom\u00eddeos eg\u00edpcios guiaram os m\u00fasicos basicamente de tr\u00eas maneiras diferentes, para fornecer tonalidades simples, duplas e triplas, como segue:<\/p>\n<p style=\"text-align: left;\"><strong>1. <\/strong>Os quironom\u00eddeos indicam sinais manuais id\u00eanticos; assim, o(s) m\u00fasico(s) est\u00e1(\u00e3o) tocando em un\u00edssono.<\/p>\n<p><a href=\"http:\/\/egyptianwisdomcenter.org\/wp-content\/uploads\/2019\/02\/chironomids.png\" rel=\"attachment wp-att-366\"><img decoding=\"async\" class=\"aligncenter size-medium wp-image-366\" src=\"http:\/\/egyptianwisdomcenter.org\/wp-content\/uploads\/2019\/02\/chironomids-300x150.png\" alt=\"quironom\u00eddeos\" width=\"300\" height=\"150\" \/><\/a><\/p>\n<p><strong>2. <\/strong>Os quironom\u00eddeos indicam diferentes sinais manuais; assim, os m\u00fasicos est\u00e3o tocando um acorde. A seguir est\u00e3o dois exemplos:<\/p>\n<p style=\"padding-left: 30px;\"><strong>a.<\/strong> No t\u00famulo de Ti [Saqqara, Reino Antigo], temos dois quironom\u00eddeos ilustrados dando sinais manuais diferentes para um \u00fanico instrumento (harpa), representando dois sons diferentes; ou seja, retratando um exemplo de polifonia.<\/p>\n<p style=\"padding-left: 30px;\"><a href=\"http:\/\/egyptianwisdomcenter.org\/wp-content\/uploads\/2019\/02\/hand-signals-1.png\"><img decoding=\"async\" class=\"size-full wp-image-761 aligncenter\" src=\"http:\/\/egyptianwisdomcenter.org\/wp-content\/uploads\/2019\/02\/hand-signals-1.png\" alt=\"\" width=\"233\" height=\"180\" \/><\/a><\/p>\n<p style=\"padding-left: 30px;\">Esta representa\u00e7\u00e3o de dois quironom\u00eddeos \u00e9 indicativa de dupla tonalidade \u2013 que pode ser consecutiva ou simult\u00e2nea.<\/p>\n<p style=\"padding-left: 30px;\"><strong>b.<\/strong> Tocar um acorde com tr\u00eas tons diferentes \u00e9 representado [mostrado abaixo] na tumba de Nencheftka [5<sup>\u00ba<\/sup> Dinastia, Saqqara, agora no Museu do Cairo]. Tr\u00eas sinais manuais diferentes s\u00e3o mostrados pelos quironom\u00eddeos representados.<\/p>\n<p style=\"padding-left: 30px;\"><a href=\"http:\/\/egyptianwisdomcenter.org\/wp-content\/uploads\/2019\/02\/playing-chord.png\"><img decoding=\"async\" class=\"size-full wp-image-780 aligncenter\" src=\"http:\/\/egyptianwisdomcenter.org\/wp-content\/uploads\/2019\/02\/playing-chord.png\" alt=\"\" width=\"400\" height=\"113\" \/><\/a><\/p>\n<p style=\"padding-left: 30px;\">Outro exemplo de polifonia composta por tr\u00eas tons diferentes \u00e9 apresentado em uma cena musical de um relevo da tumba de Nekauhor [Saqqara, 5<sup>\u00ba<\/sup> Dynasty, atualmente no Metropolitan Museum of Art, Nova York].<\/p>\n<p>&nbsp;<\/p>\n<div dir=\"auto\">\n<div>\n<p style=\"padding-left: 30px;\"><strong style=\"font-size: 16px;\">[Um trecho de <span style=\"color: #ff0000;\">O duradouro sistema musical eg\u00edpcio antigo, teoria e pr\u00e1tica<\/span>: Segunda Edi\u00e7\u00e3o por Moustafa Gadalla]<br \/>\n<a href=\"https:\/\/egyptianwisdomcenter.org\/pt\/produto\/the-enduring-ancient-egyptian-musical-system-theory-and-practice-second-edition\/\"><span style=\"color: #0000ff;\">https:\/\/egyptianwisdomcenter.org\/product\/instrumentos-musicais-do-egito\/<\/span><\/a><\/strong><\/p>\n<p style=\"padding-left: 30px;\"><strong style=\"font-size: 16px;\"><br \/>\n<\/strong><img decoding=\"async\" class=\"aligncenter\" src=\"https:\/\/egyptianwisdomcenter.org\/wp-content\/uploads\/2023\/01\/instrumentos-musicais-do-egito-2.jpg\" \/><\/p>\n<\/div>\n<p style=\"padding-left: 30px;\"><a href=\"https:\/\/egyptianwisdomcenter.org\/pt\/produto\/the-enduring-ancient-egyptian-musical-system-theory-and-practice-second-edition\/\"><strong style=\"font-size: 16px;\"><span style=\"color: #0000ff;\">https:\/\/egyptianwisdomcenter.org\/product\/instrumentos-musicais-do-egito\/<\/span><\/strong><\/a><\/p>\n<\/div>","protected":false},"excerpt":{"rendered":"<p>The Musical Orchestra &nbsp; Musical instruments differ in compass, the variety of\u00a0 strength\u00a0 of\u00a0 a\u00a0 single\u00a0 note,\u00a0 accent\u00a0 value,\u00a0 survival value, the [&hellip;]<\/p>","protected":false},"author":3,"featured_media":0,"parent":0,"menu_order":0,"comment_status":"closed","ping_status":"closed","template":"","meta":{"footnotes":""},"class_list":["post-437","page","type-page","status-publish","hentry"],"aioseo_notices":[],"_links":{"self":[{"href":"https:\/\/egyptianwisdomcenter.org\/pt\/wp-json\/wp\/v2\/pages\/437","targetHints":{"allow":["GET"]}}],"collection":[{"href":"https:\/\/egyptianwisdomcenter.org\/pt\/wp-json\/wp\/v2\/pages"}],"about":[{"href":"https:\/\/egyptianwisdomcenter.org\/pt\/wp-json\/wp\/v2\/types\/page"}],"author":[{"embeddable":true,"href":"https:\/\/egyptianwisdomcenter.org\/pt\/wp-json\/wp\/v2\/users\/3"}],"replies":[{"embeddable":true,"href":"https:\/\/egyptianwisdomcenter.org\/pt\/wp-json\/wp\/v2\/comments?post=437"}],"version-history":[{"count":0,"href":"https:\/\/egyptianwisdomcenter.org\/pt\/wp-json\/wp\/v2\/pages\/437\/revisions"}],"wp:attachment":[{"href":"https:\/\/egyptianwisdomcenter.org\/pt\/wp-json\/wp\/v2\/media?parent=437"}],"curies":[{"name":"wp","href":"https:\/\/api.w.org\/{rel}","templated":true}]}}