{"id":44956,"date":"2019-04-13T20:00:24","date_gmt":"2019-04-14T00:00:24","guid":{"rendered":"http:\/\/egyptianwisdomcenter.org\/ba-the-migrant-bird\/"},"modified":"2023-02-13T17:41:20","modified_gmt":"2023-02-13T22:41:20","slug":"ba-the-migrant-bird","status":"publish","type":"page","link":"https:\/\/egyptianwisdomcenter.org\/pt\/ba-the-migrant-bird\/","title":{"rendered":"Ba, o p\u00e1ssaro migrante"},"content":{"rendered":"<h2 style=\"text-align: center;\"><span style=\"color: #ff0000;\"><strong>Ba, o p\u00e1ssaro migrante<\/strong><\/span><\/h2>\n<p>&nbsp;<\/p>\n<p style=\"padding-left: 30px;\">The Ba is one of the metaphysical components of the human (and other) beings.<\/p>\n<p style=\"padding-left: 30px;\">O Ba \u00e9 imortal. Quando o Ba parte, o corpo morre. O Ba \u00e9 representado como um p\u00e1ssaro com cabe\u00e7a humana, o que \u00e9 o oposto da representa\u00e7\u00e3o normal do <em>neteru <\/em>(deuses, deusas) como corpos humanos com cabe\u00e7as de animais \u2013 em outras palavras, como o aspecto divino do terrestre. O Ba pode ser mostrado como uma cegonha ou um falc\u00e3o. A cegonha \u00e9 conhecida pelo seu instinto migrat\u00f3rio e de regresso. A cegonha \u00e9 conhecida mundialmente como a ave que carrega os rec\u00e9m-nascidos para suas novas fam\u00edlias. A cegonha regressa ao seu ninho com uma precis\u00e3o consistente \u2013 da\u00ed a ave migrat\u00f3ria, por excel\u00eancia, ser a ave escolhida para a alma. &#039;Ba&#039; \u00e9 geralmente traduzido como &#039;alma&#039;.<\/p>\n<p><span style=\"color: #ff0000;\"><strong>Bennu\/Benben<\/strong><\/span><\/p>\n<p>Bennu \u00e9 representado como um p\u00e1ssaro voador - como uma combina\u00e7\u00e3o de gar\u00e7a e cegonha, ou como uma combina\u00e7\u00e3o de falc\u00e3o e cegonha.<\/p>\n<p>A cegonha \u00e9 conhecida pelo seu instinto migrat\u00f3rio e de regresso, sendo tamb\u00e9m conhecida mundialmente como a ave que transporta os beb\u00e9s rec\u00e9m-nascidos para as suas novas fam\u00edlias.<\/p>\n<p>Bennu, em forma de cegonha, traz uma Nova Vida.<\/p>\n<p>A cegonha retorna ao seu ninho com precis\u00e3o consistente \u2013 portanto, uma ave migrat\u00f3ria \u00e9 a escolha perfeita para representar a alma retornando \u00e0 Fonte.<\/p>\n<p>Na Fonte, Bennu \u00e9 retratado empoleirado em Benben, o s\u00edmbolo da colina primitiva.<\/p>\n<p>Nesse sentido, Bennu \u00e9 a F\u00eanix que renasce das cinzas de Benben para come\u00e7ar outra vida.<\/p>\n<p>\u00c9 um ciclo cont\u00ednuo de trazer \u00e0 tona e retornar \u00e0 Fonte.<\/p>\n<p><a href=\"http:\/\/egyptianwisdomcenter.org\/wp-content\/uploads\/2019\/02\/ed-ch9-photo6-96c.jpg\"><img fetchpriority=\"high\" decoding=\"async\" class=\"size-medium wp-image-902 aligncenter\" src=\"http:\/\/egyptianwisdomcenter.org\/wp-content\/uploads\/2019\/02\/ed-ch9-photo6-96c-300x195.jpg\" alt=\"\" width=\"300\" height=\"195\"><\/a><\/p>\n<p>Bennu, como tal, \u00e9 um s\u00edmbolo da ressurrei\u00e7\u00e3o, e havia f\u00f3rmulas que instru\u00edam o falecido sobre como se tornar o Bennu.<\/p>\n<p><a href=\"http:\/\/egyptianwisdomcenter.org\/wp-content\/uploads\/2019\/02\/ed-ch9-photo7-96c.jpg\"><img decoding=\"async\" class=\"size-medium wp-image-903 aligncenter\" src=\"http:\/\/egyptianwisdomcenter.org\/wp-content\/uploads\/2019\/02\/ed-ch9-photo7-96c-300x224.jpg\" alt=\"\" width=\"300\" height=\"224\"><\/a><\/p>\n<p>Os\u00edris representa o divino em uma forma mortal que vive, morre e renasce novamente. \u00c9 portanto que a alma de Os\u00edris habita no p\u00e1ssaro Bennu \u2013 que \u00e9 sempre encontrado perto de cenas de ressurrei\u00e7\u00e3o.<\/p>\n<p>Cada pessoa falecida \u00e9 Os\u00edris, que ressuscitar\u00e1 e renascer\u00e1 novamente.<\/p>\n<p>Pois Bennu conduzir\u00e1 todos como Os\u00edris ressuscitado \u2013 sendo H\u00f3rus e seus disc\u00edpulos \u2013 para a Fonte.<\/p>\n<p><a href=\"http:\/\/egyptianwisdomcenter.org\/wp-content\/uploads\/2019\/02\/ed-ch9-photo8-96c.jpg\"><img decoding=\"async\" class=\"size-medium wp-image-904 aligncenter\" src=\"http:\/\/egyptianwisdomcenter.org\/wp-content\/uploads\/2019\/02\/ed-ch9-photo8-96c-300x260.jpg\" alt=\"\" width=\"300\" height=\"260\"><\/a><\/p>\n<p>&nbsp;<\/p>\n<p><span style=\"color: #ff0000;\"><strong>[Um trecho de <\/strong><\/span><strong>Divindades Eg\u00edpcias: Todos Que S\u00e3o O \u00danico, 2\u00aa Edi\u00e7\u00e3o por Moustafa Gadalla<\/strong><span style=\"color: #ff0000;\"><strong>]<br \/>\n<a href=\"https:\/\/egyptianwisdomcenter.org\/pt\/produto\/divindades-egipcias-todos-os-que-sao-a-unica-2a-edicao\/\"><span style=\"color: #0000ff;\">https:\/\/egyptianwisdomcenter.org\/product\/egyptian-divinities-the-all-who-are-the-one-2nd-edition\/<\/span><\/a><\/strong><\/span><\/p>\n<p><img decoding=\"async\" class=\"aligncenter\" src=\"https:\/\/books2read-prod.s3.amazonaws.com\/CACHE\/images\/ubl_book_images\/book_display_image_qOuT56H\/40d95446cc17340ec7b02939eaa44c10\"><\/p>\n<div dir=\"auto\">\n<div dir=\"auto\">\n<p style=\"text-align: center;\"><a href=\"https:\/\/egyptianwisdomcenter.org\/pt\/produto\/divindades-egipcias-todos-os-que-sao-a-unica-2a-edicao\/\"><strong><span style=\"color: #ff0000;\"><span style=\"color: #0000ff;\">https:\/\/egyptianwisdomcenter.org\/product\/egyptian-divinities-the-all-who-are-the-one-2nd-edition\/<\/span><\/span><\/strong><\/a><\/p>\n<\/div>\n<\/div>","protected":false},"excerpt":{"rendered":"<p>Ba, The Migrant Bird &nbsp; The Ba is one of the metaphysical components of the human (and other) beings. The Ba is [&hellip;]<\/p>","protected":false},"author":3,"featured_media":0,"parent":0,"menu_order":0,"comment_status":"closed","ping_status":"closed","template":"","meta":{"footnotes":""},"class_list":["post-44956","page","type-page","status-publish","hentry"],"aioseo_notices":[],"_links":{"self":[{"href":"https:\/\/egyptianwisdomcenter.org\/pt\/wp-json\/wp\/v2\/pages\/44956","targetHints":{"allow":["GET"]}}],"collection":[{"href":"https:\/\/egyptianwisdomcenter.org\/pt\/wp-json\/wp\/v2\/pages"}],"about":[{"href":"https:\/\/egyptianwisdomcenter.org\/pt\/wp-json\/wp\/v2\/types\/page"}],"author":[{"embeddable":true,"href":"https:\/\/egyptianwisdomcenter.org\/pt\/wp-json\/wp\/v2\/users\/3"}],"replies":[{"embeddable":true,"href":"https:\/\/egyptianwisdomcenter.org\/pt\/wp-json\/wp\/v2\/comments?post=44956"}],"version-history":[{"count":0,"href":"https:\/\/egyptianwisdomcenter.org\/pt\/wp-json\/wp\/v2\/pages\/44956\/revisions"}],"wp:attachment":[{"href":"https:\/\/egyptianwisdomcenter.org\/pt\/wp-json\/wp\/v2\/media?parent=44956"}],"curies":[{"name":"wp","href":"https:\/\/api.w.org\/{rel}","templated":true}]}}