{"id":45844,"date":"2019-04-14T10:39:45","date_gmt":"2019-04-14T14:39:45","guid":{"rendered":"http:\/\/egyptianwisdomcenter.org\/horse\/"},"modified":"2022-12-28T14:47:27","modified_gmt":"2022-12-28T19:47:27","slug":"horse","status":"publish","type":"page","link":"https:\/\/egyptianwisdomcenter.org\/pt\/horse\/","title":{"rendered":"Ghoda"},"content":{"rendered":"<h5 style=\"text-align: center;\"><span style=\"color: #ff0000;\"> [anuvaad lambit hai]<\/span><br \/>\n<span style=\"color: #ff0000;\">[Devanaagaree mein upalabdh hai: \u092e\u093f\u0938\u094d\u0930\u0940-\u091c\u094d\u091e\u093e\u0928-\u0915\u0947\u0902\u0926\u094d\u0930.\u092d\u093e\u0930\u0924]<\/span><\/h5>\n<h1 style=\"text-align: center;\"><strong>Cavalo<\/strong><\/h1>\n<p>V\u00e1rios atributos est\u00e3o todos relacionados ao cavalo. O atributo espec\u00edfico ser\u00e1 determinado no contexto.<\/p>\n<p>1. O cavalo simboliza fortaleza e confian\u00e7a, segundo Clemente <em>Estromata Livro V<\/em>, cap\u00edtulo VII:<\/p>\n<p style=\"padding-left: 30px;\"><strong><em>\u201cO cavalo simboliza fortaleza e confian\u00e7a\u201d<\/em><\/strong><\/p>\n<p>2. Cavalo \u00e9 o s\u00edmbolo hierogl\u00edfico de Nobre.<\/p>\n<p>O cavalo representa a for\u00e7a motriz que, quando dirigida corretamente, levar\u00e1 \u00e0 nobreza.<\/p>\n<p><a href=\"https:\/\/egyptianwisdomcenter.org\/wp-content\/uploads\/2019\/02\/ed-ch9-photo17-96c.jpg\"><img fetchpriority=\"high\" decoding=\"async\" class=\"size-full wp-image-912 aligncenter\" src=\"https:\/\/egyptianwisdomcenter.org\/wp-content\/uploads\/2019\/02\/ed-ch9-photo17-96c.jpg\" alt=\"\" width=\"269\" height=\"248\" \/><\/a><\/p>\n<p>3. Pessoas excepcionais s\u00e3o CAVALEIRADAS pelo monarca.<\/p>\n<p>Este conceito eg\u00edpcio de nobreza \u00e9 encontrado nas tradi\u00e7\u00f5es atuais quando, devido \u00e0s realiza\u00e7\u00f5es extraordin\u00e1rias de uma pessoa, esta pessoa n\u00e3o \u00e9 CAVALEIRADA por nenhuma outra pessoa al\u00e9m do Monarca.<\/p>\n<p>N\u00e3o \u00e9 coincid\u00eancia que a palavra inglesa \u201ccavalo\u201d seja basicamente igual \u00e0 divindade eg\u00edpcia H\u00f3rus.<\/p>\n<p>H\u00f3rus significa <em>quem ele \u00e9 ACIMA.<\/em><\/p>\n<p>4. O cavalo tamb\u00e9m \u00e9 um animal muito bonito e gracioso.<\/p>\n<p>A palavra eg\u00edpcia MaHR significa tanto um p\u00f4nei quanto um dote \u2013 pois uma donzela \u00e9 <em>nobre<\/em>.<\/p>\n<p>5. Retratado derrotando as for\u00e7as do caos.<\/p>\n<p>O homem divino \u00e9 retratado nos templos eg\u00edpcios atacando e derrotando for\u00e7as ca\u00f3ticas, representados como estrangeiros e animais selvagens.<\/p>\n<p>Essas representa\u00e7\u00f5es s\u00e3o representa\u00e7\u00f5es simb\u00f3licas da batalha interna entre as for\u00e7as do Bem e do Mal.<\/p>\n<p><a href=\"http:\/\/egyptianwisdomcenter.org\/wp-content\/uploads\/2019\/02\/ed-ch9-photo9-96c.jpg\"><img decoding=\"async\" class=\"size-medium wp-image-905 aligncenter\" src=\"http:\/\/egyptianwisdomcenter.org\/wp-content\/uploads\/2019\/02\/ed-ch9-photo9-96c-300x195.jpg\" alt=\"\" width=\"300\" height=\"195\" \/><\/a><\/p>\n<p>In mundane sense, Mounted Police everywhere use horses to guide and control crowds. Horse power is also used by police to dissipate disorderly crowds.<\/p>\n<p>Usamos o termo &#039;cavalo de for\u00e7a&#039; como medida de energia.<\/p>\n<p>6. Nas tradi\u00e7\u00f5es eg\u00edpcias <strong>a l\u00edngua humana \u00e9 igual a um cavalo<\/strong>. A l\u00edngua \u00e9 o m\u00fasculo mais forte do corpo humano. A for\u00e7a motriz do cavalo ou da l\u00edngua controla o seu destino.<\/p>\n<p>O simbolismo do cavalo como for\u00e7a motriz \u00e9 realmente muito poderoso.<\/p>\n<p><a href=\"https:\/\/egyptianwisdomcenter.org\/wp-content\/uploads\/2019\/02\/ed-ch9-photo18-96c.jpg\"><img decoding=\"async\" class=\"size-full wp-image-913 aligncenter\" src=\"https:\/\/egyptianwisdomcenter.org\/wp-content\/uploads\/2019\/02\/ed-ch9-photo18-96c.jpg\" alt=\"\" width=\"269\" height=\"211\" \/><\/a><\/p>\n<p>7. Human and horses are so close that long ago, Ancient Egyptians used horse hair for both the strings and bows of their violin family of instruments. The sound of this instrument is as close as it gets to the human voice.<\/p>\n<p>&nbsp;<\/p>\n<p><span style=\"color: #ff0000;\"><strong>[An excerpt from Egyptian Divinities : The All Who Are The ONE ,2nd edition by Moustafa Gadalla]<\/strong><\/span><\/p>\n<p><img decoding=\"async\" class=\"aligncenter\" src=\"https:\/\/hi-ro.egyptianwisdomcenter.org\/wp-content\/uploads\/\/2019\/02\/cover-ed-225x338-225x338.jpg\" alt=\"Egyptian Divinities: The All Who Are THE ONE, 2nd ed.\" \/><\/p>\n<p style=\"text-align: center;\">\n<p>\u2014\u2014\u2014\u2014\u2014\u2014\u2014\u2014\u2014\u2014\u2014\u2014\u2014\u2014\u2014\u2014\u2014\u2014\u2014\u2014\u2014\u2014\u2014\u2014\u2014\u2014\u2014\u2014\u2014\u2014\u2014\u2014\u2014\u2014\u2014\u2014\u2014\u2014\u2013<\/p>\n<p>pustak khareed aautalet:<br \/>\nvoc\u00ea \u2013 odiyobuk <a href=\"https:\/\/www.kobo.com\/us\/en\/audiobook\/egyptian-divinities-the-all-who-are-the-one-2nd-edition-1\">kobo.chom<\/a>, aadi par upalabdh hai.<br \/>\nabelha \u2013 peedeeeph praaroop <a href=\"https:\/\/www.smashwords.com\/books\/view\/717976\">smashwords.chom<\/a> par upalabdh hai<br \/>\nveja \u2013 epab praaroop\u00a0<a class=\"oajrlxb2 g5ia77u1 qu0x051f esr5mh6w e9989ue4 r7d6kgcz rq0escxv nhd2j8a9 nc684nl6 p7hjln8o kvgmc6g5 cxmmr5t8 oygrvhab hcukyx3x jb3vyjys rz4wbd8a qt6c0cv9 a8nywdso i1ao9s8h esuyzwwr f1sip0of lzcic4wl py34i1dx gpro0wi8\" tabindex=\"0\" role=\"link\" href=\"https:\/\/books.apple.com\/us\/book\/egyptian-divinities-the-all-who-are-the-one\/id1566393885\" target=\"_blank\" rel=\"nofollow noopener\">https:\/\/books.applai.chom\/&#8230;\/moustaf-gadall\/id578894528<\/a>\u00a0auro <a href=\"https:\/\/www.smashwords.com\/books\/view\/717976\">smashwords.chom<\/a> par <a href=\"https:\/\/www.kobo.com\/us\/en\/ebook\/egyptian-divinities-the-all-who-are-the-one-2nd-edition\">kobo.chom<\/a>, applai par upalabdh hai.<br \/>\ndee \u2013 mobee praaroop <a href=\"https:\/\/www.amazon.com\/Egyptian-Divinities-All-Who-Are-ebook\/dp\/B06ZYLZ2QV\/ref=sr_1_1?crid=33A2FZ5323TZ9&amp;dchild=1&amp;keywords=egyptian+divinities+the+all+who+are+the+one&amp;qid=1635273483&amp;qsid=134-6656756-3639059&amp;sprefix=Egyptian+Divi%2Caps%2C172&amp;sr=8-1&amp;sres=1931446598%2CB076PRWVFG%2CB071LDMFSS%2CB077Y2SJML%2CB00P0VCCZU%2CB08QHRSBGL%2CB01IMKHVCE%2CB078SS34FS%2CB00FD43BEK%2CB085VB97S6%2CB000GYSZES%2CB088BBY728%2CB076N9H3RZ%2CB08MQ7MHCM%2CB08N6YLXP3%2CB0761VNZ6G%2CB08JZF5CTP%2CB08MXBGR38%2CB07NYHK3TQ%2CB00SQGOB50&amp;srpt=ABIS_BOOK\">amazon.chom<\/a> auro <a href=\"https:\/\/www.smashwords.com\/books\/view\/717976\">smashwords.chom<\/a> par upalabdh hai<\/p>","protected":false},"excerpt":{"rendered":"<p>[anuvaad lambit hai] [Devanaagaree mein upalabdh hai: \u092e\u093f\u0938\u094d\u0930\u0940-\u091c\u094d\u091e\u093e\u0928-\u0915\u0947\u0902\u0926\u094d\u0930.\u092d\u093e\u0930\u0924] Horse Various attributes are all related to the horse. The specific attribute will be [&hellip;]<\/p>","protected":false},"author":3,"featured_media":0,"parent":0,"menu_order":0,"comment_status":"closed","ping_status":"closed","template":"","meta":{"footnotes":""},"class_list":["post-45844","page","type-page","status-publish","hentry"],"aioseo_notices":[],"_links":{"self":[{"href":"https:\/\/egyptianwisdomcenter.org\/pt\/wp-json\/wp\/v2\/pages\/45844","targetHints":{"allow":["GET"]}}],"collection":[{"href":"https:\/\/egyptianwisdomcenter.org\/pt\/wp-json\/wp\/v2\/pages"}],"about":[{"href":"https:\/\/egyptianwisdomcenter.org\/pt\/wp-json\/wp\/v2\/types\/page"}],"author":[{"embeddable":true,"href":"https:\/\/egyptianwisdomcenter.org\/pt\/wp-json\/wp\/v2\/users\/3"}],"replies":[{"embeddable":true,"href":"https:\/\/egyptianwisdomcenter.org\/pt\/wp-json\/wp\/v2\/comments?post=45844"}],"version-history":[{"count":0,"href":"https:\/\/egyptianwisdomcenter.org\/pt\/wp-json\/wp\/v2\/pages\/45844\/revisions"}],"wp:attachment":[{"href":"https:\/\/egyptianwisdomcenter.org\/pt\/wp-json\/wp\/v2\/media?parent=45844"}],"curies":[{"name":"wp","href":"https:\/\/api.w.org\/{rel}","templated":true}]}}