{"id":461,"date":"2018-11-04T00:00:00","date_gmt":"2018-11-04T04:00:00","guid":{"rendered":"http:\/\/egyptianwisdomcenter.org\/business-transactions\/"},"modified":"2023-02-07T14:33:53","modified_gmt":"2023-02-07T19:33:53","slug":"business-transactions-2","status":"publish","type":"page","link":"https:\/\/egyptianwisdomcenter.org\/pt\/transacoes-comerciais-2\/","title":{"rendered":"Transa\u00e7\u00f5es comerciais"},"content":{"rendered":"<h2 style=\"text-align: center;\"><span style=\"color: #ff0000;\"><strong>Transa\u00e7\u00f5es comerciais<\/strong><\/span><\/h2>\n<p>&nbsp;<\/p>\n<p>N\u00e3o muito tempo atr\u00e1s, um Pr\u00e9mio Nobel foi atribu\u00eddo a um economista norte-americano que defendeu uma \u201csociedade sem dinheiro\u201d como o modo mais eficaz de transac\u00e7\u00f5es comerciais. \u00c9 ir\u00f3nico que no Antigo Egipto os bens e servi\u00e7os fossem trocados com base na mesma premissa sem dinheiro \u2013 atrav\u00e9s de escambo, com\u00e9rcio de bens e servi\u00e7os sem troca de dinheiro. A troca (troca sem dinheiro) exige que um objeto m\u00e9dio de valor aceit\u00e1vel seja usado como um dispositivo de medi\u00e7\u00e3o dos bens\/servi\u00e7os trocados. Este meio pode ser qualquer coisa aceit\u00e1vel para as partes da transa\u00e7\u00e3o. Assim, o comprador e o vendedor calculam o valor atual de mercado de suas mercadorias em rela\u00e7\u00e3o a uma terceira mercadoria de uso comum. Hoje em dia, no com\u00e9rcio internacional, a mercadoria m\u00e9dia \u00e9 o ouro, d\u00f3lares americanos, etc. Nenhuma troca de ouro ou d\u00f3lares ocorre entre as partes, exceto talvez uma pequena quantia para ajustar alguma ligeira diferen\u00e7a entre os valores dos bens trocados.<\/p>\n<p>Foram recuperados v\u00e1rios contratos do Antigo Egito que mostram os termos e detalhes dos acordos de troca entre as partes envolvidas na troca de bens e servi\u00e7os. Um bom exemplo s\u00e3o os contratos de Hepd&#039;efae, que foram recuperados de Asyut, datando do Imp\u00e9rio M\u00e9dio [2040\u20131783 aC]. Estes contratos mostram que era poss\u00edvel realizar transa\u00e7\u00f5es comerciais complicadas com estas condi\u00e7\u00f5es de pagamento. [Os detalhes est\u00e3o no livro de Erman <em>Vida no Antigo Egito<\/em>, p\u00e1gs. 494-8.]<\/p>\n<p>Para as transa\u00e7\u00f5es comerciais que n\u00e3o podiam ser realizadas com troca, os antigos eg\u00edpcios utilizavam moedas. No Antigo Egito, as moedas eram usadas de forma limitada; principalmente para pagar mercen\u00e1rios estrangeiros que poderiam enviar o dinheiro para o seu pa\u00eds de origem ou lev\u00e1-lo consigo para o seu pa\u00eds de origem, onde poderia ent\u00e3o ser trocado por bens e servi\u00e7os.<\/p>\n<p>Os termos eg\u00edpcios antigos usados para dinheiro tamb\u00e9m eram usados para pesos. Da mesma forma, na atual Gr\u00e3-Bretanha, o termo \u201clibra\u201d significa tanto uma unidade de peso como tamb\u00e9m uma unidade monet\u00e1ria. Tamb\u00e9m descobrimos que a palavra hebraica para dinheiro \u00e9 <em>siclo\/sheqel<\/em>, que \u00e9 uma ligeira mudan\u00e7a de som da palavra eg\u00edpcia (e \u00e1rabe) de <em>theqel<\/em>\u2014significando peso\/dinheiro.<\/p>\n<p>As moedas no Antigo Egito eram confeccionadas em forma de an\u00e9is de ouro, prata e cobre, com pesos espec\u00edficos certificados por especialistas. A palavra para &#039;selo\/selo&#039; e &#039;anel&#039; \u00e9 a mesma, na l\u00edngua eg\u00edpcia. Todos os pesos foram medidos e certificados. Moedas de ouro s\u00e3o encontradas nas pinturas de tumbas durante o reinado de Twt Homosis III [1490\u20131436 aC]. Foram recuperados documentos da \u00e9poca de Amen\u00f3fis II [1436\u20131413 a.C.], mostrando que os valores de diferentes artigos eram expressos em termos de pe\u00e7as de metal \u2013 ouro, prata e cobre \u2013 de peso e valor fixos, que eram usados como meio de interc\u00e2mbio. Exemplos semelhantes foram recuperados da \u00e9poca de Ramesside.<\/p>\n<p>O conceito de pesagem era um tema importante e comum para os antigos (e Baladi) eg\u00edpcios que se estende a todos os aspectos da vida. As escalas s\u00e3o encontradas em todos os lugares, desde a compra de vegetais at\u00e9 representa\u00e7\u00f5es de harmonia musical, formas de poesia e a escala de justi\u00e7a retratada na cena do Dia do Julgamento. Da mesma forma, em nossos dias, a palavra inglesa <em>escala<\/em> \u00e9 usada tanto para pesar mercadorias quanto para m\u00fasica (a balan\u00e7a musical).<\/p>\n<p>Representa\u00e7\u00f5es em tumbas eg\u00edpcias antigas mostram pesadores p\u00fablicos e not\u00e1rios apurando o peso exato de tudo o que foram chamados a medir na rua p\u00fablica ou no mercado, onde ergueram temporariamente suas balan\u00e7as. Eles foram contratados como funcion\u00e1rios governamentais com o mais estrito respeito pela justi\u00e7a, sem favorecer nem o comprador nem o vendedor.<\/p>\n<p><a href=\"http:\/\/egyptianwisdomcenter.org\/wp-content\/uploads\/2019\/02\/aecr-ch16-2-72c-1-1.jpg\"><img decoding=\"async\" class=\"size-full wp-image-1099 aligncenter\" src=\"http:\/\/egyptianwisdomcenter.org\/wp-content\/uploads\/2019\/02\/aecr-ch16-2-72c-1-1.jpg\" alt=\"\" width=\"187\" height=\"44\" \/><\/a><\/p>\n<p style=\"text-align: center;\"><strong>An\u00e9is de ouro e prata dos t\u00famulos de Ta-Apet (Tebas)<\/strong><\/p>\n<p><a href=\"http:\/\/egyptianwisdomcenter.org\/wp-content\/uploads\/2019\/02\/aecr-ch16-3-72c-1-1.jpg\"><img decoding=\"async\" class=\"size-full wp-image-1100 aligncenter\" src=\"http:\/\/egyptianwisdomcenter.org\/wp-content\/uploads\/2019\/02\/aecr-ch16-3-72c-1-1.jpg\" alt=\"\" width=\"187\" height=\"184\" \/><\/a><\/p>\n<p style=\"text-align: center;\"><strong>Certifica\u00e7\u00e3o oficial de pesos no mercado.<\/strong><\/p>\n<p>Um escriba ou not\u00e1rio \u00e9 mostrado marcando o valor do peso, qualquer que seja a mercadoria; e este documento, sendo entregue ou mostrado \u00e0s partes, sancionou integralmente a barganha e serviu como certifica\u00e7\u00e3o oficial da transa\u00e7\u00e3o.<\/p>\n<p>O mesmo costume ainda \u00e9 mantido pelos eg\u00edpcios Baladi nas balan\u00e7as do kabbaneh p\u00fablico que medem e certificam a precis\u00e3o dos pesos, que s\u00e3o devolvidos por escrito a pedido das partes.<\/p>\n<p>&nbsp;<\/p>\n<p><span style=\"color: #ff0000;\"><strong>[Um trecho de <\/strong><\/span><strong>Antigo Eg\u00edpcio: Cultura Revelada, Segunda Edi\u00e7\u00e3o por Moustafa Gadalla<\/strong><span style=\"color: #ff0000;\"><strong>]<br \/>\n<a href=\"https:\/\/egyptianwisdomcenter.org\/pt\/produto\/cultura-egipcia-antiga-revelada-segunda-edicao\/\"><span style=\"color: #0000ff;\">https:\/\/egyptianwisdomcenter.org\/product\/a-cultura-do-antigo-egito-revelada\/<\/span><\/a><\/strong><\/span><\/p>\n<p><img decoding=\"async\" class=\"aligncenter\" src=\"https:\/\/books2read-prod.s3.amazonaws.com\/CACHE\/images\/ubl_book_images\/book_display_image_6heB7g0\/9bcff3df91ca713a9cfe93997d847840\" alt=\"A antiga cultura eg\u00edpcia revelada\" \/><\/p>\n<p style=\"text-align: center;\"><a href=\"https:\/\/egyptianwisdomcenter.org\/pt\/produto\/cultura-egipcia-antiga-revelada-segunda-edicao\/\"><span style=\"color: #ff0000;\"><strong><span style=\"color: #0000ff;\">https:\/\/egyptianwisdomcenter.org\/product\/a-cultura-do-antigo-egito-revelada\/<\/span><\/strong><\/span><\/a><\/p>\n<div dir=\"auto\"><\/div>","protected":false},"excerpt":{"rendered":"<p>Business Transactions &nbsp; Not long time ago, a Nobel Prize was awarded to a U.S. economist who endorsed a \u201ccashless society\u201d as [&hellip;]<\/p>","protected":false},"author":3,"featured_media":0,"parent":0,"menu_order":0,"comment_status":"closed","ping_status":"closed","template":"","meta":{"footnotes":""},"class_list":["post-461","page","type-page","status-publish","hentry"],"aioseo_notices":[],"_links":{"self":[{"href":"https:\/\/egyptianwisdomcenter.org\/pt\/wp-json\/wp\/v2\/pages\/461","targetHints":{"allow":["GET"]}}],"collection":[{"href":"https:\/\/egyptianwisdomcenter.org\/pt\/wp-json\/wp\/v2\/pages"}],"about":[{"href":"https:\/\/egyptianwisdomcenter.org\/pt\/wp-json\/wp\/v2\/types\/page"}],"author":[{"embeddable":true,"href":"https:\/\/egyptianwisdomcenter.org\/pt\/wp-json\/wp\/v2\/users\/3"}],"replies":[{"embeddable":true,"href":"https:\/\/egyptianwisdomcenter.org\/pt\/wp-json\/wp\/v2\/comments?post=461"}],"version-history":[{"count":0,"href":"https:\/\/egyptianwisdomcenter.org\/pt\/wp-json\/wp\/v2\/pages\/461\/revisions"}],"wp:attachment":[{"href":"https:\/\/egyptianwisdomcenter.org\/pt\/wp-json\/wp\/v2\/media?parent=461"}],"curies":[{"name":"wp","href":"https:\/\/api.w.org\/{rel}","templated":true}]}}