{"id":465,"date":"2018-11-04T00:00:00","date_gmt":"2018-11-04T04:00:00","guid":{"rendered":"http:\/\/egyptianwisdomcenter.org\/the-way-of-horus-christ\/"},"modified":"2023-01-03T00:49:09","modified_gmt":"2023-01-03T05:49:09","slug":"the-way-of-horus-christ-2","status":"publish","type":"page","link":"https:\/\/egyptianwisdomcenter.org\/pt\/o-caminho-de-horus-cristo-2\/","title":{"rendered":"O Caminho de H\u00f3rus\/Cristo"},"content":{"rendered":"<h2 style=\"text-align: center;\"><span style=\"color: #ff0000;\">O Caminho de H\u00f3rus\/Cristo<\/span><\/h2>\n<p>&nbsp;<\/p>\n<p>H\u00f3rus declara, em <em>O eg\u00edpcio<\/em> <em>Livro da vinda da luz<\/em> (incorretamente conhecido como <em>O eg\u00edpcio<\/em> <em>Livro dos Mortos<\/em>) [c. 78]:\u00a0<em>\u201c<strong>Eu sou H\u00f3rus em gl\u00f3ria<\/strong>\u201d; <span style=\"text-decoration: underline;\">\u201c<strong>Eu sou o Senhor da Luz<\/strong><\/span>\u201d; \u201c<strong>Eu sou o vitorioso. . . Eu sou o herdeiro do tempo sem fim<\/strong>\u201d; \u201c<strong>Eu sou aquele que conhece os caminhos do c\u00e9u<\/strong>.\u201d<\/em><\/p>\n<p>Os vers\u00edculos do Antigo Egito acima foram ecoados mais tarde nas palavras de Jesus \u201c<strong><em><span style=\"text-decoration: underline;\">Eu sou a luz de<\/span> o mundo<\/em><\/strong>&quot; e de novo, &quot;<span style=\"text-decoration: underline;\"><strong><em>Eu sou o caminho, a verdade e a vida<\/em><\/strong>.<\/span>\u201d<\/p>\n<p>H\u00f3rus, na l\u00edngua eg\u00edpcia antiga, significa <em>Aquele que est\u00e1 acima<\/em>. Como tal, H\u00f3rus representa o princ\u00edpio divino realizado. H\u00f3rus \u00e9 a personifica\u00e7\u00e3o do objetivo de todos os ensinamentos iniciados e \u00e9 sempre descrito acompanhando a alma realizada at\u00e9 a Fonte.<\/p>\n<p>Na alegoria do Antigo Egito, H\u00f3rus deu vida a Os\u00edris. No Dia do Julgamento, H\u00f3rus mostra o Caminho para Os\u00edris. Ele atua como mediador entre o falecido e Os\u00edris, o Pai. Todos os eg\u00edpcios queriam\/querem que H\u00f3rus os traga (quando mortos) \u00e0 vida.<\/p>\n<p><a href=\"http:\/\/egyptianwisdomcenter.org\/wp-content\/uploads\/2019\/02\/dua.png\"><img decoding=\"async\" class=\"size-full wp-image-583 aligncenter\" src=\"http:\/\/egyptianwisdomcenter.org\/wp-content\/uploads\/2019\/02\/dua.png\" alt=\"\" width=\"248\" height=\"201\" \/><\/a><\/p>\n<p>Da mesma forma, no Cristianismo, o motivo crist\u00e3o foi\/\u00e9 baseado na necessidade de um mediador e de um filho de Deus como um pastor todo-poderoso e um salvador gerado vivendo entre o homem comum.<\/p>\n<p>Como modelo da exist\u00eancia terrena, H\u00f3rus \u00e9 representado em diversas formas e aspectos para corresponder \u00e0s etapas do processo de espiritualiza\u00e7\u00e3o.<\/p>\n<p>&nbsp;<\/p>\n<p><strong><span style=\"color: #ff0000;\">[Um trecho de <\/span>Ra\u00edzes Eg\u00edpcias Antigas do Cristianismo, 2\u00aa Edi\u00e7\u00e3o<span style=\"color: #ff0000;\"> por Moustafa Gadalla]<br \/>\n<a href=\"https:\/\/egyptianwisdomcenter.org\/pt\/produto\/as-antigas-raizes-egipcias-do-cristianismo-2a-edicao\/\"><span style=\"color: #0000ff;\">https:\/\/egyptianwisdomcenter.org\/product\/o-antigo-egito-as-raizes-do-cristianismo\/<\/span><\/a><br \/>\n<\/span><\/strong><\/p>\n<p><img decoding=\"async\" class=\"aligncenter\" src=\"https:\/\/egyptianwisdomcenter.org\/wp-content\/uploads\/2023\/01\/o-antigo-egito-as-raizes-do-cristianismo-4.jpg\" \/><\/p>\n<p style=\"text-align: center;\"><a href=\"https:\/\/egyptianwisdomcenter.org\/pt\/produto\/as-antigas-raizes-egipcias-do-cristianismo-2a-edicao\/\"><strong><span style=\"color: #ff0000;\"><span style=\"color: #0000ff;\">https:\/\/egyptianwisdomcenter.org\/product\/o-antigo-egito-as-raizes-do-cristianismo\/<\/span><\/span><\/strong><\/a><\/p>\n<div dir=\"auto\"><\/div>","protected":false},"excerpt":{"rendered":"<p>The Way Of Horus\/Christ &nbsp; Horus declares, in The Egyptian Book of Coming Forth by Light (incorrectly known as The Egyptian Book [&hellip;]<\/p>","protected":false},"author":3,"featured_media":0,"parent":0,"menu_order":0,"comment_status":"closed","ping_status":"closed","template":"","meta":{"footnotes":""},"class_list":["post-465","page","type-page","status-publish","hentry"],"aioseo_notices":[],"_links":{"self":[{"href":"https:\/\/egyptianwisdomcenter.org\/pt\/wp-json\/wp\/v2\/pages\/465","targetHints":{"allow":["GET"]}}],"collection":[{"href":"https:\/\/egyptianwisdomcenter.org\/pt\/wp-json\/wp\/v2\/pages"}],"about":[{"href":"https:\/\/egyptianwisdomcenter.org\/pt\/wp-json\/wp\/v2\/types\/page"}],"author":[{"embeddable":true,"href":"https:\/\/egyptianwisdomcenter.org\/pt\/wp-json\/wp\/v2\/users\/3"}],"replies":[{"embeddable":true,"href":"https:\/\/egyptianwisdomcenter.org\/pt\/wp-json\/wp\/v2\/comments?post=465"}],"version-history":[{"count":0,"href":"https:\/\/egyptianwisdomcenter.org\/pt\/wp-json\/wp\/v2\/pages\/465\/revisions"}],"wp:attachment":[{"href":"https:\/\/egyptianwisdomcenter.org\/pt\/wp-json\/wp\/v2\/media?parent=465"}],"curies":[{"name":"wp","href":"https:\/\/api.w.org\/{rel}","templated":true}]}}