{"id":469,"date":"2018-11-04T00:00:00","date_gmt":"2018-11-04T04:00:00","guid":{"rendered":"http:\/\/egyptianwisdomcenter.org\/isis-rises-lady-of-assumption\/"},"modified":"2023-01-03T00:52:13","modified_gmt":"2023-01-03T05:52:13","slug":"isis-rises-lady-of-assumption-2","status":"publish","type":"page","link":"https:\/\/egyptianwisdomcenter.org\/pt\/isis-se-levanta-senhora-da-suposicao-2\/","title":{"rendered":"Isis Rises - Senhora da Assun\u00e7\u00e3o"},"content":{"rendered":"<h2 style=\"text-align: center;\"><span style=\"color: #ff0000;\">Isis Rises - Senhora da Assun\u00e7\u00e3o<\/span><\/h2>\n<p>&nbsp;<\/p>\n<p>Na t\u00edpica hist\u00f3ria eg\u00edpcia, \u00cdsis terminou de chorar por sua alma g\u00eamea, Os\u00edris, em meados de agosto, o que significa que \u00cdsis chorou todas as l\u00e1grimas que tinha. \u00c9 neste momento que os eg\u00edpcios (antigos e modernos) realizam um festival que significa a \u00faltima l\u00e1grima de \u00cdsis que causar\u00e1 o pico do n\u00edvel da inunda\u00e7\u00e3o. \u00c9 durante esta celebra\u00e7\u00e3o que os eg\u00edpcios jogam uma ef\u00edgie de \u00cdsis nas \u00e1guas, para simbolizar que \u00cdsis se afogou nas pr\u00f3prias l\u00e1grimas. Incrivelmente, a igreja adotou exatamente a mesma data para representar a ascens\u00e3o da \u201cVirgem Maria\u201d ao c\u00e9u como o Dia da Assun\u00e7\u00e3o, que \u00e9 definido como:<\/p>\n<p style=\"padding-left: 30px;\"><strong><em>O dogma da eleva\u00e7\u00e3o do corpo e da alma da Virgem Maria (Auset tamb\u00e9m \u00e9 virgem) ao c\u00e9u ap\u00f3s sua morte.<\/em><\/strong><\/p>\n<p>A Igreja Ortodoxa celebra o Dia da Assun\u00e7\u00e3o em 15 de agosto, que \u00e9 exatamente o mesmo dia em que os atuais eg\u00edpcios observam o fim da esta\u00e7\u00e3o chuvosa na Eti\u00f3pia.<\/p>\n<p>Al\u00e9m das celebra\u00e7\u00f5es governamentais oficiais, os eg\u00edpcios Baladi realizam um mouled chamado <em>Sitena Meriam <\/em>(significado <em>Nossa Senhora Meriam<\/em>). Este n\u00e3o \u00e9 um \u201cfestival crist\u00e3o\u201d. O festival dura a t\u00edpica semana de oitava eg\u00edpcia (8 dias). O \u00faltimo dia da celebra\u00e7\u00e3o \u00e9 16 Mesoree (22 de agosto).<\/p>\n<p>Outro t\u00edtulo deste festival \u00e9 <strong><em>Noiva do Nilo<\/em><\/strong>, unindo \u00cdsis com Os\u00edris. \u00cdsis submergiu \u2013 como s\u00edmbolo da terra \u2013 no corpo de seu marido \u2013 um s\u00edmbolo da \u00e1gua. Esta unifica\u00e7\u00e3o \u00e9 outra aplica\u00e7\u00e3o perfeita do conceito de casamento interior que permeia as tradi\u00e7\u00f5es do Antigo Egito (e mais tarde Sufi).<\/p>\n<p><strong>=&gt; <span style=\"text-decoration: underline;\">Deve-se notar que de 3 de julho (in\u00edcio da subida das \u00e1guas do Nilo) a 22 de agosto s\u00e3o 50 dias \u2013 outro Pentecostes.<\/span><\/strong><\/p>\n<p>&nbsp;<\/p>\n<p><span style=\"color: #ff0000;\"><strong>[Um trecho de <\/strong><\/span><strong>Ra\u00edzes Eg\u00edpcias Antigas do Cristianismo, 2\u00aa Edi\u00e7\u00e3o por Moustafa Gadalla<\/strong><span style=\"color: #ff0000;\"><strong>]<br \/>\n<a href=\"https:\/\/egyptianwisdomcenter.org\/pt\/produto\/as-antigas-raizes-egipcias-do-cristianismo-2a-edicao\/\"><span style=\"color: #0000ff;\">https:\/\/egyptianwisdomcenter.org\/product\/o-antigo-egito-as-raizes-do-cristianismo\/<\/span><\/a><br \/>\n<\/strong><\/span><\/p>\n<p><img decoding=\"async\" class=\"aligncenter\" src=\"https:\/\/egyptianwisdomcenter.org\/wp-content\/uploads\/2023\/01\/o-antigo-egito-as-raizes-do-cristianismo-4.jpg\" \/><\/p>\n<p style=\"text-align: center;\"><a href=\"https:\/\/egyptianwisdomcenter.org\/pt\/produto\/as-antigas-raizes-egipcias-do-cristianismo-2a-edicao\/\"><span style=\"color: #ff0000;\"><strong><span style=\"color: #0000ff;\">https:\/\/egyptianwisdomcenter.org\/product\/o-antigo-egito-as-raizes-do-cristianismo\/<\/span><\/strong><\/span><\/a><\/p>\n<div dir=\"auto\"><\/div>","protected":false},"excerpt":{"rendered":"<p>Isis Rises &#8212; Lady Of Assumption &nbsp; In typical Egyptian story form, Isis finished her crying over her soul mate Osiris\u00a0 in [&hellip;]<\/p>","protected":false},"author":3,"featured_media":0,"parent":0,"menu_order":0,"comment_status":"closed","ping_status":"closed","template":"","meta":{"footnotes":""},"class_list":["post-469","page","type-page","status-publish","hentry"],"aioseo_notices":[],"_links":{"self":[{"href":"https:\/\/egyptianwisdomcenter.org\/pt\/wp-json\/wp\/v2\/pages\/469","targetHints":{"allow":["GET"]}}],"collection":[{"href":"https:\/\/egyptianwisdomcenter.org\/pt\/wp-json\/wp\/v2\/pages"}],"about":[{"href":"https:\/\/egyptianwisdomcenter.org\/pt\/wp-json\/wp\/v2\/types\/page"}],"author":[{"embeddable":true,"href":"https:\/\/egyptianwisdomcenter.org\/pt\/wp-json\/wp\/v2\/users\/3"}],"replies":[{"embeddable":true,"href":"https:\/\/egyptianwisdomcenter.org\/pt\/wp-json\/wp\/v2\/comments?post=469"}],"version-history":[{"count":0,"href":"https:\/\/egyptianwisdomcenter.org\/pt\/wp-json\/wp\/v2\/pages\/469\/revisions"}],"wp:attachment":[{"href":"https:\/\/egyptianwisdomcenter.org\/pt\/wp-json\/wp\/v2\/media?parent=469"}],"curies":[{"name":"wp","href":"https:\/\/api.w.org\/{rel}","templated":true}]}}