{"id":470,"date":"2018-11-04T00:00:00","date_gmt":"2018-11-04T04:00:00","guid":{"rendered":"http:\/\/egyptianwisdomcenter.org\/transfiguration-of-horus-a-new-alpha\/"},"modified":"2023-01-03T00:53:08","modified_gmt":"2023-01-03T05:53:08","slug":"transfiguration-of-horus-a-new-alpha-2","status":"publish","type":"page","link":"https:\/\/egyptianwisdomcenter.org\/pt\/transfiguracao-de-horus-um-novo-alfa-2\/","title":{"rendered":"Transfigura\u00e7\u00e3o de H\u00f3rus \u2013 Um Novo Alfa"},"content":{"rendered":"<h2 style=\"text-align: center;\"><span style=\"color: #ff0000;\">Transfigura\u00e7\u00e3o de H\u00f3rus \u2013 Um Novo Alfa<\/span><\/h2>\n<p>&nbsp;<\/p>\n<p>Cinquenta dias ap\u00f3s a primeira l\u00e1grima de \u00cdsis (em 17 de junho), em 6 de agosto, os Antigos Eg\u00edpcios celebraram o reaparecimento de Os\u00edris na forma do H\u00f3rus ressuscitado. Isto foi confirmado por Plutarco em seu <em>Mor\u00e1lia, Vol. V <\/em>(372,52B):<\/p>\n<p style=\"padding-left: 30px;\"><strong><em>\u201cNos hinos sagrados de Os\u00edris invocam aquele que est\u00e1 escondido nos bra\u00e7os do Sol; e no trig\u00e9simo dia do m\u00eas Epifi <\/em><\/strong>[6 de agosto]<strong><em> eles celebram o anivers\u00e1rio dos Olhos de H\u00f3rus, no momento em que a Lua e o Sol est\u00e3o em uma linha perfeitamente reta, pois consideram n\u00e3o apenas a Lua, mas tamb\u00e9m o Sol, como o olho e a luz de H\u00f3rus.\u201d<\/em><\/strong><\/p>\n<p>Isto \u00e9 id\u00eantico \u00e0 reivindica\u00e7\u00e3o dos crist\u00e3os posteriores sobre a transfigura\u00e7\u00e3o de Jesus, celebrada pela Igreja Ortodoxa em 6 de agosto. Este feriado comemora a \u201crevela\u00e7\u00e3o da divindade de Jesus a Pedro, Tiago e Jo\u00e3o\u201d.<\/p>\n<p>Esta tradi\u00e7\u00e3o do Antigo Egito continua, camuflada no Mouled de El-Desouki, na cidade de Desouk, na margem leste do bra\u00e7o oeste do Rio Nilo. El Desouki \u00e9 carinhosamente conhecido como Abu-el-e-nane (dos dois olhos), assim como <em>H\u00f3rus, o Anci\u00e3o dos Dois Olhos<\/em>.<\/p>\n<p><a href=\"http:\/\/egyptianwisdomcenter.org\/wp-content\/uploads\/2019\/02\/em-ch9-3-72c.jpg\"><img decoding=\"async\" class=\"size-full wp-image-698 aligncenter\" src=\"http:\/\/egyptianwisdomcenter.org\/wp-content\/uploads\/2019\/02\/em-ch9-3-72c.jpg\" alt=\"\" width=\"76\" height=\"177\" \/><\/a><\/p>\n<p>Os dois olhos de H\u00f3rus mencionados por Plutarco s\u00e3o o sol e a lua, s\u00edmbolos de seus pais, \u00cdsis e Os\u00edris. Como afirmado anteriormente, \u00cdsis representa o princ\u00edpio solar no universo e Os\u00edris representa o princ\u00edpio lunar no universo.<\/p>\n<p>Este mouled \u00e9 reconhecido pelos melhores atos m\u00e1gicos (adivinha\u00e7\u00e3o) do Egito, que correspondem \u00e0 celebra\u00e7\u00e3o crist\u00e3 posterior cujo tema principal \u00e9 a \u201crevela\u00e7\u00e3o da divindade (de Jesus)\u201d.<\/p>\n<p>&nbsp;<\/p>\n<div dir=\"auto\">\n<p><strong><span style=\"color: #ff0000;\">[Um trecho de <\/span>Ra\u00edzes Eg\u00edpcias Antigas do Cristianismo, 2\u00aa Edi\u00e7\u00e3o<span style=\"color: #ff0000;\"> por Moustafa Gadalla]<br \/>\n<a href=\"https:\/\/egyptianwisdomcenter.org\/pt\/produto\/as-antigas-raizes-egipcias-do-cristianismo-2a-edicao\/\"><span style=\"color: #0000ff;\">https:\/\/egyptianwisdomcenter.org\/product\/o-antigo-egito-as-raizes-do-cristianismo\/<\/span><\/a><br \/>\n<\/span><\/strong><\/p>\n<p><img decoding=\"async\" class=\"aligncenter\" src=\"https:\/\/egyptianwisdomcenter.org\/wp-content\/uploads\/2023\/01\/o-antigo-egito-as-raizes-do-cristianismo-4.jpg\" \/><\/p>\n<p style=\"text-align: center;\"><a href=\"https:\/\/egyptianwisdomcenter.org\/pt\/produto\/as-antigas-raizes-egipcias-do-cristianismo-2a-edicao\/\"><strong><span style=\"color: #ff0000;\"><span style=\"color: #0000ff;\">https:\/\/egyptianwisdomcenter.org\/product\/o-antigo-egito-as-raizes-do-cristianismo\/<\/span><\/span><\/strong><\/a><\/p>\n<div dir=\"auto\"><\/div>\n<\/div>","protected":false},"excerpt":{"rendered":"<p>Transfiguration Of Horus &#8212; A New Alpha &nbsp; Fifty days after Isis\u2019 first teardrop (on 17 June), on 6 August, the Ancient [&hellip;]<\/p>","protected":false},"author":3,"featured_media":0,"parent":0,"menu_order":0,"comment_status":"closed","ping_status":"closed","template":"","meta":{"footnotes":""},"class_list":["post-470","page","type-page","status-publish","hentry"],"aioseo_notices":[],"_links":{"self":[{"href":"https:\/\/egyptianwisdomcenter.org\/pt\/wp-json\/wp\/v2\/pages\/470","targetHints":{"allow":["GET"]}}],"collection":[{"href":"https:\/\/egyptianwisdomcenter.org\/pt\/wp-json\/wp\/v2\/pages"}],"about":[{"href":"https:\/\/egyptianwisdomcenter.org\/pt\/wp-json\/wp\/v2\/types\/page"}],"author":[{"embeddable":true,"href":"https:\/\/egyptianwisdomcenter.org\/pt\/wp-json\/wp\/v2\/users\/3"}],"replies":[{"embeddable":true,"href":"https:\/\/egyptianwisdomcenter.org\/pt\/wp-json\/wp\/v2\/comments?post=470"}],"version-history":[{"count":0,"href":"https:\/\/egyptianwisdomcenter.org\/pt\/wp-json\/wp\/v2\/pages\/470\/revisions"}],"wp:attachment":[{"href":"https:\/\/egyptianwisdomcenter.org\/pt\/wp-json\/wp\/v2\/media?parent=470"}],"curies":[{"name":"wp","href":"https:\/\/api.w.org\/{rel}","templated":true}]}}