{"id":52753,"date":"2019-09-12T16:48:40","date_gmt":"2019-09-12T20:48:40","guid":{"rendered":"http:\/\/egyptianwisdomcenter.org\/?page_id=52753"},"modified":"2023-10-17T04:53:12","modified_gmt":"2023-10-17T08:53:12","slug":"podcasts-en","status":"publish","type":"page","link":"https:\/\/egyptianwisdomcenter.org\/pt\/podcasts-en\/","title":{"rendered":"English Podcasts"},"content":{"rendered":"<h4>Listen to free Podcast Samples of Chapters from Books By Moustafa Gadalla<\/h4>\n<p><a href=\"https:\/\/egyptianwisdomcenter.org\/podcasts-es\/\">Podcasts em espanhol<\/a> | <a href=\"https:\/\/egyptianwisdomcenter.org\/podcasts-ru\/\">Podcasts Russos<\/a> | <a href=\"https:\/\/egyptianwisdomcenter.org\/podcasts-de\/\">Podcasts alem\u00e3es<\/a> | <a href=\"https:\/\/egyptianwisdomcenter.org\/podcasts-fr\/\">Podcasts franceses<\/a><\/p>\n<!-- Widget Shortcode --><div id=\"rpwe_widget-2\" class=\"widget rpwe_widget recent-posts-extended widget-shortcode area-arbitrary\"><h2 class=\"widgettitle\">Podcast em ingl\u00eas<\/h2><div  class=\"rpwe-block\"><ul class=\"rpwe-ul\"><li class=\"rpwe-li rpwe-clearfix\"><a class=\"rpwe-img\" href=\"https:\/\/egyptianwisdomcenter.org\/pt\/facts-and-fictions-about-the-egyptian-pharaoh\/\" target=\"_self\"><img loading=\"lazy\" class=\"rpwe-alignleft rpwe-thumb\" src=\"https:\/\/egyptianwisdomcenter.org\/wp-content\/uploads\/2019\/09\/cover-53-45x60.jpg\" alt=\"Fatos e fic\u00e7\u00f5es sobre o fara\u00f3 eg\u00edpcio\" height=\"60\" width=\"45\" decoding=\"async\"><\/a><h3 class=\"rpwe-title\"><a href=\"https:\/\/egyptianwisdomcenter.org\/pt\/facts-and-fictions-about-the-egyptian-pharaoh\/\" target=\"_self\">Fatos e fic\u00e7\u00f5es sobre o fara\u00f3 eg\u00edpcio<\/a><\/h3><time class=\"rpwe-time published\" datetime=\"2019-09-09T10:31:07-04:00\">9 de setembro de 2019<\/time><div class=\"rpwe-summary\">Este podcast abordar\u00e1 o tema do papel do Fara\u00f3 no Antigo Egito \u2014 um cap\u00edtulo do livro de Moustafa Gadalla [\u2026]<a href=\"https:\/\/egyptianwisdomcenter.org\/pt\/facts-and-fictions-about-the-egyptian-pharaoh\/\" class=\"more-link\">Read More \u00bb<\/a><\/div><\/li><li class=\"rpwe-li rpwe-clearfix\"><a class=\"rpwe-img\" href=\"https:\/\/egyptianwisdomcenter.org\/pt\/isis-mary-mother-of-god\/\" target=\"_self\"><img loading=\"lazy\" class=\"rpwe-alignleft rpwe-thumb\" src=\"https:\/\/egyptianwisdomcenter.org\/wp-content\/uploads\/2019\/09\/cover_isis-225x338-225x338-200x300-45x60.jpg\" alt=\"\u00cdsis\/Maria: M\u00e3e de Deus\" height=\"60\" width=\"45\" decoding=\"async\"><\/a><h3 class=\"rpwe-title\"><a href=\"https:\/\/egyptianwisdomcenter.org\/pt\/isis-mary-mother-of-god\/\" target=\"_self\">\u00cdsis\/Maria: M\u00e3e de Deus<\/a><\/h3><time class=\"rpwe-time published\" datetime=\"2019-09-05T16:07:19-04:00\">5 de setembro de 2019<\/time><div class=\"rpwe-summary\">Este podcast abordar\u00e1 o assunto das incr\u00edveis semelhan\u00e7as entre o relato aleg\u00f3rico eg\u00edpcio de \u00cdsis e o da Virgem [\u2026]<a href=\"https:\/\/egyptianwisdomcenter.org\/pt\/isis-mary-mother-of-god\/\" class=\"more-link\">Read More \u00bb<\/a><\/div><\/li><li class=\"rpwe-li rpwe-clearfix\"><a class=\"rpwe-img\" href=\"https:\/\/egyptianwisdomcenter.org\/pt\/monotheism-and-polytheism-in-ancient-egypt-2\/\" target=\"_self\"><img loading=\"lazy\" class=\"rpwe-alignleft rpwe-thumb\" src=\"https:\/\/egyptianwisdomcenter.org\/wp-content\/uploads\/2019\/09\/divinities-45x60.jpg\" alt=\"Monote\u00edsmo e Polite\u00edsmo no Antigo Egito\" height=\"60\" width=\"45\" decoding=\"async\"><\/a><h3 class=\"rpwe-title\"><a href=\"https:\/\/egyptianwisdomcenter.org\/pt\/monotheism-and-polytheism-in-ancient-egypt-2\/\" target=\"_self\">Monote\u00edsmo e Polite\u00edsmo no Antigo Egito<\/a><\/h3><time class=\"rpwe-time published\" datetime=\"2019-09-09T14:39:13-04:00\">9 de setembro de 2019<\/time><div class=\"rpwe-summary\">Este podcast cobrir\u00e1 o assunto Monote\u00edsmo e Polite\u00edsmo no Antigo Egito - sendo dois cap\u00edtulos do livro de Moustafa Gadalla, Divine Divinities: The [\u2026]<a href=\"https:\/\/egyptianwisdomcenter.org\/pt\/monotheism-and-polytheism-in-ancient-egypt-2\/\" class=\"more-link\">Read More \u00bb<\/a><\/div><\/li><li class=\"rpwe-li rpwe-clearfix\"><a class=\"rpwe-img\" href=\"https:\/\/egyptianwisdomcenter.org\/pt\/moses-and-akhenaton-pod\/\" target=\"_self\"><img loading=\"lazy\" class=\"rpwe-alignleft rpwe-thumb\" src=\"https:\/\/egyptianwisdomcenter.org\/wp-content\/uploads\/2019\/09\/cover-65-45x60.jpg\" alt=\"Mois\u00e9s e Akhenaton\" height=\"60\" width=\"45\" decoding=\"async\"><\/a><h3 class=\"rpwe-title\"><a href=\"https:\/\/egyptianwisdomcenter.org\/pt\/moses-and-akhenaton-pod\/\" target=\"_self\">Mois\u00e9s e Akhenaton<\/a><\/h3><time class=\"rpwe-time published\" datetime=\"2019-09-09T15:07:11-04:00\">9 de setembro de 2019<\/time><div class=\"rpwe-summary\">Este podcast abordar\u00e1 o assunto das incr\u00edveis semelhan\u00e7as entre os relatos b\u00edblicos de Mois\u00e9s e os relatos hist\u00f3ricos de Akhenaton [\u2026]<a href=\"https:\/\/egyptianwisdomcenter.org\/pt\/moses-and-akhenaton-pod\/\" class=\"more-link\">Read More \u00bb<\/a><\/div><\/li><li class=\"rpwe-li rpwe-clearfix\"><a class=\"rpwe-img\" href=\"https:\/\/egyptianwisdomcenter.org\/pt\/pictorial-symbolism-in-ancient-egypt\/\" target=\"_self\"><img loading=\"lazy\" class=\"rpwe-alignleft rpwe-thumb\" src=\"https:\/\/egyptianwisdomcenter.org\/wp-content\/uploads\/2019\/09\/divinities-45x60.jpg\" alt=\"Simbolismo Pict\u00f3rico no Antigo Egito\" height=\"60\" width=\"45\" decoding=\"async\"><\/a><h3 class=\"rpwe-title\"><a href=\"https:\/\/egyptianwisdomcenter.org\/pt\/pictorial-symbolism-in-ancient-egypt\/\" target=\"_self\">Simbolismo Pict\u00f3rico no Antigo Egito<\/a><\/h3><time class=\"rpwe-time published\" datetime=\"2019-09-05T17:11:11-04:00\">5 de setembro de 2019<\/time><div class=\"rpwe-summary\">Este podcast cobrir\u00e1 o assunto do simbolismo pict\u00f3rico no Egito Antigo - um cap\u00edtulo do livro de Moustafa Gadalla, Divine Divinities: The [\u2026]<a href=\"https:\/\/egyptianwisdomcenter.org\/pt\/pictorial-symbolism-in-ancient-egypt\/\" class=\"more-link\">Read More \u00bb<\/a><\/div><\/li><li class=\"rpwe-li rpwe-clearfix\"><a class=\"rpwe-img\" href=\"https:\/\/egyptianwisdomcenter.org\/pt\/the-egyptian-alphabetical-and-imagery-writing-modes\/\" target=\"_self\"><img loading=\"lazy\" class=\"rpwe-alignleft rpwe-thumb\" src=\"https:\/\/egyptianwisdomcenter.org\/wp-content\/uploads\/2019\/02\/cover-eu-225x338-225x338-45x60.jpg\" alt=\"Os modos de escrita alfab\u00e9tica e de imagens eg\u00edpcias\" height=\"60\" width=\"45\" decoding=\"async\"><\/a><h3 class=\"rpwe-title\"><a href=\"https:\/\/egyptianwisdomcenter.org\/pt\/the-egyptian-alphabetical-and-imagery-writing-modes\/\" target=\"_self\">Os modos de escrita alfab\u00e9tica e de imagens eg\u00edpcias<\/a><\/h3><time class=\"rpwe-time published\" datetime=\"2019-08-28T15:40:26-04:00\">28 de agosto de 2019<\/time><div class=\"rpwe-summary\">Este podcast fornece uma r\u00e1pida vis\u00e3o geral dos modos de escrita no Antigo Egito - a forma alfab\u00e9tica de escrita e as imagens pict\u00f3ricas [...]<a href=\"https:\/\/egyptianwisdomcenter.org\/pt\/the-egyptian-alphabetical-and-imagery-writing-modes\/\" class=\"more-link\">Read More \u00bb<\/a><\/div><\/li><li class=\"rpwe-li rpwe-clearfix\"><a class=\"rpwe-img\" href=\"https:\/\/egyptianwisdomcenter.org\/pt\/the-egyptian-creation-process-accounts\/\" target=\"_self\"><img loading=\"lazy\" class=\"rpwe-alignleft rpwe-thumb\" src=\"https:\/\/egyptianwisdomcenter.org\/wp-content\/uploads\/2019\/09\/cover-53-45x60.jpg\" alt=\"Os relatos do processo de cria\u00e7\u00e3o eg\u00edpcio\" height=\"60\" width=\"45\" decoding=\"async\"><\/a><h3 class=\"rpwe-title\"><a href=\"https:\/\/egyptianwisdomcenter.org\/pt\/the-egyptian-creation-process-accounts\/\" target=\"_self\">Os relatos do processo de cria\u00e7\u00e3o eg\u00edpcio<\/a><\/h3><time class=\"rpwe-time published\" datetime=\"2019-09-24T14:34:28-04:00\">24 de setembro de 2019<\/time><div class=\"rpwe-summary\">Este podcast abordar\u00e1 o assunto The Egyptian Creation Process Accounts \u2014 um trecho do livro de Moustafa Gadalla, Egyptian Cosmology The [\u2026]<a href=\"https:\/\/egyptianwisdomcenter.org\/pt\/the-egyptian-creation-process-accounts\/\" class=\"more-link\">Read More \u00bb<\/a><\/div><\/li><li class=\"rpwe-li rpwe-clearfix\"><a class=\"rpwe-img\" href=\"https:\/\/egyptianwisdomcenter.org\/pt\/the-incredible-remote-age-of-ancient-egypt-the-incredible-remote-age-of-ancient-egypt\/\" target=\"_self\"><img loading=\"lazy\" class=\"rpwe-alignleft rpwe-thumb\" src=\"https:\/\/egyptianwisdomcenter.org\/wp-content\/uploads\/2019\/09\/AECR-45x60.jpg\" alt=\"A Incr\u00edvel Era Remota do Antigo Egito\" height=\"60\" width=\"45\" decoding=\"async\"><\/a><h3 class=\"rpwe-title\"><a href=\"https:\/\/egyptianwisdomcenter.org\/pt\/the-incredible-remote-age-of-ancient-egypt-the-incredible-remote-age-of-ancient-egypt\/\" target=\"_self\">A Incr\u00edvel Era Remota do Antigo Egito<\/a><\/h3><time class=\"rpwe-time published\" datetime=\"2019-09-05T16:49:00-04:00\">5 de setembro de 2019<\/time><div class=\"rpwe-summary\">Este podcast abordar\u00e1 o assunto da era muito remota do Antigo Egito - um cap\u00edtulo do livro Ancient [\u2026]<a href=\"https:\/\/egyptianwisdomcenter.org\/pt\/the-incredible-remote-age-of-ancient-egypt-the-incredible-remote-age-of-ancient-egypt\/\" class=\"more-link\">Read More \u00bb<\/a><\/div><\/li><li class=\"rpwe-li rpwe-clearfix\"><a class=\"rpwe-img\" href=\"https:\/\/egyptianwisdomcenter.org\/pt\/the-masonic-powers-of-egyptian-architecture\/\" target=\"_self\"><img loading=\"lazy\" class=\"rpwe-alignleft rpwe-thumb\" src=\"https:\/\/egyptianwisdomcenter.org\/wp-content\/uploads\/2019\/09\/cover-47-45x60.jpg\" alt=\"Os poderes ma\u00e7\u00f4nicos da arquitetura eg\u00edpcia\" height=\"60\" width=\"45\" decoding=\"async\"><\/a><h3 class=\"rpwe-title\"><a href=\"https:\/\/egyptianwisdomcenter.org\/pt\/the-masonic-powers-of-egyptian-architecture\/\" target=\"_self\">Os poderes ma\u00e7\u00f4nicos da arquitetura eg\u00edpcia<\/a><\/h3><time class=\"rpwe-time published\" datetime=\"2019-09-09T15:18:28-04:00\">9 de setembro de 2019<\/time><div class=\"rpwe-summary\">Este podcast abordar\u00e1 o assunto dos poderes ma\u00e7\u00f4nicos da arquitetura eg\u00edpcia antiga. Confira o livro de Moustafa Gadalla: O Antigo Eg\u00edpcio [\u2026]<a href=\"https:\/\/egyptianwisdomcenter.org\/pt\/the-masonic-powers-of-egyptian-architecture\/\" class=\"more-link\">Read More \u00bb<\/a><\/div><\/li><li class=\"rpwe-li rpwe-clearfix\"><a class=\"rpwe-img\" href=\"https:\/\/egyptianwisdomcenter.org\/pt\/the-writings-on-the-egyptian-walls\/\" target=\"_self\"><img loading=\"lazy\" class=\"rpwe-alignleft rpwe-thumb\" src=\"https:\/\/egyptianwisdomcenter.org\/wp-content\/uploads\/2019\/02\/cover-metlang-225x338-225x338-45x60.jpg\" alt=\"Os Escritos nas Muralhas Eg\u00edpcias\" height=\"60\" width=\"45\" decoding=\"async\"><\/a><h3 class=\"rpwe-title\"><a href=\"https:\/\/egyptianwisdomcenter.org\/pt\/the-writings-on-the-egyptian-walls\/\" target=\"_self\">Os Escritos nas Muralhas Eg\u00edpcias<\/a><\/h3><time class=\"rpwe-time published\" datetime=\"2019-08-29T22:34:29-04:00\">29 de agosto de 2019<\/time><div class=\"rpwe-summary\">Este podcast abordar\u00e1 o assunto dos escritos e representa\u00e7\u00f5es nas paredes eg\u00edpcias em templos, tumbas, etc.<a href=\"https:\/\/egyptianwisdomcenter.org\/pt\/the-writings-on-the-egyptian-walls\/\" class=\"more-link\">Read More \u00bb<\/a><\/div><\/li><\/ul><\/div><!-- Generated by http:\/\/wordpress.org\/plugins\/recent-posts-widget-extended\/ --><\/div><!-- \/Widget Shortcode -->","protected":false},"excerpt":{"rendered":"<p>Listen to free Podcast Samples of Chapters from Books By Moustafa Gadalla Spanish Podcasts | Russian Podcasts | German Podcasts | French [&hellip;]<\/p>","protected":false},"author":3,"featured_media":0,"parent":0,"menu_order":0,"comment_status":"closed","ping_status":"closed","template":"","meta":{"footnotes":""},"class_list":["post-52753","page","type-page","status-publish","hentry"],"aioseo_notices":[],"_links":{"self":[{"href":"https:\/\/egyptianwisdomcenter.org\/pt\/wp-json\/wp\/v2\/pages\/52753","targetHints":{"allow":["GET"]}}],"collection":[{"href":"https:\/\/egyptianwisdomcenter.org\/pt\/wp-json\/wp\/v2\/pages"}],"about":[{"href":"https:\/\/egyptianwisdomcenter.org\/pt\/wp-json\/wp\/v2\/types\/page"}],"author":[{"embeddable":true,"href":"https:\/\/egyptianwisdomcenter.org\/pt\/wp-json\/wp\/v2\/users\/3"}],"replies":[{"embeddable":true,"href":"https:\/\/egyptianwisdomcenter.org\/pt\/wp-json\/wp\/v2\/comments?post=52753"}],"version-history":[{"count":6,"href":"https:\/\/egyptianwisdomcenter.org\/pt\/wp-json\/wp\/v2\/pages\/52753\/revisions"}],"predecessor-version":[{"id":68299,"href":"https:\/\/egyptianwisdomcenter.org\/pt\/wp-json\/wp\/v2\/pages\/52753\/revisions\/68299"}],"wp:attachment":[{"href":"https:\/\/egyptianwisdomcenter.org\/pt\/wp-json\/wp\/v2\/media?parent=52753"}],"curies":[{"name":"wp","href":"https:\/\/api.w.org\/{rel}","templated":true}]}}