{"id":5393,"date":"2019-03-03T14:17:29","date_gmt":"2019-03-03T19:17:29","guid":{"rendered":"http:\/\/egyptianwisdomcenter.org\/les-potentiels-deveil-reveillez-votre-osiris-interieur\/"},"modified":"2023-01-07T08:16:07","modified_gmt":"2023-01-07T13:16:07","slug":"les-potentiels-deveil-reveillez-votre-osiris-interieur","status":"publish","type":"page","link":"https:\/\/egyptianwisdomcenter.org\/pt\/les-potentiels-deveil-reveillez-votre-osiris-interieur\/","title":{"rendered":"Les potentiels &#8216;\u00e9veil-R\u00e9veillez votre Osiris int\u00e9rieur!"},"content":{"rendered":"<h2 style=\"text-align: center;\"><span style=\"color: #0000ff;\"><strong>Les Potentiels D&#8217;\u00e9veil <\/strong><\/span><\/h2>\n<h2 style=\"text-align: center;\"><span style=\"color: #ff0000;\">R\u00e9veillez Votre Osiris Int\u00e9rieur!<\/span><\/h2>\n<p>&nbsp;<\/p>\n<p>Dans le r\u00e9cit mod\u00e8le \u00e9gyptien [dans le chapitre pr\u00e9c\u00e9dent], Osiris, au d\u00e9but, n\u2019\u00e9tait pas r\u00e9ellement mort\u2014il \u00e9tait dans un coma, c\u2019est-\u00e0-dire dans un \u00e9tat de totale inconscience. Les gens pensent qu\u2019ils sont \u00e9veill\u00e9s et conscients mais ils ne le sont pas. Afin de susciter l\u2019Espoir [Horus], de le faire se manifester, les gens doivent ressusciter Osiris\u2014ils doivent le faire sortir de son coma.<\/p>\n<p>C\u2019est ainsi que notre \u00e2me, notre esprit et notre essence de vie peuvent passer de ce monde \u00e0 des \u00e9tats plus \u00e9volu\u00e9s de cr\u00e9ation\u2014vers l\u2019union divine.<\/p>\n<p>L\u2019\u00e9gyptologue britannique, Sir E.A. Wallis Budge, r\u00e9sume cela en page vii du volume I de son ouvrage<em>, Osiris and the Egyptian Resurrection<\/em>, comme suit:<\/p>\n<p style=\"padding-left: 30px;\"><strong><em>Le personnage central de l\u2019ancienne religion \u00e9gyptienne \u00e9tait Osiris, et les principes fondamentaux de son culte \u00e9taient la croyance en sa divinit\u00e9, en sa mort, sa r\u00e9surrection et le contr\u00f4le absolu des destin\u00e9es des corps et des \u00e2mes des humains. Le point central de la religion osiriaque \u00e9tait l\u2019espoir de la r\u00e9surrection dans un corps transforme et de l\u2019immortalit\u00e9, qui pouvait seulement \u00eatre r\u00e9alis\u00e9e par lui \u00e0 travers la mort et la r\u00e9surrection d\u2019Osiris. <\/em><\/strong><\/p>\n<p>Tous les morts sont\/\u00e9galent Osiris parce qu\u2019Osiris est un principe cosmique, et non pas une personne historique. La religion \u00e9gyptienne \u00e9tait une religion inclusive, dans laquelle Osiris vit en chacun de nous, ce qui facilitait une r\u00e9elle compr\u00e9hension de qui nous sommes et de qui nous sommes cens\u00e9s devenir.<\/p>\n<p>Le principe qui fait naitre la vie de la mort apparente s\u2019appelait\/s\u2019appelle Osiris, qui symbolise le pouvoir du renouveau. Osiris le processus, la croissance, et tous les aspects cycliques sous-jacents de l\u2019univers.<\/p>\n<p>Depuis les d\u00e9buts de l\u2019histoire de l\u2019\u00c9gypte ancienne, les \u00c9gyptiens croyaient qu\u2019Osiris \u00e9tait d\u2019origine divine: en partie divine et en partie humaine, qu\u2019il \u00e9tait ressuscit\u00e9 d\u2019entre les morts sans avoir connu la corruption de la chair. Ce qu\u2019Osiris avait effectu\u00e9 pour lui-m\u00eame, il pouvait l\u2019effectuer pour l\u2019homme. En tant que mod\u00e8le, les anciens \u00c9gyptiens croyaient que ce qu\u2019Osiris fit, ils pouvaient le faire. Parce qu\u2019il avait vaincu la mort, le juste pouvait aussi vaincre la mort et atteindre la vie \u00e9ternelle.<\/p>\n<p><img decoding=\"async\" class=\"wp-image-560 aligncenter\" src=\"https:\/\/pressbooks.com\/app\/uploads\/sites\/53535\/2018\/04\/aerx-114-200c-1-300x272.jpg\" alt=\"\" width=\"203\" height=\"184\" \/><\/p>\n<p><img decoding=\"async\" class=\"wp-image-581 aligncenter\" src=\"https:\/\/pressbooks.com\/app\/uploads\/sites\/53535\/2018\/04\/aerx-fr-200c-300x156.jpg\" alt=\"\" width=\"223\" height=\"116\" \/><\/p>\n<p>Le sujet dans le Livre \u00e9gyptien des Cavernes traite de la n\u00e9cessite de la mort et de la dissolution (de la chair et du mat\u00e9riel), avant la naissance du spirituel. J\u00e9sus fait \u00e9cho \u00e0 cela quand il dit,<\/p>\n<p style=\"padding-left: 30px;\"><strong><em>Si le grain de bl\u00e9 qui est tomb\u00e9 en terre ne meurt, il reste seul; mais, s&#8217;il meurt, il porte beaucoup de fruit.<\/em><\/strong><strong> [Jean 12:24]<\/strong><\/p>\n<p>Paul fait aussi r\u00e9f\u00e9rence au m\u00eame principe dans I Corinthiens 15:36,<\/p>\n<p style=\"padding-left: 30px;\"><strong><em>\u2026 ce que tu s\u00e8mes ne reprend point vie, s&#8217;il ne meurt.<\/em><\/strong><\/p>\n<p><img decoding=\"async\" class=\"wp-image-561 aligncenter\" src=\"https:\/\/pressbooks.com\/app\/uploads\/sites\/53535\/2018\/04\/aerx-115-200c-1-300x128.jpg\" alt=\"\" width=\"255\" height=\"109\" \/><\/p>\n<p>Un autre exemple est le symbolisme biblique du vin, qui remonte \u00e0 l\u2019ancienne \u00c9gypte, ou les murs des tombes anciennes repr\u00e9sentent des vendangeurs pressant la nouvelle vendange [comme le montre la sc\u00e8ne ci-dessus, provenant d\u2019une tombe d\u2019ancienne \u00c9gypte], et la vinification est partout une m\u00e9taphore constante de processus spirituels et les th\u00e8mes de transformation de pouvoir interne.<\/p>\n<p>En certains passages des \u00e9crits \u00e9gyptiens, Osiris lui-m\u00eame \u00e9tait personnifi\u00e9 par la vigne.<\/p>\n<p>L\u2019\u00e2me ou la portion de <em>dieu<\/em> en-dedans cause le ferment divin dans le corps de la vie et s\u2019y d\u00e9veloppe, comme sur la vigne, par le soleil du soi spirituel de l\u2019homme.<\/p>\n<p>Le pouvoir de fermentation du vin \u00e9tait, \u00e0 son niveau spiritual le plus profond, un symbole de la pr\u00e9sence du Dieu incarne \u00e0 l\u2019int\u00e9rieur de la personne spirituellement consciente.<\/p>\n<p>&nbsp;<\/p>\n<p><span style=\"color: #ff0000;\"><strong>[Extraits des Ancienne \u00c9gypte : les Racines du Christianisme par<\/strong><\/span><span style=\"color: #ff0000;\"><strong>\u00a0Moustafa Gadalla]<\/strong><\/span><\/p>\n<p><span style=\"color: #0000ff;\"><strong>https:\/\/egyptianwisdomcenter.org\/product\/ancienne-egypte-les-racines-du-christianisme\/<\/strong><\/span><\/p>\n<div dir=\"auto\">\n<p class=\"tw-data-text tw-text-large XcVN5d tw-ta\" dir=\"ltr\" data-placeholder=\"Translation\"><img decoding=\"async\" class=\"aligncenter\" src=\"https:\/\/books2read-prod.s3.amazonaws.com\/CACHE\/images\/ubl_book_images\/book_display_image_cuHnpe5\/60ad2b7158f64888eaf8202597ab387d\" \/><\/p>\n<\/div>","protected":false},"excerpt":{"rendered":"<p>Les Potentiels D&#8217;\u00e9veil R\u00e9veillez Votre Osiris Int\u00e9rieur! &nbsp; Dans le r\u00e9cit mod\u00e8le \u00e9gyptien [dans le chapitre pr\u00e9c\u00e9dent], Osiris, au d\u00e9but, n\u2019\u00e9tait pas [&hellip;]<\/p>","protected":false},"author":3,"featured_media":0,"parent":0,"menu_order":0,"comment_status":"closed","ping_status":"closed","template":"","meta":{"footnotes":""},"class_list":["post-5393","page","type-page","status-publish","hentry"],"aioseo_notices":[],"_links":{"self":[{"href":"https:\/\/egyptianwisdomcenter.org\/pt\/wp-json\/wp\/v2\/pages\/5393","targetHints":{"allow":["GET"]}}],"collection":[{"href":"https:\/\/egyptianwisdomcenter.org\/pt\/wp-json\/wp\/v2\/pages"}],"about":[{"href":"https:\/\/egyptianwisdomcenter.org\/pt\/wp-json\/wp\/v2\/types\/page"}],"author":[{"embeddable":true,"href":"https:\/\/egyptianwisdomcenter.org\/pt\/wp-json\/wp\/v2\/users\/3"}],"replies":[{"embeddable":true,"href":"https:\/\/egyptianwisdomcenter.org\/pt\/wp-json\/wp\/v2\/comments?post=5393"}],"version-history":[{"count":0,"href":"https:\/\/egyptianwisdomcenter.org\/pt\/wp-json\/wp\/v2\/pages\/5393\/revisions"}],"wp:attachment":[{"href":"https:\/\/egyptianwisdomcenter.org\/pt\/wp-json\/wp\/v2\/media?parent=5393"}],"curies":[{"name":"wp","href":"https:\/\/api.w.org\/{rel}","templated":true}]}}