{"id":54075,"date":"2020-04-13T14:46:12","date_gmt":"2020-04-13T18:46:12","guid":{"rendered":"http:\/\/egyptianwisdomcenter.org\/?page_id=54075"},"modified":"2020-04-13T14:52:40","modified_gmt":"2020-04-13T18:52:40","slug":"egypt-and-the-world-past-and-present","status":"publish","type":"page","link":"https:\/\/egyptianwisdomcenter.org\/pt\/egito-e-o-mundo-passado-e-presente-2\/","title":{"rendered":"O Egipto e o Mundo \u2013 Passado e Presente"},"content":{"rendered":"<h2 class=\"wpforo-forum-icon\" style=\"text-align: center;\">O Egipto e o Mundo \u2013 Passado e Presente<\/h2>\n<div class=\"wpforo-forum-info\">\n<ul>\n<li class=\"wpforo-forum-title\"><a href=\"https:\/\/egyptianwisdomcenter.org\/pt\/navios-egipcios-e-o-alto-mar-2-2\/\">Os navios eg\u00edpcios e o alto mar<\/a><\/li>\n<li><a href=\"https:\/\/egyptianwisdomcenter.org\/pt\/a-propagacao-da-religiao-egipcia-2-2\/\">A propaga\u00e7\u00e3o da religi\u00e3o eg\u00edpcia<\/a><\/li>\n<li><a href=\"https:\/\/egyptianwisdomcenter.org\/pt\/antigos-assentamentos-egipcios-em-todo-o-mundo\/\">Antigos assentamentos eg\u00edpcios em todo o mundo<\/a><\/li>\n<\/ul>\n<\/div>","protected":false},"excerpt":{"rendered":"<p>Egypt and the World \u2013 Past and Present Egyptian Ships and The High Seas The Spread of the Egyptian Religion Ancient Egyptian [&hellip;]<\/p>","protected":false},"author":3,"featured_media":0,"parent":0,"menu_order":0,"comment_status":"closed","ping_status":"closed","template":"","meta":{"footnotes":""},"class_list":["post-54075","page","type-page","status-publish","hentry"],"aioseo_notices":[],"_links":{"self":[{"href":"https:\/\/egyptianwisdomcenter.org\/pt\/wp-json\/wp\/v2\/pages\/54075","targetHints":{"allow":["GET"]}}],"collection":[{"href":"https:\/\/egyptianwisdomcenter.org\/pt\/wp-json\/wp\/v2\/pages"}],"about":[{"href":"https:\/\/egyptianwisdomcenter.org\/pt\/wp-json\/wp\/v2\/types\/page"}],"author":[{"embeddable":true,"href":"https:\/\/egyptianwisdomcenter.org\/pt\/wp-json\/wp\/v2\/users\/3"}],"replies":[{"embeddable":true,"href":"https:\/\/egyptianwisdomcenter.org\/pt\/wp-json\/wp\/v2\/comments?post=54075"}],"version-history":[{"count":0,"href":"https:\/\/egyptianwisdomcenter.org\/pt\/wp-json\/wp\/v2\/pages\/54075\/revisions"}],"wp:attachment":[{"href":"https:\/\/egyptianwisdomcenter.org\/pt\/wp-json\/wp\/v2\/media?parent=54075"}],"curies":[{"name":"wp","href":"https:\/\/api.w.org\/{rel}","templated":true}]}}