{"id":5529,"date":"2019-03-03T14:37:40","date_gmt":"2019-03-03T19:37:40","guid":{"rendered":"http:\/\/egyptianwisdomcenter.org\/le-patrimoine-musical-egyptien\/"},"modified":"2019-04-29T17:17:32","modified_gmt":"2019-04-29T21:17:32","slug":"le-patrimoine-musical-egyptien","status":"publish","type":"page","link":"https:\/\/egyptianwisdomcenter.org\/pt\/le-patrimoine-musical-egyptien\/","title":{"rendered":"Le patrimoine musical \u00e9gyptien"},"content":{"rendered":"<h1 style=\"text-align: center;\">Le patrimoine musical \u00e9gyptien<\/h1>\n<ul>\n<li><a href=\"https:\/\/egyptianwisdomcenter.org\/fr\/un-apercu-du-patrimoine-musical-egyptien\/\">Un aper\u00e7u du patrimoine musical \u00e9gyptien<\/a><\/li>\n<li><a href=\"https:\/\/egyptianwisdomcenter.org\/fr\/le-systeme-musical-cosmique-archetypal-lharmonie-des-spheres\/\">Le syst\u00e8me musical cosmique arch\u00e9typal-l&#8217;harmonie des sph\u00e8res<\/a><\/li>\n<li><a href=\"https:\/\/egyptianwisdomcenter.org\/fr\/dynamisation-de-la-semaine-diatonique\/\">Dynamisation de la semaine diatonique<\/a><\/li>\n<li><a href=\"https:\/\/egyptianwisdomcenter.org\/fr\/le-cycle-des-cinquiemes-et-lunite-de-mesure-musicale-egyptienne\/\">Le cycle des cinqui\u00e8mes et l&#8217;unit\u00e9 de mesure musicale \u00e9gyptienne<\/a><\/li>\n<li><a href=\"https:\/\/egyptianwisdomcenter.org\/fr\/les-capacites-globales-des-harpes-egyptiennes-antiques\/\">Les capacit\u00e9s globales des harpes \u00e9gyptiennes antiques<\/a><\/li>\n<li><a href=\"https:\/\/egyptianwisdomcenter.org\/fr\/les-orchestres-musicaux\/\">Les orchestres musicaux<\/a><\/li>\n<li><a href=\"https:\/\/egyptianwisdomcenter.org\/fr\/le-timing-rythmique\/\">Le timing rythmique<\/a><\/li>\n<li><a href=\"https:\/\/egyptianwisdomcenter.org\/fr\/le-systeme-decriture-musical-tonal-egyptien-complet\/\">Le syst\u00e8me d&#8217;\u00e9criture [musical] tonal \u00e9gyptien complet<\/a><\/li>\n<\/ul>","protected":false},"excerpt":{"rendered":"<p>Le patrimoine musical \u00e9gyptien Un aper\u00e7u du patrimoine musical \u00e9gyptien Le syst\u00e8me musical cosmique arch\u00e9typal-l&#8217;harmonie des sph\u00e8res Dynamisation de la semaine diatonique [&hellip;]<\/p>","protected":false},"author":3,"featured_media":0,"parent":0,"menu_order":0,"comment_status":"closed","ping_status":"closed","template":"","meta":{"footnotes":""},"class_list":["post-5529","page","type-page","status-publish","hentry"],"aioseo_notices":[],"_links":{"self":[{"href":"https:\/\/egyptianwisdomcenter.org\/pt\/wp-json\/wp\/v2\/pages\/5529","targetHints":{"allow":["GET"]}}],"collection":[{"href":"https:\/\/egyptianwisdomcenter.org\/pt\/wp-json\/wp\/v2\/pages"}],"about":[{"href":"https:\/\/egyptianwisdomcenter.org\/pt\/wp-json\/wp\/v2\/types\/page"}],"author":[{"embeddable":true,"href":"https:\/\/egyptianwisdomcenter.org\/pt\/wp-json\/wp\/v2\/users\/3"}],"replies":[{"embeddable":true,"href":"https:\/\/egyptianwisdomcenter.org\/pt\/wp-json\/wp\/v2\/comments?post=5529"}],"version-history":[{"count":0,"href":"https:\/\/egyptianwisdomcenter.org\/pt\/wp-json\/wp\/v2\/pages\/5529\/revisions"}],"wp:attachment":[{"href":"https:\/\/egyptianwisdomcenter.org\/pt\/wp-json\/wp\/v2\/media?parent=5529"}],"curies":[{"name":"wp","href":"https:\/\/api.w.org\/{rel}","templated":true}]}}