{"id":68536,"date":"2020-04-29T23:59:24","date_gmt":"2020-04-29T23:59:24","guid":{"rendered":"http:\/\/isisrisesoperetta.com\/?page_id=86"},"modified":"2024-03-19T12:52:07","modified_gmt":"2024-03-19T16:52:07","slug":"scene-1","status":"publish","type":"page","link":"https:\/\/egyptianwisdomcenter.org\/pt\/as-cenas\/cena-1\/","title":{"rendered":"ato 1"},"content":{"rendered":"<p style=\"margin-top: 25px; margin-left: 10px; font-size: 16px; font-weight: bold;\"><a href=\"https:\/\/egyptianwisdomcenter.org\/pt\/operetta\/\">Sobre<\/a> | <a href=\"\/pt\/production-team\/\">Equipe de produ\u00e7\u00e3o<\/a> | <a href=\"\/pt\/trailer\/\">Reboque<\/a> | <a href=\"\/pt\/product\/isis-rises-operetta\/\">Compra de v\u00eddeo<\/a> | <a href=\"https:\/\/egyptianwisdomcenter.org\/pt\/licenciamento-de-direitos\/\">Direitos e Licenciamento<\/a> | <a href=\"https:\/\/egyptianwisdomcenter.org\/pt\/as-cenas\/cena-1\/\">ato 1<\/a> | <a href=\"https:\/\/egyptianwisdomcenter.org\/pt\/as-cenas\/cena-2\/\">Ato 2<\/a> | <a href=\"https:\/\/egyptianwisdomcenter.org\/pt\/as-cenas\/cena-3\/\">Ato 3<\/a> | <a href=\"https:\/\/egyptianwisdomcenter.org\/pt\/as-cenas\/cena-4\/\">Ato 4<\/a> | <a href=\"https:\/\/egyptianwisdomcenter.org\/pt\/as-cenas\/cena-5\/\">Ato 5<\/a> | <a href=\"https:\/\/egyptianwisdomcenter.org\/pt\/as-cenas\/cena-6\/\">Ato 6<\/a> | <a href=\"https:\/\/egyptianwisdomcenter.org\/pt\/isis-rises-operetta-free-book\/\">Free Book<\/a><\/p>\n<h1>Isis Rises Operetta &#8211; Act 1<\/h1>\n<div>\n<h3><span style=\"color: #ff0000;\">Resumo do Ato 1 \u2013 Retorno e Subseq\u00fcente Morte de Os\u00edris<\/span><\/h3>\n<\/div>\n<p><span style=\"font-weight: 400;\">a- Come\u00e7amos com uma tela mostrando o cosmos \u2014 depois a Terra \u2014 depois o Egito e o Nilo [de cima] \u2014 Nossa hist\u00f3ria come\u00e7a na ponta do Delta.<\/span><\/p>\n<p><span style=\"font-weight: 400;\">b- Dan\u00e7arinos com galhos de palmeira est\u00e3o conversando e esperando a chegada de algu\u00e9m especial!<\/span><\/p>\n<p><span style=\"font-weight: 400;\">c- Quando Os\u00edris aparece ao longe, a multid\u00e3o irrompe de alegria e a t\u00edpica comemora\u00e7\u00e3o eg\u00edpcia zaghared [zumbido de l\u00ednguas nas bocas]. Duas dan\u00e7arinas apresentam uma tigela de frutas cada uma para Os\u00edris<\/span><\/p>\n<p><span style=\"font-weight: 400;\">A m\u00fasica alegre irrompe e as sete dan\u00e7arinas abrem m\u00e3o dos galhos das palmeiras em uma dan\u00e7a caseira de boas-vindas para Os\u00edris.<\/span><\/p>\n<p><span style=\"font-weight: 400;\">d- Em homenagem ao retorno seguro de Os\u00edris, as sete dan\u00e7arinas[musas]realizam a dan\u00e7a do l\u00f3tus. As dan\u00e7arinas usam a t\u00edpica faixa feminina eg\u00edpcia com uma flor de l\u00f3tus presa \u00e0 faixa, para esta apresenta\u00e7\u00e3o de dan\u00e7a em particular. Eles tamb\u00e9m seguram um emblema na forma de uma flor de l\u00f3tus como adere\u00e7o em sua apresenta\u00e7\u00e3o de dan\u00e7a.<\/span><\/p>\n<p><span style=\"font-weight: 400;\">e- Dan\u00e7arinos saem - entram personagens [masculinos] sombrios carregando um caix\u00e3o simples. Eles abrem a tampa e convidam Os\u00edris para testar o caix\u00e3o. Os\u00edris se deita nele. Eles rapidamente fecharam a tampa e a selaram. Eles carregaram o caix\u00e3o at\u00e9 o Nilo e o jogaram nas \u00e1guas correntes do Nilo.<\/span><\/p>\n<p><span style=\"font-weight: 400;\">f- A tela do palco mostra como o caix\u00e3o contendo o corpo de Os\u00edris percorre o bra\u00e7o oriental do Delta do Nilo Northwood em dire\u00e7\u00e3o ao Mar Mediterr\u00e2neo; e de l\u00e1 para uma costa distante com um local verdejante que cont\u00e9m uma \u00e1rvore magn\u00edfica!<\/span><\/p>\n<p><span style=\"font-weight: 400;\">g- De volta ao local original onde tudo come\u00e7ou, as sete dan\u00e7arinas aparecem no palco chorando em desespero - sons de pombas chorando - \u00cdsis parece angustiada. \u00cdsis [em seu vestido dourado] participa da dan\u00e7a da &#039;lamenta\u00e7\u00e3o&#039;.<\/span><\/p>\n<p><span style=\"font-weight: 400;\">h- As mulheres\/dan\u00e7arinas chorando v\u00e3o embora e \u00cdsis fica sozinha no palco. Ela continua com a dan\u00e7a do Lamento. Ent\u00e3o ela sentou-se sozinha chorando!<\/span><\/p>\n<p>&nbsp;<\/p>\n<p>&nbsp;<\/p>\n<p>&nbsp;<\/p>\n<p><span style=\"font-weight: 400;\">Dan\u00e7ando com galhos de palmeiras.<\/span><\/p>\n<p><img decoding=\"async\" class=\"alignnone size-full wp-image-310\" src=\"http:\/\/isisrisesoperetta.com\/wp-content\/uploads\/2022\/02\/welcoming-with-palm-tree-branches.png\" alt=\"\" width=\"202\" height=\"123\" \/><\/p>\n<p>&nbsp;<\/p>\n<p>&nbsp;<\/p>\n<p class=\"p1\">Cena 1 da Opereta, a terceira apresenta\u00e7\u00e3o de dan\u00e7a \u00e9 das &#039;mulheres que choram&#039;. Abaixo est\u00e1 uma representa\u00e7\u00e3o do Egito Antigo de uma situa\u00e7\u00e3o semelhante.<\/p>\n<p><img fetchpriority=\"high\" decoding=\"async\" class=\"size-full wp-image-408\" src=\"https:\/\/egyptianwisdomcenter.org\/wp-content\/uploads\/2022\/06\/download1.jpg\" alt=\"\" width=\"671\" height=\"651\" \/><\/p>\n<p><img decoding=\"async\" class=\"alignnone size-large wp-image-825\" src=\"https:\/\/egyptianwisdomcenter.org\/wp-content\/uploads\/2023\/08\/STB_1020_web-1024x683.jpg\" alt=\"\" width=\"1024\" height=\"683\" \/><\/p>\n<p><img loading=\"lazy\" decoding=\"async\" class=\"alignnone size-large wp-image-824\" src=\"https:\/\/egyptianwisdomcenter.org\/wp-content\/uploads\/2023\/08\/STB_1011_web-1024x683.jpg\" alt=\"\" width=\"1024\" height=\"683\" \/><\/p>\n<p><img loading=\"lazy\" decoding=\"async\" class=\"alignnone size-large wp-image-822\" src=\"https:\/\/egyptianwisdomcenter.org\/wp-content\/uploads\/2023\/08\/STB_0936_web-1024x683.jpg\" alt=\"\" width=\"1024\" height=\"683\" \/><\/p>\n<p><img loading=\"lazy\" decoding=\"async\" class=\"alignnone size-large wp-image-821\" src=\"https:\/\/egyptianwisdomcenter.org\/wp-content\/uploads\/2023\/08\/STB_1199_web-1024x683.jpg\" alt=\"\" width=\"1024\" height=\"683\" \/><\/p>\n<p><img loading=\"lazy\" decoding=\"async\" class=\"alignnone size-large wp-image-820\" src=\"https:\/\/egyptianwisdomcenter.org\/wp-content\/uploads\/2023\/08\/STB_1165_web-1024x683.jpg\" alt=\"\" width=\"1024\" height=\"683\" \/><\/p>\n<p><img loading=\"lazy\" decoding=\"async\" class=\"alignnone size-large wp-image-819\" src=\"https:\/\/egyptianwisdomcenter.org\/wp-content\/uploads\/2023\/08\/STB_1155_web-1024x683.jpg\" alt=\"\" width=\"1024\" height=\"683\" \/><\/p>\n<p><img loading=\"lazy\" decoding=\"async\" class=\"size-large wp-image-818 alignleft\" src=\"https:\/\/egyptianwisdomcenter.org\/wp-content\/uploads\/2023\/08\/STB_1144_web-1024x683.jpg\" alt=\"\" width=\"1024\" height=\"683\" \/><\/p>\n<p><img loading=\"lazy\" decoding=\"async\" class=\"alignnone size-large wp-image-817\" src=\"https:\/\/egyptianwisdomcenter.org\/wp-content\/uploads\/2023\/08\/STB_1135_web-1024x683.jpg\" alt=\"\" width=\"1024\" height=\"683\" \/><\/p>\n<p><img loading=\"lazy\" decoding=\"async\" class=\"alignnone size-large wp-image-816\" src=\"https:\/\/egyptianwisdomcenter.org\/wp-content\/uploads\/2023\/08\/STB_1121_web-1024x683.jpg\" alt=\"\" width=\"1024\" height=\"683\" \/><\/p>\n<p><img loading=\"lazy\" decoding=\"async\" class=\"alignnone size-large wp-image-815\" src=\"https:\/\/egyptianwisdomcenter.org\/wp-content\/uploads\/2023\/08\/STB_1118_web-1024x683.jpg\" alt=\"\" width=\"1024\" height=\"683\" \/><\/p>\n<p><img loading=\"lazy\" decoding=\"async\" class=\"alignnone size-large wp-image-814\" src=\"https:\/\/egyptianwisdomcenter.org\/wp-content\/uploads\/2023\/08\/STB_1087_web-1024x683.jpg\" alt=\"\" width=\"1024\" height=\"683\" \/><\/p>\n<p><img loading=\"lazy\" decoding=\"async\" class=\"size-large wp-image-813 alignnone\" src=\"https:\/\/egyptianwisdomcenter.org\/wp-content\/uploads\/2023\/08\/STB_1040_web-1024x683.jpg\" alt=\"\" width=\"1024\" height=\"683\" \/><\/p>\n<p><img loading=\"lazy\" decoding=\"async\" class=\"size-large wp-image-829\" src=\"https:\/\/egyptianwisdomcenter.org\/wp-content\/uploads\/2023\/08\/STB_1771_web-1024x683.jpg\" alt=\"\" width=\"1024\" height=\"683\" \/><\/p>\n<p><img loading=\"lazy\" decoding=\"async\" class=\"size-large wp-image-830\" src=\"https:\/\/egyptianwisdomcenter.org\/wp-content\/uploads\/2023\/08\/STB_1845_web-1024x683.jpg\" alt=\"\" width=\"1024\" height=\"683\" \/><\/p>\n<p><img loading=\"lazy\" decoding=\"async\" class=\"size-large wp-image-831\" src=\"https:\/\/egyptianwisdomcenter.org\/wp-content\/uploads\/2023\/08\/STB_1914_web-1024x683.jpg\" alt=\"\" width=\"1024\" height=\"683\" \/><\/p>\n<p><img loading=\"lazy\" decoding=\"async\" class=\"size-large wp-image-832\" src=\"https:\/\/egyptianwisdomcenter.org\/wp-content\/uploads\/2023\/08\/STB_1919_web-1024x683.jpg\" alt=\"\" width=\"1024\" height=\"683\" \/><\/p>\n<p><img loading=\"lazy\" decoding=\"async\" class=\"size-large wp-image-833\" src=\"https:\/\/egyptianwisdomcenter.org\/wp-content\/uploads\/2023\/08\/STB_2074_web-1024x683.jpg\" alt=\"\" width=\"1024\" height=\"683\" \/><\/p>\n<p><img loading=\"lazy\" decoding=\"async\" class=\"size-large wp-image-834\" src=\"https:\/\/egyptianwisdomcenter.org\/wp-content\/uploads\/2023\/08\/STB_2203_web-1024x683.jpg\" alt=\"\" width=\"1024\" height=\"683\" \/><\/p>\n<p><img loading=\"lazy\" decoding=\"async\" class=\"size-large wp-image-835\" src=\"https:\/\/egyptianwisdomcenter.org\/wp-content\/uploads\/2023\/08\/STB_2321_web-1024x683.jpg\" alt=\"\" width=\"1024\" height=\"683\" \/><\/p>\n<p><img loading=\"lazy\" decoding=\"async\" class=\"size-large wp-image-836\" src=\"https:\/\/egyptianwisdomcenter.org\/wp-content\/uploads\/2023\/08\/STB_2384_web-1024x683.jpg\" alt=\"\" width=\"1024\" height=\"683\" \/><\/p>\n<p><img loading=\"lazy\" decoding=\"async\" class=\"size-large wp-image-837\" src=\"https:\/\/egyptianwisdomcenter.org\/wp-content\/uploads\/2023\/08\/STB_2433_web-1024x683.jpg\" alt=\"\" width=\"1024\" height=\"683\" \/><\/p>\n<p><img loading=\"lazy\" decoding=\"async\" class=\"size-large wp-image-838\" src=\"https:\/\/egyptianwisdomcenter.org\/wp-content\/uploads\/2023\/08\/STB_2434_web-1024x683.jpg\" alt=\"\" width=\"1024\" height=\"683\" \/><\/p>\n<p><img loading=\"lazy\" decoding=\"async\" class=\"size-large wp-image-839\" src=\"https:\/\/egyptianwisdomcenter.org\/wp-content\/uploads\/2023\/08\/STB_2510_web-1024x683.jpg\" alt=\"\" width=\"1024\" height=\"683\" \/><\/p>\n<p><img loading=\"lazy\" decoding=\"async\" class=\"size-large wp-image-840\" src=\"https:\/\/egyptianwisdomcenter.org\/wp-content\/uploads\/2023\/08\/STB_2522_web-1024x683.jpg\" alt=\"\" width=\"1024\" height=\"683\" \/><\/p>\n<p><img loading=\"lazy\" decoding=\"async\" class=\"size-large wp-image-841\" src=\"https:\/\/egyptianwisdomcenter.org\/wp-content\/uploads\/2023\/08\/STB_2527_web-1024x683.jpg\" alt=\"\" width=\"1024\" height=\"683\" \/><\/p>\n<p><img loading=\"lazy\" decoding=\"async\" class=\"size-large wp-image-842\" src=\"https:\/\/egyptianwisdomcenter.org\/wp-content\/uploads\/2023\/08\/STB_2636_web-1024x683.jpg\" alt=\"\" width=\"1024\" height=\"683\" \/><\/p>\n<p><img loading=\"lazy\" decoding=\"async\" class=\"size-large wp-image-843\" src=\"https:\/\/egyptianwisdomcenter.org\/wp-content\/uploads\/2023\/08\/STB_1212_web-1024x683.jpg\" alt=\"\" width=\"1024\" height=\"683\" \/><\/p>\n<p><img loading=\"lazy\" decoding=\"async\" class=\"size-large wp-image-844\" src=\"https:\/\/egyptianwisdomcenter.org\/wp-content\/uploads\/2023\/08\/STB_1273_web-1024x683.jpg\" alt=\"\" width=\"1024\" height=\"683\" \/><\/p>\n<p><img loading=\"lazy\" decoding=\"async\" class=\"size-large wp-image-845\" src=\"https:\/\/egyptianwisdomcenter.org\/wp-content\/uploads\/2023\/08\/STB_1310_web-1024x683.jpg\" alt=\"\" width=\"1024\" height=\"683\" \/><\/p>\n<p><img loading=\"lazy\" decoding=\"async\" class=\"size-large wp-image-846\" src=\"https:\/\/egyptianwisdomcenter.org\/wp-content\/uploads\/2023\/08\/STB_1391_web-1024x683.jpg\" alt=\"\" width=\"1024\" height=\"683\" \/><\/p>\n<p><img loading=\"lazy\" decoding=\"async\" class=\"size-large wp-image-848\" src=\"https:\/\/egyptianwisdomcenter.org\/wp-content\/uploads\/2023\/08\/STB_1598_web-1024x683.jpg\" alt=\"\" width=\"1024\" height=\"683\" \/><\/p>\n<p><img loading=\"lazy\" decoding=\"async\" class=\"size-large wp-image-849\" src=\"https:\/\/egyptianwisdomcenter.org\/wp-content\/uploads\/2023\/08\/STB_1754_web-1024x683.jpg\" alt=\"\" width=\"1024\" height=\"683\" \/><\/p>\n<p style=\"text-align: center;\">\n<style>body,.content-inner{background:#FCD701 !important;<\/style><\/p>","protected":false},"excerpt":{"rendered":"<p>About | Production Team | Trailer | Video Purchase | Rights &amp; Licensing | Act 1 | Act 2 | Act 3 [&hellip;]<\/p>","protected":false},"author":3,"featured_media":0,"parent":68534,"menu_order":0,"comment_status":"closed","ping_status":"closed","template":"","meta":{"footnotes":""},"class_list":["post-68536","page","type-page","status-publish","hentry"],"aioseo_notices":[],"_links":{"self":[{"href":"https:\/\/egyptianwisdomcenter.org\/pt\/wp-json\/wp\/v2\/pages\/68536","targetHints":{"allow":["GET"]}}],"collection":[{"href":"https:\/\/egyptianwisdomcenter.org\/pt\/wp-json\/wp\/v2\/pages"}],"about":[{"href":"https:\/\/egyptianwisdomcenter.org\/pt\/wp-json\/wp\/v2\/types\/page"}],"author":[{"embeddable":true,"href":"https:\/\/egyptianwisdomcenter.org\/pt\/wp-json\/wp\/v2\/users\/3"}],"replies":[{"embeddable":true,"href":"https:\/\/egyptianwisdomcenter.org\/pt\/wp-json\/wp\/v2\/comments?post=68536"}],"version-history":[{"count":15,"href":"https:\/\/egyptianwisdomcenter.org\/pt\/wp-json\/wp\/v2\/pages\/68536\/revisions"}],"predecessor-version":[{"id":69066,"href":"https:\/\/egyptianwisdomcenter.org\/pt\/wp-json\/wp\/v2\/pages\/68536\/revisions\/69066"}],"up":[{"embeddable":true,"href":"https:\/\/egyptianwisdomcenter.org\/pt\/wp-json\/wp\/v2\/pages\/68534"}],"wp:attachment":[{"href":"https:\/\/egyptianwisdomcenter.org\/pt\/wp-json\/wp\/v2\/media?parent=68536"}],"curies":[{"name":"wp","href":"https:\/\/api.w.org\/{rel}","templated":true}]}}