{"id":68537,"date":"2020-04-30T00:22:11","date_gmt":"2020-04-30T00:22:11","guid":{"rendered":"http:\/\/isisrisesoperetta.com\/?page_id=89"},"modified":"2024-03-19T12:52:09","modified_gmt":"2024-03-19T16:52:09","slug":"scene-2","status":"publish","type":"page","link":"https:\/\/egyptianwisdomcenter.org\/pt\/as-cenas\/cena-2\/","title":{"rendered":"Ato 2"},"content":{"rendered":"<p style=\"margin-top: 25px; margin-left: 10px; font-size: 16px; font-weight: bold;\"><a href=\"https:\/\/egyptianwisdomcenter.org\/pt\/operetta\/\">Sobre<\/a> | <a href=\"\/pt\/production-team\/\">Equipe de produ\u00e7\u00e3o<\/a> | <a href=\"\/pt\/trailer\/\">Reboque<\/a> | <a href=\"\/pt\/product\/isis-rises-operetta\/\">Compra de v\u00eddeo<\/a> | <a href=\"https:\/\/egyptianwisdomcenter.org\/pt\/licenciamento-de-direitos\/\">Direitos e Licenciamento<\/a> | <a href=\"https:\/\/egyptianwisdomcenter.org\/pt\/as-cenas\/cena-1\/\">ato 1<\/a> | <a href=\"https:\/\/egyptianwisdomcenter.org\/pt\/as-cenas\/cena-2\/\">Ato 2<\/a> | <a href=\"https:\/\/egyptianwisdomcenter.org\/pt\/as-cenas\/cena-3\/\">Ato 3<\/a> | <a href=\"https:\/\/egyptianwisdomcenter.org\/pt\/as-cenas\/cena-4\/\">Ato 4<\/a> | <a href=\"https:\/\/egyptianwisdomcenter.org\/pt\/as-cenas\/cena-5\/\">Ato 5<\/a> | <a href=\"https:\/\/egyptianwisdomcenter.org\/pt\/as-cenas\/cena-6\/\">Ato 6<\/a> | <a href=\"https:\/\/egyptianwisdomcenter.org\/pt\/isis-rises-operetta-free-book\/\">Free Book<\/a><\/p>\n<h1>Isis Rises Operetta &#8211; Act 2<\/h1>\n<div class=\"gmail_default\">\n<div class=\"gmail_default\">\n<h3><span style=\"color: #ff0000;\">Resumo do Ato 2 \u2013 Fora da boca dos beb\u00eas!<\/span><\/h3>\n<p><span style=\"font-weight: 400;\">a- \u00cdsis est\u00e1 sentada no canto mais afastado do palco, cansada e desanimada, enquanto cinco crian\u00e7as brincam\/dan\u00e7am ao som de &#039;Yamama Byda\u201d [uma can\u00e7\u00e3o folcl\u00f3rica infantil eg\u00edpcia sobre a Pomba Branca].\u00a0\u00a0<\/span><\/p>\n<p><span style=\"font-weight: 400;\">b- As crian\u00e7as notaram as tristes condi\u00e7\u00f5es de \u00cdsis. Eles pararam de brincar, sentindo pena da enlutada \u00cdsis. Eles se aproximaram dela para perguntar o que havia de errado?!<\/span><\/p>\n<p><span style=\"font-weight: 400;\">c- \u00cdsis disse a eles que est\u00e1 procurando desesperadamente pelo Os\u00edris perdido. Ela perguntou se eles sabiam alguma coisa sobre o paradeiro de Os\u00edris.<\/span><\/p>\n<p><span style=\"font-weight: 400;\">d- Eles disseram para ela encontr\u00e1-lo em uma \u00e1rvore e apontaram na dire\u00e7\u00e3o dela. A tela do palco mostra uma \u00e1rvore magn\u00edfica!<\/span><\/p>\n<p><span style=\"font-weight: 400;\">e-\u00cdsis agradeceu \u00e0s crian\u00e7as e acenou antes de sair para seguir a orienta\u00e7\u00e3o dada.<\/span><\/p>\n<p><span style=\"font-weight: 400;\">f- As crian\u00e7as voltaram a brincar.<\/span><\/p>\n<\/div>\n<p>&nbsp;<\/p>\n<p>&nbsp;<\/p>\n<p><span style=\"font-weight: 400;\">Os\u00edris embutido em uma \u00e1rvore perene<\/span><\/p>\n<p><img fetchpriority=\"high\" decoding=\"async\" class=\"alignnone size-full wp-image-315\" src=\"http:\/\/isisrisesoperetta.com\/wp-content\/uploads\/2022\/02\/embedded-into-evergreen-tree.png\" alt=\"\" width=\"289\" height=\"179\" \/><\/p>\n<\/div>\n<style>body,.content-inner{background:#FCD701 !important;<\/style>","protected":false},"excerpt":{"rendered":"<p>About | Production Team | Trailer | Video Purchase | Rights &amp; Licensing | Act 1 | Act 2 | Act 3 [&hellip;]<\/p>","protected":false},"author":3,"featured_media":0,"parent":68534,"menu_order":0,"comment_status":"closed","ping_status":"closed","template":"","meta":{"footnotes":""},"class_list":["post-68537","page","type-page","status-publish","hentry"],"aioseo_notices":[],"_links":{"self":[{"href":"https:\/\/egyptianwisdomcenter.org\/pt\/wp-json\/wp\/v2\/pages\/68537","targetHints":{"allow":["GET"]}}],"collection":[{"href":"https:\/\/egyptianwisdomcenter.org\/pt\/wp-json\/wp\/v2\/pages"}],"about":[{"href":"https:\/\/egyptianwisdomcenter.org\/pt\/wp-json\/wp\/v2\/types\/page"}],"author":[{"embeddable":true,"href":"https:\/\/egyptianwisdomcenter.org\/pt\/wp-json\/wp\/v2\/users\/3"}],"replies":[{"embeddable":true,"href":"https:\/\/egyptianwisdomcenter.org\/pt\/wp-json\/wp\/v2\/comments?post=68537"}],"version-history":[{"count":10,"href":"https:\/\/egyptianwisdomcenter.org\/pt\/wp-json\/wp\/v2\/pages\/68537\/revisions"}],"predecessor-version":[{"id":69067,"href":"https:\/\/egyptianwisdomcenter.org\/pt\/wp-json\/wp\/v2\/pages\/68537\/revisions\/69067"}],"up":[{"embeddable":true,"href":"https:\/\/egyptianwisdomcenter.org\/pt\/wp-json\/wp\/v2\/pages\/68534"}],"wp:attachment":[{"href":"https:\/\/egyptianwisdomcenter.org\/pt\/wp-json\/wp\/v2\/media?parent=68537"}],"curies":[{"name":"wp","href":"https:\/\/api.w.org\/{rel}","templated":true}]}}