{"id":68538,"date":"2020-04-30T00:22:57","date_gmt":"2020-04-30T00:22:57","guid":{"rendered":"http:\/\/isisrisesoperetta.com\/?page_id=91"},"modified":"2024-03-19T12:52:13","modified_gmt":"2024-03-19T16:52:13","slug":"scene-3","status":"publish","type":"page","link":"https:\/\/egyptianwisdomcenter.org\/pt\/as-cenas\/cena-3\/","title":{"rendered":"Ato 3"},"content":{"rendered":"<p style=\"margin-top: 25px; margin-left: 10px; font-size: 16px; font-weight: bold;\"><a href=\"https:\/\/egyptianwisdomcenter.org\/pt\/operetta\/\">Sobre<\/a> | <a href=\"\/pt\/production-team\/\">Equipe de produ\u00e7\u00e3o<\/a> | <a href=\"\/pt\/trailer\/\">Reboque<\/a> | <a href=\"\/pt\/product\/isis-rises-operetta\/\">Compra de v\u00eddeo<\/a> | <a href=\"https:\/\/egyptianwisdomcenter.org\/pt\/licenciamento-de-direitos\/\">Direitos e Licenciamento<\/a> | <a href=\"https:\/\/egyptianwisdomcenter.org\/pt\/as-cenas\/cena-1\/\">ato 1<\/a> | <a href=\"https:\/\/egyptianwisdomcenter.org\/pt\/as-cenas\/cena-2\/\">Ato 2<\/a> | <a href=\"https:\/\/egyptianwisdomcenter.org\/pt\/as-cenas\/cena-3\/\">Ato 3<\/a> | <a href=\"https:\/\/egyptianwisdomcenter.org\/pt\/as-cenas\/cena-4\/\">Ato 4<\/a> | <a href=\"https:\/\/egyptianwisdomcenter.org\/pt\/as-cenas\/cena-5\/\">Ato 5<\/a> | <a href=\"https:\/\/egyptianwisdomcenter.org\/pt\/as-cenas\/cena-6\/\">Ato 6<\/a> | <a href=\"https:\/\/egyptianwisdomcenter.org\/pt\/isis-rises-operetta-free-book\/\">Free Book<\/a><\/p>\n<h1>Isis Rises Operetta &#8211; Act 3<\/h1>\n<div>\n<h3><span style=\"color: #ff0000;\">Resumo do Ato 3 \u2013 A \u00c1rvore Sagrada da Vida<\/span><\/h3>\n<\/div>\n<div class=\"gmail_default\">\n<div class=\"gmail_default\">\n<div class=\"gmail_default\">\n<p><span style=\"font-weight: 400;\">a- A tela do palco mostra o cen\u00e1rio, enquanto \u00cdsis se aproxima da \u00e1rvore que as crian\u00e7as lhe falaram.<\/span><\/p>\n<p><span style=\"font-weight: 400;\">b- \u00cdsis avan\u00e7a em dire\u00e7\u00e3o \u00e0 \u00c1rvore e se depara com um grupo de dan\u00e7arinas representando empregadas dom\u00e9sticas varrendo ritualisticamente o ch\u00e3o ao redor da \u00e1rvore com galhos de \u00e1rvore.<\/span><\/p>\n<p><span style=\"font-weight: 400;\">c- Ap\u00f3s 1-2 minutos, \u00cdsis se junta \u00e0s donzelas em sua dan\u00e7a ritual\u00edstica de limpeza.<\/span><\/p>\n<p><span style=\"font-weight: 400;\">d- Poucos minutos depois, \u00cdsis n\u00e3o aguentou mais esperar e se separou das dan\u00e7arinas e foi em dire\u00e7\u00e3o \u00e0 \u00e1rvore.<\/span><\/p>\n<p><span style=\"font-weight: 400;\">e- Com muito cuidado ela tocou a \u00e1rvore com o dedo indicador \u2013 um raio irrompe e o palco fica escuro por um segundo. Sim, a \u00c1rvore cont\u00e9m o Corpo de Os\u00edris. \u00cdsis est\u00e1 exultante e abra\u00e7a a \u00c1rvore \u2013 em ess\u00eancia ela est\u00e1 abra\u00e7ando Os\u00edris<\/span><\/p>\n<p><span style=\"font-weight: 400;\">f- Ao som [sem letra] de Lama Bada Yatathana, Isis dan\u00e7a como uma \u00e1rvore viva na brisa.<\/span><\/p>\n<p><span style=\"font-weight: 400;\">g- Tendo se reencontrado com \u00cdsis, a lua cheia aparece no c\u00e9u para Os\u00edris simboliza <\/span><i><span style=\"font-weight: 400;\">A lua<\/span><\/i><span style=\"font-weight: 400;\"> \u2013 cuja luz \u00e9 o reflexo da luz solar \u2013 simbolizada por \u00cdsis!<\/span><\/p>\n<p><span style=\"font-weight: 400;\">Mas esta Lua Cheia \u00e9 especial porque \u00e9 uma Lua Azul \u2013 uma ocasi\u00e3o rara!<\/span><\/p>\n<p><span style=\"font-weight: 400;\">h- As sete donzelas dan\u00e7am ao luar [s\u00edmbolo de Os\u00edris] \u2014 a Dan\u00e7a da Fertilidade.<\/span><\/p>\n<p><span style=\"font-weight: 400;\">i- As luzes s\u00e3o apagadas e a tela mostra uma vis\u00e3o geral da rota de viagem de \u00cdsis e do corpo de Os\u00edris [depois de remover a \u00e1rvore ao redor] \u2013 do local da \u00e1rvore at\u00e9 a costa, atrav\u00e9s das \u00e1guas abertas do Mar Mediterr\u00e2neo e de volta ao Egito \u2014 nos p\u00e2ntanos entre a cidade de Damietta e o Lago Manzala.<\/span><\/p>\n<p>&nbsp;<\/p>\n<p><span style=\"font-weight: 400;\">Os\u00edris embutido em uma \u00e1rvore perene<br \/>\n<\/span><\/p>\n<p><img fetchpriority=\"high\" decoding=\"async\" class=\"alignnone size-full wp-image-315\" src=\"http:\/\/isisrisesoperetta.com\/wp-content\/uploads\/2022\/02\/embedded-into-evergreen-tree.png\" alt=\"\" width=\"289\" height=\"179\" \/><\/p>\n<p>A dan\u00e7a da lua com pandeiros em forma de lua<\/p>\n<p><img decoding=\"async\" class=\"alignnone size-full wp-image-316\" src=\"http:\/\/isisrisesoperetta.com\/wp-content\/uploads\/2022\/02\/moon-dance.png\" alt=\"\" width=\"227\" height=\"244\" \/><\/p>\n<p><img decoding=\"async\" class=\"alignnone wp-image-319\" src=\"http:\/\/isisrisesoperetta.com\/wp-content\/uploads\/2022\/02\/moon-dance-2.png\" alt=\"\" width=\"219\" height=\"322\" \/><\/p>\n<p><img loading=\"lazy\" decoding=\"async\" class=\"alignnone size-full wp-image-320\" src=\"http:\/\/isisrisesoperetta.com\/wp-content\/uploads\/2022\/02\/moon-dance-3.png\" alt=\"\" width=\"256\" height=\"232\" \/><\/p>\n<\/div>\n<p><img loading=\"lazy\" decoding=\"async\" class=\"size-large wp-image-857\" src=\"https:\/\/egyptianwisdomcenter.org\/wp-content\/uploads\/2023\/08\/STB_2986_web-1024x683.jpg\" alt=\"\" width=\"1024\" height=\"683\" \/><\/p>\n<p><img loading=\"lazy\" decoding=\"async\" class=\"size-large wp-image-858\" src=\"https:\/\/egyptianwisdomcenter.org\/wp-content\/uploads\/2023\/08\/STB_3007_web-1024x683.jpg\" alt=\"\" width=\"1024\" height=\"683\" \/><\/p>\n<p><img loading=\"lazy\" decoding=\"async\" class=\"size-large wp-image-859\" src=\"https:\/\/egyptianwisdomcenter.org\/wp-content\/uploads\/2023\/08\/STB_3011_web-1024x683.jpg\" alt=\"\" width=\"1024\" height=\"683\" \/><\/p>\n<p><img loading=\"lazy\" decoding=\"async\" class=\"size-large wp-image-860\" src=\"https:\/\/egyptianwisdomcenter.org\/wp-content\/uploads\/2023\/08\/STB_3026_web-1024x683.jpg\" alt=\"\" width=\"1024\" height=\"683\" \/><\/p>\n<p><img loading=\"lazy\" decoding=\"async\" class=\"size-large wp-image-861\" src=\"https:\/\/egyptianwisdomcenter.org\/wp-content\/uploads\/2023\/08\/STB_3096_web-1024x683.jpg\" alt=\"\" width=\"1024\" height=\"683\" \/><\/p>\n<p><img loading=\"lazy\" decoding=\"async\" class=\"size-large wp-image-862\" src=\"https:\/\/egyptianwisdomcenter.org\/wp-content\/uploads\/2023\/08\/STB_3104_web-1024x683.jpg\" alt=\"\" width=\"1024\" height=\"683\" \/><\/p>\n<p><img loading=\"lazy\" decoding=\"async\" class=\"size-large wp-image-863\" src=\"https:\/\/egyptianwisdomcenter.org\/wp-content\/uploads\/2023\/08\/STB_3177_web-1024x683.jpg\" alt=\"\" width=\"1024\" height=\"683\" \/><\/p>\n<p><img loading=\"lazy\" decoding=\"async\" class=\"size-large wp-image-864\" src=\"https:\/\/egyptianwisdomcenter.org\/wp-content\/uploads\/2023\/08\/STB_3190_web-1024x683.jpg\" alt=\"\" width=\"1024\" height=\"683\" \/><\/p>\n<p><img loading=\"lazy\" decoding=\"async\" class=\"size-large wp-image-865\" src=\"https:\/\/egyptianwisdomcenter.org\/wp-content\/uploads\/2023\/08\/STB_3325_web-1024x683.jpg\" alt=\"\" width=\"1024\" height=\"683\" \/><\/p>\n<p><img loading=\"lazy\" decoding=\"async\" class=\"size-large wp-image-866\" src=\"https:\/\/egyptianwisdomcenter.org\/wp-content\/uploads\/2023\/08\/STB_2837_web-1024x683.jpg\" alt=\"\" width=\"1024\" height=\"683\" \/><\/p>\n<p><img loading=\"lazy\" decoding=\"async\" class=\"size-large wp-image-867\" src=\"https:\/\/egyptianwisdomcenter.org\/wp-content\/uploads\/2023\/08\/STB_2975_web-1024x683.jpg\" alt=\"\" width=\"1024\" height=\"683\" \/><\/p>\n<p><img loading=\"lazy\" decoding=\"async\" class=\"size-large wp-image-869\" src=\"https:\/\/egyptianwisdomcenter.org\/wp-content\/uploads\/2023\/08\/STB_2045_web-1024x683.jpg\" alt=\"\" width=\"1024\" height=\"683\" \/><\/p>\n<p><img loading=\"lazy\" decoding=\"async\" class=\"size-large wp-image-870\" src=\"https:\/\/egyptianwisdomcenter.org\/wp-content\/uploads\/2023\/08\/STB_2093_web-1024x683.jpg\" alt=\"\" width=\"1024\" height=\"683\" \/><\/p>\n<p><img loading=\"lazy\" decoding=\"async\" class=\"size-large wp-image-872\" src=\"https:\/\/egyptianwisdomcenter.org\/wp-content\/uploads\/2023\/08\/STB_0857_web-683x1024.jpg\" alt=\"\" width=\"683\" height=\"1024\" \/><\/p>\n<p><img loading=\"lazy\" decoding=\"async\" class=\"size-large wp-image-874\" src=\"https:\/\/egyptianwisdomcenter.org\/wp-content\/uploads\/2023\/08\/STB_1199_web-1-1024x683.jpg\" alt=\"\" width=\"1024\" height=\"683\" \/><\/p>\n<p><img loading=\"lazy\" decoding=\"async\" class=\"size-large wp-image-875\" src=\"https:\/\/egyptianwisdomcenter.org\/wp-content\/uploads\/2023\/08\/STB_1554_web-1024x683.jpg\" alt=\"\" width=\"1024\" height=\"683\" \/><\/p>\n<p><img loading=\"lazy\" decoding=\"async\" class=\"size-large wp-image-876\" src=\"https:\/\/egyptianwisdomcenter.org\/wp-content\/uploads\/2023\/08\/STB_1773_web-1024x683.jpg\" alt=\"\" width=\"1024\" height=\"683\" \/><\/p>\n<\/div>\n<\/div>\n<style>body,.content-inner{background:#FCD701 !important;<\/style>","protected":false},"excerpt":{"rendered":"<p>About | Production Team | Trailer | Video Purchase | Rights &amp; Licensing | Act 1 | Act 2 | Act 3 [&hellip;]<\/p>","protected":false},"author":3,"featured_media":0,"parent":68534,"menu_order":0,"comment_status":"closed","ping_status":"closed","template":"page-templates\/page_fullwidth.php","meta":{"footnotes":""},"class_list":["post-68538","page","type-page","status-publish","hentry"],"aioseo_notices":[],"_links":{"self":[{"href":"https:\/\/egyptianwisdomcenter.org\/pt\/wp-json\/wp\/v2\/pages\/68538","targetHints":{"allow":["GET"]}}],"collection":[{"href":"https:\/\/egyptianwisdomcenter.org\/pt\/wp-json\/wp\/v2\/pages"}],"about":[{"href":"https:\/\/egyptianwisdomcenter.org\/pt\/wp-json\/wp\/v2\/types\/page"}],"author":[{"embeddable":true,"href":"https:\/\/egyptianwisdomcenter.org\/pt\/wp-json\/wp\/v2\/users\/3"}],"replies":[{"embeddable":true,"href":"https:\/\/egyptianwisdomcenter.org\/pt\/wp-json\/wp\/v2\/comments?post=68538"}],"version-history":[{"count":6,"href":"https:\/\/egyptianwisdomcenter.org\/pt\/wp-json\/wp\/v2\/pages\/68538\/revisions"}],"predecessor-version":[{"id":69068,"href":"https:\/\/egyptianwisdomcenter.org\/pt\/wp-json\/wp\/v2\/pages\/68538\/revisions\/69068"}],"up":[{"embeddable":true,"href":"https:\/\/egyptianwisdomcenter.org\/pt\/wp-json\/wp\/v2\/pages\/68534"}],"wp:attachment":[{"href":"https:\/\/egyptianwisdomcenter.org\/pt\/wp-json\/wp\/v2\/media?parent=68538"}],"curies":[{"name":"wp","href":"https:\/\/api.w.org\/{rel}","templated":true}]}}