{"id":68539,"date":"2020-04-30T00:23:13","date_gmt":"2020-04-30T00:23:13","guid":{"rendered":"http:\/\/isisrisesoperetta.com\/?page_id=93"},"modified":"2024-03-19T12:52:17","modified_gmt":"2024-03-19T16:52:17","slug":"scene-4","status":"publish","type":"page","link":"https:\/\/egyptianwisdomcenter.org\/pt\/as-cenas\/cena-4\/","title":{"rendered":"Ato 4"},"content":{"rendered":"<p style=\"margin-top: 25px; margin-left: 10px; font-size: 16px; font-weight: bold;\"><a href=\"https:\/\/egyptianwisdomcenter.org\/pt\/operetta\/\">Sobre<\/a> | <a href=\"\/pt\/production-team\/\">Equipe de produ\u00e7\u00e3o<\/a> | <a href=\"\/pt\/trailer\/\">Reboque<\/a> | <a href=\"\/pt\/product\/isis-rises-operetta\/\">Compra de v\u00eddeo<\/a> | <a href=\"https:\/\/egyptianwisdomcenter.org\/pt\/licenciamento-de-direitos\/\">Direitos e Licenciamento<\/a> | <a href=\"https:\/\/egyptianwisdomcenter.org\/pt\/as-cenas\/cena-1\/\">ato 1<\/a> | <a href=\"https:\/\/egyptianwisdomcenter.org\/pt\/as-cenas\/cena-2\/\">Ato 2<\/a> | <a href=\"https:\/\/egyptianwisdomcenter.org\/pt\/as-cenas\/cena-3\/\">Ato 3<\/a> | <a href=\"https:\/\/egyptianwisdomcenter.org\/pt\/as-cenas\/cena-4\/\">Ato 4<\/a> | <a href=\"https:\/\/egyptianwisdomcenter.org\/pt\/as-cenas\/cena-5\/\">Ato 5<\/a> | <a href=\"https:\/\/egyptianwisdomcenter.org\/pt\/as-cenas\/cena-6\/\">Ato 6<\/a> | <a href=\"https:\/\/egyptianwisdomcenter.org\/pt\/isis-rises-operetta-free-book\/\">Free Book<\/a><\/p>\n<h1>Isis Rises Operetta &#8211; Act 4<\/h1>\n<div>\n<h3><span style=\"color: #ff0000;\">Resumo do Ato 4 \u2013 A Imaculada Concei\u00e7\u00e3o de H\u00f3rus<\/span><\/h3>\n<\/div>\n<div class=\"gmail_default\">\n<div class=\"gmail_default\">\n<div class=\"gmail_default\">\n<div class=\"gmail_default\">\n<p><span style=\"font-weight: 400;\">a- A cena se passa nos p\u00e2ntanos para se esconder das for\u00e7as do mal de Seth e seus c\u00famplices. O corpo sem vida de Os\u00edris [em coma] jaz em um t\u00edpico cais eg\u00edpcio na forma de um le\u00e3o.<\/span><\/p>\n<p><span style=\"font-weight: 400;\">b- \u00cdsis toca o peito de Os\u00edris e sente uma pulsa\u00e7\u00e3o fraca. Ela ent\u00e3o come\u00e7a a implorar para que Os\u00edris se levante novamente. Os\u00edris tenta responder, mas n\u00e3o consegue recuperar a consci\u00eancia!\u00a0<\/span><\/p>\n<p><span style=\"font-weight: 400;\">c- N\u00e3o conseguindo acord\u00e1-lo, \u00cdsis irrompeu chorando por ele!<\/span><\/p>\n<p><span style=\"font-weight: 400;\">d- \u00cdsis decidiu que se n\u00e3o conseguir despertar Os\u00edris, dever\u00e1 encontrar uma maneira de ter um filho dele. \u00cdsis se transformou em um abutre \u2013 abriu as asas e se exp\u00f4s \u00e0s sementes dele [espermatozoides].<\/span><\/p>\n<p><span style=\"font-weight: 400;\">[Deve-se notar que os abutres acasalam \u2013 n\u00e3o por contato direto com os machos \u2013 mas expondo-se aos machos \u00e0 dist\u00e2ncia \u2013 em uma dan\u00e7a ritual\u00edstica.]<\/span><\/p>\n<p><span style=\"font-weight: 400;\">e \u2013 S\u00e3o vis\u00edveis tr\u00eas sons de rel\u00e2mpagos nos c\u00e9us estrelados \u2014 indicativos da imaculada concep\u00e7\u00e3o de H\u00f3rus \u2013 \u00cdsis est\u00e1 gr\u00e1vida!<\/span><\/p>\n<p><span style=\"font-weight: 400;\">A for\u00e7a c\u00f3smica respons\u00e1vel pela sua gravidez foi <\/span><i><span style=\"font-weight: 400;\">MeSSeH. a estrela do crocodilo<\/span><\/i><span style=\"font-weight: 400;\">, conforme Feiti\u00e7o 148 dos Textos do Caix\u00e3o:<\/span><\/p>\n<p><b><i>A estrela do crocodilo (MeSSeH) ataca\u2026 \u00cdsis acorda gr\u00e1vida da semente de Os\u00edris \u2013 nomeadamente H\u00f3rus.<\/i><\/b><\/p>\n<p><span style=\"font-weight: 400;\">f- O palco fica escuro enquanto ouvimos o choro do rec\u00e9m-nascido H\u00f3rus; seguido pelo t\u00edpico zaghared comemorativo eg\u00edpcio!<\/span><\/p>\n<p><span style=\"font-weight: 400;\">g- \u00cdsis e seu rec\u00e9m-nascido est\u00e3o rodeados por dan\u00e7arinos realizando uma dan\u00e7a comemorativa jubilosa.<\/span><\/p>\n<p><span style=\"font-weight: 400;\">h- Figuras sombrias aparecem ao longe \u2014 e logo atacam tentando roubar o rec\u00e9m-nascido H\u00f3rus.<\/span><\/p>\n<p><span style=\"font-weight: 400;\">i- Um grupo de sete mulheres \u2013 cada uma usando uma faixa vermelha com um escorpi\u00e3o preso a ela, protegeu \u00cdsis e H\u00f3rus e repeliu as for\u00e7as das trevas em uma performance ritual\u00edstica.<\/span><\/p>\n<p><span style=\"font-weight: 400;\">\u00a0Esta faixa em particular \u00e9 indicativa de um modo de prote\u00e7\u00e3o \u2013 do rec\u00e9m-nascido!<\/span><\/p>\n<p>&nbsp;<\/p>\n<p>&nbsp;<\/p>\n<p>&nbsp;<\/p>\n<p>&nbsp;<\/p>\n<p><span style=\"font-weight: 400;\">Implorando a Os\u00edris que se levante\/desperte \u2013 na t\u00edpica cama eg\u00edpcia.<br \/>\n<\/span><\/p>\n<p><img fetchpriority=\"high\" decoding=\"async\" class=\"alignnone size-medium wp-image-324\" src=\"http:\/\/isisrisesoperetta.com\/wp-content\/uploads\/2022\/02\/begging-arise-awaken-300x184.png\" alt=\"\" width=\"300\" height=\"184\" \/><\/p>\n<p>Concep\u00e7\u00e3o imaculada de abutre - usando asas de abutre.<br \/>\n<img decoding=\"async\" class=\"alignnone size-full wp-image-325\" src=\"http:\/\/isisrisesoperetta.com\/wp-content\/uploads\/2022\/02\/immaculate-vulture-conception.png\" alt=\"\" width=\"298\" height=\"119\" \/><br \/>\nConcep\u00e7\u00e3o imaculada do abutre \u2014 Espermatozoides\/sementes de Os\u00edris s\u00e3o mostrados impregnando a f\u00eamea do abutre.<\/p>\n<p><img decoding=\"async\" class=\"alignnone size-full wp-image-326\" src=\"http:\/\/isisrisesoperetta.com\/wp-content\/uploads\/2022\/02\/vulture-conception-sperm-seeds.png\" alt=\"\" width=\"253\" height=\"117\" \/><\/p>\n<p>Deusa feminina com asas estendidas de abutre.<\/p>\n<p><img loading=\"lazy\" decoding=\"async\" class=\"alignnone size-full wp-image-327\" src=\"http:\/\/isisrisesoperetta.com\/wp-content\/uploads\/2022\/02\/female-goddess-extended-vulture-wings.png\" alt=\"\" width=\"300\" height=\"105\" \/><\/p>\n<p><span style=\"font-weight: 400;\">Um abutre com asas abertas e estendidas.<\/span><\/p>\n<p><img loading=\"lazy\" decoding=\"async\" class=\"alignnone size-full wp-image-328\" src=\"http:\/\/isisrisesoperetta.com\/wp-content\/uploads\/2022\/02\/vulture-with-open-extended-wings.png\" alt=\"\" width=\"259\" height=\"226\" \/><\/p>\n<p><span style=\"font-weight: 400;\">A t\u00edpica cama eg\u00edpcia com cabe\u00e7a de le\u00e3o de um lado e cauda do outro. As pernas de apoio tamb\u00e9m s\u00e3o pernas de le\u00e3o.<\/span><\/p>\n<p><img loading=\"lazy\" decoding=\"async\" class=\"alignnone size-medium wp-image-329\" src=\"http:\/\/isisrisesoperetta.com\/wp-content\/uploads\/2022\/02\/egyptian-bed-with-lion-head-300x243.png\" alt=\"\" width=\"300\" height=\"243\" \/><\/p>\n<p>&nbsp;<\/p>\n<p><span style=\"font-weight: 400;\">Madonna [Isis] alimentando o menino rec\u00e9m-nascido - sentada em uma caixa simples como assento.<\/span><\/p>\n<p><img loading=\"lazy\" decoding=\"async\" class=\"alignnone size-full wp-image-330\" src=\"http:\/\/isisrisesoperetta.com\/wp-content\/uploads\/2022\/02\/Isis-feeding-baby.png\" alt=\"\" width=\"158\" height=\"268\" \/><\/p>\n<p><span style=\"font-weight: 400;\">\u00cdsis e H\u00f3rus nos p\u00e2ntanos eg\u00edpcios.<\/span><\/p>\n<p><img loading=\"lazy\" decoding=\"async\" class=\"alignnone size-medium wp-image-331\" src=\"http:\/\/isisrisesoperetta.com\/wp-content\/uploads\/2022\/02\/Isis-Horus-in-marshes-200x300.png\" alt=\"\" width=\"200\" height=\"300\" \/><\/p>\n<p><span style=\"font-weight: 400;\">Serket usando um escorpi\u00e3o na cabe\u00e7a.<br \/>\n<\/span><\/p>\n<p><img loading=\"lazy\" decoding=\"async\" class=\"alignnone size-full wp-image-332\" src=\"http:\/\/isisrisesoperetta.com\/wp-content\/uploads\/2022\/02\/Serket-wearing-scorpion.png\" alt=\"\" width=\"113\" height=\"150\" \/><\/p>\n<p><span style=\"font-weight: 400;\"><br \/>\n<img loading=\"lazy\" decoding=\"async\" class=\"alignnone size-medium wp-image-333\" src=\"http:\/\/isisrisesoperetta.com\/wp-content\/uploads\/2022\/02\/serket-wearing-scorpion-2-300x240.png\" alt=\"\" width=\"300\" height=\"240\" \/><br \/>\n<\/span><\/p>\n<p><img loading=\"lazy\" decoding=\"async\" class=\"alignnone size-full wp-image-334\" src=\"http:\/\/isisrisesoperetta.com\/wp-content\/uploads\/2022\/02\/serket-wearing-scorpion-3.png\" alt=\"\" width=\"173\" height=\"238\" \/><\/p>\n<p><img loading=\"lazy\" decoding=\"async\" class=\"size-large wp-image-878\" src=\"https:\/\/egyptianwisdomcenter.org\/wp-content\/uploads\/2023\/08\/STB_3619_web-1024x683.jpg\" alt=\"\" width=\"1024\" height=\"683\" \/><\/p>\n<p><img loading=\"lazy\" decoding=\"async\" class=\"size-large wp-image-879\" src=\"https:\/\/egyptianwisdomcenter.org\/wp-content\/uploads\/2023\/08\/STB_3636_web-1024x683.jpg\" alt=\"\" width=\"1024\" height=\"683\" \/><\/p>\n<p><img loading=\"lazy\" decoding=\"async\" class=\"size-large wp-image-880\" src=\"https:\/\/egyptianwisdomcenter.org\/wp-content\/uploads\/2023\/08\/STB_3749_web-1024x683.jpg\" alt=\"\" width=\"1024\" height=\"683\" \/><\/p>\n<p><img loading=\"lazy\" decoding=\"async\" class=\"size-large wp-image-881\" src=\"https:\/\/egyptianwisdomcenter.org\/wp-content\/uploads\/2023\/08\/STB_3920_web-1024x683.jpg\" alt=\"\" width=\"1024\" height=\"683\" \/><\/p>\n<p><img loading=\"lazy\" decoding=\"async\" class=\"size-large wp-image-882\" src=\"https:\/\/egyptianwisdomcenter.org\/wp-content\/uploads\/2023\/08\/STB_3927_web-1024x683.jpg\" alt=\"\" width=\"1024\" height=\"683\" \/><\/p>\n<p><img loading=\"lazy\" decoding=\"async\" class=\"size-large wp-image-883\" src=\"https:\/\/egyptianwisdomcenter.org\/wp-content\/uploads\/2023\/08\/STB_3936_web-1024x683.jpg\" alt=\"\" width=\"1024\" height=\"683\" \/><\/p>\n<p><img loading=\"lazy\" decoding=\"async\" class=\"size-large wp-image-884\" src=\"https:\/\/egyptianwisdomcenter.org\/wp-content\/uploads\/2023\/08\/STB_4066_web-1024x683.jpg\" alt=\"\" width=\"1024\" height=\"683\" \/><\/p>\n<p><img loading=\"lazy\" decoding=\"async\" class=\"size-large wp-image-885\" src=\"https:\/\/egyptianwisdomcenter.org\/wp-content\/uploads\/2023\/08\/STB_4075_web-1024x683.jpg\" alt=\"\" width=\"1024\" height=\"683\" \/><\/p>\n<p><img loading=\"lazy\" decoding=\"async\" class=\"size-large wp-image-886\" src=\"https:\/\/egyptianwisdomcenter.org\/wp-content\/uploads\/2023\/08\/STB_4091_web-1024x683.jpg\" alt=\"\" width=\"1024\" height=\"683\" \/><\/p>\n<p><img loading=\"lazy\" decoding=\"async\" class=\"size-large wp-image-887\" src=\"https:\/\/egyptianwisdomcenter.org\/wp-content\/uploads\/2023\/08\/STB_4118_web-1024x683.jpg\" alt=\"\" width=\"1024\" height=\"683\" \/><\/p>\n<p><img loading=\"lazy\" decoding=\"async\" class=\"size-large wp-image-888\" src=\"https:\/\/egyptianwisdomcenter.org\/wp-content\/uploads\/2023\/08\/STB_4172_web-1024x683.jpg\" alt=\"\" width=\"1024\" height=\"683\" \/><\/p>\n<p><img loading=\"lazy\" decoding=\"async\" class=\"size-large wp-image-889\" src=\"https:\/\/egyptianwisdomcenter.org\/wp-content\/uploads\/2023\/08\/STB_4211_web-1024x683.jpg\" alt=\"\" width=\"1024\" height=\"683\" \/><\/p>\n<p><img loading=\"lazy\" decoding=\"async\" class=\"size-large wp-image-890\" src=\"https:\/\/egyptianwisdomcenter.org\/wp-content\/uploads\/2023\/08\/STB_4231_web-1024x683.jpg\" alt=\"\" width=\"1024\" height=\"683\" \/><\/p>\n<p><img loading=\"lazy\" decoding=\"async\" class=\"size-large wp-image-891\" src=\"https:\/\/egyptianwisdomcenter.org\/wp-content\/uploads\/2023\/08\/STB_4295_web-1024x683.jpg\" alt=\"\" width=\"1024\" height=\"683\" \/><\/p>\n<p><img loading=\"lazy\" decoding=\"async\" class=\"size-large wp-image-892\" src=\"https:\/\/egyptianwisdomcenter.org\/wp-content\/uploads\/2023\/08\/STB_4344_web-1024x683.jpg\" alt=\"\" width=\"1024\" height=\"683\" \/><\/p>\n<p>&nbsp;<\/p>\n<\/div>\n<\/div>\n<\/div>\n<\/div>\n<style>body,.content-inner{background:#FCD701 !important;<\/style>","protected":false},"excerpt":{"rendered":"<p>About | Production Team | Trailer | Video Purchase | Rights &amp; Licensing | Act 1 | Act 2 | Act 3 [&hellip;]<\/p>","protected":false},"author":3,"featured_media":0,"parent":68534,"menu_order":0,"comment_status":"closed","ping_status":"closed","template":"","meta":{"footnotes":""},"class_list":["post-68539","page","type-page","status-publish","hentry"],"aioseo_notices":[],"_links":{"self":[{"href":"https:\/\/egyptianwisdomcenter.org\/pt\/wp-json\/wp\/v2\/pages\/68539","targetHints":{"allow":["GET"]}}],"collection":[{"href":"https:\/\/egyptianwisdomcenter.org\/pt\/wp-json\/wp\/v2\/pages"}],"about":[{"href":"https:\/\/egyptianwisdomcenter.org\/pt\/wp-json\/wp\/v2\/types\/page"}],"author":[{"embeddable":true,"href":"https:\/\/egyptianwisdomcenter.org\/pt\/wp-json\/wp\/v2\/users\/3"}],"replies":[{"embeddable":true,"href":"https:\/\/egyptianwisdomcenter.org\/pt\/wp-json\/wp\/v2\/comments?post=68539"}],"version-history":[{"count":7,"href":"https:\/\/egyptianwisdomcenter.org\/pt\/wp-json\/wp\/v2\/pages\/68539\/revisions"}],"predecessor-version":[{"id":69069,"href":"https:\/\/egyptianwisdomcenter.org\/pt\/wp-json\/wp\/v2\/pages\/68539\/revisions\/69069"}],"up":[{"embeddable":true,"href":"https:\/\/egyptianwisdomcenter.org\/pt\/wp-json\/wp\/v2\/pages\/68534"}],"wp:attachment":[{"href":"https:\/\/egyptianwisdomcenter.org\/pt\/wp-json\/wp\/v2\/media?parent=68539"}],"curies":[{"name":"wp","href":"https:\/\/api.w.org\/{rel}","templated":true}]}}