{"id":68540,"date":"2020-04-30T00:23:39","date_gmt":"2020-04-30T00:23:39","guid":{"rendered":"http:\/\/isisrisesoperetta.com\/?page_id=95"},"modified":"2024-03-19T12:52:21","modified_gmt":"2024-03-19T16:52:21","slug":"scene-5","status":"publish","type":"page","link":"https:\/\/egyptianwisdomcenter.org\/pt\/as-cenas\/cena-5\/","title":{"rendered":"Ato 5"},"content":{"rendered":"<p style=\"margin-top: 25px; margin-left: 10px; font-size: 16px; font-weight: bold;\"><a href=\"https:\/\/egyptianwisdomcenter.org\/pt\/operetta\/\">Sobre<\/a> | <a href=\"\/pt\/production-team\/\">Equipe de produ\u00e7\u00e3o<\/a> | <a href=\"\/pt\/trailer\/\">Reboque<\/a> | <a href=\"\/pt\/product\/isis-rises-operetta\/\">Compra de v\u00eddeo<\/a> | <a href=\"https:\/\/egyptianwisdomcenter.org\/pt\/licenciamento-de-direitos\/\">Direitos e Licenciamento<\/a> | <a href=\"https:\/\/egyptianwisdomcenter.org\/pt\/as-cenas\/cena-1\/\">ato 1<\/a> | <a href=\"https:\/\/egyptianwisdomcenter.org\/pt\/as-cenas\/cena-2\/\">Ato 2<\/a> | <a href=\"https:\/\/egyptianwisdomcenter.org\/pt\/as-cenas\/cena-3\/\">Ato 3<\/a> | <a href=\"https:\/\/egyptianwisdomcenter.org\/pt\/as-cenas\/cena-4\/\">Ato 4<\/a> | <a href=\"https:\/\/egyptianwisdomcenter.org\/pt\/as-cenas\/cena-5\/\">Ato 5<\/a> | <a href=\"https:\/\/egyptianwisdomcenter.org\/pt\/as-cenas\/cena-6\/\">Ato 6<\/a> | <a href=\"https:\/\/egyptianwisdomcenter.org\/pt\/isis-rises-operetta-free-book\/\">Free Book<\/a><\/p>\n<h1>Isis Rises Operetta &#8211; Act 5<\/h1>\n<div>\n<h3><span style=\"color: #ff0000;\">Resumo do Ato 5 \u2013 Os Peda\u00e7os Quebrados<\/span><\/h3>\n<\/div>\n<div class=\"gmail_default\">\n<div class=\"gmail_default\">\n<div class=\"gmail_default\">\n<div class=\"gmail_default\">\n<div class=\"gmail_default\">\n<p><span style=\"font-weight: 400;\">a- Ainda estamos nos p\u00e2ntanos \u2013 \u00cdsis est\u00e1 alimentando H\u00f3rus e est\u00e1 sendo guardada por mulheres de Serket.<\/span><\/p>\n<p><span style=\"font-weight: 400;\">O corpo sem vida de Os\u00edris est\u00e1 em um cais\/cama nas proximidades.<\/span><\/p>\n<p><span style=\"font-weight: 400;\">b- \u00c9 noite com lua cheia no c\u00e9u<\/span><\/p>\n<p><span style=\"font-weight: 400;\">c-As figuras sombrias vieram atrav\u00e9s dos p\u00e2ntanos densos - correram em dire\u00e7\u00e3o a Os\u00edris e o cortaram em 14 peda\u00e7os e os espalharam por todos os lados. As pe\u00e7as s\u00e3o apresentadas como pe\u00e7as de Lua Cheia.<\/span><\/p>\n<p><span style=\"font-weight: 400;\">d- As for\u00e7as sombrias roubam a Coroa Dupla de Os\u00edris e a entregam a Seth para se tornar um novo Rei. As trombetas soam para o Novo Rei enquanto os c\u00famplices de Seth juram lealdade a ele!<\/span><\/p>\n<p><span style=\"font-weight: 400;\">e- A tela mostra a lua cheia no c\u00e9u sendo dividida em 14 peda\u00e7os [durante os 14 dias que leva para chegar \u00e0 lua cheia].<\/span><\/p>\n<p><span style=\"font-weight: 400;\">f- \u00cdsis est\u00e1 sozinha chorando de tristeza pela perda de Os\u00edris..<\/span><\/p>\n<p><span style=\"font-weight: 400;\">g- \u00cdsis vai em busca dos peda\u00e7os quebrados de Os\u00edris, guiada por An\u00fabis, o C\u00e3o Divino!<\/span><\/p>\n<\/div>\n<\/div>\n<\/div>\n<\/div>\n<\/div>\n<style>body,.content-inner{background:#FCD701 !important;<\/style>","protected":false},"excerpt":{"rendered":"<p>About | Production Team | Trailer | Video Purchase | Rights &amp; Licensing | Act 1 | Act 2 | Act 3 [&hellip;]<\/p>","protected":false},"author":3,"featured_media":0,"parent":68534,"menu_order":0,"comment_status":"closed","ping_status":"closed","template":"","meta":{"footnotes":""},"class_list":["post-68540","page","type-page","status-publish","hentry"],"aioseo_notices":[],"_links":{"self":[{"href":"https:\/\/egyptianwisdomcenter.org\/pt\/wp-json\/wp\/v2\/pages\/68540","targetHints":{"allow":["GET"]}}],"collection":[{"href":"https:\/\/egyptianwisdomcenter.org\/pt\/wp-json\/wp\/v2\/pages"}],"about":[{"href":"https:\/\/egyptianwisdomcenter.org\/pt\/wp-json\/wp\/v2\/types\/page"}],"author":[{"embeddable":true,"href":"https:\/\/egyptianwisdomcenter.org\/pt\/wp-json\/wp\/v2\/users\/3"}],"replies":[{"embeddable":true,"href":"https:\/\/egyptianwisdomcenter.org\/pt\/wp-json\/wp\/v2\/comments?post=68540"}],"version-history":[{"count":6,"href":"https:\/\/egyptianwisdomcenter.org\/pt\/wp-json\/wp\/v2\/pages\/68540\/revisions"}],"predecessor-version":[{"id":69070,"href":"https:\/\/egyptianwisdomcenter.org\/pt\/wp-json\/wp\/v2\/pages\/68540\/revisions\/69070"}],"up":[{"embeddable":true,"href":"https:\/\/egyptianwisdomcenter.org\/pt\/wp-json\/wp\/v2\/pages\/68534"}],"wp:attachment":[{"href":"https:\/\/egyptianwisdomcenter.org\/pt\/wp-json\/wp\/v2\/media?parent=68540"}],"curies":[{"name":"wp","href":"https:\/\/api.w.org\/{rel}","templated":true}]}}