{"id":68542,"date":"2020-04-30T00:25:46","date_gmt":"2020-04-30T00:25:46","guid":{"rendered":"http:\/\/isisrisesoperetta.com\/?page_id=107"},"modified":"2024-11-29T10:12:46","modified_gmt":"2024-11-29T15:12:46","slug":"rights-licensing","status":"publish","type":"page","link":"https:\/\/egyptianwisdomcenter.org\/pt\/licenciamento-de-direitos\/","title":{"rendered":"Direitos e Licenciamento"},"content":{"rendered":"<p style=\"margin-top: 25px; margin-left: 10px; font-size: 16px; font-weight: bold;\"><a href=\"https:\/\/egyptianwisdomcenter.org\/pt\/operetta\/\">Sobre<\/a> | <a href=\"\/pt\/production-team\/\">Equipe de produ\u00e7\u00e3o<\/a> | <a href=\"\/pt\/trailer\/\">Reboque<\/a> | <a href=\"\/pt\/product\/isis-rises-operetta\/\">Compra de v\u00eddeo<\/a> | <a href=\"https:\/\/egyptianwisdomcenter.org\/pt\/licenciamento-de-direitos\/\">Direitos e Licenciamento<\/a> | <a href=\"https:\/\/egyptianwisdomcenter.org\/pt\/as-cenas\/cena-1\/\">ato 1<\/a> | <a href=\"https:\/\/egyptianwisdomcenter.org\/pt\/as-cenas\/cena-2\/\">Ato 2<\/a> | <a href=\"https:\/\/egyptianwisdomcenter.org\/pt\/as-cenas\/cena-3\/\">Ato 3<\/a> | <a href=\"https:\/\/egyptianwisdomcenter.org\/pt\/as-cenas\/cena-4\/\">Ato 4<\/a> | <a href=\"https:\/\/egyptianwisdomcenter.org\/pt\/as-cenas\/cena-5\/\">Ato 5<\/a> | <a href=\"https:\/\/egyptianwisdomcenter.org\/pt\/as-cenas\/cena-6\/\">Ato 6<\/a> | <a href=\"https:\/\/egyptianwisdomcenter.org\/pt\/isis-rises-operetta-free-book\/\">Free Book<\/a><\/p>\n<h1>Direitos e Licenciamento<\/h1>\n<h4 style=\"text-align: center;\"><span style=\"color: #ff0000;\"><b>\u00cdsis Ressurge Opereta<\/b><\/span><\/h4>\n<div style=\"text-align: center;\"><b>Criado e produzido por Moustafa Gadalla<\/b><\/div>\n<div><\/div>\n<p>Todos os direitos reservados. Nenhuma parte deste produto pode ser reproduzida ou transmitida de qualquer forma ou por qualquer meio, eletr\u00f4nico ou mec\u00e2nico, incluindo grava\u00e7\u00e3o por qualquer sistema de armazenamento e recupera\u00e7\u00e3o de informa\u00e7\u00f5es sem permiss\u00e3o pr\u00e9via por escrito.<\/p>\n<p>Copyright \u00a9 2023 de Moustafa Gadalla, Todos os direitos reservados.<\/p>\n<p>Direitos autorais registrados no Escrit\u00f3rio de Direitos Autorais dos Estados Unidos em 3 de janeiro de 2023<\/p>\n<p>Para quem deseja reproduzir esta Opereta, entre em contato conosco para obter permiss\u00e3o\/licen\u00e7a. Condi\u00e7\u00f5es de reprodu\u00e7\u00e3o:<\/p>\n<p>1- Permiss\u00e3o pr\u00e9via<\/p>\n<p>2- A reprodu\u00e7\u00e3o seguir\u00e1 a trilha sonora desta produ\u00e7\u00e3o original<\/p>\n<p>3- Ensure the integrity of the performance as an Egyptian story with no wild interpretations. Submission of technical and artistic reproduction details must be made and pre-approved.<\/p>\n<p>4- A reprodu\u00e7\u00e3o \u00e9 permitida, mas n\u00e3o para fins comerciais.<\/p>\n<p>5- Na maioria dos casos, a permiss\u00e3o pode ser concedida gratuitamente ou mediante pagamento de uma taxa nominal.<\/p>\n<p>6- E-mail de contato: <a href=\"mailto:trfemu33@gmail.com\" target=\"_blank\" rel=\"noopener noreferrer\">mustafagadalla88@gmail.com<\/a><\/p>\n<p><a href=\"https:\/\/egyptianwisdomcenter.org\/wp-content\/uploads\/2024\/01\/IRO-Copyrights-Certificate.pdf\" target=\"_blank\" rel=\"noopener\">Copyrights certificate<\/a><\/p>\n<style>body,.content-inner{background:#FCD701 !important;<\/style>","protected":false},"excerpt":{"rendered":"<p>About | Production Team | Trailer | Video Purchase | Rights &amp; Licensing | Act 1 | Act 2 | Act 3 [&hellip;]<\/p>","protected":false},"author":3,"featured_media":0,"parent":0,"menu_order":0,"comment_status":"closed","ping_status":"closed","template":"","meta":{"footnotes":""},"class_list":["post-68542","page","type-page","status-publish","hentry"],"aioseo_notices":[],"_links":{"self":[{"href":"https:\/\/egyptianwisdomcenter.org\/pt\/wp-json\/wp\/v2\/pages\/68542","targetHints":{"allow":["GET"]}}],"collection":[{"href":"https:\/\/egyptianwisdomcenter.org\/pt\/wp-json\/wp\/v2\/pages"}],"about":[{"href":"https:\/\/egyptianwisdomcenter.org\/pt\/wp-json\/wp\/v2\/types\/page"}],"author":[{"embeddable":true,"href":"https:\/\/egyptianwisdomcenter.org\/pt\/wp-json\/wp\/v2\/users\/3"}],"replies":[{"embeddable":true,"href":"https:\/\/egyptianwisdomcenter.org\/pt\/wp-json\/wp\/v2\/comments?post=68542"}],"version-history":[{"count":7,"href":"https:\/\/egyptianwisdomcenter.org\/pt\/wp-json\/wp\/v2\/pages\/68542\/revisions"}],"predecessor-version":[{"id":69552,"href":"https:\/\/egyptianwisdomcenter.org\/pt\/wp-json\/wp\/v2\/pages\/68542\/revisions\/69552"}],"wp:attachment":[{"href":"https:\/\/egyptianwisdomcenter.org\/pt\/wp-json\/wp\/v2\/media?parent=68542"}],"curies":[{"name":"wp","href":"https:\/\/api.w.org\/{rel}","templated":true}]}}