{"id":7,"date":"2019-02-14T14:21:28","date_gmt":"2019-02-14T19:21:28","guid":{"rendered":"http:\/\/egyptianwisdomcenter.org\/?page_id=7"},"modified":"2026-01-18T14:04:08","modified_gmt":"2026-01-18T19:04:08","slug":"forum-2","status":"publish","type":"page","link":"https:\/\/egyptianwisdomcenter.org\/pt\/","title":{"rendered":"Lar"},"content":{"rendered":"<div class=\"homepage-title\">\n<h3 style=\"font-weight: 400;\">Bem-vindo a uma importante fonte de sabedoria derivada da antiga civiliza\u00e7\u00e3o eg\u00edpcia. <img fetchpriority=\"high\" decoding=\"async\" class=\"homepage-image alignright wp-image-69864 size-full\" src=\"https:\/\/egyptianwisdomcenter.org\/wp-content\/uploads\/2026\/01\/header-background-transparent.webp\" alt=\"\" width=\"544\" height=\"724\" \/><\/h3>\n<\/div>\n<p class=\"homepage-intro\">Voc\u00ea ficar\u00e1 surpreso ao ver como a civiliza\u00e7\u00e3o moderna repousa firmemente sobre os ombros do Antigo Egito.<br \/>\nEste site apresenta duas vias principais de aprendizagem, em mais de 10 idiomas.<br \/>\nUm tesouro de artigos gratuitos escritos por Moustafa Gadalla. Veja o link Artigos no menu.<br \/>\nLinks para um site complementar onde v\u00e1rios livros de Moustafa Gadalla podem ser adquiridos. Existem vers\u00f5es em v\u00e1rios idiomas. Veja o link Nossos Livros no menu acima.<br \/>\nAproveite esta vis\u00e3o fascinante da cultura e sabedoria do Antigo Egito.<\/p>","protected":false},"excerpt":{"rendered":"<p>Your Comprehensive Multimedia Resource for coherent and substantive educative studies of Ancient Egypt. You will be surprised to see how modern civilisation [&hellip;]<\/p>","protected":false},"author":3,"featured_media":0,"parent":0,"menu_order":0,"comment_status":"closed","ping_status":"closed","template":"","meta":{"footnotes":""},"class_list":["post-7","page","type-page","status-publish","hentry"],"aioseo_notices":[],"_links":{"self":[{"href":"https:\/\/egyptianwisdomcenter.org\/pt\/wp-json\/wp\/v2\/pages\/7","targetHints":{"allow":["GET"]}}],"collection":[{"href":"https:\/\/egyptianwisdomcenter.org\/pt\/wp-json\/wp\/v2\/pages"}],"about":[{"href":"https:\/\/egyptianwisdomcenter.org\/pt\/wp-json\/wp\/v2\/types\/page"}],"author":[{"embeddable":true,"href":"https:\/\/egyptianwisdomcenter.org\/pt\/wp-json\/wp\/v2\/users\/3"}],"replies":[{"embeddable":true,"href":"https:\/\/egyptianwisdomcenter.org\/pt\/wp-json\/wp\/v2\/comments?post=7"}],"version-history":[{"count":41,"href":"https:\/\/egyptianwisdomcenter.org\/pt\/wp-json\/wp\/v2\/pages\/7\/revisions"}],"predecessor-version":[{"id":69868,"href":"https:\/\/egyptianwisdomcenter.org\/pt\/wp-json\/wp\/v2\/pages\/7\/revisions\/69868"}],"wp:attachment":[{"href":"https:\/\/egyptianwisdomcenter.org\/pt\/wp-json\/wp\/v2\/media?parent=7"}],"curies":[{"name":"wp","href":"https:\/\/api.w.org\/{rel}","templated":true}]}}