{"id":76,"date":"2016-06-09T00:00:00","date_gmt":"2016-06-09T04:00:00","guid":{"rendered":"http:\/\/egyptianwisdomcenter.org\/egyptian-cosmic-religion\/"},"modified":"2023-02-07T13:08:22","modified_gmt":"2023-02-07T18:08:22","slug":"egyptian-cosmic-religion","status":"publish","type":"page","link":"https:\/\/egyptianwisdomcenter.org\/pt\/religiao-cosmica-egipcia\/","title":{"rendered":"A Religi\u00e3o C\u00f3smica Eg\u00edpcia"},"content":{"rendered":"<h2>A Religi\u00e3o C\u00f3smica Eg\u00edpcia<\/h2>\n<p><strong>O G\u00eanesis<\/strong><\/p>\n<ul>\n<li><a href=\"https:\/\/egyptianwisdomcenter.org\/pt\/monoteismo-egipcio-e-politeismo\/\">Monote\u00edsmo Eg\u00edpcio (O UM) e Polite\u00edsmo (O TODO)<\/a><\/li>\n<li><a href=\"https:\/\/egyptianwisdomcenter.org\/pt\/amem-renef-o-indefinivel-2\/\">Amen-Renef: O Indefin\u00edvel<\/a><\/li>\n<li><a href=\"https:\/\/egyptianwisdomcenter.org\/pt\/neteru-as-energias-divinas-2\/\">Neteru \u2013 As Energias Divinas<\/a><\/li>\n<li><a href=\"https:\/\/egyptianwisdomcenter.org\/pt\/as-sinergias-arquetipicas-2\/\">As sinergias arquet\u00edpicas<\/a><\/li>\n<li><a href=\"https:\/\/egyptianwisdomcenter.org\/pt\/o-processo-de-criacao-egipcio-conta-2\/\">Os relatos do processo de cria\u00e7\u00e3o eg\u00edpcio<\/a><\/li>\n<li><a href=\"https:\/\/egyptianwisdomcenter.org\/pt\/numerologia-do-processo-de-criacao-2\/\">Numerologia do Processo de Cria\u00e7\u00e3o<\/a><\/li>\n<li><a href=\"https:\/\/egyptianwisdomcenter.org\/pt\/a-imagem-cuspida-de-um-shu-e-tef-nut\/\">A imagem cuspida do Um \u2013 Shu e Tef-nut<\/a><\/li>\n<li><a href=\"https:\/\/egyptianwisdomcenter.org\/pt\/a-dualidade-de-ra-e-osiris-2\/\">A Dualidade de R\u00e1 e Os\u00edris<\/a><\/li>\n<li><a href=\"https:\/\/egyptianwisdomcenter.org\/pt\/o-superintendente-divino-do-universo-criado-2\/\">O Supervisor Divino do Universo Criado<\/a><\/li>\n<\/ul>\n<p><strong>Simbolismo Animal<\/strong><\/p>\n<ul>\n<li><a href=\"https:\/\/egyptianwisdomcenter.org\/pt\/logica-e-formas-de-representacao-animal\/\">L\u00f3gica e Formas de Representa\u00e7\u00e3o Animal<\/a><\/li>\n<li><a href=\"https:\/\/egyptianwisdomcenter.org\/pt\/anubis-o-cachorro-2\/\">An\u00fabis, o cachorro<\/a><\/li>\n<li><a href=\"https:\/\/egyptianwisdomcenter.org\/pt\/ba-o-passaro-migrante-2\/\">Ba, o p\u00e1ssaro migrante<\/a><\/li>\n<li><a href=\"https:\/\/egyptianwisdomcenter.org\/pt\/besouro-escaravelho-2\/\">Escaravelho<\/a><\/li>\n<li><a href=\"https:\/\/egyptianwisdomcenter.org\/pt\/babuino-2\/\">Babu\u00edno<\/a><\/li>\n<li><a href=\"https:\/\/egyptianwisdomcenter.org\/pt\/cavalo-2\/\">Cavalo<\/a><\/li>\n<\/ul>\n<p><strong>Divindades Eg\u00edpcias<\/strong><\/p>\n<ul>\n<li><a href=\"https:\/\/egyptianwisdomcenter.org\/pt\/representacoes-pictoricas-misticas-2\/\">Representa\u00e7\u00f5es pict\u00f3ricas m\u00edsticas<\/a><\/li>\n<li><a href=\"https:\/\/egyptianwisdomcenter.org\/pt\/isis-a-femea-divina-2\/\">\u00cdsis, a Divina Mulher<\/a><\/li>\n<li><a href=\"https:\/\/egyptianwisdomcenter.org\/pt\/senhora-amor-hathor-venus-2\/\">Senhora Amor: Hathor \u2013 V\u00eanus<\/a><\/li>\n<li><a href=\"https:\/\/egyptianwisdomcenter.org\/pt\/nossa-santa-senhora-do-mar-notre-dame-de-la-mer-2\/\">Nossa (Santa) Senhora do Mar - Notre Dame de La Mer<\/a><\/li>\n<li><a href=\"https:\/\/egyptianwisdomcenter.org\/pt\/maluco-o-espirito-do-ceu-2\/\">Nut - O Esp\u00edrito do C\u00e9u<\/a><\/li>\n<li><a href=\"https:\/\/egyptianwisdomcenter.org\/pt\/osiris-2\/\">Os\u00edris<\/a><\/li>\n<li><a href=\"https:\/\/egyptianwisdomcenter.org\/pt\/horus-2\/\">H\u00f3rus<\/a><\/li>\n<\/ul>\n<p><strong>Nossa viagem terrena<\/strong><\/p>\n<ul>\n<li><a href=\"https:\/\/egyptianwisdomcenter.org\/pt\/o-homem-e-as-forcas-divinas-2-2\/\">O Homem e as For\u00e7as Divinas<\/a><\/li>\n<li><a href=\"https:\/\/egyptianwisdomcenter.org\/pt\/o-ser-humano-a-replica-universal-9-componentes-2\/\">O Ser Humano \u2013 A R\u00e9plica Universal [9 Componentes]<\/a><\/li>\n<li><a href=\"https:\/\/egyptianwisdomcenter.org\/pt\/os-potenciais-do-despertar-despertam-seu-osiris-interior\/\">Os Potenciais do Despertar \u2013 Desperte seu Os\u00edris Interior!<\/a><\/li>\n<li><a href=\"https:\/\/egyptianwisdomcenter.org\/pt\/siga-seu-proprio-caminho-mae-as-2\/\">Siga seu pr\u00f3prio caminho (Ma-at)<\/a><\/li>\n<li><a href=\"https:\/\/egyptianwisdomcenter.org\/pt\/a-alquimia-do-gol-de-ouro\/\">O Objetivo de Ouro \u2013 Alquimia<\/a><\/li>\n<li><a href=\"https:\/\/egyptianwisdomcenter.org\/pt\/zikr-dhikr-a-pratica-extatica\/\">Zikr\/Dhikr \u2013 A Pr\u00e1tica Ext\u00e1tica<\/a><\/li>\n<li><a href=\"https:\/\/egyptianwisdomcenter.org\/pt\/subindo-a-escada-celestial-vida-apos-a-terra\/\">Subindo a Escada Celestial \u2013 Vida Depois da Terra<\/a><\/li>\n<li><a href=\"https:\/\/egyptianwisdomcenter.org\/pt\/a-propagacao-da-religiao-egipcia-3\/\">A propaga\u00e7\u00e3o da religi\u00e3o eg\u00edpcia<\/a><\/li>\n<\/ul>\n<p>&nbsp;<\/p>","protected":false},"excerpt":{"rendered":"<p>The Egyptian Cosmic Religion The Genesis Egyptian Monotheism (The ONE) and Polytheism (The ALL) Amen-Renef: The Indefinable Neteru\u2014The Divine Energies The Archetypal [&hellip;]<\/p>","protected":false},"author":3,"featured_media":0,"parent":0,"menu_order":0,"comment_status":"closed","ping_status":"closed","template":"","meta":{"footnotes":""},"class_list":["post-76","page","type-page","status-publish","hentry"],"aioseo_notices":[],"_links":{"self":[{"href":"https:\/\/egyptianwisdomcenter.org\/pt\/wp-json\/wp\/v2\/pages\/76","targetHints":{"allow":["GET"]}}],"collection":[{"href":"https:\/\/egyptianwisdomcenter.org\/pt\/wp-json\/wp\/v2\/pages"}],"about":[{"href":"https:\/\/egyptianwisdomcenter.org\/pt\/wp-json\/wp\/v2\/types\/page"}],"author":[{"embeddable":true,"href":"https:\/\/egyptianwisdomcenter.org\/pt\/wp-json\/wp\/v2\/users\/3"}],"replies":[{"embeddable":true,"href":"https:\/\/egyptianwisdomcenter.org\/pt\/wp-json\/wp\/v2\/comments?post=76"}],"version-history":[{"count":0,"href":"https:\/\/egyptianwisdomcenter.org\/pt\/wp-json\/wp\/v2\/pages\/76\/revisions"}],"wp:attachment":[{"href":"https:\/\/egyptianwisdomcenter.org\/pt\/wp-json\/wp\/v2\/media?parent=76"}],"curies":[{"name":"wp","href":"https:\/\/api.w.org\/{rel}","templated":true}]}}