{"id":77,"date":"2016-06-09T00:00:00","date_gmt":"2016-06-09T04:00:00","guid":{"rendered":"http:\/\/egyptianwisdomcenter.org\/learned-ancient-egyptians\/"},"modified":"2019-02-26T21:23:32","modified_gmt":"2019-02-27T02:23:32","slug":"learned-ancient-egyptians","status":"publish","type":"page","link":"https:\/\/egyptianwisdomcenter.org\/pt\/aprendeu-os-antigos-egipcios\/","title":{"rendered":"Os eruditos antigos eg\u00edpcios"},"content":{"rendered":"<div class=\"entry\">\n<h2>Os eruditos antigos eg\u00edpcios<\/h2>\n<ul>\n<li><a href=\"https:\/\/egyptianwisdomcenter.org\/pt\/consciencia-astronomica-2\/\">Consci\u00eancia Astron\u00f4mica<\/a><\/li>\n<li><a href=\"https:\/\/egyptianwisdomcenter.org\/pt\/a-biblioteca-medica-egipcia-avancada-2\/\">A Biblioteca M\u00e9dica Eg\u00edpcia Avan\u00e7ada\u00a0<\/a><\/li>\n<li><a href=\"https:\/\/egyptianwisdomcenter.org\/pt\/geometria-sagrada-e-ciencias-naturais-2\/\">Geometria Sagrada e Ci\u00eancias Naturais<\/a><\/li>\n<li><a href=\"https:\/\/egyptianwisdomcenter.org\/pt\/matematica-e-numerologia-2\/\">Matem\u00e1tica e Numerologia<\/a><\/li>\n<li><a href=\"https:\/\/egyptianwisdomcenter.org\/pt\/as-proporcoes-sagradas-2\/\">As Raz\u00f5es Sagradas<\/a><\/li>\n<li><a href=\"https:\/\/egyptianwisdomcenter.org\/pt\/linguagem-universal-original\/\">A linguagem universal original<\/a><\/li>\n<li><a href=\"https:\/\/egyptianwisdomcenter.org\/pt\/como-a-unica-lingua-mundial-egipcia-se-tornou-as-muitas-formas-de-letras-e-divergencia-de-som-2\/\">Como a l\u00edngua mundial \u00fanica [eg\u00edpcio] se tornou muitas [formas de letras e diverg\u00eancia de som]<\/a><\/li>\n<li><a href=\"https:\/\/egyptianwisdomcenter.org\/pt\/a-forma-alfabetica-egipcia-de-escrita-2\/\">A forma alfab\u00e9tica eg\u00edpcia de escrita<\/a><\/li>\n<li><a href=\"https:\/\/egyptianwisdomcenter.org\/pt\/os-estilos-de-escrita-alfabetica-egipcia-2\/\">Os estilos de escrita alfab\u00e9tica eg\u00edpcia<\/a><\/li>\n<li><a href=\"https:\/\/egyptianwisdomcenter.org\/pt\/a-culta-lingua-egipcia-2\/\">A L\u00edngua Eg\u00edpcia Cultada<\/a><\/li>\n<li><a href=\"https:\/\/egyptianwisdomcenter.org\/pt\/arabe-a-lingua-egipcia-roubada-2\/\"> \u201c\u00c1rabe\u201d: a l\u00edngua eg\u00edpcia roubada<\/a><\/li>\n<\/ul>\n<\/div>\n<p>&nbsp;<\/p>\n<p>&nbsp;<\/p>","protected":false},"excerpt":{"rendered":"<p>The Learned Ancient Egyptians Astronomical Consciousness The Advanced Egyptian Medical Library\u00a0 Sacred Geometry and Natural Sciences Mathematics and Numerology The Sacred Ratios [&hellip;]<\/p>","protected":false},"author":3,"featured_media":0,"parent":0,"menu_order":0,"comment_status":"closed","ping_status":"closed","template":"","meta":{"footnotes":""},"class_list":["post-77","page","type-page","status-publish","hentry"],"aioseo_notices":[],"_links":{"self":[{"href":"https:\/\/egyptianwisdomcenter.org\/pt\/wp-json\/wp\/v2\/pages\/77","targetHints":{"allow":["GET"]}}],"collection":[{"href":"https:\/\/egyptianwisdomcenter.org\/pt\/wp-json\/wp\/v2\/pages"}],"about":[{"href":"https:\/\/egyptianwisdomcenter.org\/pt\/wp-json\/wp\/v2\/types\/page"}],"author":[{"embeddable":true,"href":"https:\/\/egyptianwisdomcenter.org\/pt\/wp-json\/wp\/v2\/users\/3"}],"replies":[{"embeddable":true,"href":"https:\/\/egyptianwisdomcenter.org\/pt\/wp-json\/wp\/v2\/comments?post=77"}],"version-history":[{"count":0,"href":"https:\/\/egyptianwisdomcenter.org\/pt\/wp-json\/wp\/v2\/pages\/77\/revisions"}],"wp:attachment":[{"href":"https:\/\/egyptianwisdomcenter.org\/pt\/wp-json\/wp\/v2\/media?parent=77"}],"curies":[{"name":"wp","href":"https:\/\/api.w.org\/{rel}","templated":true}]}}