{"id":79,"date":"2016-06-09T00:00:00","date_gmt":"2016-06-09T04:00:00","guid":{"rendered":"http:\/\/egyptianwisdomcenter.org\/ancient-egypt-bible\/"},"modified":"2023-10-23T16:08:17","modified_gmt":"2023-10-23T20:08:17","slug":"ancient-egypt-bible","status":"publish","type":"page","link":"https:\/\/egyptianwisdomcenter.org\/pt\/biblia-do-antigo-egito\/","title":{"rendered":"Antigo Egito e a B\u00edblia"},"content":{"rendered":"<div class=\"entry\">\n<h2>Antigo Egito e a B\u00edblia<\/h2>\n<ul>\n<li><a href=\"https:\/\/egyptianwisdomcenter.org\/pt\/moises-e-akhenaton-2\/\">Mois\u00e9s e Akhenaton<\/a><\/li>\n<li><a href=\"https:\/\/egyptianwisdomcenter.org\/pt\/os-antigos-feriados-cristaos-egipcios-2\/\">Os Antigos Feriados Eg\u00edpcios\/Crist\u00e3osAs Sagradas Fam\u00edlias Eg\u00edpcias\/Crist\u00e3s Antigas<\/a><\/li>\n<li><a href=\"https:\/\/egyptianwisdomcenter.org\/pt\/o-caminho-de-horus-cristo-2\/\">O Caminho de H\u00f3rus\/Cristo<\/a><\/li>\n<li><a href=\"https:\/\/egyptianwisdomcenter.org\/pt\/antigas-familias-sagradas-cristas-egipcias\/\">As Antigas Fam\u00edlias Sagradas Eg\u00edpcias\/Crist\u00e3s<\/a><\/li>\n<li><a href=\"https:\/\/egyptianwisdomcenter.org\/pt\/advento-natal-antigo-egito\/\">Advento e Natal no Antigo Egito<\/a><\/li>\n<li><a href=\"https:\/\/egyptianwisdomcenter.org\/pt\/isis-se-levanta-senhora-da-suposicao-2\/\">\u00cdsis Ressurge \u2013 Senhora da Assun\u00e7\u00e3o<\/a><\/li>\n<li><a href=\"https:\/\/egyptianwisdomcenter.org\/pt\/transfiguracao-de-horus-um-novo-alfa-2\/\">Transfigura\u00e7\u00e3o de H\u00f3rus \u2013 Um Novo Alfa<\/a><\/li>\n<\/ul>\n<\/div>\n<p>&nbsp;<\/p>\n<p>&nbsp;<\/p>","protected":false},"excerpt":{"rendered":"<p>Ancient Egypt and the Bible Moses and Akhenaton The Ancient Egyptian\/Christian HolidaysThe Ancient Egyptian\/Christian Holy Families The Way of Horus\/Christ The Ancient [&hellip;]<\/p>","protected":false},"author":3,"featured_media":0,"parent":0,"menu_order":0,"comment_status":"closed","ping_status":"closed","template":"","meta":{"footnotes":""},"class_list":["post-79","page","type-page","status-publish","hentry"],"aioseo_notices":[],"_links":{"self":[{"href":"https:\/\/egyptianwisdomcenter.org\/pt\/wp-json\/wp\/v2\/pages\/79","targetHints":{"allow":["GET"]}}],"collection":[{"href":"https:\/\/egyptianwisdomcenter.org\/pt\/wp-json\/wp\/v2\/pages"}],"about":[{"href":"https:\/\/egyptianwisdomcenter.org\/pt\/wp-json\/wp\/v2\/types\/page"}],"author":[{"embeddable":true,"href":"https:\/\/egyptianwisdomcenter.org\/pt\/wp-json\/wp\/v2\/users\/3"}],"replies":[{"embeddable":true,"href":"https:\/\/egyptianwisdomcenter.org\/pt\/wp-json\/wp\/v2\/comments?post=79"}],"version-history":[{"count":3,"href":"https:\/\/egyptianwisdomcenter.org\/pt\/wp-json\/wp\/v2\/pages\/79\/revisions"}],"predecessor-version":[{"id":68473,"href":"https:\/\/egyptianwisdomcenter.org\/pt\/wp-json\/wp\/v2\/pages\/79\/revisions\/68473"}],"wp:attachment":[{"href":"https:\/\/egyptianwisdomcenter.org\/pt\/wp-json\/wp\/v2\/media?parent=79"}],"curies":[{"name":"wp","href":"https:\/\/api.w.org\/{rel}","templated":true}]}}