{"id":80,"date":"2016-06-09T00:00:00","date_gmt":"2016-06-09T04:00:00","guid":{"rendered":"http:\/\/egyptianwisdomcenter.org\/egyptian-monotheism-and-polytheism\/"},"modified":"2023-01-02T01:16:26","modified_gmt":"2023-01-02T06:16:26","slug":"egyptian-monotheism-and-polytheism","status":"publish","type":"page","link":"https:\/\/egyptianwisdomcenter.org\/pt\/monoteismo-egipcio-e-politeismo\/","title":{"rendered":"Monote\u00edsmo Eg\u00edpcio (O UM) e Polite\u00edsmo (O TODO)"},"content":{"rendered":"<h2 style=\"text-align: center;\"><span style=\"color: #0000ff;\"><strong>Monote\u00edsmo Eg\u00edpcio (O UM) e Polite\u00edsmo (O TODO)<\/strong><\/span><\/h2>\n<h3><\/h3>\n<h3><span style=\"color: #ff0000;\">O UM \u00c9 TUDO<\/span><\/h3>\n<p>Os Antigos Eg\u00edpcios acreditavam em Um Deus que era autoproduzido, autoexistente, imortal, invis\u00edvel, eterno, onisciente, todo-poderoso, etc. Este Deus \u00danico nunca foi representado. S\u00e3o as fun\u00e7\u00f5es e atributos de seu dom\u00ednio que foram representados. Esses atributos foram chamados de <em><strong>neteru<\/strong><\/em> (pronunciado <em>net-er-voc\u00ea<\/em>, \u00fanico: <em><strong>mais<\/strong><\/em> na forma masculina e <em><strong>netert<\/strong><\/em> na forma feminina). O termo, <em>Deuses<\/em>, \u00e9 uma deturpa\u00e7\u00e3o do termo eg\u00edpcio, <em><strong>neteru<\/strong><\/em>.<\/p>\n<p>Quando perguntamos: \u201cQuem \u00e9 Deus?\u201d, estamos realmente perguntando: \u201cO que \u00e9 Deus?\u201d. O mero nome ou substantivo n\u00e3o nos diz nada. S\u00f3 se pode definir <em>Deus<\/em> atrav\u00e9s da infinidade de seus atributos\/qualidades\/poderes\/a\u00e7\u00f5es. Esta \u00e9 a \u00fanica forma l\u00f3gica, porque se nos referirmos, digamos, a uma pessoa como Sr. X, isso n\u00e3o significa nada para n\u00f3s. Por\u00e9m, uma vez descritos seus atributos e qualidades, come\u00e7amos a conhec\u00ea-lo. Uma pessoa que \u00e9 engenheiro, pai, marido,\u2026 etc. n\u00e3o possui polipersonalidades, mas sim uma monopersonalidade com m\u00faltiplas fun\u00e7\u00f5es\/atributos. Para os Antigos e <em>Baladi<\/em> Para os eg\u00edpcios, o conceito de Deus \u00e9 semelhante.<\/p>\n<p>Conhecer \u201cDeus\u201d \u00e9 conhecer as in\u00fameras qualidades de \u201cDeus\u201d. Quanto mais aprendemos sobre essas qualidades (conhecidas como <strong><em>neteru<\/em><\/strong>), mais nos aproximamos da nossa origem divina. Longe de ser uma forma primitiva e polite\u00edsta, esta \u00e9 a express\u00e3o mais elevada do misticismo monote\u00edsta.<\/p>\n<p>&nbsp;<\/p>\n<h3><span style=\"color: #ff0000;\">Aquele que se uniu<\/span><\/h3>\n<p>Nas antigas tradi\u00e7\u00f5es eg\u00edpcias, <em><strong>R\u00e1<\/strong><\/em> representa a for\u00e7a primitiva, c\u00f3smica e criativa. O <em>Ladainha<\/em> descreve <em><strong>R\u00e1<\/strong><\/em> como <em>Aquele que est\u00e1 unido, que sai dos seus pr\u00f3prios membros<\/em>. A defini\u00e7\u00e3o eg\u00edpcia antiga de Ra \u00e9 a representa\u00e7\u00e3o perfeita da Unidade que compreende a uni\u00e3o de muitas entidades diversas, ou seja, <em>Aquele que \u00e9 o Tudo<\/em>. O <em>Ladainha de R\u00e1<\/em> descreve os aspectos do princ\u00edpio criativo: ser reconhecido como o <em>neteru<\/em> (deuses) cujas a\u00e7\u00f5es e intera\u00e7\u00f5es, por sua vez, criaram o universo. Como tal, todos os eg\u00edpcios <em><strong>neteru<\/strong><\/em> que participaram do processo de cria\u00e7\u00e3o s\u00e3o aspectos <em><strong>R\u00e1<\/strong><\/em>. Existem 75 formas ou aspectos de <em><strong>R\u00e1<\/strong><\/em>.<\/p>\n<p>A energia solar \u00e9 apenas uma das in\u00fameras manifesta\u00e7\u00f5es da <em><strong>R\u00e1<\/strong><\/em>. Que <em><strong>R\u00e1<\/strong><\/em> n\u00e3o \u00e9 apenas o sol (apenas uma forma singular), tamb\u00e9m foi confirmado no vers\u00edculo seguinte do <em>Historia de <strong>R\u00e1<\/strong> e <strong>Auset<\/strong><\/em> (\u00cdsis), em que <em><strong>R\u00e1<\/strong><\/em> estados,<\/p>\n<blockquote><p><strong><em>Tenho muitos nomes e muitas formas.<\/em><\/strong><\/p><\/blockquote>\n<hr \/>\n<p><!-- ED Egyptian Divinities --><strong><span style=\"color: #ff0000;\">Para obter mais informa\u00e7\u00f5es sobre os pap\u00e9is e fun\u00e7\u00f5es do <strong><em>neteru<\/em><\/strong> no universo, simbolismo animal e explica\u00e7\u00f5es das divindades proeminentes no sistema eg\u00edpcio, leia-se:<\/span><\/strong><\/p>\n<p><strong>Cosmologia Eg\u00edpcia: O Universo Animado, Terceira Edi\u00e7\u00e3o por Moustafa Gadalla<\/strong><br \/>\n<a href=\"https:\/\/egyptianwisdomcenter.org\/pt\/produto\/egyptian-cosmology-the-animated-universe-third-edition\/\"><strong><span style=\"color: #0000ff;\">https:\/\/egyptianwisdomcenter.org\/product\/a-cosmologia-egipcia\/<\/span><\/strong><\/a><\/p>\n<p><img decoding=\"async\" class=\"aligncenter\" src=\"https:\/\/egyptianwisdomcenter.org\/wp-content\/uploads\/2023\/01\/a-cosmologia-egipcia.jpg\" \/><\/p>\n<p style=\"text-align: center;\"><a href=\"https:\/\/egyptianwisdomcenter.org\/pt\/produto\/egyptian-cosmology-the-animated-universe-third-edition\/\"><strong><span style=\"color: #0000ff;\">https:\/\/egyptianwisdomcenter.org\/product\/a-cosmologia-egipcia\/<\/span><\/strong><\/a><\/p>\n<p>&nbsp;<\/p>\n<p><strong>Divindades Eg\u00edpcias: Todos Que S\u00e3o O \u00danico, 2\u00aa Edi\u00e7\u00e3o por Moustafa Gadalla<\/strong><br \/>\n<a href=\"https:\/\/egyptianwisdomcenter.org\/pt\/produto\/divindades-egipcias-todos-os-que-sao-a-unica-2a-edicao\/\"><span style=\"color: #0000ff;\"><strong>https:\/\/egyptianwisdomcenter.org\/product\/egyptian-divinities-the-all-who-are-the-one-2nd-edition\/<\/strong><\/span><\/a><\/p>\n<p><img decoding=\"async\" class=\"aligncenter\" src=\"https:\/\/books2read-prod.s3.amazonaws.com\/CACHE\/images\/ubl_book_images\/book_display_image_qOuT56H\/40d95446cc17340ec7b02939eaa44c10\" \/><\/p>\n<p style=\"text-align: center;\"><a href=\"https:\/\/egyptianwisdomcenter.org\/pt\/produto\/divindades-egipcias-todos-os-que-sao-a-unica-2a-edicao\/\"><span style=\"color: #0000ff;\"><strong>https:\/\/egyptianwisdomcenter.org\/product\/egyptian-divinities-the-all-who-are-the-one-2nd-edition\/<\/strong><\/span><\/a><\/p>\n<p>&nbsp;<\/p>","protected":false},"excerpt":{"rendered":"<p>Egyptian Monotheism (The ONE) And Polytheism (The ALL) The ONE Is ALL The Ancient Egyptians believed in One God who was self-produced, [&hellip;]<\/p>","protected":false},"author":3,"featured_media":0,"parent":0,"menu_order":0,"comment_status":"closed","ping_status":"closed","template":"","meta":{"footnotes":""},"class_list":["post-80","page","type-page","status-publish","hentry"],"aioseo_notices":[],"_links":{"self":[{"href":"https:\/\/egyptianwisdomcenter.org\/pt\/wp-json\/wp\/v2\/pages\/80","targetHints":{"allow":["GET"]}}],"collection":[{"href":"https:\/\/egyptianwisdomcenter.org\/pt\/wp-json\/wp\/v2\/pages"}],"about":[{"href":"https:\/\/egyptianwisdomcenter.org\/pt\/wp-json\/wp\/v2\/types\/page"}],"author":[{"embeddable":true,"href":"https:\/\/egyptianwisdomcenter.org\/pt\/wp-json\/wp\/v2\/users\/3"}],"replies":[{"embeddable":true,"href":"https:\/\/egyptianwisdomcenter.org\/pt\/wp-json\/wp\/v2\/comments?post=80"}],"version-history":[{"count":0,"href":"https:\/\/egyptianwisdomcenter.org\/pt\/wp-json\/wp\/v2\/pages\/80\/revisions"}],"wp:attachment":[{"href":"https:\/\/egyptianwisdomcenter.org\/pt\/wp-json\/wp\/v2\/media?parent=80"}],"curies":[{"name":"wp","href":"https:\/\/api.w.org\/{rel}","templated":true}]}}