{"id":83,"date":"2016-06-09T00:00:00","date_gmt":"2016-06-09T04:00:00","guid":{"rendered":"http:\/\/egyptianwisdomcenter.org\/original-universal-language\/"},"modified":"2023-01-06T00:15:16","modified_gmt":"2023-01-06T05:15:16","slug":"original-universal-language","status":"publish","type":"page","link":"https:\/\/egyptianwisdomcenter.org\/pt\/linguagem-universal-original\/","title":{"rendered":"A linguagem universal original"},"content":{"rendered":"<h2 style=\"text-align: center;\"><span style=\"color: #ff0000;\"><strong>A linguagem universal original<\/strong><\/span><\/h2>\n<h3><\/h3>\n<p>Em G\u00eanesis II:1, somos informados:<\/p>\n<p style=\"padding-left: 30px;\"><strong><em>\u201cE toda a terra tinha uma s\u00f3 l\u00edngua e uma s\u00f3 fala\u201d.<\/em><\/strong><\/p>\n<p>Quanto mais se estudam as diversas l\u00ednguas (e dialetos) do mundo, mais fica cada vez mais claro que originalmente havia uma l\u00edngua que se dividiu em v\u00e1rias l\u00ednguas. A B\u00edblia e os escritores antigos afirmam essa linguagem original. Por causa do falso orgulho e dos preconceitos da academia ocidental e dos fan\u00e1ticos religiosos (juda\u00edsmo, cristianismo e islamismo), a origem desta l\u00edngua materna universal foi ignorada. As evid\u00eancias confirmam que o Antigo Egito \u00e9 a \u00fanica fonte da linguagem universal.<\/p>\n<p>Sobre este assunto, Plat\u00e3o admite o papel do Egito em sua <em>Di\u00e1logos coletados<\/em> [<em>Filebo <\/em>18-b,c,d]:<\/p>\n<p style=\"padding-left: 30px;\"><strong><em>\u201cS\u00d3CRATES: A variedade ilimitada de sons j\u00e1 foi <span style=\"text-decoration: underline;\">discernido por algum deus<\/span>, ou talvez algum homem semelhante a um deus; voc\u00ea conhece a hist\u00f3ria de que houve algo assim <span style=\"text-decoration: underline;\">deus no Egito chamado Theuth<\/span>&#8230;<\/em><\/strong><\/p>\n<p style=\"padding-left: 30px;\"><strong><em>Foi porque percebeu que nenhum de n\u00f3s jamais poderia conhecer uma pe\u00e7a da cole\u00e7\u00e3o por si s\u00f3, isoladamente de todas as outras, que ele <span style=\"text-decoration: underline;\">concebido de &#039;carta&#039;<\/span> como uma esp\u00e9cie de v\u00ednculo de unidade, unindo por assim dizer todos esses sons em um, e assim ele deu express\u00e3o \u00e0 express\u00e3o <span style=\"text-decoration: underline;\">&#039;arte das letras&#039;, o que implica que havia uma arte que lidava com os sons.<\/span>&#8220;<\/em><\/strong><\/p>\n<p>A refer\u00eancia a \u201cTheuth\u201d acima [no livro de Plat\u00e3o <em>Di\u00e1logos coletados<\/em>] \u00e9 o mesmo \u201cTheuth\u201d mencionado no Fedro, onde somos explicitamente informados de que ele era um neter (deus) do Antigo Egito, <strong><em>\u201caquele cujo p\u00e1ssaro sagrado se chama \u00cdbis\u201d<\/em><\/strong>, de modo a excluir qualquer d\u00favida sobre a sua identidade. \u00c9 \u00f3bvio que seu relato \u00e9 baseado em uma tradi\u00e7\u00e3o eg\u00edpcia genu\u00edna, porque Theuth [Thoth] com cabe\u00e7a de \u00edbis \u00e9 um neter (deus) eg\u00edpcio.<\/p>\n<p><a href=\"http:\/\/egyptianwisdomcenter.org\/wp-content\/uploads\/2019\/02\/eu-ch1-72c-1.jpg\"><img decoding=\"async\" class=\"wp-image-1364 aligncenter\" src=\"http:\/\/egyptianwisdomcenter.org\/wp-content\/uploads\/2019\/02\/eu-ch1-72c-1.jpg\" alt=\"\" width=\"79\" height=\"166\" \/><\/a><\/p>\n<p>Theuth [Thoth] \u00e9 retratado como uma figura com cabe\u00e7a de \u00edbis, escrevendo em uma tabuinha.<\/p>\n<p>Deve-se notar que os Antigos Eg\u00edpcios NUNCA deram cr\u00e9dito a um ser humano mortal por qualquer \u201cinven\u00e7\u00e3o\u201d e sempre deram cr\u00e9dito aos atributos\/qualidades\/energias do Divino sendo representados pelos Neteru (deuses, deusas) como a \u00fanica fonte de conhecimento.<\/p>\n<p>\u00c9 muito claro que Plat\u00e3o (em <em>Filebo <\/em>[18-b, c, d]) n\u00e3o se referia a formas pict\u00f3ricas de express\u00e3o (hier\u00f3glifos), mas sim \u00e0 express\u00e3o por letras individuais e diversas, cada uma com seu valor sonoro particular.<\/p>\n<p>Theuth [Thoth] representa o Mensageiro Divino que articula e escreve a linguagem falada\/escrita, o conhecimento, etc.<\/p>\n<p>V\u00e1rios dos atributos de Theuth [Thoth] foram confirmados por Diodoro da Sic\u00edlia:<\/p>\n<p style=\"padding-left: 30px;\"><strong>&#8220;<em>Foi por Thoth, de acordo com os antigos eg\u00edpcios, <span style=\"text-decoration: underline;\">que a linguagem comum da humanidade foi primeiro articulada<\/span>, e que muitos objetos que ainda n\u00e3o tinham nome receberam uma denomina\u00e7\u00e3o, <span style=\"text-decoration: underline;\">que o alfabeto foi definido<\/span>, e que as ordenan\u00e7as relativas \u00e0s honras e ofertas devidas ao neteru <\/em><\/strong>(deuses, deusas)<strong><em> foram devidamente constitu\u00eddos; ele foi tamb\u00e9m o primeiro a observar a disposi\u00e7\u00e3o ordenada das estrelas e a harmonia dos sons musicais e sua natureza.<\/em>&#8220;<\/strong> [Livro I, Se\u00e7\u00e3o 16-1]<\/p>\n<p>A maioria dos estudiosos ocidentais modernos afirma expl\u00edcita e implicitamente que o alfabeto (e a l\u00edngua) eg\u00edpcio antigo \u00e9 a fonte mais antiga do mundo. Em seu livro, <em>A Literatura dos Antigos Eg\u00edpcios<\/em> [p\u00e1gina xxxiv-v], admite o egipt\u00f3logo alem\u00e3o Adolf Erman,<\/p>\n<p style=\"padding-left: 30px;\"><strong><em>Somente os eg\u00edpcios estavam destinados a adotar um m\u00e9todo not\u00e1vel, ap\u00f3s o qual alcan\u00e7aram a forma mais elevada de escrita, o alfabeto. . .<\/em><\/strong><\/p>\n<p>O egipt\u00f3logo brit\u00e2nico WM Flinders Petrie, em seu livro, <em>A Forma\u00e7\u00e3o dos Alfabetos<\/em> [p\u00e1gina 3], concluiu,<\/p>\n<p style=\"padding-left: 30px;\"><strong><em>Desde o in\u00edcio das eras pr\u00e9-hist\u00f3ricas, um sistema cursivo composto por sinais lineares, cheio de variedade e distin\u00e7\u00e3o foi certamente utilizado no Egito.<\/em><\/strong><\/p>\n<p>Petrie coletou e tabulou letras alfab\u00e9ticas de idades muito diferentes; os primeiros pertencem \u00e0 era pr\u00e9-hist\u00f3rica do Egito, provavelmente antes de 7.000 aC, estendendo-se \u00e0s eras grega e romana. Petrie tamb\u00e9m compilou (de v\u00e1rios estudiosos independentes) formas de letras alfab\u00e9ticas de apar\u00eancia semelhante de 25 locais na \u00c1sia Menor, Gr\u00e9cia, It\u00e1lia, Espanha e outros locais em toda a Europa - todas muito mais jovens do que as formas de letras alfab\u00e9ticas do Antigo Egito.<\/p>\n<p>A tabula\u00e7\u00e3o desses sinais alfab\u00e9ticos feita por Petrie mostra que:<\/p>\n<p style=\"padding-left: 40px;\">1. Todas as formas de letras alfab\u00e9ticas estavam presentes no Antigo Egito desde as primeiras eras pr\u00e9-din\u00e1sticas (mais de 7.000 anos atr\u00e1s), antes de qualquer outro lugar do mundo.<\/p>\n<p style=\"padding-left: 40px;\">2. Todas as formas das letras alfab\u00e9ticas eg\u00edpcias s\u00e3o claramente distingu\u00edveis na mais antiga chamada \u201cescrita hier\u00e1tica\u201d eg\u00edpcia recuperada, h\u00e1 mais de 5.000 anos.<\/p>\n<p style=\"padding-left: 40px;\">3. Exatamente as mesmas formas de letras do Antigo Egito foram posteriormente adotadas e espalhadas por outras pessoas em todo o mundo.<\/p>\n<p>&nbsp;<\/p>\n<div dir=\"auto\">\n<p><span style=\"color: #ff0000;\"><strong>[Trechos de <\/strong><\/span><strong>Modos de escrita universal eg\u00edpcio antigo por Moustafa Gadalla<\/strong><span style=\"color: #ff0000;\"><strong>]<br \/>\n<a href=\"https:\/\/egyptianwisdomcenter.org\/pt\/produto\/ancient-egyptian-universal-writing-modes\/\"><span style=\"color: #0000ff;\">https:\/\/egyptianwisdomcenter.org\/product\/ancient-egyptian-universal-writing-modes\/<\/span><\/a><\/strong><\/span><\/p>\n<p><img decoding=\"async\" class=\"aligncenter\" src=\"https:\/\/books2read-prod.s3.amazonaws.com\/CACHE\/images\/ubl_book_images\/book_display_image_47HRC95\/515452d8b8f6b949614788303f629e63\" \/><\/p>\n<p style=\"text-align: center;\"><a href=\"https:\/\/egyptianwisdomcenter.org\/pt\/produto\/ancient-egyptian-universal-writing-modes\/\"><strong style=\"color: #ff0000;\"><span style=\"color: #0000ff;\">https:\/\/egyptianwisdomcenter.org\/product\/ancient-egyptian-universal-writing-modes\/<\/span><\/strong><\/a><\/p>\n<\/div>","protected":false},"excerpt":{"rendered":"<p>The Original Universal Language In Genesis II:1, we are informed: &#8220;And the whole earth was of one language and of one speech&#8221;. [&hellip;]<\/p>","protected":false},"author":3,"featured_media":0,"parent":0,"menu_order":0,"comment_status":"closed","ping_status":"closed","template":"","meta":{"footnotes":""},"class_list":["post-83","page","type-page","status-publish","hentry"],"aioseo_notices":[],"_links":{"self":[{"href":"https:\/\/egyptianwisdomcenter.org\/pt\/wp-json\/wp\/v2\/pages\/83","targetHints":{"allow":["GET"]}}],"collection":[{"href":"https:\/\/egyptianwisdomcenter.org\/pt\/wp-json\/wp\/v2\/pages"}],"about":[{"href":"https:\/\/egyptianwisdomcenter.org\/pt\/wp-json\/wp\/v2\/types\/page"}],"author":[{"embeddable":true,"href":"https:\/\/egyptianwisdomcenter.org\/pt\/wp-json\/wp\/v2\/users\/3"}],"replies":[{"embeddable":true,"href":"https:\/\/egyptianwisdomcenter.org\/pt\/wp-json\/wp\/v2\/comments?post=83"}],"version-history":[{"count":0,"href":"https:\/\/egyptianwisdomcenter.org\/pt\/wp-json\/wp\/v2\/pages\/83\/revisions"}],"wp:attachment":[{"href":"https:\/\/egyptianwisdomcenter.org\/pt\/wp-json\/wp\/v2\/media?parent=83"}],"curies":[{"name":"wp","href":"https:\/\/api.w.org\/{rel}","templated":true}]}}