{"id":86,"date":"2016-06-14T00:00:00","date_gmt":"2016-06-14T04:00:00","guid":{"rendered":"http:\/\/egyptianwisdomcenter.org\/ancient-egyptianchristian-holy-families\/"},"modified":"2023-01-01T13:47:05","modified_gmt":"2023-01-01T18:47:05","slug":"ancient-egyptian-christian-holy-families","status":"publish","type":"page","link":"https:\/\/egyptianwisdomcenter.org\/pt\/antigas-familias-sagradas-cristas-egipcias\/","title":{"rendered":"As Antigas Fam\u00edlias Sagradas Eg\u00edpcias\/Crist\u00e3s"},"content":{"rendered":"<h2 style=\"text-align: center;\"><span style=\"color: #ff0000;\"><strong>As Antigas Fam\u00edlias Sagradas Eg\u00edpcias\/Crist\u00e3s<\/strong><\/span><\/h2>\n<p>&nbsp;<\/p>\n<p><a href=\"http:\/\/egyptianwisdomcenter.org\/wp-content\/uploads\/2019\/02\/image073.jpg\"><img decoding=\"async\" class=\"size-full wp-image-99 aligncenter\" src=\"http:\/\/egyptianwisdomcenter.org\/wp-content\/uploads\/2019\/02\/image073.jpg\" alt=\"\" width=\"121\" height=\"133\" \/><\/a><\/p>\n<p>A alegoria eg\u00edpcia de \u00cdsis e Os\u00edris explica praticamente todas as facetas da vida. Esta hist\u00f3ria de amor ressoa com a trai\u00e7\u00e3o e a lealdade, a morte e o renascimento, o esquecimento e a lembran\u00e7a, o mal e a retid\u00e3o, o dever e a compaix\u00e3o, a manifesta\u00e7\u00e3o das for\u00e7as da natureza, o significado da irmandade e da fraternidade e da maternidade\/paternidade\/filhoidade, e os mist\u00e9rios do corpo, da alma e do esp\u00edrito.<\/p>\n<p>O que se segue \u00e9 uma vers\u00e3o abreviada da alegoria eg\u00edpcia de \u00cdsis e Os\u00edris, fornecida de forma a destacar a fonte eg\u00edpcia do cristianismo. Esta narrativa \u00e9 compilada a partir de templos, tumbas e papiros do Antigo Egito, datados de 3.000 anos antes do Cristianismo, e \u00e9 a seguinte:<\/p>\n<p style=\"padding-left: 30px;\">O Atum autocriado gerou os g\u00eameos Shu e Tef-nut, que por sua vez deram \u00e0 luz Nut (o c\u00e9u\/esp\u00edrito) e Geb (a terra\/mat\u00e9ria). [Mais detalhes sobre a cria\u00e7\u00e3o do universo e do homem est\u00e3o em um cap\u00edtulo posterior.]<\/p>\n<p style=\"padding-left: 30px;\">A uni\u00e3o de Nut (esp\u00edrito) e Geb (mat\u00e9ria) produziu quatro descendentes: Os\u00edris, \u00cdsis, Seth e Nepthys.<\/p>\n<p style=\"padding-left: 30px;\">Como o Jesus b\u00edblico, Os\u00edris simboliza o divino em uma forma mortal, combinando ambos os esp\u00edritos (<strong>Noz<\/strong>) e mat\u00e9ria (<strong>Geb<\/strong>).<\/p>\n<p style=\"padding-left: 30px;\">De acordo com as antigas tradi\u00e7\u00f5es eg\u00edpcias, Os\u00edris veio \u00e0 Terra para o benef\u00edcio da humanidade, ostentando o t\u00edtulo de <em>Manifestador do Bem e da Verdade \u2013<\/em>\u00a0da mesma forma, o Jesus b\u00edblico.<\/p>\n<p>A alegoria eg\u00edpcia diz que Os\u00edris se casou com \u00cdsis e Seth se casou com N\u00e9ftis. Os\u00edris tornou-se rei da terra (Egito) ap\u00f3s se casar com \u00cdsis.<\/p>\n<p>Os\u00edris trouxe civiliza\u00e7\u00e3o e espiritualidade ao povo, permitindo-lhes, assim, alcan\u00e7ar a prosperidade. Ele lhes deu um conjunto de leis para regular sua conduta, resolveu suas disputas com justi\u00e7a e os instruiu na ci\u00eancia do desenvolvimento espiritual.<\/p>\n<p>Tendo civilizado o Egito, ele viajou pelo mundo para divulgar as mesmas instru\u00e7\u00f5es. Onde quer que Os\u00edris fosse, ele trazia paz e aprendizado ao povo:<\/p>\n<p style=\"padding-left: 30px;\"><strong>Entre os dois evangelistas (Os\u00edris e Jesus) existem semelhan\u00e7as v\u00edvidas. O filho divino desce do c\u00e9u. Deus desceu \u00e0 terra para guiar o mundo. Ambos viajaram para espalhar a not\u00edcia.<\/strong><\/p>\n<p>Os\u00edris induziu as pessoas a aceitarem seus ensinamentos n\u00e3o pela for\u00e7a das armas, mas pelo uso de palestras persuasivas, hinos espirituais e m\u00fasica. Diodoro da Sic\u00edlia escreveu, em <em>Livro eu<\/em> [18, 4]:<\/p>\n<p style=\"padding-left: 30px;\"><strong><em>Os\u00edris adorava rir e gostava de m\u00fasica e dan\u00e7a;\u00a0<\/em><\/strong><strong>Da mesma forma, o Jesus b\u00edblico foi persuasivo e foi celebrado como <em>senhor da dan\u00e7a<\/em> em uma can\u00e7\u00e3o de Natal da Idade M\u00e9dia.<\/strong><\/p>\n<p>Quando Os\u00edris retornou de sua miss\u00e3o, ele foi saudado com um banquete real onde foi enganado por Seth \u2013 o maligno \u2013 e seus c\u00famplices para que se deitassem dentro de um caix\u00e3o improvisado. O grupo maligno rapidamente fechou e selou o ba\u00fa e o jogou no Nilo. Seth se tornou o novo Fara\u00f3 quando o caix\u00e3o contendo o corpo sem vida de Osris fluiu para o Mar Mediterr\u00e2neo.<\/p>\n<p style=\"padding-left: 30px;\"><strong>Tanto Jesus quanto Os\u00edris foram tra\u00eddos pelos convidados do jantar (Jesus por Judas e Os\u00edris por Seth em seus pr\u00f3prios banquetes privados. A idade do Jesus b\u00edblico foi presumida como sendo 23 anos e Os\u00edris tinha 28 anos - ambos eram jovens.<\/strong><\/p>\n<p>Enquanto isso, \u00cdsis, ao receber a not\u00edcia do destino e desaparecimento de Os\u00edris, ficou triste e jurou nunca descansar at\u00e9 encontrar o <em>Manifestador da Verdade<\/em>\u2014Os\u00edris.<\/p>\n<p>\u00cdsis procurou por toda parte, abordando todos que encontrava, inclusive crian\u00e7as: pois dizia-se que as crian\u00e7as tinham\/t\u00eam o poder de adivinha\u00e7\u00e3o.<\/p>\n<p style=\"padding-left: 30px;\"><strong>As crian\u00e7as, com o poder de adivinha\u00e7\u00e3o, s\u00e3o reconhecidas pelo Jesus b\u00edblico no Novo Testamento.<\/strong><\/p>\n<p>Conta a hist\u00f3ria que um dia, durante sua busca, \u00cdsis solicitou abrigo na casa de uma mulher pobre.<\/p>\n<p style=\"padding-left: 30px;\"><strong>Este ponto significa a caracter\u00edstica primordial dos ensinamentos eg\u00edpcios, onde algu\u00e9m foi\/\u00e9 ensinado a n\u00e3o se considerar superior aos outros, mas a se classificar como o mais pobre, o mais baixo e o mais humilde da humanidade. Isto se aplica a todos \u2013 incluindo \u00cdsis, a Rainha.<\/strong><\/p>\n<p style=\"padding-left: 30px;\"><strong>Ao fabricar ra\u00edzes humildes para Jesus e sua fam\u00edlia, o cristianismo n\u00e3o entendeu que s\u00e3o os poderosos que devem aprender a ser humildes.<\/strong><\/p>\n<p style=\"padding-left: 30px;\"><strong>A humildade \u00e9 simbolizada na a\u00e7\u00e3o do Cristo Rei montando um jumento: isso representa o ego e o falso orgulho. Este \u00e9 verdadeiramente o simbolismo do Antigo Egito.<\/strong><\/p>\n<p>A hist\u00f3ria continua dizendo que o caix\u00e3o de Os\u00edris foi levado pelas ondas at\u00e9 a costa de uma terra estrangeira. Uma \u00e1rvore surgiu e cresceu ao seu redor, encerrando o corpo de Os\u00edris em seu tronco. A \u00e1rvore ficou grande, bonita e perfumada. [Veja a representa\u00e7\u00e3o do antigo templo eg\u00edpcio abaixo.] A not\u00edcia desta magn\u00edfica \u00e1rvore chegou ao rei desta terra estranha, que ordenou que a \u00e1rvore fosse cortada e seu tronco trazido a ele. Ele utilizou o tronco como pilar de sua casa sem saber o grande segredo que ele continha.<\/p>\n<p style=\"padding-left: 30px;\"><strong>Esta \u00e9 uma refer\u00eancia \u00e0 \u00c1rvore da Vida e a tudo o que isso implica. \u00c9 tamb\u00e9m uma refer\u00eancia ao pilar Tet (Djed) de Os\u00edris.<\/strong><\/p>\n<p style=\"padding-left: 30px;\"><strong>No Cristianismo, esta se tornou a \u00e1rvore de Natal.<\/strong><\/p>\n<p><a href=\"http:\/\/egyptianwisdomcenter.org\/wp-content\/uploads\/2019\/02\/image084.jpg\"><img fetchpriority=\"high\" decoding=\"async\" class=\"size-full wp-image-101 aligncenter\" src=\"http:\/\/egyptianwisdomcenter.org\/wp-content\/uploads\/2019\/02\/image084.jpg\" alt=\"\" width=\"289\" height=\"179\" \/><\/a><\/p>\n<p>\u00cdsis teve uma revela\u00e7\u00e3o em seus sonhos de que o corpo de Os\u00edris estava nesta terra estranha, ent\u00e3o ela imediatamente viajou para l\u00e1. Quando ela chegou, ela se vestiu como uma plebeia e fez amizade com as servas da rainha e conseguiu um emprego no pal\u00e1cio como enfermeira do beb\u00ea pr\u00edncipe.<\/p>\n<p style=\"padding-left: 30px;\"><strong>\u00cdsis, a Rainha do Egito, praticou os ensinamentos eg\u00edpcios que enfatizam a pr\u00e1tica da humildade, servindo aos outros, sem exce\u00e7\u00e3o, para alcan\u00e7ar a uni\u00e3o com o seu amor \u2013 o Divino.<\/strong><\/p>\n<p>Mais tarde, \u00cdsis confessou \u00e0 rainha a sua identidade, bem como o prop\u00f3sito da sua miss\u00e3o. \u00cdsis ent\u00e3o pediu ao rei que o pilar fosse entregue a ela. O rei atendeu ao seu pedido e ela cortou fundo o tronco e tirou o ba\u00fa.<\/p>\n<p>\u00cdsis voltou ao Egito com o ba\u00fa contendo o corpo sem vida de Os\u00edris. Ela escondeu o corpo nos p\u00e2ntanos do Delta do Nilo. \u00cdsis usou seus poderes m\u00e1gicos [de acordo com <em>Textos da Pir\u00e2mide<\/em> n\u00famero 632, 1636, e murais em Abidos e Philae] para se transformar em uma pomba. Extraindo dele a ess\u00eancia de Os\u00edris, ela concebeu um filho - H\u00f3rus. Em outras palavras, \u00cdsis foi impregnada pelo esp\u00edrito santo de Os\u00edris. [Veja a representa\u00e7\u00e3o do antigo templo eg\u00edpcio abaixo.]<\/p>\n<blockquote><p><strong>&gt;Esta a\u00e7\u00e3o simboliza a reencarna\u00e7\u00e3o e o renascimento espiritual \u2013 uma chave para a compreens\u00e3o da cren\u00e7a eg\u00edpcia na vida ap\u00f3s a morte.<\/strong><\/p>\n<p><a href=\"http:\/\/egyptianwisdomcenter.org\/wp-content\/uploads\/2019\/02\/image087.jpg\"><img decoding=\"async\" class=\"size-full wp-image-102 aligncenter\" src=\"http:\/\/egyptianwisdomcenter.org\/wp-content\/uploads\/2019\/02\/image087.jpg\" alt=\"\" width=\"253\" height=\"117\" \/><\/a><\/p><\/blockquote>\n<p>Acima \u00e9 mostrada uma representa\u00e7\u00e3o de um templo eg\u00edpcio antigo mostrando \u00cdsis \u00e0 esquerda, enquanto sua ess\u00eancia m\u00e1gica incorporada na pomba voadora atrai a ess\u00eancia de Os\u00edris para ser impregnada. \u00c0 esquerda, uma netert (deusa) com cabe\u00e7a de sapo, Heqet, simboliza o poder da fertilidade, representando a concep\u00e7\u00e3o e a procria\u00e7\u00e3o.<\/p>\n<p><strong>A concep\u00e7\u00e3o de H\u00f3rus feita por \u00cdsis por nenhum homem vivo \u00e9 a vers\u00e3o documentada mais antiga da concep\u00e7\u00e3o imaculada. O <em>concep\u00e7\u00e3o sobrenatural<\/em> e a <em>nascimento virginal<\/em> de H\u00f3rus encontraram seu caminho para o cristianismo.<\/strong><\/p>\n<blockquote><p>O papel de \u00cdsis na Hist\u00f3ria Modelo Eg\u00edpcia e na hist\u00f3ria da Virgem Maria s\u00e3o surpreendentemente semelhantes: pois ambas foram capazes de conceber sem a gravidez masculina e, como tal, \u00cdsis era reverenciada como a <em>Virgem M\u00e3e<\/em>.<\/p>\n<p><a href=\"http:\/\/egyptianwisdomcenter.org\/wp-content\/uploads\/2019\/02\/image091.jpg\"><img loading=\"lazy\" decoding=\"async\" class=\"size-full wp-image-104 aligncenter\" src=\"http:\/\/egyptianwisdomcenter.org\/wp-content\/uploads\/2019\/02\/image091.jpg\" alt=\"\" width=\"80\" height=\"156\" \/><\/a><\/p><\/blockquote>\n<p style=\"padding-left: 30px;\">\u2013 Mais sobre o conceito eg\u00edpcio antigo de concep\u00e7\u00e3o\/nascimento sagrado (virgem) \u00e9 encontrado anteriormente neste livro.<\/p>\n<p style=\"padding-left: 30px;\">\u2013 Mais sobre o ideal de virgindade na cultura eg\u00edpcia antiga pode ser encontrada anteriormente neste livro.<\/p>\n<p>Quando Seth ouviu falar do novo filho (H\u00f3rus), Seth foi matar o rec\u00e9m-nascido. Ouvindo que Seth estava vindo, <strong><span style=\"text-decoration: underline;\">\u00cdsis foi instru\u00edda a lev\u00e1-lo para um local isolado nos p\u00e2ntanos do Delta do Nilo.<\/span><\/strong> [de acordo com a representa\u00e7\u00e3o do templo eg\u00edpcio antigo mostrada abaixo].<\/p>\n<p><a href=\"http:\/\/egyptianwisdomcenter.org\/wp-content\/uploads\/2019\/02\/image093.jpg\"><img loading=\"lazy\" decoding=\"async\" class=\"size-full wp-image-103 aligncenter\" src=\"http:\/\/egyptianwisdomcenter.org\/wp-content\/uploads\/2019\/02\/image093.jpg\" alt=\"\" width=\"201\" height=\"184\" \/><\/a><\/p>\n<p style=\"padding-left: 30px;\"><strong>Esta \u00e9 a fonte da hist\u00f3ria em que Herodes, ao ouvir sobre o nascimento do Jesus b\u00edblico, decidiu destruir todos os rec\u00e9m-nascidos do sexo masculino. No Novo Testamento, o anjo do Senhor diz a Jos\u00e9: \u201cLevanta-te, toma o menino e sua m\u00e3e e foge para o Egito\u201d.<\/strong><\/p>\n<p style=\"padding-left: 30px;\"><strong>Assim como \u00cdsis, a Virgem Maria \u00e9 celebrada como a \u201cRainha dos P\u00e2ntanos\u201d.<\/strong><\/p>\n<p style=\"padding-left: 30px;\">Um antigo festival eg\u00edpcio que celebrava o nascimento de H\u00f3rus era realizado em 25 de dezembro e lembra o festival crist\u00e3o do Natal. A celebra\u00e7\u00e3o foi chamada <em>O Dia da Crian\u00e7a no Ber\u00e7o<\/em>, e foi realizado na corte e na capela do Templo de Dendera. [Mais informa\u00e7\u00f5es em um cap\u00edtulo posterior.]<\/p>\n<p>A hist\u00f3ria continua que uma noite (enquanto \u00cdsis dava \u00e0 luz H\u00f3rus escondido), quando a lua estava cheia, o malvado Seth e seus c\u00famplices encontraram o ba\u00fa contendo o cad\u00e1ver de Os\u00edris e o cortaram em 14 peda\u00e7os (o n\u00famero 14 simboliza o n\u00famero de dias necess\u00e1rios para formar uma lua cheia). Os\u00edris representa o princ\u00edpio lunar no universo e \u00e9 conhecido como Os\u00edris\u00a0<em>a lua<\/em>.<\/p>\n<p>Quando \u00cdsis ouviu falar de como Seth e seus c\u00famplices cortaram Os\u00edris em diferentes peda\u00e7os e os espalharam por todo o pa\u00eds, seu trabalho foi procurar perto e longe, coletar e juntar os peda\u00e7os quebrados.<\/p>\n<p style=\"padding-left: 30px;\"><strong>1. <em>Amarrar ou amarrar<\/em> \u00e9 o significado da palavra \u201clatina\u201d <em>religi\u00e3o<\/em>, que \u00e9 a raiz da palavra &#039;religi\u00e3o&#039;.<\/strong><\/p>\n<p style=\"padding-left: 30px;\"><strong>2. Ao relembrar e relembrar a hist\u00f3ria de \u00cdsis e Os\u00edris, guardamos em nossos cora\u00e7\u00f5es uma hist\u00f3ria que expressa, nas palavras de Joseph Campbell,\u00a0<\/strong><strong><em>\u201ca iman\u00eancia da divindade nas formas fenom\u00eanicas do universo.\u201d<\/em><\/strong><\/p>\n<p>Assim que H\u00f3rus atingiu a idade adulta, ele desafiou Seth pelo direito ao trono no que foi chamado de \u201cGrande Briga\/Luta no Deserto\u201d.<\/p>\n<p>\u00cdsis, com a ajuda de outras pessoas, recolheu todos os peda\u00e7os\u2026 todos exceto o falo (indicativo de reprodu\u00e7\u00e3o f\u00edsica), que havia sido engolido por um peixe no Nilo. Ela ent\u00e3o reuniu o corpo desmembrado de Os\u00edris e, com a ajuda de outros, envolveu-o em bandagens de linho e mumificou-o.<\/p>\n<p>Thoth, \u00cdsis e H\u00f3rus realizaram o <em>Cerim\u00f4nia de Abertura da Boca<\/em> sobre a m\u00famia, e Os\u00edris foi trazido de volta \u00e0 vida como Juiz e Rei dos Mortos (o passado), enquanto H\u00f3rus tomaria seu lugar como rei dos vivos (o presente). Seth permaneceu o <em>Senhor do Deserto<\/em>.<\/p>\n<p style=\"padding-left: 30px;\"><strong>Isto representa o ciclo perp\u00e9tuo e eterno do poder espiritual na terra: <em>O Rei est\u00e1 morto: (Os\u00edris); Viva o Rei (H\u00f3rus).<\/em><\/strong><\/p>\n<p>Como o Pastor Perfeito, Os\u00edris \u00e9 geralmente mostrado em um corpo humano mumificado e barbudo, carregando o cajado do pastor (sendo o pastor da humanidade) e o mangual (simbolizando a capacidade de separar o joio do trigo).<\/p>\n<p style=\"padding-left: 30px;\">O motivo do pastor \u00e9 encontrado no Salmo 23; \u201c<strong><em>A tua vara eo teu cajado me consolam<\/em><\/strong>\u201d.<\/p>\n<p style=\"padding-left: 30px;\">Em muitos aspectos, o relato da Ressurrei\u00e7\u00e3o de Jesus \u00e9 semelhante ao de Os\u00edris. Como Os\u00edris, diz-se que ele ressuscitou dos mortos. Os antigos eg\u00edpcios acreditavam, assim como os primeiros crist\u00e3os (Hebreus, 4:14), que \u201c<strong><em>o homem n\u00e3o pode ser salvo<\/em><\/strong>\u201d por um Todo-Poderoso distante, mas apenas por algu\u00e9m que compartilhou a experi\u00eancia do sofrimento e da morte humana.<\/p>\n<p style=\"padding-left: 30px;\">\u2013 Tanto Os\u00edris quanto Jesus sofreram e morreram.<\/p>\n<p style=\"padding-left: 30px;\">\u2013 Tanto Os\u00edris quanto Jesus ressuscitaram logo ap\u00f3s suas mortes. Reassumindo a forma terrena, eles afirmaram demonstrativamente a conduta adequada e suas recompensas sobrenaturais, ap\u00f3s o que retornaram ao c\u00e9u, tendo \u201csalvado o mundo\u201d.<\/p>\n<p style=\"padding-left: 30px;\">\u2013 Ambos se tornaram o salvador a quem homens e mulheres recorreram em busca de garantia de imortalidade.<\/p>\n<p>As pe\u00e7as medievais da Paix\u00e3o sobre a morte e ressurrei\u00e7\u00e3o de Jesus s\u00e3o paralelas \u00e0 morte e ressurrei\u00e7\u00e3o do rei eg\u00edpcio como Os\u00edris.<\/p>\n<p><strong>Finalmente, a hist\u00f3ria b\u00edblica sobre a ressurrei\u00e7\u00e3o de <em>El-<span style=\"text-decoration: underline;\">Asar<\/span><\/em> ou <em>L\u00e1zaro<\/em> manteve o nome\/conceito eg\u00edpcio antigo de Os\u00edris, cujo nome na l\u00edngua eg\u00edpcia antiga era <span style=\"text-decoration: underline;\">&#8216;<em>Asar<\/em>&#8216;<\/span>. O milagre descrito no Evangelho de Jo\u00e3o nunca foi um acontecimento hist\u00f3rico. Em vez disso, era um s\u00edmbolo recorrente, profundamente arquet\u00edpico e amplamente utilizado do poder de Deus para ressuscitar os mortos.<\/strong><\/p>\n<p>&nbsp;<\/p>\n<div dir=\"auto\">\n<p><strong><span style=\"color: #ff0000;\">[Um trecho de <\/span>Ra\u00edzes Eg\u00edpcias Antigas do Cristianismo, 2\u00aa Edi\u00e7\u00e3o<span style=\"color: #ff0000;\"> por Moustafa Gadalla]<br \/>\n<span style=\"color: #0000ff;\">https:\/\/egyptianwisdomcenter.org\/product\/o-antigo-egito-as-raizes-do-cristianismo\/<\/span><br \/>\n<\/span><\/strong><\/p>\n<p><img decoding=\"async\" class=\"aligncenter\" src=\"https:\/\/egyptianwisdomcenter.org\/wp-content\/uploads\/2023\/01\/o-antigo-egito-as-raizes-do-cristianismo-4.jpg\" \/><\/p>\n<p style=\"text-align: center;\"><strong><span style=\"color: #ff0000;\"><span style=\"color: #0000ff;\">https:\/\/egyptianwisdomcenter.org\/product\/o-antigo-egito-as-raizes-do-cristianismo\/<\/span><\/span><\/strong><\/p>\n<div dir=\"auto\"><\/div>\n<\/div>","protected":false},"excerpt":{"rendered":"<p>The Ancient Egyptian\/Christian Holy Families &nbsp; The Egyptian allegory of Isis and Osiris explains practically all facets of life. This love story [&hellip;]<\/p>","protected":false},"author":3,"featured_media":0,"parent":0,"menu_order":0,"comment_status":"closed","ping_status":"closed","template":"","meta":{"footnotes":""},"class_list":["post-86","page","type-page","status-publish","hentry"],"aioseo_notices":[],"_links":{"self":[{"href":"https:\/\/egyptianwisdomcenter.org\/pt\/wp-json\/wp\/v2\/pages\/86","targetHints":{"allow":["GET"]}}],"collection":[{"href":"https:\/\/egyptianwisdomcenter.org\/pt\/wp-json\/wp\/v2\/pages"}],"about":[{"href":"https:\/\/egyptianwisdomcenter.org\/pt\/wp-json\/wp\/v2\/types\/page"}],"author":[{"embeddable":true,"href":"https:\/\/egyptianwisdomcenter.org\/pt\/wp-json\/wp\/v2\/users\/3"}],"replies":[{"embeddable":true,"href":"https:\/\/egyptianwisdomcenter.org\/pt\/wp-json\/wp\/v2\/comments?post=86"}],"version-history":[{"count":0,"href":"https:\/\/egyptianwisdomcenter.org\/pt\/wp-json\/wp\/v2\/pages\/86\/revisions"}],"wp:attachment":[{"href":"https:\/\/egyptianwisdomcenter.org\/pt\/wp-json\/wp\/v2\/media?parent=86"}],"curies":[{"name":"wp","href":"https:\/\/api.w.org\/{rel}","templated":true}]}}