{"id":95,"date":"2016-06-14T00:00:00","date_gmt":"2016-06-14T04:00:00","guid":{"rendered":"http:\/\/egyptianwisdomcenter.org\/ancient-egyptian-superior-farming-techniques\/"},"modified":"2023-01-06T00:23:37","modified_gmt":"2023-01-06T05:23:37","slug":"ancient-egyptian-superior-farming-techniques","status":"publish","type":"page","link":"https:\/\/egyptianwisdomcenter.org\/pt\/antigas-tecnicas-agricolas-superiores-egipcias\/","title":{"rendered":"As T\u00e9cnicas Agr\u00edcolas Superiores do Antigo Egito"},"content":{"rendered":"<h2 style=\"text-align: center;\"><span style=\"color: #ff0000;\"><strong>As T\u00e9cnicas Agr\u00edcolas Superiores do Antigo Egito<\/strong><\/span><\/h2>\n<p>&nbsp;<\/p>\n<p>O Egito \u00e9 (e foi) uma das \u00e1reas mais \u00e1ridas do mundo. O rio Nilo, no Egito, recebeu 90% de \u00e1gua durante um per\u00edodo de cheia de 100 dias todos os anos, conforme observado por Her\u00f3doto em <em>As hist\u00f3rias<\/em>, [2, 92], onde afirma:<\/p>\n<p style=\"padding-left: 30px;\"><strong><em>. . . a \u00e1gua come\u00e7a a subir no solst\u00edcio de ver\u00e3o, continua a subir por cem dias e depois cai novamente no final desse per\u00edodo, de modo que permanece baixa durante todo o inverno at\u00e9 que o solst\u00edcio de ver\u00e3o volte a ocorrer no ano seguinte.<\/em><\/strong><\/p>\n<p>As \u00e1guas das cheias do Nilo surgem como resultado da esta\u00e7\u00e3o chuvosa na Eti\u00f3pia, que corr\u00f3i o lodo das terras altas da Eti\u00f3pia e o transporta para o Egipto ao longo do Nilo Azul e outros afluentes. Nenhuma quantidade apreci\u00e1vel de \u00e1gua chega ao Egito atrav\u00e9s do Nilo Branco, que come\u00e7a na \u00c1frica Central.<\/p>\n<p>Os Antigos Eg\u00edpcios geriram os seus limitados recursos h\u00eddricos de forma eficiente e tornaram-se os melhores agricultores do mundo em clima seco. O Antigo Egito era conhecido mundialmente por suas t\u00e9cnicas agr\u00edcolas e de irriga\u00e7\u00e3o em tempo seco. Diodoro falou do eficiente sistema agr\u00edcola eg\u00edpcio:<\/p>\n<p style=\"padding-left: 30px;\"><strong><em>. . .tendo sido educados desde a inf\u00e2ncia para atividades agr\u00edcolas, eles superaram em muito os lavradores de outros pa\u00edses e se familiarizaram com as capacidades da terra, o modo de irriga\u00e7\u00e3o, a \u00e9poca exata de semeadura e colheita, bem como todos os segredos mais \u00fateis relacionados com a colheita, que eles herdaram dos seus antepassados e melhoraram pela sua pr\u00f3pria experi\u00eancia.<\/em><\/strong><\/p>\n<p>V\u00e1rias entidades foram formadas ao longo do Vale do Nilo para gerenciar as enchentes, observando, registrando e regulando o fluxo de \u00e1gua para todo o Vale do Nilo. Como consequ\u00eancia, um sistema de irriga\u00e7\u00e3o comunit\u00e1ria altamente organizado foi desenvolvido e utilizado desde tempos imemoriais.<\/p>\n<p>Os limitados recursos h\u00eddricos dispon\u00edveis no Antigo Egito eram geridos de forma mais eficiente atrav\u00e9s da utiliza\u00e7\u00e3o de m\u00e9todos organizados de conserva\u00e7\u00e3o e desvio de \u00e1gua. De acordo com Estrab\u00e3o, o sistema de irriga\u00e7\u00e3o comunit\u00e1rio eg\u00edpcio era administrado de maneira admir\u00e1vel:<\/p>\n<p style=\"padding-left: 30px;\"><strong><em>. . .que a arte \u00e0s vezes conseguia suprir o que a natureza negava e, por meio de canais e diques, havia pouca diferen\u00e7a na quantidade de terra irrigada, quer a enchente fosse deficiente ou abundante.<\/em><\/strong><\/p>\n<p>Os antigos eg\u00edpcios fizeram observa\u00e7\u00f5es precisas do aumento da eleva\u00e7\u00e3o do Nilo durante a esta\u00e7\u00e3o das inunda\u00e7\u00f5es. Nil\u00f4metros, dispositivos usados para medir a subida e descida gradual do Nilo, foram constru\u00eddos em v\u00e1rias partes do Egito, e as flutua\u00e7\u00f5es da superf\u00edcie da \u00e1gua foram registradas e relatadas. As eleva\u00e7\u00f5es nos Nil\u00f4metros em todo o Egito estavam todas ligadas a um \u00fanico dado comum. A regula\u00e7\u00e3o das quantidades e dura\u00e7\u00e3o do fluxo foi controlada por funcion\u00e1rios experientes que usaram comporta(s) para controlar o fluxo de \u00e1gua at\u00e9 uma determinada altura e dura\u00e7\u00e3o. Diodoro, em <em>EU<\/em>, [19. 5-6], afirma:<\/p>\n<p style=\"padding-left: 30px;\"><strong><em>. . .na \u00e9poca das enchentes, ela poderia n\u00e3o formar po\u00e7as estagnadas sobre a terra em seu detrimento, mas que a \u00e1gua da enchente pudesse ser lan\u00e7ada sobre o campo, em um fluxo suave conforme necess\u00e1rio, atrav\u00e9s de port\u00f5es que eles [os eg\u00edpcios] haviam constru\u00eddo .<\/em><\/strong><\/p>\n<p>A \u00e1gua da inunda\u00e7\u00e3o foi gerida de forma diferente em v\u00e1rios distritos. Isto dependia de muitos factores, tais como as alturas\/eleva\u00e7\u00f5es relativas das terras adjacentes, que culturas estavam a cultivar na altura, etc.<\/p>\n<p>Os Antigos Eg\u00edpcios compreendiam os diferentes tipos de solo e forneciam uma variedade de produtos agr\u00edcolas. Aproveitaram at\u00e9 a orla do deserto, onde os solos s\u00e3o uma mistura de argila e areia, para cultivar vinhas e algumas outras plantas adequadas a estes solos.<\/p>\n<p>Al\u00e9m da mistura de terra nitrosa que era nutrida com lodo das colinas et\u00edopes, os eg\u00edpcios utilizavam nutrientes adicionais do solo, como fertilizantes naturais (estrume de diversos animais e p\u00e1ssaros), para diversos fins. Al\u00e9m disso, os Antigos Eg\u00edpcios tamb\u00e9m utilizavam fertilizantes \u201cqu\u00edmicos\u201d, que eram espalhados pelas superf\u00edcies. Estes foram utilizados para certas culturas; particularmente aqueles cultivados no final do ano.<\/p>\n<p>Os antigos eg\u00edpcios n\u00e3o apenas forneceram \u00e1gua \u00e0s terras baixas, mas tamb\u00e9m foram capazes de irrigar as terras que estavam muito longe do rio para serem diretamente inundadas por ele. Para chegar at\u00e9 as areias do deserto, eles utilizaram um sistema de canais e dispositivos de eleva\u00e7\u00e3o de \u00e1gua. A \u00e1gua foi elevada para canais mais altos no Antigo Egito usando:<\/p>\n<p style=\"padding-left: 30px;\">1. O <em>sombra<\/em>\u2014o modo comum de extrair \u00e1gua do Nilo ou alimentar canais para uma pequena quantidade de \u00e1gua. Consiste basicamente em um poste e um balde.<\/p>\n<p style=\"padding-left: 30px;\">2. A m\u00e1quina de p\u00e9 (bomba) mencionada por Philo, que \u00e9 ecoada em <em>Deuteron\u00f4mio<\/em> [XI. 40],<\/p>\n<p style=\"padding-left: 60px;\"><strong><em>Egito, onde voc\u00ea semeou a sua semente e a regou com o seu p\u00e9, como um jardim de ervas.<\/em><\/strong><\/p>\n<p style=\"padding-left: 30px;\">3. O parafuso hidr\u00e1ulico. As bombas d&#039;\u00e1gua eg\u00edpcias eram famosas mundialmente e eram utilizadas nas atividades de minera\u00e7\u00e3o na Pen\u00ednsula Ib\u00e9rica, conforme o seguinte depoimento de Estrab\u00e3o, <em>Geografia<\/em>, [3.2.9]:<\/p>\n<p style=\"padding-left: 60px;\"><strong><em>Assim, Poseidonius implica que a energia e a ind\u00fastria dos mineiros turdetanos [sul da Espanha] s\u00e3o semelhantes, uma vez que cortam os seus po\u00e7os obliquamente e profundamente, e, no que diz respeito <span style=\"text-decoration: underline;\">os riachos que os encontram nos po\u00e7os, muitas vezes os retiram com o parafuso eg\u00edpcio.<\/span><\/em><\/strong><\/p>\n<p style=\"padding-left: 30px;\">O \u201cparafuso eg\u00edpcio\u201d foi projetado e fabricado com base no mesmo princ\u00edpio das nossas bombas modernas, que consistem em um tubo espiral enrolado em torno de um eixo, ou um grande parafuso em um cilindro, girado manualmente ou por meios mec\u00e2nicos. O tipo acionado manualmente \u00e9 comumente conhecido no Egito agora, como o t<em>anbour<\/em>.<\/p>\n<p style=\"padding-left: 30px;\">4. A roda d&#039;\u00e1gua, com suas conchas para retirar \u00e1gua dos rios e aliment\u00e1-la nos canais de irriga\u00e7\u00e3o. Eles s\u00e3o eficientes no fornecimento de \u00e1gua a n\u00edveis mais elevados e, portanto, podem ser encontrados em locais como o O\u00e1sis de Fayoum, ao sul do Cairo.<\/p>\n<p>Os projetos de abastecimento de \u00e1gua e recupera\u00e7\u00e3o de terras do Antigo Egito eram enormes, mesmo para os nossos padr\u00f5es atuais de projetos que utilizam equipamentos pesados. Aqui est\u00e3o alguns exemplos:<\/p>\n<p style=\"padding-left: 30px;\">1. Um grande projeto de desvio de hidrovias foi realizado h\u00e1 mais de 4.000 anos. O projeto come\u00e7ou na atual Asyut, onde grande parte das \u00e1guas do Nilo ia para a regi\u00e3o da atual Fayoum, localizada a cerca de 105 milhas. [100 km] a sudoeste do Cairo. O O\u00e1sis de Fayoum fica abaixo do n\u00edvel do mar e cont\u00e9m o Lago Qarun. O lago foi originalmente usado como bacia de capta\u00e7\u00e3o do transbordamento do Nilo e j\u00e1 encheu toda a regi\u00e3o. Essa \u00e1gua carregou consigo e depositou o f\u00e9rtil lodo do Nilo no fundo do leito do lago. Este antigo grande projeto causou o desvio de milh\u00f5es de gal\u00f5es de \u00e1gua que foram desperdi\u00e7ados nos desertos ao redor da regi\u00e3o de Fayoum. O fluxo de \u00e1gua para o lago foi reduzido. Como resultado, cerca de 80% da \u00e1rea original do lago foram recuperados e o solo rico foi cultivado. Uma s\u00e9rie de rodas d&#039;\u00e1gua foi usada para levar \u00e1gua \u00e0s margens ao longo deste bra\u00e7o do Nilo. Al\u00e9m disso, havia mais \u00e1gua dispon\u00edvel ao longo do Vale do Nilo, ao norte de Asyut, aumentando as terras ar\u00e1veis.<\/p>\n<p style=\"padding-left: 30px;\">2. Existem evid\u00eancias arqueol\u00f3gicas de grandes projetos p\u00fablicos na (atual) Semna durante a \u00e9poca do rei Senwasret III [1878\u20131844 aC]. A \u00e1rea de Semna acima da Terceira Catarata era f\u00e9rtil e sustentava uma grande popula\u00e7\u00e3o. Durante o Imp\u00e9rio M\u00e9dio, uma barragem artificial bloqueou o canal. Uma parte desta barragem ainda \u00e9 vis\u00edvel, at\u00e9 hoje, em Semna East. A constru\u00e7\u00e3o da barragem elevou o n\u00edvel do Nilo centenas de quil\u00f4metros ao sul, permitindo que expedi\u00e7\u00f5es comerciais navegassem at\u00e9 o interior da \u00c1frica. Existem cerca de 25 inscri\u00e7\u00f5es nas rochas abaixo das fortalezas do canal de Semna Leste e Semna Oeste. Eles representam os n\u00edveis de inunda\u00e7\u00e3o do Nilo registrados durante o Imp\u00e9rio M\u00e9dio, e todos eles mostram um n\u00edvel cerca de 8 metros mais alto do que os n\u00edveis m\u00e1ximos de \u00e1gua atuais.<\/p>\n<p>&nbsp;<\/p>\n<div dir=\"auto\">\n<p><strong><span style=\"color: #ff0000;\">[Um trecho de\u00a0<\/span><\/strong><strong>Antigo Eg\u00edpcio: Cultura Revelada, Segunda Edi\u00e7\u00e3o<span style=\"color: #ff0000;\"> por Moustafa Gadalla]<br \/>\n<span style=\"color: #0000ff;\"><a href=\"https:\/\/egyptianwisdomcenter.org\/pt\/produto\/cultura-egipcia-antiga-revelada-segunda-edicao\/\">https:\/\/egyptianwisdomcenter.org\/product\/ancient-egyptian-culture-revealed-second-edition<\/a>\/<\/span><br \/>\n<\/span><\/strong><\/p>\n<p><img decoding=\"async\" class=\"aligncenter\" src=\"https:\/\/egyptianwisdomcenter.org\/wp-content\/uploads\/2023\/01\/a-cultura-do-antigo-egito-revelada-1.jpg\" \/><\/p>\n<div dir=\"auto\" style=\"text-align: center;\"><a href=\"https:\/\/egyptianwisdomcenter.org\/pt\/produto\/cultura-egipcia-antiga-revelada-segunda-edicao\/\"><span style=\"color: #0000ff;\"><strong>https:\/\/egyptianwisdomcenter.org\/product\/a-cultura-do-antigo-egito-revelada\/<\/strong><\/span><\/a><\/div>\n<\/div>","protected":false},"excerpt":{"rendered":"<p>The Ancient Egyptian Superior Farming Techniques &nbsp; Egypt is (and was) one of the most arid areas in the world. The River [&hellip;]<\/p>","protected":false},"author":3,"featured_media":0,"parent":0,"menu_order":0,"comment_status":"closed","ping_status":"closed","template":"","meta":{"footnotes":""},"class_list":["post-95","page","type-page","status-publish","hentry"],"aioseo_notices":[],"_links":{"self":[{"href":"https:\/\/egyptianwisdomcenter.org\/pt\/wp-json\/wp\/v2\/pages\/95","targetHints":{"allow":["GET"]}}],"collection":[{"href":"https:\/\/egyptianwisdomcenter.org\/pt\/wp-json\/wp\/v2\/pages"}],"about":[{"href":"https:\/\/egyptianwisdomcenter.org\/pt\/wp-json\/wp\/v2\/types\/page"}],"author":[{"embeddable":true,"href":"https:\/\/egyptianwisdomcenter.org\/pt\/wp-json\/wp\/v2\/users\/3"}],"replies":[{"embeddable":true,"href":"https:\/\/egyptianwisdomcenter.org\/pt\/wp-json\/wp\/v2\/comments?post=95"}],"version-history":[{"count":0,"href":"https:\/\/egyptianwisdomcenter.org\/pt\/wp-json\/wp\/v2\/pages\/95\/revisions"}],"wp:attachment":[{"href":"https:\/\/egyptianwisdomcenter.org\/pt\/wp-json\/wp\/v2\/media?parent=95"}],"curies":[{"name":"wp","href":"https:\/\/api.w.org\/{rel}","templated":true}]}}