{"id":59717,"date":"2022-12-24T18:59:46","date_gmt":"2022-12-24T23:59:46","guid":{"rendered":"https:\/\/egyptianwisdomcenter.org\/?post_type=product&#038;p=59717"},"modified":"2024-05-31T08:14:52","modified_gmt":"2024-05-31T12:14:52","slug":"ancient-egyptian-culture-revealed-second-edition","status":"publish","type":"product","link":"https:\/\/egyptianwisdomcenter.org\/pt\/produto\/cultura-egipcia-antiga-revelada-segunda-edicao\/","title":{"rendered":"Revelada a cultura eg\u00edpcia antiga, segunda edi\u00e7\u00e3o"},"content":{"rendered":"<h2 class=\"synopsis-title\"><\/h2>\n<div class=\"collapsible-synopsis gizmo-collapsible-with-header show-teaser open\" data-kobo-gizmo=\"Collapsible.Synopsis\" data-kobo-gizmo-config=\"{ &quot;isOpen&quot;: {&quot;small&quot;: false, &quot;medium&quot;: false, &quot;large&quot;: false, &quot;jumbo&quot;: false}, &quot;name&quot;: &quot;AboutItem&quot;, &quot;toggleClass&quot; : &quot;toggle-button-hitbox&quot; }\" data-gid=\"g_20\">\n<div class=\"synopsis-description\" translate=\"no\">\n<p>Esta Edi\u00e7\u00e3o Expandida do livro consiste em quatro partes, com um total de 16 cap\u00edtulos, al\u00e9m de tr\u00eas ap\u00eandices.<\/p>\n<p>Parte I: Os Povos do Egito consiste em quatro cap\u00edtulos, 1 a 4, como segue:<\/p>\n<p>Cap\u00edtulo 1: O In\u00edcio cobre a idade das antiguidades eg\u00edpcias, sendo pelo menos 39.000 anos, de acordo com evid\u00eancias arqueol\u00f3gicas, hist\u00f3ricas e f\u00edsicas e a Era de Le\u00e3o e da Esfinge; bem como a idade do calend\u00e1rio s\u00f3tico eg\u00edpcio, que \u00e9 de longe o calend\u00e1rio mais preciso de todos os tempos.<\/p>\n<p>Cap\u00edtulo 2: A popula\u00e7\u00e3o eg\u00edpcia cobre as ra\u00edzes e caracter\u00edsticas do povo eg\u00edpcio [antigo], suas moradias, seus assentamentos em todo o mundo e os pap\u00e9is dos estrangeiros na hist\u00f3ria do Antigo Egito.<\/p>\n<p>Cap\u00edtulo 3: Os Mais Religiosos cobre a cosmologia eg\u00edpcia; monote\u00edsmo e polite\u00edsmo; simbolismo animal; a cria\u00e7\u00e3o do universo; o conceito de Maat; e a difus\u00e3o da religi\u00e3o eg\u00edpcia antiga por todo o mundo sob novos \u201cnomes\u201d.<\/p>\n<p>Cap\u00edtulo 4: A Ordem Social\/Pol\u00edtica cobre as bases e aplica\u00e7\u00f5es dos princ\u00edpios matrilineares\/matriarracais; as comunidades matrilocais; o sistema republicano popular eg\u00edpcio; o duplo sistema de supervis\u00e3o\/governo administrativo; e a ordem da documenta\u00e7\u00e3o de todos os assuntos em eg\u00edpcio<\/p>\n<p>Parte II: As Correla\u00e7\u00f5es C\u00f3smicas consiste em tr\u00eas cap\u00edtulos \u2013 5 a 7 \u2013 como segue:<\/p>\n<p>Cap\u00edtulo 5: Como Acima, Assim Abaixo cobre os princ\u00edpios e aplica\u00e7\u00f5es da consci\u00eancia c\u00f3smica na vida dos eg\u00edpcios e os festivais c\u00edclicos de renova\u00e7\u00e3o como uma forma de tais princ\u00edpios.<\/p>\n<p>Cap\u00edtulo 6: O Fara\u00f3, o Elo C\u00f3smico cobre o verdadeiro governo do fara\u00f3 eg\u00edpcio como Servo Mestre; como o povo governava; e muito mais.<\/p>\n<p>Cap\u00edtulo 7: Templos Eg\u00edpcios fornece uma r\u00e1pida vis\u00e3o geral da real fun\u00e7\u00e3o\/objetivo do templo eg\u00edpcio; os par\u00e2metros harm\u00f4nicos de projeto; e muito mais.<\/p>\n<p>Parte III: O Eg\u00edpcio Erudito consiste em cinco cap\u00edtulos \u2013 8 a 12 \u2013 como segue:<\/p>\n<p>Cap\u00edtulo 8: A Linguagem Divina fornece uma r\u00e1pida vis\u00e3o geral dos modos de escrita no Egito Antigo - a forma alfab\u00e9tica de escrita e os s\u00edmbolos\/escrita metaf\u00edsica pict\u00f3rica - bem como os aspectos cultos da l\u00edngua alfab\u00e9tica eg\u00edpcia.<\/p>\n<p>Cap\u00edtulo 9: A Heran\u00e7a Musical Eg\u00edpcia fornece uma r\u00e1pida vis\u00e3o geral da heran\u00e7a musical do Egito; as orquestras musicais; e a vasta gama de instrumentos musicais; bem como dan\u00e7a e bal\u00e9 no Antigo Egito.<\/p>\n<p>Cap\u00edtulo 10: Sa\u00fade e Medicina fornece uma r\u00e1pida vis\u00e3o geral dos mais altos respeitos internacionais pela medicina eg\u00edpcia; sua profiss\u00e3o m\u00e9dica; conte\u00fado de alguns papiros m\u00e9dicos eg\u00edpcios relativos ao diagn\u00f3stico, curas e tratamentos de diversas doen\u00e7as e cirurgias; e a ampla gama de prescri\u00e7\u00f5es.<\/p>\n<p>Cap\u00edtulo 11: Astronomia cobre alguns conhecimentos e pr\u00e1ticas astron\u00f4micas surpreendentemente precisas, como observa\u00e7\u00f5es e registros astron\u00f4micos, o ciclo do zod\u00edaco, etc.<\/p>\n<p>Cap\u00edtulo 12: Geometria e Matem\u00e1tica \u00e9 uma vis\u00e3o geral r\u00e1pida dos assuntos de geometria sagrada e ci\u00eancias naturais, geod\u00e9sia, matem\u00e1tica e numerologia; bem como o conhecimento eg\u00edpcio e as aplica\u00e7\u00f5es das \u201cpropor\u00e7\u00f5es\u201d sagradas de Pi e Phi.<\/p>\n<p>Parte IV: A Economia Vibrante consiste em quatro cap\u00edtulos \u2013 13 a 16 \u2013 como segue:<\/p>\n<p>Cap\u00edtulo 13: O Cultivo da Cultura cobre a excelente aplica\u00e7\u00e3o de t\u00e9cnicas agr\u00edcolas em clima seco, a divis\u00e3o social do trabalho e a comunidade agr\u00edcola.<\/p>\n<p>Cap\u00edtulo 14: As Ind\u00fastrias Manufaturas cobre o conhecimento eg\u00edpcio de metalurgia e metalurgia; seus produtos de prata dourada (electrum); seus produtos de cobre e bronze; seus produtos de vidra\u00e7a (vidro e vidra\u00e7a); seus produtos de ferro; suas atividades mineiras; e produtos diversos, como marcenaria, tecidos, cer\u00e2mica, couro e papel; bem como algumas aplica\u00e7\u00f5es tecnol\u00f3gicas diversas.<\/p>\n<p>Cap\u00edtulo 15: Infraestrutura de Transporte \u00e9 uma r\u00e1pida vis\u00e3o geral dos v\u00e1rios tipos de navios eg\u00edpcios de alta qualidade; principais portos costeiros eg\u00edpcios; e transporte terrestre; bem como patronos e santu\u00e1rios de viagens.<\/p>\n<p>Cap\u00edtulo 16: A Economia de Mercado cobre o funcionamento da economia de mercado eg\u00edpcia; transa\u00e7\u00f5es comerciais; Exporta\u00e7\u00f5es eg\u00edpcias (bens e servi\u00e7os); e importa\u00e7\u00f5es eg\u00edpcias; bem como a ascens\u00e3o e queda do com\u00e9rcio internacional que estava ligado ao Antigo Egito, o motor econ\u00f3mico do mundo antigo.<\/p>\n<p>O conte\u00fado dos tr\u00eas ap\u00eandices \u00e9 evidente pelos seus t\u00edtulos; ser:<\/p>\n<p>Ap\u00eandice A: Fotografias \u2014 O Vale Nascente<br \/>\nAp\u00eandice B: Fotografias \u2014 A Era de Le\u00e3o e a Esfinge<br \/>\nAp\u00eandice C: Fotografias \u2014 Astronomia<\/p>\n<\/div>\n<\/div>","protected":false},"excerpt":{"rendered":"<div id=\"fb-root\"><\/div>\n<p><script async defer crossorigin=\"anonymous\" src=\"https:\/\/connect.facebook.net\/fr_FR\/sdk.js#xfbml=1&#038;version=v18.0\" nonce=\"rGs0O0Ef\"><\/script><\/p>\n<div class=\"fb-page\" data-href=\"https:\/\/www.facebook.com\/AncientEgyptianCultureRevealed\" data-width=\"380\" data-hide-cover=\"false\" data-show-facepile=\"false\"><\/div>\n<p>&nbsp;<\/p>\n<p><span class=\"contributor-name-prefix\">por<\/span>\u00a0<span class=\"visible-contributors\"><a class=\"contributor-name\" translate=\"no\" href=\"https:\/\/egyptianwisdomcenter.org\/pt\/about\/\" data-force-track=\"\" data-track-info=\"{&quot;description&quot;:&quot;authorSearch&quot;,&quot;author&quot;:&quot;Moustafa Gadalla&quot;}\">Moustafa Gadalla<\/a><\/span><\/p>\n<hr \/>\n<p><strong>PEQUENA DESCRI\u00c7\u00c3O<\/strong><\/p>\n<p>Esta nova edi\u00e7\u00e3o ampliada revela v\u00e1rios aspectos da cultura eg\u00edpcia antiga, como as antiguidades muito remotas do Egito; as caracter\u00edsticas eg\u00edpcias e cren\u00e7as e pr\u00e1ticas religiosas; seu sistema social\/pol\u00edtico; seus templos c\u00f3smicos; a riqueza da sua l\u00edngua; patrim\u00f3nio musical e ci\u00eancias integrais; sua medicina avan\u00e7ada; a sua economia vibrante; excelentes produtos agr\u00edcolas e manufaturados; seu sistema de transporte; e muito mais.<\/p>\n<p><a href=\"https:\/\/egyptianwisdomcenter.org\/wp-content\/uploads\/2022\/12\/The-Ancient-Egyptian-Culture-Revealed-sample.pdf\">Visualizar agora (PDF)<\/a><\/p>\n<hr \/>\n<p><center><br \/>\n<a class=\"button minimal\" href=\"https:\/\/books2read.com\/u\/bpMreq\" target=\"_blank\" rel=\"noopener\">Ver op\u00e7\u00f5es de compra<\/a><\/center><\/p>\n<div id='wpsr-reviews-slider-68948' class='wpsr-reviews-68948  wpsr-reviews-wrapper wpsr-feed-wrap wpsr_content  wpsr-reviews-slider-wrapper   wpsr-reviews-template-grid2 wpsr-reviews-layout-slider wpsr-header-enable' data-column='4' data-platforms='amazon' data-slider_settings='{&quot;autoplay&quot;:&quot;false&quot;,&quot;autoplay_speed&quot;:3000,&quot;slides_to_show&quot;:3,&quot;spaceBetween&quot;:20,&quot;responsive_slides_to_show&quot;:{&quot;desktop&quot;:2,&quot;tablet&quot;:2,&quot;mobile&quot;:1},&quot;slides_to_scroll&quot;:3,&quot;responsive_slides_to_scroll&quot;:{&quot;desktop&quot;:5,&quot;tablet&quot;:2,&quot;mobile&quot;:1},&quot;navigation&quot;:&quot;dot&quot;}'>\n<div class=\"wpsr-container wpsr-fixed-height\" style=\"\" >\n<div class=\"wpsr-business-info-wrapper\">\n<div class=\"wpsr-row\">\n<div class=\"wpsr-business-info  amazon\">\n<div class=\"wpsr-business-info-left\">\n<div class=\"wpsr-business-info-paltforms\"><img decoding=\"async\" src=\"https:\/\/egyptianwisdomcenter.org\/wp-content\/plugins\/wp-social-reviews\/assets\/images\/icon\/icon-amazon.png\" alt=\"amazon\"><\/div>\n<div class=\"wpsr-rating-and-count\"><span class=\"wpsr-total-rating\">4.6<\/span><span class=\"wpsr-rating\"><\/p>\n<div class=\"wpsr-star-container wpsr-star-background-filled\" style=\"--wpsr-review-star-fill: 100%;\">\n<div class=\"wpsr-star-empty\"><\/div>\n<div class=\"wpsr-star-filled\"><\/div>\n<\/p><\/div>\n<div class=\"wpsr-star-container wpsr-star-background-filled\" style=\"--wpsr-review-star-fill: 100%;\">\n<div class=\"wpsr-star-empty\"><\/div>\n<div class=\"wpsr-star-filled\"><\/div>\n<\/p><\/div>\n<div class=\"wpsr-star-container wpsr-star-background-filled\" style=\"--wpsr-review-star-fill: 100%;\">\n<div class=\"wpsr-star-empty\"><\/div>\n<div class=\"wpsr-star-filled\"><\/div>\n<\/p><\/div>\n<div class=\"wpsr-star-container wpsr-star-background-filled\" style=\"--wpsr-review-star-fill: 100%;\">\n<div class=\"wpsr-star-empty\"><\/div>\n<div class=\"wpsr-star-filled\"><\/div>\n<\/p><\/div>\n<div class=\"wpsr-star-container wpsr-star-background-filled\" style=\"--wpsr-review-star-fill: 60%;\">\n<div class=\"wpsr-star-empty\"><\/div>\n<div class=\"wpsr-star-filled\"><\/div>\n<\/p><\/div>\n<p><\/span><\/p>\n<div class=\"wpsr-total-reviews\">Based on <span>14<\/span> Reviews<\/div>\n<\/div>\n<\/div>\n<div class=\"wpsr-business-info-right\">\n<div class=\"wpsr-write-review-modal-wrapper\"><\/div>\n<\/div>\n<\/div>\n<\/div>\n<\/div>\n<div class=\"wpsr-row\" style=\"\">\n<div class=\"wpsr-reviews-slider-wrapper-inner\">\n<div class=\"wpsr-reviews-slider swiper-container wpsr-ai-summary-enabled-slider\" tabindex=\"0\">\n<div class=\"swiper-wrapper\">\n<div class=\"swiper-slide\" role=\"group\">\n<div class=\"wpsr-review-template wpsr-review-template-two wpsr-review-template-amazon\"\n                 style=\"\"\n                 data-index=\"0\"\n                 data-source_id=\"B07MLYHRCF\"\n                 data-media_id=\"\"\n                 data-review_platform=\"amazon\"\n                 data-product_thumbnail=\"\"\n                 data-product_name=\"\"\n                 data-image_resize=\"full\"\n            ><\/p>\n<div class=\"wpsr-review-platform\">\n                <img decoding=\"async\" class=\"wpsr-review-platform-icon\" width=\"20\" height=\"20\" src=\"https:\/\/egyptianwisdomcenter.org\/wp-content\/plugins\/wp-social-reviews\/assets\/images\/icon\/icon-amazon-small.png\" alt=\"amazon\">\n    <\/div>\n<div class=\"wpsr-reviewer-image\">\n    <a class=\"wpsr-reviewer-image-url\" target=\"_blank\" rel=\"noopener noreferrer nofollow\" href=\"https:\/\/www.amazon.com\/The-Ancient-Egyptian-Culture-Revealed\/dp\/B07MLYHRCF\/\"><br \/>\n                                    <img decoding=\"async\" class=\"wpsr-reviewer-avatar\" src=\"https:\/\/images-eu.ssl-images-amazon.com\/images\/S\/amazon-avatars-global\/default._CR0,0,1024,1024_SX48_.png\" alt=\"IAN WILLIAMS\"\/><br \/>\n                        <\/a>\n<\/div>\n<div class=\"wpsr-review-info\">\n                        <a class=\"wpsr-reviewer-name-url\" target=\"_blank\" rel=\"noopener noreferrer nofollow\" href=\"https:\/\/www.amazon.com\/The-Ancient-Egyptian-Culture-Revealed\/dp\/B07MLYHRCF\/\"><br \/>\n    <span class=\"wpsr-reviewer-name\">IAN WILLIAMS<\/span><br \/>\n    <\/a><\/p>\n<div data-rating=\"4\" class=\"wpsr-rating-wrapper wpsr-rating\">\n<div class=\"wpsr-star-container wpsr-star-background-filled\" style=\"--wpsr-review-star-fill: 100%;\">\n<div class=\"wpsr-star-empty\"><\/div>\n<div class=\"wpsr-star-filled\"><\/div>\n<\/p><\/div>\n<div class=\"wpsr-star-container wpsr-star-background-filled\" style=\"--wpsr-review-star-fill: 100%;\">\n<div class=\"wpsr-star-empty\"><\/div>\n<div class=\"wpsr-star-filled\"><\/div>\n<\/p><\/div>\n<div class=\"wpsr-star-container wpsr-star-background-filled\" style=\"--wpsr-review-star-fill: 100%;\">\n<div class=\"wpsr-star-empty\"><\/div>\n<div class=\"wpsr-star-filled\"><\/div>\n<\/p><\/div>\n<div class=\"wpsr-star-container wpsr-star-background-filled\" style=\"--wpsr-review-star-fill: 100%;\">\n<div class=\"wpsr-star-empty\"><\/div>\n<div class=\"wpsr-star-filled\"><\/div>\n<\/p><\/div>\n<div class=\"wpsr-star-container wpsr-star-background-empty\" style=\"--wpsr-review-star-fill: 0%;\">\n<div class=\"wpsr-star-empty\"><\/div>\n<div class=\"wpsr-star-filled\"><\/div>\n<\/p><\/div>\n<\/p><\/div>\n<p><span data-time=\"7 anos atr\u00e1s\" class=\"wpsr-review-date\"><br \/>\n     abril 24, 2019<\/span>                        <\/p><\/div>\n<div class=\"wpsr-reviews-content-footer\">\n<h3 class=\"wpsr-review-title\">\n    Superb<\/h3>\n<div class=\"wpsr-review-content\" tabindex=\"0\">\n<p class=\"wpsr_add_read_more wpsr_show_less_content\" data-num-words-trim=\"10\">As usual Moustafa Gadalla gives a unique view of Egyptain culture. I only knocked off a star because his books don&#8217;t have the title on the spine, so when I stack it on my bookshelf I have to guess what Moustafa Gadalla book i&#8217;m looking for by the colour of the spine rather than the title. <\/p>\n<\/p><\/div>\n<\/p><\/div>\n<\/p><\/div>\n<\/p><\/div>\n<div class=\"swiper-slide\" role=\"group\">\n<div class=\"wpsr-review-template wpsr-review-template-two wpsr-review-template-amazon\"\n                 style=\"\"\n                 data-index=\"1\"\n                 data-source_id=\"B07MLYHRCF\"\n                 data-media_id=\"\"\n                 data-review_platform=\"amazon\"\n                 data-product_thumbnail=\"\"\n                 data-product_name=\"\"\n                 data-image_resize=\"full\"\n            ><\/p>\n<div class=\"wpsr-review-platform\">\n                <img decoding=\"async\" class=\"wpsr-review-platform-icon\" width=\"20\" height=\"20\" src=\"https:\/\/egyptianwisdomcenter.org\/wp-content\/plugins\/wp-social-reviews\/assets\/images\/icon\/icon-amazon-small.png\" alt=\"amazon\">\n    <\/div>\n<div class=\"wpsr-reviewer-image\">\n    <a class=\"wpsr-reviewer-image-url\" target=\"_blank\" rel=\"noopener noreferrer nofollow\" href=\"https:\/\/www.amazon.com\/The-Ancient-Egyptian-Culture-Revealed\/dp\/B07MLYHRCF\/\"><br \/>\n                                    <img decoding=\"async\" class=\"wpsr-reviewer-avatar\" src=\"https:\/\/images-na.ssl-images-amazon.com\/images\/I\/31Kcscz2WYL._CR0,0,363,363_SX48_.jpg\" alt=\"catprincess\"\/><br \/>\n                        <\/a>\n<\/div>\n<div class=\"wpsr-review-info\">\n                        <a class=\"wpsr-reviewer-name-url\" target=\"_blank\" rel=\"noopener noreferrer nofollow\" href=\"https:\/\/www.amazon.com\/The-Ancient-Egyptian-Culture-Revealed\/dp\/B07MLYHRCF\/\"><br \/>\n    <span class=\"wpsr-reviewer-name\">catprincess<\/span><br \/>\n    <\/a><\/p>\n<div data-rating=\"5\" class=\"wpsr-rating-wrapper wpsr-rating\">\n<div class=\"wpsr-star-container wpsr-star-background-filled\" style=\"--wpsr-review-star-fill: 100%;\">\n<div class=\"wpsr-star-empty\"><\/div>\n<div class=\"wpsr-star-filled\"><\/div>\n<\/p><\/div>\n<div class=\"wpsr-star-container wpsr-star-background-filled\" style=\"--wpsr-review-star-fill: 100%;\">\n<div class=\"wpsr-star-empty\"><\/div>\n<div class=\"wpsr-star-filled\"><\/div>\n<\/p><\/div>\n<div class=\"wpsr-star-container wpsr-star-background-filled\" style=\"--wpsr-review-star-fill: 100%;\">\n<div class=\"wpsr-star-empty\"><\/div>\n<div class=\"wpsr-star-filled\"><\/div>\n<\/p><\/div>\n<div class=\"wpsr-star-container wpsr-star-background-filled\" style=\"--wpsr-review-star-fill: 100%;\">\n<div class=\"wpsr-star-empty\"><\/div>\n<div class=\"wpsr-star-filled\"><\/div>\n<\/p><\/div>\n<div class=\"wpsr-star-container wpsr-star-background-filled\" style=\"--wpsr-review-star-fill: 100%;\">\n<div class=\"wpsr-star-empty\"><\/div>\n<div class=\"wpsr-star-filled\"><\/div>\n<\/p><\/div>\n<\/p><\/div>\n<p><span data-time=\"11 anos atr\u00e1s\" class=\"wpsr-review-date\"><br \/>\n     abril 17, 2015<\/span>                        <\/p><\/div>\n<div class=\"wpsr-reviews-content-footer\">\n<h3 class=\"wpsr-review-title\">\n    5.0 out of 5 stars                    Profund reading<\/h3>\n<div class=\"wpsr-review-content\" tabindex=\"0\">\n<p class=\"wpsr_add_read_more wpsr_show_less_content\" data-num-words-trim=\"10\">It was a book I could not put down. IT is very sophisticated intellectually ,philosophically, and spiritually. It presents ancient Egypt  and its culture in a historically  astute profound way. IF you like to read books along this vein then this book would be a good starting point. <\/p>\n<\/p><\/div>\n<\/p><\/div>\n<\/p><\/div>\n<\/p><\/div>\n<div class=\"swiper-slide\" role=\"group\">\n<div class=\"wpsr-review-template wpsr-review-template-two wpsr-review-template-amazon\"\n                 style=\"\"\n                 data-index=\"2\"\n                 data-source_id=\"B07MLYHRCF\"\n                 data-media_id=\"\"\n                 data-review_platform=\"amazon\"\n                 data-product_thumbnail=\"\"\n                 data-product_name=\"\"\n                 data-image_resize=\"full\"\n            ><\/p>\n<div class=\"wpsr-review-platform\">\n                <img decoding=\"async\" class=\"wpsr-review-platform-icon\" width=\"20\" height=\"20\" src=\"https:\/\/egyptianwisdomcenter.org\/wp-content\/plugins\/wp-social-reviews\/assets\/images\/icon\/icon-amazon-small.png\" alt=\"amazon\">\n    <\/div>\n<div class=\"wpsr-reviewer-image\">\n    <a class=\"wpsr-reviewer-image-url\" target=\"_blank\" rel=\"noopener noreferrer nofollow\" href=\"https:\/\/www.amazon.com\/The-Ancient-Egyptian-Culture-Revealed\/dp\/B07MLYHRCF\/\"><br \/>\n                                    <img decoding=\"async\" class=\"wpsr-reviewer-avatar\" src=\"https:\/\/images-na.ssl-images-amazon.com\/images\/S\/amazon-avatars-global\/default._CR0,0,1024,1024_SX48_.png\" alt=\"Juan Olivares\"\/><br \/>\n                        <\/a>\n<\/div>\n<div class=\"wpsr-review-info\">\n                        <a class=\"wpsr-reviewer-name-url\" target=\"_blank\" rel=\"noopener noreferrer nofollow\" href=\"https:\/\/www.amazon.com\/The-Ancient-Egyptian-Culture-Revealed\/dp\/B07MLYHRCF\/\"><br \/>\n    <span class=\"wpsr-reviewer-name\">Juan Olivares<\/span><br \/>\n    <\/a><\/p>\n<div data-rating=\"3\" class=\"wpsr-rating-wrapper wpsr-rating\">\n<div class=\"wpsr-star-container wpsr-star-background-filled\" style=\"--wpsr-review-star-fill: 100%;\">\n<div class=\"wpsr-star-empty\"><\/div>\n<div class=\"wpsr-star-filled\"><\/div>\n<\/p><\/div>\n<div class=\"wpsr-star-container wpsr-star-background-filled\" style=\"--wpsr-review-star-fill: 100%;\">\n<div class=\"wpsr-star-empty\"><\/div>\n<div class=\"wpsr-star-filled\"><\/div>\n<\/p><\/div>\n<div class=\"wpsr-star-container wpsr-star-background-filled\" style=\"--wpsr-review-star-fill: 100%;\">\n<div class=\"wpsr-star-empty\"><\/div>\n<div class=\"wpsr-star-filled\"><\/div>\n<\/p><\/div>\n<div class=\"wpsr-star-container wpsr-star-background-empty\" style=\"--wpsr-review-star-fill: 0%;\">\n<div class=\"wpsr-star-empty\"><\/div>\n<div class=\"wpsr-star-filled\"><\/div>\n<\/p><\/div>\n<div class=\"wpsr-star-container wpsr-star-background-empty\" style=\"--wpsr-review-star-fill: 0%;\">\n<div class=\"wpsr-star-empty\"><\/div>\n<div class=\"wpsr-star-filled\"><\/div>\n<\/p><\/div>\n<\/p><\/div>\n<p><span data-time=\"11 anos atr\u00e1s\" class=\"wpsr-review-date\"><br \/>\n     fevereiro 26, 2015<\/span>                        <\/p><\/div>\n<div class=\"wpsr-reviews-content-footer\">\n<h3 class=\"wpsr-review-title\">\n    3.0 out of 5 stars                    Three Stars<\/h3>\n<div class=\"wpsr-review-content\" tabindex=\"0\">\n<p class=\"wpsr_add_read_more wpsr_show_less_content\" data-num-words-trim=\"10\">I don&#8217;t see support and everence on the book <\/p>\n<\/p><\/div>\n<\/p><\/div>\n<\/p><\/div>\n<\/p><\/div>\n<div class=\"swiper-slide\" role=\"group\">\n<div class=\"wpsr-review-template wpsr-review-template-two wpsr-review-template-amazon\"\n                 style=\"\"\n                 data-index=\"3\"\n                 data-source_id=\"B07MLYHRCF\"\n                 data-media_id=\"\"\n                 data-review_platform=\"amazon\"\n                 data-product_thumbnail=\"\"\n                 data-product_name=\"\"\n                 data-image_resize=\"full\"\n            ><\/p>\n<div class=\"wpsr-review-platform\">\n                <img decoding=\"async\" class=\"wpsr-review-platform-icon\" width=\"20\" height=\"20\" src=\"https:\/\/egyptianwisdomcenter.org\/wp-content\/plugins\/wp-social-reviews\/assets\/images\/icon\/icon-amazon-small.png\" alt=\"amazon\">\n    <\/div>\n<div class=\"wpsr-reviewer-image\">\n    <a class=\"wpsr-reviewer-image-url\" target=\"_blank\" rel=\"noopener noreferrer nofollow\" href=\"https:\/\/www.amazon.com\/The-Ancient-Egyptian-Culture-Revealed\/dp\/B07MLYHRCF\/\"><br \/>\n                                    <img decoding=\"async\" class=\"wpsr-reviewer-avatar\" src=\"https:\/\/images-eu.ssl-images-amazon.com\/images\/S\/amazon-avatars-global\/default._CR0,0,1024,1024_SX48_.png\" alt=\"Andrew Fontenelle\"\/><br \/>\n                        <\/a>\n<\/div>\n<div class=\"wpsr-review-info\">\n                        <a class=\"wpsr-reviewer-name-url\" target=\"_blank\" rel=\"noopener noreferrer nofollow\" href=\"https:\/\/www.amazon.com\/The-Ancient-Egyptian-Culture-Revealed\/dp\/B07MLYHRCF\/\"><br \/>\n    <span class=\"wpsr-reviewer-name\">Andrew Fontenelle<\/span><br \/>\n    <\/a><\/p>\n<div data-rating=\"5\" class=\"wpsr-rating-wrapper wpsr-rating\">\n<div class=\"wpsr-star-container wpsr-star-background-filled\" style=\"--wpsr-review-star-fill: 100%;\">\n<div class=\"wpsr-star-empty\"><\/div>\n<div class=\"wpsr-star-filled\"><\/div>\n<\/p><\/div>\n<div class=\"wpsr-star-container wpsr-star-background-filled\" style=\"--wpsr-review-star-fill: 100%;\">\n<div class=\"wpsr-star-empty\"><\/div>\n<div class=\"wpsr-star-filled\"><\/div>\n<\/p><\/div>\n<div class=\"wpsr-star-container wpsr-star-background-filled\" style=\"--wpsr-review-star-fill: 100%;\">\n<div class=\"wpsr-star-empty\"><\/div>\n<div class=\"wpsr-star-filled\"><\/div>\n<\/p><\/div>\n<div class=\"wpsr-star-container wpsr-star-background-filled\" style=\"--wpsr-review-star-fill: 100%;\">\n<div class=\"wpsr-star-empty\"><\/div>\n<div class=\"wpsr-star-filled\"><\/div>\n<\/p><\/div>\n<div class=\"wpsr-star-container wpsr-star-background-filled\" style=\"--wpsr-review-star-fill: 100%;\">\n<div class=\"wpsr-star-empty\"><\/div>\n<div class=\"wpsr-star-filled\"><\/div>\n<\/p><\/div>\n<\/p><\/div>\n<p><span data-time=\"14 anos atr\u00e1s\" class=\"wpsr-review-date\"><br \/>\n     maio 16, 2012<\/span>                        <\/p><\/div>\n<div class=\"wpsr-reviews-content-footer\">\n<h3 class=\"wpsr-review-title\">\n    Ancient Egyptian Culture in detail!<\/h3>\n<div class=\"wpsr-review-content\" tabindex=\"0\">\n<p class=\"wpsr_add_read_more wpsr_show_less_content\" data-num-words-trim=\"10\">This is another fine book by Moustafa Gadalla.  The work covers many aspects of Ancient Egyptian culture including the religion, building of temples, practice of medicine, music and dance, geography, science, economics, trade and more. It emphasises the antiquity of Ancient Egyptian civilization and how many of its practices have been adopted by cultures which followed it.<br \/>\nRecommended reading for anyone interested in Ancient Egyptian history. <\/p>\n<\/p><\/div>\n<\/p><\/div>\n<\/p><\/div>\n<\/p><\/div>\n<\/div>\n<\/div>\n<div class=\"wpsr-swiper-carousel-wrapper\">\n<div class=\"wpsr-swiper-pagination swiper-pagination\"><\/div>\n<\/div>\n<\/div>\n<\/div>\n<\/div>\n<\/div>","protected":false},"featured_media":59718,"comment_status":"open","ping_status":"closed","template":"","meta":[],"product_brand":[],"product_cat":[95],"product_tag":[],"class_list":{"0":"post-59717","1":"product","2":"type-product","3":"status-publish","4":"has-post-thumbnail","6":"product_cat-current-editions-in-english-language","8":"first","9":"instock","10":"shipping-taxable","11":"product-type-simple"},"aioseo_notices":[],"_links":{"self":[{"href":"https:\/\/egyptianwisdomcenter.org\/pt\/wp-json\/wp\/v2\/product\/59717","targetHints":{"allow":["GET"]}}],"collection":[{"href":"https:\/\/egyptianwisdomcenter.org\/pt\/wp-json\/wp\/v2\/product"}],"about":[{"href":"https:\/\/egyptianwisdomcenter.org\/pt\/wp-json\/wp\/v2\/types\/product"}],"replies":[{"embeddable":true,"href":"https:\/\/egyptianwisdomcenter.org\/pt\/wp-json\/wp\/v2\/comments?post=59717"}],"wp:featuredmedia":[{"embeddable":true,"href":"https:\/\/egyptianwisdomcenter.org\/pt\/wp-json\/wp\/v2\/media\/59718"}],"wp:attachment":[{"href":"https:\/\/egyptianwisdomcenter.org\/pt\/wp-json\/wp\/v2\/media?parent=59717"}],"wp:term":[{"taxonomy":"product_brand","embeddable":true,"href":"https:\/\/egyptianwisdomcenter.org\/pt\/wp-json\/wp\/v2\/product_brand?post=59717"},{"taxonomy":"product_cat","embeddable":true,"href":"https:\/\/egyptianwisdomcenter.org\/pt\/wp-json\/wp\/v2\/product_cat?post=59717"},{"taxonomy":"product_tag","embeddable":true,"href":"https:\/\/egyptianwisdomcenter.org\/pt\/wp-json\/wp\/v2\/product_tag?post=59717"}],"curies":[{"name":"wp","href":"https:\/\/api.w.org\/{rel}","templated":true}]}}