{"id":59934,"date":"2022-12-25T15:14:02","date_gmt":"2022-12-25T20:14:02","guid":{"rendered":"https:\/\/egyptianwisdomcenter.org\/?post_type=product&#038;p=59934"},"modified":"2024-06-01T04:32:07","modified_gmt":"2024-06-01T08:32:07","slug":"egyptian-divinities-the-all-who-are-the-one-2nd-edition","status":"publish","type":"product","link":"https:\/\/egyptianwisdomcenter.org\/pt\/product\/divindades-egipcias-todos-os-que-sao-a-unica-2a-edicao\/","title":{"rendered":"Divindades Eg\u00edpcias: Todos Que S\u00e3o O \u00danico, 2\u00aa Edi\u00e7\u00e3o"},"content":{"rendered":"<div class=\"collapsible-synopsis gizmo-collapsible-with-header show-teaser open\" data-kobo-gizmo=\"Collapsible.Synopsis\" data-kobo-gizmo-config=\"{ &quot;isOpen&quot;: {&quot;small&quot;: false, &quot;medium&quot;: false, &quot;large&quot;: false, &quot;jumbo&quot;: false}, &quot;name&quot;: &quot;AboutItem&quot;, &quot;toggleClass&quot; : &quot;toggle-button-hitbox&quot; }\" data-gid=\"g_20\">\n<div class=\"synopsis-description\" translate=\"no\">\n<p>This Expanded Edition of the book consists of two Parts with a total of 12 Chapters.<\/p>\n<p>Part I: The All Who Are THE ONE consists of seven chapters\u20141 through 7, as follows:<\/p>\n<p>Chapter 1: The One is ALL explains that far from being a primitive, polytheistic form, the Egyptians\u2019 ideology is the highest expression of monotheistic mysticism.<\/p>\n<p>Chapter 2: The Divine Energies of The Creation Cycle covers the role of the divine energies in the creation cycle which accords with scientific principles; and how such divine energies were recognized in later creeds as \u2018Angels of God\u2019.<\/p>\n<p>Chapter 3: Manifestation of Neteru in The Orderly Creation Process covers such manifestation into three primary phases, in the Egyptian creation process accounts.<\/p>\n<p>Chapter 4: Understanding Names, Epithets &amp; Titles covers the real secret names and how Egyptians used epithets and titles when referring to the divine energies.<\/p>\n<p>Chapter 5: Narration of Their Manifestations explains how the cosmological knowledge of Ancient Egypt was expressed in a story form, which is a superior means for expressing both physical and metaphysical concepts.<\/p>\n<p>Chapter 6: Common Misrepresentations of the Divinities in Egypt covers examples of such misrepresentations and provides the real intended representations.<\/p>\n<p>Chapter 7: Man and The Divine Forces covers man\u2019s place in the universal order; man as the image of the universe; the two Heavenly Courts; the three primary Heavenly Helpers to earthly dwellers; and man interactions with the divine forces in the Egyptian temples.<\/p>\n<p>Part II : The Roles of Most Recognized Neteru (gods\/goddesses) consists of five chapters\u20148 through 12, as follows:<\/p>\n<p>Chapter 8: Mystical Pictorial Depictions covers pictorial symbolism of the Neteru and how Egyptian depictions reflect metaphysical concepts through the use of human figuration, animal symbolism, accessories, emblems, color, etc.; as well as various action forms.<\/p>\n<p>Chapter 9: Most Common Animals and Birds Forms Neteru covers the metaphysical significance of several animal images such as that of the ass, baboon, beetle, Bennu\/Benben, bulls, cat, cows [Mehet-Uret (Mehurt, Methyer); Hesat, Hathor], crocodile, dog, egg, falcon, feather, fish, frog, goose, hare, heron, hippopotamus, horse, ibis, lions [lion, lioness &amp; twin-lions (Aker)], Phoenix, rams, serpents, stork, vulture, and winged sun.<\/p>\n<p>Chapter 10: Most Common Male &amp; Androgynous Human Forms Divinities covers the metaphysical significance of several male and androgynous human form images such as:<br \/>\nAmon (Amen, Amun), Anubis (Anbu, Ubuat ,Web-wawet), Apis (Epaphus, Hapis), Aton (Adon), Atum (Atem, Atom, Atam), Bes, Geb (Seb, Keb), Hapi (Hepr), Herishef (Harsaphis, Arshaphes, Arsaphes), Horus (Heru)\u2014[also Hor-Sa-Auset,\/Horsiesis (or Harsiesis), Heru-p-Khart\/Hor-Pa-Khred\/Harpocrates, Horus Behdety\/pollo and Heru-ur\/Haroeris\/Harueris], Hor.Akhti\/Horachti, Khepri (Khepera), Khnum, Khonsu (Khons), Min (Menu, Amsi, Kamutef), Nefertum\u2014[also, The Triad Ptah-Sokaris-Nefertum], Nun\/Nu\/Ny, Osiris (Ausar, Usire, Asar), Ptah (Phtas, Vulcan), Re (Ra), Re Hor akhti (Rahorakhty), Reshpu (Reshef, Reseph), Sebek, (Sobek, Suchos), Seth (Set, Sutekh, Typhon), Sokaris (Sokar, Sakar, Seqr ), Shu, and Thoth [Tehuti, Hermes, Mercury]<\/p>\n<p>Chapter 11: Most Common Female Human Forms Divinities covers the metaphysical significance of several female human form images such as:<br \/>\nIsis (Auset, Ast)\u2014The divine female Principle\/Principal, Anat, Bast (Bastet, Oubastis), Heket (Heqet), Hathor (Het-Hor, Het-Heru, Venus, Aphrodite)\u2014[also- Mehet-Uret (Mehurt, Methyer)- Heru-sekha- Hesat \u2013 Merit- Tree Netrt (goddess) \u2013 Astrate\/Asera\/Serah\/Sarah- Notre Dame], Kadesh (Qadesh), Maat (Mayet), Merit, Mut, Nephthys (Nebt-het), Neith (Net), Nut, Satis (Satet), Sekhmet (Sekh-Mut, Sakhmet, Petesachmis), Selkis (Serket, Selkit, Serqet), Seshat (Safkhet, Sesat, Seshet, Sesheta, Seshata), Taurt (Taweret, Thoeris, Toeris), and Tefnut<\/p>\n<p>Chapter 12: The Archetypal Synergies covers the complex and shifting array of<br \/>\nrelationships between the divine energies and how such synergies are being manifested in various associations such as dualities, trinities, octads and enneads.<\/p>\n<\/div>\n<\/div>\n","protected":false},"excerpt":{"rendered":"<div class=\"fb-page\" data-href=\"https:\/\/www.facebook.com\/EgyptianDivinitiesTheAllWhoAreTheOne\" data-width=\"380\" data-hide-cover=\"false\" data-show-facepile=\"false\"><\/div>\n<p><span class=\"contributor-name-prefix\"><br \/>\npor<\/span>\u00a0<span class=\"visible-contributors\"><a class=\"contributor-name\" translate=\"no\" href=\"https:\/\/egyptianwisdomcenter.org\/pt\/about\/\" data-force-track=\"\" data-track-info=\"{&quot;description&quot;:&quot;authorSearch&quot;,&quot;author&quot;:&quot;Moustafa Gadalla&quot;}\">Moustafa Gadalla<\/a><\/span><\/p>\n<hr \/>\n<p><strong>PEQUENA DESCRI\u00c7\u00c3O<\/strong><\/p>\n<p>Esta nova edi\u00e7\u00e3o ampliada mostra como o conceito eg\u00edpcio de Deus se baseia no reconhecimento dos m\u00faltiplos atributos do Divino. O livro detalha mais de 100 divindades (deuses\/deusas); como agem e interagem para manter o universo; e como eles operam no ser humano \u2013 Como Acima \u00e9 Abaixo, e Como Abaixo \u00e9 Acima. Inclui detalhes das manifesta\u00e7\u00f5es dos neteru (deuses, deusas) no processo de cria\u00e7\u00e3o; narra\u00e7\u00f5es de suas manifesta\u00e7\u00f5es; o homem como r\u00e9plica universal; os animais e p\u00e1ssaros mais comuns neteru; e divindades masculinas e femininas adicionais.<\/p>\n<p><a href=\"https:\/\/egyptianwisdomcenter.org\/wp-content\/uploads\/2022\/12\/Egyptian-Divinities-sample.pdf\">Visualizar agora (PDF)<\/a><\/p>\n<hr \/>\n<p><center><br \/>\n<a class=\"button minimal\" href=\"https:\/\/books2read.com\/u\/3nM8re\" target=\"_blank\" rel=\"noopener\">Ver op\u00e7\u00f5es de compra<\/a><\/center><\/p>","protected":false},"featured_media":59935,"comment_status":"open","ping_status":"closed","template":"","meta":{"_monsterinsights_skip_tracking":false,"_monsterinsights_sitenote_active":false,"_monsterinsights_sitenote_note":"","_monsterinsights_sitenote_category":0},"product_brand":[],"product_cat":[95],"product_tag":[],"class_list":{"0":"post-59934","1":"product","2":"type-product","3":"status-publish","4":"has-post-thumbnail","6":"product_cat-current-editions-in-english-language","8":"first","9":"instock","10":"shipping-taxable","11":"product-type-simple"},"aioseo_notices":[],"_links":{"self":[{"href":"https:\/\/egyptianwisdomcenter.org\/pt\/wp-json\/wp\/v2\/product\/59934","targetHints":{"allow":["GET"]}}],"collection":[{"href":"https:\/\/egyptianwisdomcenter.org\/pt\/wp-json\/wp\/v2\/product"}],"about":[{"href":"https:\/\/egyptianwisdomcenter.org\/pt\/wp-json\/wp\/v2\/types\/product"}],"replies":[{"embeddable":true,"href":"https:\/\/egyptianwisdomcenter.org\/pt\/wp-json\/wp\/v2\/comments?post=59934"}],"wp:featuredmedia":[{"embeddable":true,"href":"https:\/\/egyptianwisdomcenter.org\/pt\/wp-json\/wp\/v2\/media\/59935"}],"wp:attachment":[{"href":"https:\/\/egyptianwisdomcenter.org\/pt\/wp-json\/wp\/v2\/media?parent=59934"}],"wp:term":[{"taxonomy":"product_brand","embeddable":true,"href":"https:\/\/egyptianwisdomcenter.org\/pt\/wp-json\/wp\/v2\/product_brand?post=59934"},{"taxonomy":"product_cat","embeddable":true,"href":"https:\/\/egyptianwisdomcenter.org\/pt\/wp-json\/wp\/v2\/product_cat?post=59934"},{"taxonomy":"product_tag","embeddable":true,"href":"https:\/\/egyptianwisdomcenter.org\/pt\/wp-json\/wp\/v2\/product_tag?post=59934"}],"curies":[{"name":"wp","href":"https:\/\/api.w.org\/{rel}","templated":true}]}}