{"id":59960,"date":"2022-12-25T15:20:11","date_gmt":"2022-12-25T20:20:11","guid":{"rendered":"https:\/\/egyptianwisdomcenter.org\/?post_type=product&#038;p=59960"},"modified":"2024-06-01T04:33:10","modified_gmt":"2024-06-01T08:33:10","slug":"egyptian-mystics-seekers-of-the-way-2nd-edition","status":"publish","type":"product","link":"https:\/\/egyptianwisdomcenter.org\/pt\/product\/misticos-egipcios-buscadores-do-caminho-2a-edicao\/","title":{"rendered":"M\u00edsticos Eg\u00edpcios: Buscadores do Caminho, 2\u00aa Edi\u00e7\u00e3o"},"content":{"rendered":"<div class=\"collapsible-synopsis gizmo-collapsible-with-header show-teaser open\" data-kobo-gizmo=\"Collapsible.Synopsis\" data-kobo-gizmo-config=\"{ &quot;isOpen&quot;: {&quot;small&quot;: false, &quot;medium&quot;: false, &quot;large&quot;: false, &quot;jumbo&quot;: false}, &quot;name&quot;: &quot;AboutItem&quot;, &quot;toggleClass&quot; : &quot;toggle-button-hitbox&quot; }\" data-gid=\"g_19\">\n<div class=\"synopsis-description\" translate=\"no\">\n<p>Esta Nova Edi\u00e7\u00e3o Expandida do livro est\u00e1 dividida em quatro partes contendo um total de 13 cap\u00edtulos e cinco ap\u00eandices.<\/p>\n<p>Parte I: O tesouro escondido consiste em dois cap\u00edtulos:<\/p>\n<p>Cap\u00edtulo 1: Misticismo Eg\u00edpcio e Sufismo Islamizado cobrir\u00e1 as diferen\u00e7as entre as rotas dogm\u00e1ticas e m\u00edsticas e como o antigo Egito \u00e9 a fonte do Sufismo e da alquimia.<\/p>\n<p>Cap\u00edtulo 2: O Tesouro Interior abordar\u00e1 as limita\u00e7\u00f5es do \u00f3rg\u00e3o de percep\u00e7\u00e3o humano e como encontrar realidades com tais limita\u00e7\u00f5es.<\/p>\n<p>Parte II: Transforma\u00e7\u00e3o do p\u00f3 ao ouro consiste em cinco cap\u00edtulos \u2013 3 a 7:<\/p>\n<p>Cap\u00edtulo 3: O Caminho Alquimista cobrir\u00e1 a fonte da alquimia como sendo do Antigo Egito; a progress\u00e3o ao longo do caminho alquimista; e o papel de guia no processo.<\/p>\n<p>Cap\u00edtulo 4: O Processo de Purifica\u00e7\u00e3o cobrir\u00e1 as purifica\u00e7\u00f5es externas e internas atrav\u00e9s do processo de vida no mundo.<\/p>\n<p>Cap\u00edtulo 5: Pr\u00e1ticas B\u00e1sicas cobrir\u00e1 as pr\u00e1ticas gerais dos m\u00edsticos eg\u00edpcios para aumentar sua consci\u00eancia do mundo real.<\/p>\n<p>Cap\u00edtulo 6: O Caminho para as Revela\u00e7\u00f5es cobrir\u00e1 os m\u00e9todos pelos quais um aspirante m\u00edstico pode encontrar conhecimento por meio de revela\u00e7\u00f5es.<\/p>\n<p>Cap\u00edtulo 7: Os Ajudantes Celestiais cobrir\u00e1 o papel e o dever daqueles que alcan\u00e7aram poderes sobrenaturais, para ajudar outros na Terra.<\/p>\n<p>Parte III: As Feiras de Visita\u00e7\u00e3o P\u00fablica t\u00eam quatro cap\u00edtulos \u2013 Cap\u00edtulos 8 a 11:<\/p>\n<p>Cap\u00edtulo 8: Os Festivais de Renova\u00e7\u00e3o C\u00edclica abordar\u00e3o a import\u00e2ncia de realizar e participar de festivais anuais.<\/p>\n<p>Cap\u00edtulo 9: Amostras de Festivais do Antigo Presente cobrir\u00e1 cerca de uma d\u00fazia de festivais anuais do Antigo Egito e quantos deles s\u00e3o muito familiares e est\u00e3o sendo observados em todo o mundo ocidental.<\/p>\n<p>Cap\u00edtulo 10: As Feiras Espirituosas Eg\u00edpcias (Mouleds) abordar\u00e3o os principais elementos de uma festa t\u00edpica<\/p>\n<p>Cap\u00edtulo 11: Temas Eg\u00edpcios das Festividades Tradicionais de S\u00e3o Nicolau oferecer\u00e1 uma compara\u00e7\u00e3o entre as comumente conhecidas tradi\u00e7\u00f5es de Natal de S\u00e3o Nicolau e o t\u00edpico festival eg\u00edpcio antigo de um santo popular.<\/p>\n<p>Parte IV: Come One Come All tem dois cap\u00edtulos \u2013 12 a 13.<\/p>\n<p>Cap\u00edtulo 12: Forma\u00e7\u00f5es da Irmandade cobre a estrutura geral e as pr\u00e1ticas para formar\/participar em uma irmandade m\u00edstica.<\/p>\n<p>Cap\u00edtulo 13: \u00cdsis \u2014 O Fil\u00f3sofo Modelo cobre os princ\u00edpios e pr\u00e1ticas do Sufismo encontrados na alegoria eg\u00edpcia antiga de \u00cdsis e Os\u00edris.<\/p>\n<p>O conte\u00fado dos cinco ap\u00eandices fica evidente no t\u00edtulo de cada um, como segue:<\/p>\n<p>Ap\u00eandice A: Termos Sufi Diversos e Suas Ra\u00edzes Eg\u00edpcias Antigas<\/p>\n<p>Ap\u00eandice B: Dormindo com o Inimigo (Sobrevivendo ao Isl\u00e3)<\/p>\n<p>Ap\u00eandice C: Zikr \u2013 A Pr\u00e1tica Ext\u00e1tica<\/p>\n<p>Ap\u00eandice D: Alcan\u00e7ando Cora\u00e7\u00f5es e Mentes (Comunica\u00e7\u00e3o Eficaz)<\/p>\n<p>Ap\u00eandice E: O calend\u00e1rio eg\u00edpcio versus o calend\u00e1rio latino<\/p>\n<\/div>\n<\/div>","protected":false},"excerpt":{"rendered":"<div class=\"fb-page\" data-href=\"https:\/\/www.facebook.com\/EgyptianMysticsSeekersOfTheWay\" data-width=\"380\" data-hide-cover=\"false\" data-show-facepile=\"false\"><\/div>\n<p><span class=\"contributor-name-prefix\"><br \/>\npor<\/span>\u00a0<span class=\"visible-contributors\"><a class=\"contributor-name\" translate=\"no\" href=\"https:\/\/egyptianwisdomcenter.org\/pt\/about\/\" data-force-track=\"\" data-track-info=\"{&quot;description&quot;:&quot;authorSearch&quot;,&quot;author&quot;:&quot;Moustafa Gadalla&quot;}\">Moustafa Gadalla<\/a><\/span><\/p>\n<hr \/>\n<p><strong>PEQUENA DESCRI\u00c7\u00c3O<\/strong><\/p>\n<p>Esta nova edi\u00e7\u00e3o ampliada explica como o Antigo Egito \u00e9 a origem da alquimia e do Sufismo atual e como os m\u00edsticos do Egito camuflam suas pr\u00e1ticas com uma fina camada do Isl\u00e3. O livro tamb\u00e9m explica a progress\u00e3o do Caminho m\u00edstico em dire\u00e7\u00e3o \u00e0 ilumina\u00e7\u00e3o, oferecendo uma explica\u00e7\u00e3o coerente dos seus fundamentos e pr\u00e1ticas. Inclui detalhes de pr\u00e1ticas b\u00e1sicas de treinamento; amostras de festivais eg\u00edpcios do Antigo Presente; discuss\u00e3o do papel de \u00cdsis como o &#039;Fil\u00f3sofo Modelo&#039;. Mostra a correspond\u00eancia entre o calend\u00e1rio de eventos do Antigo Egito e os ciclos c\u00f3smicos do universo; e outros itens diversos relacionados.<\/p>\n<p><a href=\"https:\/\/egyptianwisdomcenter.org\/wp-content\/uploads\/2022\/12\/Egyptian-Mystics-sample.pdf\">Visualizar agora (PDF)<\/a><\/p>\n<hr \/>\n<p><center><br \/>\n<a class=\"button minimal\" href=\"https:\/\/books2read.com\/u\/mqM066\" target=\"_blank\" rel=\"noopener\">Ver op\u00e7\u00f5es de compra<\/a><\/center><\/p>","protected":false},"featured_media":59961,"comment_status":"open","ping_status":"closed","template":"","meta":{"_monsterinsights_skip_tracking":false,"_monsterinsights_sitenote_active":false,"_monsterinsights_sitenote_note":"","_monsterinsights_sitenote_category":0},"product_brand":[],"product_cat":[95],"product_tag":[],"class_list":{"0":"post-59960","1":"product","2":"type-product","3":"status-publish","4":"has-post-thumbnail","6":"product_cat-current-editions-in-english-language","8":"first","9":"instock","10":"shipping-taxable","11":"product-type-simple"},"aioseo_notices":[],"_links":{"self":[{"href":"https:\/\/egyptianwisdomcenter.org\/pt\/wp-json\/wp\/v2\/product\/59960","targetHints":{"allow":["GET"]}}],"collection":[{"href":"https:\/\/egyptianwisdomcenter.org\/pt\/wp-json\/wp\/v2\/product"}],"about":[{"href":"https:\/\/egyptianwisdomcenter.org\/pt\/wp-json\/wp\/v2\/types\/product"}],"replies":[{"embeddable":true,"href":"https:\/\/egyptianwisdomcenter.org\/pt\/wp-json\/wp\/v2\/comments?post=59960"}],"wp:featuredmedia":[{"embeddable":true,"href":"https:\/\/egyptianwisdomcenter.org\/pt\/wp-json\/wp\/v2\/media\/59961"}],"wp:attachment":[{"href":"https:\/\/egyptianwisdomcenter.org\/pt\/wp-json\/wp\/v2\/media?parent=59960"}],"wp:term":[{"taxonomy":"product_brand","embeddable":true,"href":"https:\/\/egyptianwisdomcenter.org\/pt\/wp-json\/wp\/v2\/product_brand?post=59960"},{"taxonomy":"product_cat","embeddable":true,"href":"https:\/\/egyptianwisdomcenter.org\/pt\/wp-json\/wp\/v2\/product_cat?post=59960"},{"taxonomy":"product_tag","embeddable":true,"href":"https:\/\/egyptianwisdomcenter.org\/pt\/wp-json\/wp\/v2\/product_tag?post=59960"}],"curies":[{"name":"wp","href":"https:\/\/api.w.org\/{rel}","templated":true}]}}