{"id":59987,"date":"2022-12-25T22:01:16","date_gmt":"2022-12-26T03:01:16","guid":{"rendered":"https:\/\/egyptianwisdomcenter.org\/?post_type=product&#038;p=59987"},"modified":"2024-06-01T04:34:18","modified_gmt":"2024-06-01T08:34:18","slug":"isis-the-divine-female","status":"publish","type":"product","link":"https:\/\/egyptianwisdomcenter.org\/pt\/product\/isis-a-femea-divina\/","title":{"rendered":"\u00cdsis: A Mulher Divina"},"content":{"rendered":"<div class=\"collapsible-synopsis gizmo-collapsible-with-header show-teaser open\" data-kobo-gizmo=\"Collapsible.Synopsis\" data-kobo-gizmo-config=\"{ &quot;isOpen&quot;: {&quot;small&quot;: false, &quot;medium&quot;: false, &quot;large&quot;: false, &quot;jumbo&quot;: false}, &quot;name&quot;: &quot;AboutItem&quot;, &quot;toggleClass&quot; : &quot;toggle-button-hitbox&quot; }\" data-gid=\"g_20\">\n<div class=\"synopsis-description\" translate=\"no\">\n<p>Esta edi\u00e7\u00e3o expandida do livro est\u00e1 dividida em oito cap\u00edtulos e tr\u00eas ap\u00eandices.<\/p>\n<p>Cap\u00edtulo 1: A M\u00e3e da Cria\u00e7\u00e3o cobre o papel de \u00cdsis na sequ\u00eancia da cria\u00e7\u00e3o, sendo uma imagem da totalidade da cria\u00e7\u00e3o, e sua rela\u00e7\u00e3o com Re e Os\u00edris.<\/p>\n<p>Cap\u00edtulo 2: A Dualidade de \u00cdsis cobre sua natureza dual b\u00e1sica como o Intelecto Divino, bem como no ciclo de cria\u00e7\u00e3o e no \u00fatero universal.<\/p>\n<p>Cap\u00edtulo 3: \u00cdsis e Os\u00edris \u2014 A Dupla Din\u00e2mica cobre os pap\u00e9is combinados de \u00cdsis e Os\u00edris no desenvolvimento e gera\u00e7\u00e3o de todas as cria\u00e7\u00f5es do universo<\/p>\n<p>Cap\u00edtulo 4: \u00cdsis: A Virgem M\u00e3e de &#039;Deus&#039; cobre seu papel na Divina Imaculada Concei\u00e7\u00e3o de seu filho H\u00f3rus, o conceito de Virgindade, sua fuga e ref\u00fagio - junto com seu filho beb\u00ea - das amea\u00e7as da for\u00e7a do Mal, e o sacrif\u00edcio da vida de seu filho.<\/p>\n<p>Cap\u00edtulo 5: A Numerologia de \u00cdsis e Os\u00edris cobre os n\u00fameros de \u00cdsis e Os\u00edris (sendo 2 e 3 \u2013 os n\u00fameros Prim\u00e1rios da cria\u00e7\u00e3o e do crescimento) e como esses dois n\u00fameros geram todas as formas e formatos, harmonias musicais e os ritmos do universo .<\/p>\n<p>Cap\u00edtulo 6: Multid\u00e3o de Atributos de \u00cdsis cobre dezesseis divindades femininas \u2013 sendo a manifesta\u00e7\u00e3o de \u00cdsis como o princ\u00edpio feminino do universo criado.<\/p>\n<p>Cap\u00edtulo 7: A Amada em Todas as Terras cobre a difus\u00e3o da religi\u00e3o eg\u00edpcia em todo o mundo, como tais cren\u00e7as sobrevivem no Cristianismo e como os festivais religiosos relacionados \u00e0 \u00cdsis do Antigo Egito est\u00e3o sendo adotados pelo Cristianismo para Maria usando as mesmas datas do calend\u00e1rio eg\u00edpcio.<\/p>\n<p>Cap\u00edtulo 8: O Poderoso Cora\u00e7\u00e3o cobre o eterno e poderoso impacto de \u00cdsis na humanidade como a buscadora de conforto e cura para tudo.<\/p>\n<p>Ap\u00eandice 1: Alegoria e Cosmologia Eg\u00edpcia aborda como alegorias bem elaboradas s\u00e3o a melhor - se n\u00e3o a \u00fanica - maneira de abordar assuntos complexos para que a informa\u00e7\u00e3o seja obtida por todos.<\/p>\n<p>Ap\u00eandice 2: A Alegoria Eg\u00edpcia Universal \u2013 \u00cdsis e Os\u00edris cobre uma vers\u00e3o abreviada da hist\u00f3ria da alegoria eg\u00edpcia de \u00cdsis e Os\u00edris, com \u00eanfase no papel de \u00cdsis como princ\u00edpio feminino divino, manifesta\u00e7\u00f5es e aplica\u00e7\u00f5es. A narrativa est\u00e1 em segmentos quebrados, cada um seguido por uma avalia\u00e7\u00e3o metaf\u00edsica concisa de cada segmento.<\/p>\n<p>Ap\u00eandice 3: Cora\u00e7\u00e3o e Alma \u2013 Reflex\u00f5es Metaf\u00edsicas cobre os aspectos metaf\u00edsicos do cora\u00e7\u00e3o (\u00cdsis) e da alma (Os\u00edris) e como um ser humano \u00e9 capaz de alcan\u00e7ar a integra\u00e7\u00e3o do cora\u00e7\u00e3o e da alma interiormente.<\/p>\n<\/div>\n<\/div>","protected":false},"excerpt":{"rendered":"<div class=\"fb-page\" data-href=\"https:\/\/www.facebook.com\/IsisTheDivineFemale\" data-width=\"380\" data-hide-cover=\"false\" data-show-facepile=\"false\"><\/div>\n<p><span class=\"contributor-name-prefix\"><br \/>\npor<\/span>\u00a0<span class=\"visible-contributors\"><a class=\"contributor-name\" translate=\"no\" href=\"https:\/\/egyptianwisdomcenter.org\/pt\/about\/\" data-force-track=\"\" data-track-info=\"{&quot;description&quot;:&quot;authorSearch&quot;,&quot;author&quot;:&quot;Moustafa Gadalla&quot;}\">Moustafa Gadalla<\/a><\/span><\/p>\n<hr \/>\n<p><strong>PEQUENA DESCRI\u00c7\u00c3O<\/strong><\/p>\n<p>Este livro explica o princ\u00edpio feminino divino como a fonte da cria\u00e7\u00e3o (tanto metaf\u00edsica quanto fisicamente); a natureza dual feminina de \u00cdsis com N\u00e9ftis; a rela\u00e7\u00e3o (e unidade) dos princ\u00edpios feminino e masculino; a numerologia de \u00cdsis e Os\u00edris; O papel de \u00cdsis como Virgem M\u00e3e; explica\u00e7\u00e3o de cerca de vinte divindades femininas como manifesta\u00e7\u00f5es dos atributos femininos; o papel da ideologia do Estado Isl\u00e2mico em todo o mundo; a alegoria de \u00cdsis, Os\u00edris e H\u00f3rus; e muito mais. Este livro preencher\u00e1 tanto a mente com informa\u00e7\u00f5es abrangentes quanto o cora\u00e7\u00e3o com todo o espectro de emo\u00e7\u00f5es.<\/p>\n<p><a href=\"https:\/\/egyptianwisdomcenter.org\/wp-content\/uploads\/2022\/12\/Isis-The-Divine-Female-Expanded-sample.pdf\">Visualizar agora (PDF)<\/a><\/p>\n<hr \/>\n<p><center><br \/>\n<a class=\"button minimal\" href=\"https:\/\/books2read.com\/u\/47Jl58\" target=\"_blank\" rel=\"noopener\">Ver op\u00e7\u00f5es de compra<\/a><\/center><\/p>","protected":false},"featured_media":59988,"comment_status":"open","ping_status":"closed","template":"","meta":{"_monsterinsights_skip_tracking":false,"_monsterinsights_sitenote_active":false,"_monsterinsights_sitenote_note":"","_monsterinsights_sitenote_category":0},"product_brand":[],"product_cat":[95],"product_tag":[],"class_list":{"0":"post-59987","1":"product","2":"type-product","3":"status-publish","4":"has-post-thumbnail","6":"product_cat-current-editions-in-english-language","8":"first","9":"instock","10":"shipping-taxable","11":"product-type-simple"},"aioseo_notices":[],"_links":{"self":[{"href":"https:\/\/egyptianwisdomcenter.org\/pt\/wp-json\/wp\/v2\/product\/59987","targetHints":{"allow":["GET"]}}],"collection":[{"href":"https:\/\/egyptianwisdomcenter.org\/pt\/wp-json\/wp\/v2\/product"}],"about":[{"href":"https:\/\/egyptianwisdomcenter.org\/pt\/wp-json\/wp\/v2\/types\/product"}],"replies":[{"embeddable":true,"href":"https:\/\/egyptianwisdomcenter.org\/pt\/wp-json\/wp\/v2\/comments?post=59987"}],"wp:featuredmedia":[{"embeddable":true,"href":"https:\/\/egyptianwisdomcenter.org\/pt\/wp-json\/wp\/v2\/media\/59988"}],"wp:attachment":[{"href":"https:\/\/egyptianwisdomcenter.org\/pt\/wp-json\/wp\/v2\/media?parent=59987"}],"wp:term":[{"taxonomy":"product_brand","embeddable":true,"href":"https:\/\/egyptianwisdomcenter.org\/pt\/wp-json\/wp\/v2\/product_brand?post=59987"},{"taxonomy":"product_cat","embeddable":true,"href":"https:\/\/egyptianwisdomcenter.org\/pt\/wp-json\/wp\/v2\/product_cat?post=59987"},{"taxonomy":"product_tag","embeddable":true,"href":"https:\/\/egyptianwisdomcenter.org\/pt\/wp-json\/wp\/v2\/product_tag?post=59987"}],"curies":[{"name":"wp","href":"https:\/\/api.w.org\/{rel}","templated":true}]}}