{"id":60039,"date":"2022-12-25T22:25:10","date_gmt":"2022-12-26T03:25:10","guid":{"rendered":"https:\/\/egyptianwisdomcenter.org\/?post_type=product&#038;p=60039"},"modified":"2024-06-01T04:35:56","modified_gmt":"2024-06-01T08:35:56","slug":"the-egyptian-hieroglyph-metaphysical-language","status":"publish","type":"product","link":"https:\/\/egyptianwisdomcenter.org\/pt\/produto\/a-linguagem-metafisica-do-hieroglifo-egipcio\/","title":{"rendered":"A linguagem metaf\u00edsica do hier\u00f3glifo eg\u00edpcio"},"content":{"rendered":"<div class=\"collapsible-synopsis gizmo-collapsible-with-header show-teaser open\" data-kobo-gizmo=\"Collapsible.Synopsis\" data-kobo-gizmo-config=\"{ &quot;isOpen&quot;: {&quot;small&quot;: false, &quot;medium&quot;: false, &quot;large&quot;: false, &quot;jumbo&quot;: false}, &quot;name&quot;: &quot;AboutItem&quot;, &quot;toggleClass&quot; : &quot;toggle-button-hitbox&quot; }\" data-gid=\"g_20\">\n<div class=\"synopsis-description\" translate=\"no\">\n<p>Uma imagem vale mais que 1.000 palavras. Uma imagem representa um conceito\/ideia e n\u00e3o uma \u00fanica letra\/som.<\/p>\n<p>Dizemos \u201cimagine isto\u201d ou \u201cimagine aquilo\u201d, pois as imagens s\u00e3o representa\u00e7\u00f5es de conceitos e ideias al\u00e9m das palavras. A imagem transmite informa\u00e7\u00f5es com mais efici\u00eancia do que letras\/palavras.<\/p>\n<p>Este livro cobre a linguagem metaf\u00edsica do hier\u00f3glifo eg\u00edpcio de imagens\/imagens, que \u00e9 a linguagem da mente\/intelecto\/divino.<\/p>\n<p>O objetivo deste livro \u00e9 fornecer tal exposi\u00e7\u00e3o; aquele que, embora baseado em estudos s\u00f3lidos, apresentar\u00e1 as quest\u00f5es em linguagem compreens\u00edvel para leitores n\u00e3o especialistas. Os termos t\u00e9cnicos foram reduzidos ao m\u00ednimo.<\/p>\n<p>Este livro est\u00e1 dividido em 8 cap\u00edtulos.<\/p>\n<p>Cap\u00edtulo 1: Decep\u00e7\u00e3o hist\u00f3rica da lingu\u00edstica eg\u00edpcia (antiga) esclarecer\u00e1 a confus\u00e3o destinada a deturpar os hier\u00f3glifos eg\u00edpcios como uma forma primitiva de escrita com valores sonoros individuais. Os Hier\u00f3glifos Eg\u00edpcios s\u00e3o ideogramas diferentes e nada t\u00eam a ver com o sistema alfab\u00e9tico eg\u00edpcio.<\/p>\n<p>Cap\u00edtulo 2: As realidades cient\u00edficas\/metaf\u00edsicas das imagens pict\u00f3ricas (hier\u00f3glifos) explica como os seres humanos processam as informa\u00e7\u00f5es recebidas dos cinco sentidos para o c\u00e9rebro por meio de imagens visualizadas; como cada imagem hierogl\u00edfica tem significados imitativos e simb\u00f3licos (figurativos e aleg\u00f3ricos); a concorr\u00eancia na ci\u00eancia moderna de significados t\u00e3o m\u00faltiplos de cada imagem; e como uma s\u00e9rie de imagens s\u00e3o processadas na consci\u00eancia da mesma forma que um sonho \u00e9 processado.<\/p>\n<p>Cap\u00edtulo 3: Representa\u00e7\u00f5es de pensamentos em imagens hierogl\u00edficas eg\u00edpcias explica como as imagens hierogl\u00edficas eg\u00edpcias representam conceitos metaf\u00edsicos; rela\u00e7\u00f5es entre suas fun\u00e7\u00f5es e formas geom\u00e9tricas; e fornece uma vis\u00e3o geral da forma\u00e7\u00e3o eg\u00edpcia de tais ideogramas.<\/p>\n<p>Cap\u00edtulo 4: Imagens Hierogl\u00edficas de Animais explica o significado metaf\u00edsico de tais imagens e destaca o significado de mais de 30 imagens hierogl\u00edficas eg\u00edpcias relacionadas.<\/p>\n<p>Cap\u00edtulo 5: Imagens hierogl\u00edficas humanas com cabe\u00e7as humanas e de animais explica o significado metaf\u00edsico de tais imagens e destaca o significado de cerca de 10 imagens hierogl\u00edficas eg\u00edpcias relacionadas.<\/p>\n<p>Cap\u00edtulo 6: Imagens hierogl\u00edficas de partes do corpo humano explica o significado metaf\u00edsico de tais imagens e destaca o significado de mais de 10 imagens hierogl\u00edficas eg\u00edpcias relacionadas.<\/p>\n<p>Cap\u00edtulo 7: Natureza e imagens hierogl\u00edficas de figuras geom\u00e9tricas explica o significado metaf\u00edsico de tais imagens e destaca o significado de mais de 10 imagens hierogl\u00edficas eg\u00edpcias relacionadas.<\/p>\n<p>Cap\u00edtulo 8: Imagens hierogl\u00edficas de objetos feitos pelo homem explica o significado metaf\u00edsico de tais imagens e destaca o significado de cerca de 20 imagens hierogl\u00edficas eg\u00edpcias relacionadas.<\/p>\n<\/div>\n<\/div>","protected":false},"excerpt":{"rendered":"<div class=\"fb-page\" data-href=\"https:\/\/www.facebook.com\/profile.php?id=100031967752121\" data-width=\"380\" data-hide-cover=\"false\" data-show-facepile=\"false\"><\/div>\n<p><span class=\"contributor-name-prefix\"><br \/>\npor<\/span>\u00a0<span class=\"visible-contributors\"><a class=\"contributor-name\" translate=\"no\" href=\"https:\/\/egyptianwisdomcenter.org\/pt\/about\/\" data-force-track=\"\" data-track-info=\"{&quot;description&quot;:&quot;authorSearch&quot;,&quot;author&quot;:&quot;Moustafa Gadalla&quot;}\">Moustafa Gadalla<\/a><\/span><\/p>\n<hr \/>\n<p><strong>PEQUENA DESCRI\u00c7\u00c3O<\/strong><\/p>\n<p>Este livro cobre a linguagem metaf\u00edsica do hier\u00f3glifo eg\u00edpcio de imagens\/imagens; a linguagem da mente\/intelecto\/divino; as realidades cient\u00edficas\/metaf\u00edsicas das imagens pict\u00f3ricas (hier\u00f3glifos) como o meio \u00faltimo para a consci\u00eancia humana que interpreta, processa e mant\u00e9m os significados de tais imagens; como cada imagem hierogl\u00edfica tem significados imitativos e simb\u00f3licos (figurativos e aleg\u00f3ricos); a concord\u00e2ncia da ci\u00eancia moderna com os m\u00faltiplos significados de cada imagem; como as imagens hierogl\u00edficas eg\u00edpcias representam conceitos metaf\u00edsicos; e o significado metaf\u00edsico de uma variedade de cerca de 80 imagens hierogl\u00edficas eg\u00edpcias.<\/p>\n<p><a href=\"https:\/\/egyptianwisdomcenter.org\/wp-content\/uploads\/2022\/12\/The-Egyptian-Hieroglyph-Metaphysical-Language-sample.pdf\">Visualizar agora (PDF)<\/a><\/p>\n<hr \/>\n<p><center><br \/>\n<a class=\"button minimal\" href=\"https:\/\/books2read.com\/u\/bMEXev\" target=\"_blank\" rel=\"noopener\">Ver op\u00e7\u00f5es de compra<\/a><\/center><\/p>\n<div id='wpsr-reviews-slider-68936' class='wpsr-reviews-68936  wpsr-reviews-wrapper wpsr-feed-wrap wpsr_content  wpsr-reviews-slider-wrapper   wpsr-reviews-template-grid2 wpsr-reviews-layout-slider wpsr-header-enable' data-column='4' data-platforms='amazon' data-slider_settings='{&quot;autoplay&quot;:&quot;false&quot;,&quot;autoplay_speed&quot;:3000,&quot;slides_to_show&quot;:3,&quot;spaceBetween&quot;:20,&quot;responsive_slides_to_show&quot;:{&quot;desktop&quot;:2,&quot;tablet&quot;:2,&quot;mobile&quot;:1},&quot;slides_to_scroll&quot;:3,&quot;responsive_slides_to_scroll&quot;:{&quot;desktop&quot;:5,&quot;tablet&quot;:2,&quot;mobile&quot;:1},&quot;navigation&quot;:&quot;dot&quot;}'>\n<div class=\"wpsr-container wpsr-fixed-height\" style=\"\" >\n<div class=\"wpsr-business-info-wrapper\">\n<div class=\"wpsr-row\">\n<div class=\"wpsr-business-info  amazon\">\n<div class=\"wpsr-business-info-left\">\n<div class=\"wpsr-business-info-paltforms\"><img decoding=\"async\" src=\"https:\/\/egyptianwisdomcenter.org\/wp-content\/plugins\/wp-social-reviews\/assets\/images\/icon\/icon-amazon.png\" alt=\"amazon\"><\/div>\n<div class=\"wpsr-rating-and-count\"><span class=\"wpsr-total-rating\">4.3<\/span><span class=\"wpsr-rating\"><\/p>\n<div class=\"wpsr-star-container wpsr-star-background-filled\" style=\"--wpsr-review-star-fill: 100%;\">\n<div class=\"wpsr-star-empty\"><\/div>\n<div class=\"wpsr-star-filled\"><\/div>\n<\/p><\/div>\n<div class=\"wpsr-star-container wpsr-star-background-filled\" style=\"--wpsr-review-star-fill: 100%;\">\n<div class=\"wpsr-star-empty\"><\/div>\n<div class=\"wpsr-star-filled\"><\/div>\n<\/p><\/div>\n<div class=\"wpsr-star-container wpsr-star-background-filled\" style=\"--wpsr-review-star-fill: 100%;\">\n<div class=\"wpsr-star-empty\"><\/div>\n<div class=\"wpsr-star-filled\"><\/div>\n<\/p><\/div>\n<div class=\"wpsr-star-container wpsr-star-background-filled\" style=\"--wpsr-review-star-fill: 100%;\">\n<div class=\"wpsr-star-empty\"><\/div>\n<div class=\"wpsr-star-filled\"><\/div>\n<\/p><\/div>\n<div class=\"wpsr-star-container wpsr-star-background-filled\" style=\"--wpsr-review-star-fill: 30%;\">\n<div class=\"wpsr-star-empty\"><\/div>\n<div class=\"wpsr-star-filled\"><\/div>\n<\/p><\/div>\n<p><\/span><\/p>\n<div class=\"wpsr-total-reviews\">Based on <span>30<\/span> Reviews<\/div>\n<\/div>\n<\/div>\n<div class=\"wpsr-business-info-right\">\n<div class=\"wpsr-write-review-modal-wrapper\"><\/div>\n<\/div>\n<\/div>\n<\/div>\n<\/div>\n<div class=\"wpsr-row\" style=\"\">\n<div class=\"wpsr-reviews-slider-wrapper-inner\">\n<div class=\"wpsr-reviews-slider swiper-container wpsr-ai-summary-enabled-slider\" tabindex=\"0\">\n<div class=\"swiper-wrapper\">\n<div class=\"swiper-slide\" role=\"group\">\n<div class=\"wpsr-review-template wpsr-review-template-two wpsr-review-template-amazon\"\n                 style=\"\"\n                 data-index=\"0\"\n                 data-source_id=\"1931446970\"\n                 data-media_id=\"\"\n                 data-review_platform=\"amazon\"\n                 data-product_thumbnail=\"\"\n                 data-product_name=\"\"\n                 data-image_resize=\"full\"\n            ><\/p>\n<div class=\"wpsr-review-platform\">\n                <img decoding=\"async\" class=\"wpsr-review-platform-icon\" width=\"20\" height=\"20\" src=\"https:\/\/egyptianwisdomcenter.org\/wp-content\/plugins\/wp-social-reviews\/assets\/images\/icon\/icon-amazon-small.png\" alt=\"amazon\">\n    <\/div>\n<div class=\"wpsr-reviewer-image\">\n    <a class=\"wpsr-reviewer-image-url\" target=\"_blank\" rel=\"noopener noreferrer nofollow\" href=\"https:\/\/www.amazon.com\/Egyptian-Hieroglyph-Metaphysical-Language\/dp\/1931446970\/\"><br \/>\n                                    <img decoding=\"async\" class=\"wpsr-reviewer-avatar\" src=\"https:\/\/images-na.ssl-images-amazon.com\/images\/S\/amazon-avatars-global\/default._CR0,0,1024,1024_SX48_.png\" alt=\"curtis v.\"\/><br \/>\n                        <\/a>\n<\/div>\n<div class=\"wpsr-review-info\">\n                        <a class=\"wpsr-reviewer-name-url\" target=\"_blank\" rel=\"noopener noreferrer nofollow\" href=\"https:\/\/www.amazon.com\/Egyptian-Hieroglyph-Metaphysical-Language\/dp\/1931446970\/\"><br \/>\n    <span class=\"wpsr-reviewer-name\">curtis v.<\/span><br \/>\n    <\/a><\/p>\n<div data-rating=\"5\" class=\"wpsr-rating-wrapper wpsr-rating\">\n<div class=\"wpsr-star-container wpsr-star-background-filled\" style=\"--wpsr-review-star-fill: 100%;\">\n<div class=\"wpsr-star-empty\"><\/div>\n<div class=\"wpsr-star-filled\"><\/div>\n<\/p><\/div>\n<div class=\"wpsr-star-container wpsr-star-background-filled\" style=\"--wpsr-review-star-fill: 100%;\">\n<div class=\"wpsr-star-empty\"><\/div>\n<div class=\"wpsr-star-filled\"><\/div>\n<\/p><\/div>\n<div class=\"wpsr-star-container wpsr-star-background-filled\" style=\"--wpsr-review-star-fill: 100%;\">\n<div class=\"wpsr-star-empty\"><\/div>\n<div class=\"wpsr-star-filled\"><\/div>\n<\/p><\/div>\n<div class=\"wpsr-star-container wpsr-star-background-filled\" style=\"--wpsr-review-star-fill: 100%;\">\n<div class=\"wpsr-star-empty\"><\/div>\n<div class=\"wpsr-star-filled\"><\/div>\n<\/p><\/div>\n<div class=\"wpsr-star-container wpsr-star-background-filled\" style=\"--wpsr-review-star-fill: 100%;\">\n<div class=\"wpsr-star-empty\"><\/div>\n<div class=\"wpsr-star-filled\"><\/div>\n<\/p><\/div>\n<\/p><\/div>\n<p><span data-time=\"8 anos atr\u00e1s\" class=\"wpsr-review-date\"><br \/>\n     outubro 4, 2018<\/span>                        <\/p><\/div>\n<div class=\"wpsr-reviews-content-footer\">\n<h3 class=\"wpsr-review-title\">\n    5.0 out of 5 stars                    Good book<\/h3>\n<div class=\"wpsr-review-content\" tabindex=\"0\">\n<p class=\"wpsr_add_read_more wpsr_show_less_content\" data-num-words-trim=\"10\">A good book of\/on hieroglyphs <\/p>\n<\/p><\/div>\n<\/p><\/div>\n<\/p><\/div>\n<\/p><\/div>\n<\/div>\n<\/div>\n<div class=\"wpsr-swiper-carousel-wrapper\">\n<div class=\"wpsr-swiper-pagination swiper-pagination\"><\/div>\n<\/div>\n<\/div>\n<\/div>\n<\/div>\n<\/div>","protected":false},"featured_media":60040,"comment_status":"open","ping_status":"closed","template":"","meta":[],"product_brand":[],"product_cat":[95],"product_tag":[],"class_list":{"0":"post-60039","1":"product","2":"type-product","3":"status-publish","4":"has-post-thumbnail","6":"product_cat-current-editions-in-english-language","8":"first","9":"instock","10":"shipping-taxable","11":"product-type-simple"},"aioseo_notices":[],"_links":{"self":[{"href":"https:\/\/egyptianwisdomcenter.org\/pt\/wp-json\/wp\/v2\/product\/60039","targetHints":{"allow":["GET"]}}],"collection":[{"href":"https:\/\/egyptianwisdomcenter.org\/pt\/wp-json\/wp\/v2\/product"}],"about":[{"href":"https:\/\/egyptianwisdomcenter.org\/pt\/wp-json\/wp\/v2\/types\/product"}],"replies":[{"embeddable":true,"href":"https:\/\/egyptianwisdomcenter.org\/pt\/wp-json\/wp\/v2\/comments?post=60039"}],"wp:featuredmedia":[{"embeddable":true,"href":"https:\/\/egyptianwisdomcenter.org\/pt\/wp-json\/wp\/v2\/media\/60040"}],"wp:attachment":[{"href":"https:\/\/egyptianwisdomcenter.org\/pt\/wp-json\/wp\/v2\/media?parent=60039"}],"wp:term":[{"taxonomy":"product_brand","embeddable":true,"href":"https:\/\/egyptianwisdomcenter.org\/pt\/wp-json\/wp\/v2\/product_brand?post=60039"},{"taxonomy":"product_cat","embeddable":true,"href":"https:\/\/egyptianwisdomcenter.org\/pt\/wp-json\/wp\/v2\/product_cat?post=60039"},{"taxonomy":"product_tag","embeddable":true,"href":"https:\/\/egyptianwisdomcenter.org\/pt\/wp-json\/wp\/v2\/product_tag?post=60039"}],"curies":[{"name":"wp","href":"https:\/\/api.w.org\/{rel}","templated":true}]}}