{"id":61752,"date":"2023-01-05T15:58:25","date_gmt":"2023-01-05T20:58:25","guid":{"rendered":"https:\/\/egyptianwisdomcenter.org\/?post_type=product&#038;p=61752"},"modified":"2024-06-01T04:56:50","modified_gmt":"2024-06-01T08:56:50","slug":"les-pures-origines-egyptiennes-pourquoi-legypte-ancienne-est-importante","status":"publish","type":"product","link":"https:\/\/egyptianwisdomcenter.org\/pt\/produto\/les-pures-origines-egyptiennes-pourquoi-legypte-ancienne-est-importante\/","title":{"rendered":"Les Pures Origines \u00c9gyptiennes Pourquoi l&#039;\u00c9gypte Ancienne est Importante"},"content":{"rendered":"<p><strong>Curr\u00edculo Completo<\/strong><\/p>\n<p>Este livro foi destinado a fornecer uma vis\u00e3o breve do conjunto introdutivo sobre certos aspectos da civiliza\u00e7\u00e3o do Egito Antigo que pode ser grandement para servirmos em nossa vida cotidiana, mas importa para n\u00f3s que encontramos neste mundo.<\/p>\n<p>Os assuntos pr\u00e9-sentidos recuperados:<\/p>\n<p>Notre place dans l&#039;Univers et son syst\u00e8me op\u00e9rationnel.<\/p>\n<p>Se compreenda isso mesmo e comente faire le tri entre nossas energias internas para viver feliz e com boa sa\u00fade.<\/p>\n<p>Os problemas e as solu\u00e7\u00f5es [\u00e9g\u00edpcias] nas condi\u00e7\u00f5es pol\u00edticas, sociais e econ\u00f4micas.<\/p>\n<p>Comment atteindre une coexistence pacifique entre les gens, la terre et les resources naturelles; isso tamb\u00e9m implica um ambiente pr\u00f3prio.<\/p>\n<p>Compreender e implementar princ\u00edpios de harmonia na constru\u00e7\u00e3o de edif\u00edcios.<\/p>\n<p>Aprecie sua arte, suas fun\u00e7\u00f5es e seus aplicativos em um contexto harmonioso.<\/p>\n<p>A natureza intemporelle da civiliza\u00e7\u00e3o do Egito Antigo.<\/p>","protected":false},"excerpt":{"rendered":"<p>par <a class=\"contributor-name\" translate=\"no\" href=\"https:\/\/egyptianwisdomcenter.org\/fr\/a-propos\/\" data-force-track=\"\" data-track-info=\"{&quot;description&quot;:&quot;authorSearch&quot;,&quot;author&quot;:&quot;Moustafa Gadalla&quot;}\">Moustafa Gadalla<\/a><\/p>\n<hr \/>\n<p><strong>Retomar<\/strong><\/p>\n<p>Esta edi\u00e7\u00e3o traduzida em franc\u00eas para oferecer um objeto de vis\u00e3o de conjunto, breve e conciso, de certos aspectos da civiliza\u00e7\u00e3o do Antigo Egito que pode ser, encore aujourd&#039;hui, nous \u00eatre fort utiles dans notre vie quotidiennes, o\u00f9 quel que soit l&#039;endroit du monde o\u00f9 nous nous trouvons. O livro cobre assuntos como a responsabilidade de si, a melhoria de situa\u00e7\u00f5es pol\u00edticas, sociais, econ\u00f4micas e ambientais atuais, o reconhecimento e a mise na aplica\u00e7\u00e3o de princ\u00edpios harm\u00f4nicos em nossas obras e a\u00e7\u00f5es, etc.<\/p>\n<p><a href=\"https:\/\/egyptianwisdomcenter.org\/wp-content\/uploads\/2023\/01\/Les-Pures-Origines-Egyptiennes-1476286202.pdf\">Aper\u00e7u avant impression (PDF)<\/a><\/p>\n<hr \/>\n<p><center><br \/>\n<a class=\"button minimal\" href=\"https:\/\/books2read.com\/u\/baEaJL\" target=\"_blank\" rel=\"noopener\">VER AS OP\u00c7\u00d5ES DE ACHAT<\/a><\/center><\/p>\n<div id='wpsr-reviews-slider-68970' class='wpsr-reviews-68970  wpsr-reviews-wrapper wpsr-feed-wrap wpsr_content  wpsr-reviews-slider-wrapper   wpsr-reviews-template-grid2 wpsr-reviews-layout-slider wpsr-header-enable' data-column='4' data-platforms='amazon' data-slider_settings='{&quot;autoplay&quot;:&quot;false&quot;,&quot;autoplay_speed&quot;:3000,&quot;slides_to_show&quot;:3,&quot;spaceBetween&quot;:20,&quot;responsive_slides_to_show&quot;:{&quot;desktop&quot;:2,&quot;tablet&quot;:2,&quot;mobile&quot;:1},&quot;slides_to_scroll&quot;:3,&quot;responsive_slides_to_scroll&quot;:{&quot;desktop&quot;:5,&quot;tablet&quot;:2,&quot;mobile&quot;:1},&quot;navigation&quot;:&quot;dot&quot;}'>\n<div class=\"wpsr-container wpsr-fixed-height\" style=\"\" >\n<div class=\"wpsr-business-info-wrapper\">\n<div class=\"wpsr-row\">\n<div class=\"wpsr-business-info  amazon\">\n<div class=\"wpsr-business-info-left\">\n<div class=\"wpsr-business-info-paltforms\"><img decoding=\"async\" src=\"https:\/\/egyptianwisdomcenter.org\/wp-content\/plugins\/wp-social-reviews\/assets\/images\/icon\/icon-amazon.png\" alt=\"amazon\"><\/div>\n<div class=\"wpsr-rating-and-count\"><span class=\"wpsr-total-rating\">3.9<\/span><span class=\"wpsr-rating\"><\/p>\n<div class=\"wpsr-star-container wpsr-star-background-filled\" style=\"--wpsr-review-star-fill: 100%;\">\n<div class=\"wpsr-star-empty\"><\/div>\n<div class=\"wpsr-star-filled\"><\/div>\n<\/p><\/div>\n<div class=\"wpsr-star-container wpsr-star-background-filled\" style=\"--wpsr-review-star-fill: 100%;\">\n<div class=\"wpsr-star-empty\"><\/div>\n<div class=\"wpsr-star-filled\"><\/div>\n<\/p><\/div>\n<div class=\"wpsr-star-container wpsr-star-background-filled\" style=\"--wpsr-review-star-fill: 100%;\">\n<div class=\"wpsr-star-empty\"><\/div>\n<div class=\"wpsr-star-filled\"><\/div>\n<\/p><\/div>\n<div class=\"wpsr-star-container wpsr-star-background-filled\" style=\"--wpsr-review-star-fill: 90%;\">\n<div class=\"wpsr-star-empty\"><\/div>\n<div class=\"wpsr-star-filled\"><\/div>\n<\/p><\/div>\n<div class=\"wpsr-star-container wpsr-star-background-empty\" style=\"--wpsr-review-star-fill: 0%;\">\n<div class=\"wpsr-star-empty\"><\/div>\n<div class=\"wpsr-star-filled\"><\/div>\n<\/p><\/div>\n<p><\/span><\/p>\n<div class=\"wpsr-total-reviews\">Based on <span>12<\/span> Reviews<\/div>\n<\/div>\n<\/div>\n<div class=\"wpsr-business-info-right\">\n<div class=\"wpsr-write-review-modal-wrapper\"><\/div>\n<\/div>\n<\/div>\n<\/div>\n<\/div>\n<div class=\"wpsr-row\" style=\"\">\n<div class=\"wpsr-reviews-slider-wrapper-inner\">\n<div class=\"wpsr-reviews-slider swiper-container wpsr-ai-summary-enabled-slider\" tabindex=\"0\">\n<div class=\"swiper-wrapper\">\n<div class=\"swiper-slide\" role=\"group\">\n<div class=\"wpsr-review-template wpsr-review-template-two wpsr-review-template-amazon\"\n                 style=\"\"\n                 data-index=\"0\"\n                 data-source_id=\"B071VMYYF3\"\n                 data-media_id=\"\"\n                 data-review_platform=\"amazon\"\n                 data-product_thumbnail=\"\"\n                 data-product_name=\"\"\n                 data-image_resize=\"full\"\n            ><\/p>\n<div class=\"wpsr-review-platform\">\n                <img decoding=\"async\" class=\"wpsr-review-platform-icon\" width=\"20\" height=\"20\" src=\"https:\/\/egyptianwisdomcenter.org\/wp-content\/plugins\/wp-social-reviews\/assets\/images\/icon\/icon-amazon-small.png\" alt=\"amazon\">\n    <\/div>\n<div class=\"wpsr-reviewer-image\">\n    <a class=\"wpsr-reviewer-image-url\" target=\"_blank\" rel=\"noopener noreferrer nofollow\" href=\"https:\/\/www.amazon.fr\/Pures-Origines-%C3%89gyptiennes-Pourquoi-Importante-ebook\/dp\/B071VMYYF3\"><br \/>\n                                    <img decoding=\"async\" class=\"wpsr-reviewer-avatar\" src=\"https:\/\/images-eu.ssl-images-amazon.com\/images\/S\/amazon-avatars-global\/default._CR0,0,1024,1024_SX48_.png\" alt=\"Loux\"\/><br \/>\n                        <\/a>\n<\/div>\n<div class=\"wpsr-review-info\">\n                        <a class=\"wpsr-reviewer-name-url\" target=\"_blank\" rel=\"noopener noreferrer nofollow\" href=\"https:\/\/www.amazon.fr\/Pures-Origines-%C3%89gyptiennes-Pourquoi-Importante-ebook\/dp\/B071VMYYF3\"><br \/>\n    <span class=\"wpsr-reviewer-name\">Loux<\/span><br \/>\n    <\/a><\/p>\n<div data-rating=\"2\" class=\"wpsr-rating-wrapper wpsr-rating\">\n<div class=\"wpsr-star-container wpsr-star-background-filled\" style=\"--wpsr-review-star-fill: 100%;\">\n<div class=\"wpsr-star-empty\"><\/div>\n<div class=\"wpsr-star-filled\"><\/div>\n<\/p><\/div>\n<div class=\"wpsr-star-container wpsr-star-background-filled\" style=\"--wpsr-review-star-fill: 100%;\">\n<div class=\"wpsr-star-empty\"><\/div>\n<div class=\"wpsr-star-filled\"><\/div>\n<\/p><\/div>\n<div class=\"wpsr-star-container wpsr-star-background-empty\" style=\"--wpsr-review-star-fill: 0%;\">\n<div class=\"wpsr-star-empty\"><\/div>\n<div class=\"wpsr-star-filled\"><\/div>\n<\/p><\/div>\n<div class=\"wpsr-star-container wpsr-star-background-empty\" style=\"--wpsr-review-star-fill: 0%;\">\n<div class=\"wpsr-star-empty\"><\/div>\n<div class=\"wpsr-star-filled\"><\/div>\n<\/p><\/div>\n<div class=\"wpsr-star-container wpsr-star-background-empty\" style=\"--wpsr-review-star-fill: 0%;\">\n<div class=\"wpsr-star-empty\"><\/div>\n<div class=\"wpsr-star-filled\"><\/div>\n<\/p><\/div>\n<\/p><\/div>\n<p><span data-time=\"4 anos atr\u00e1s\" class=\"wpsr-review-date\"><br \/>\n     junho 9, 2022<\/span>                        <\/p><\/div>\n<div class=\"wpsr-reviews-content-footer\">\n<h3 class=\"wpsr-review-title\">\n    2,0 sur 5\u00a0\u00e9toiles                    le titre est all\u00e9chant mais&#8230;<\/h3>\n<div class=\"wpsr-review-content\" tabindex=\"0\">\n<p class=\"wpsr_add_read_more wpsr_show_less_content\" data-num-words-trim=\"10\">l&#8217;auteur est un savant, j&#8217;ai lu d&#8217;autres livres de lui et qui sont superieur \u00e0 celui ci. celui ci est plutot un petit catalogue. <\/p>\n<\/p><\/div>\n<\/p><\/div>\n<\/p><\/div>\n<\/p><\/div>\n<div class=\"swiper-slide\" role=\"group\">\n<div class=\"wpsr-review-template wpsr-review-template-two wpsr-review-template-amazon\"\n                 style=\"\"\n                 data-index=\"1\"\n                 data-source_id=\"B071VMYYF3\"\n                 data-media_id=\"\"\n                 data-review_platform=\"amazon\"\n                 data-product_thumbnail=\"\"\n                 data-product_name=\"\"\n                 data-image_resize=\"full\"\n            ><\/p>\n<div class=\"wpsr-review-platform\">\n                <img decoding=\"async\" class=\"wpsr-review-platform-icon\" width=\"20\" height=\"20\" src=\"https:\/\/egyptianwisdomcenter.org\/wp-content\/plugins\/wp-social-reviews\/assets\/images\/icon\/icon-amazon-small.png\" alt=\"amazon\">\n    <\/div>\n<div class=\"wpsr-reviewer-image\">\n    <a class=\"wpsr-reviewer-image-url\" target=\"_blank\" rel=\"noopener noreferrer nofollow\" href=\"https:\/\/www.amazon.fr\/Pures-Origines-%C3%89gyptiennes-Pourquoi-Importante-ebook\/dp\/B071VMYYF3\"><br \/>\n                                    <img decoding=\"async\" class=\"wpsr-reviewer-avatar\" src=\"https:\/\/images-eu.ssl-images-amazon.com\/images\/S\/amazon-avatars-global\/e6d9d423-42b2-4551-a535-2df222b6da40._CR0,0,500,500_SX48_.jpg\" alt=\"TonyNio\"\/><br \/>\n                        <\/a>\n<\/div>\n<div class=\"wpsr-review-info\">\n                        <a class=\"wpsr-reviewer-name-url\" target=\"_blank\" rel=\"noopener noreferrer nofollow\" href=\"https:\/\/www.amazon.fr\/Pures-Origines-%C3%89gyptiennes-Pourquoi-Importante-ebook\/dp\/B071VMYYF3\"><br \/>\n    <span class=\"wpsr-reviewer-name\">TonyNio<\/span><br \/>\n    <\/a><\/p>\n<div data-rating=\"4\" class=\"wpsr-rating-wrapper wpsr-rating\">\n<div class=\"wpsr-star-container wpsr-star-background-filled\" style=\"--wpsr-review-star-fill: 100%;\">\n<div class=\"wpsr-star-empty\"><\/div>\n<div class=\"wpsr-star-filled\"><\/div>\n<\/p><\/div>\n<div class=\"wpsr-star-container wpsr-star-background-filled\" style=\"--wpsr-review-star-fill: 100%;\">\n<div class=\"wpsr-star-empty\"><\/div>\n<div class=\"wpsr-star-filled\"><\/div>\n<\/p><\/div>\n<div class=\"wpsr-star-container wpsr-star-background-filled\" style=\"--wpsr-review-star-fill: 100%;\">\n<div class=\"wpsr-star-empty\"><\/div>\n<div class=\"wpsr-star-filled\"><\/div>\n<\/p><\/div>\n<div class=\"wpsr-star-container wpsr-star-background-filled\" style=\"--wpsr-review-star-fill: 100%;\">\n<div class=\"wpsr-star-empty\"><\/div>\n<div class=\"wpsr-star-filled\"><\/div>\n<\/p><\/div>\n<div class=\"wpsr-star-container wpsr-star-background-empty\" style=\"--wpsr-review-star-fill: 0%;\">\n<div class=\"wpsr-star-empty\"><\/div>\n<div class=\"wpsr-star-filled\"><\/div>\n<\/p><\/div>\n<\/p><\/div>\n<p><span data-time=\"5 anos atr\u00e1s\" class=\"wpsr-review-date\"><br \/>\n     janeiro 19, 2021<\/span>                        <\/p><\/div>\n<div class=\"wpsr-reviews-content-footer\">\n<h3 class=\"wpsr-review-title\">\n    4,0 sur 5\u00a0\u00e9toiles                    top<\/h3>\n<div class=\"wpsr-review-content\" tabindex=\"0\">\n<p class=\"wpsr_add_read_more wpsr_show_less_content\" data-num-words-trim=\"10\">le produit correspond bien a la description. <\/p>\n<\/p><\/div>\n<\/p><\/div>\n<\/p><\/div>\n<\/p><\/div>\n<\/div>\n<\/div>\n<div class=\"wpsr-swiper-carousel-wrapper\">\n<div class=\"wpsr-swiper-pagination swiper-pagination\"><\/div>\n<\/div>\n<\/div>\n<\/div>\n<\/div>\n<\/div>","protected":false},"featured_media":61753,"comment_status":"open","ping_status":"closed","template":"","meta":[],"product_brand":[],"product_cat":[98,102],"product_tag":[],"class_list":{"0":"post-61752","1":"product","2":"type-product","3":"status-publish","4":"has-post-thumbnail","6":"product_cat-edition-francaise","7":"product_cat-edition-francaise-2","9":"first","10":"instock","11":"shipping-taxable","12":"product-type-simple"},"aioseo_notices":[],"_links":{"self":[{"href":"https:\/\/egyptianwisdomcenter.org\/pt\/wp-json\/wp\/v2\/product\/61752","targetHints":{"allow":["GET"]}}],"collection":[{"href":"https:\/\/egyptianwisdomcenter.org\/pt\/wp-json\/wp\/v2\/product"}],"about":[{"href":"https:\/\/egyptianwisdomcenter.org\/pt\/wp-json\/wp\/v2\/types\/product"}],"replies":[{"embeddable":true,"href":"https:\/\/egyptianwisdomcenter.org\/pt\/wp-json\/wp\/v2\/comments?post=61752"}],"wp:featuredmedia":[{"embeddable":true,"href":"https:\/\/egyptianwisdomcenter.org\/pt\/wp-json\/wp\/v2\/media\/61753"}],"wp:attachment":[{"href":"https:\/\/egyptianwisdomcenter.org\/pt\/wp-json\/wp\/v2\/media?parent=61752"}],"wp:term":[{"taxonomy":"product_brand","embeddable":true,"href":"https:\/\/egyptianwisdomcenter.org\/pt\/wp-json\/wp\/v2\/product_brand?post=61752"},{"taxonomy":"product_cat","embeddable":true,"href":"https:\/\/egyptianwisdomcenter.org\/pt\/wp-json\/wp\/v2\/product_cat?post=61752"},{"taxonomy":"product_tag","embeddable":true,"href":"https:\/\/egyptianwisdomcenter.org\/pt\/wp-json\/wp\/v2\/product_tag?post=61752"}],"curies":[{"name":"wp","href":"https:\/\/api.w.org\/{rel}","templated":true}]}}