{"id":61914,"date":"2023-01-06T15:17:50","date_gmt":"2023-01-06T20:17:50","guid":{"rendered":"https:\/\/egyptianwisdomcenter.org\/de\/?post_type=product&#038;p=61914"},"modified":"2024-06-01T05:01:22","modified_gmt":"2024-06-01T09:01:22","slug":"die-altaegyptische-kultur-enthuellt-zweite-ausgabe","status":"publish","type":"product","link":"https:\/\/egyptianwisdomcenter.org\/pt\/produto\/die-altaegyptische-kultur-enthuellt-zweite-ausgabe\/","title":{"rendered":"Die Alt\u00e4gyptische Kultur Enth\u00fcllt \u2013 Zweite Ausgabe"},"content":{"rendered":"<p><strong>LANGE BESCHREIBUNG<\/strong><\/p>\n<p>Diese Ausgabe des Buches besteht aus vier Teilen mit insgesamt 16 Kapiteln sowie drei Anh\u00e4ngen.<\/p>\n<p>Teil I: Die V\u00f6lker \u00c4gyptens besteht aus den folgenden vier Kapiteln 1 bis 4:<\/p>\n<p>Kapitel 1: Der Anfang umfasst das Alter der \u00e4gyptischen Altert\u00fcmer, die mindestens 39.000 Jahre alt sind, in \u00dcbereinstimmung mit arch\u00e4ologischen, historischen und physischen Beweisen, das Zeitalter des L\u00f6wen und der Sphinx sowie das Alter des \u00e4gyptischen sothischen Kalenders, der bei weitem der genaueste Kalender \u00fcberhaupt ist.<\/p>\n<p>Kapitel 2: Das \u00e4gyptische Volk umfasst die Wurzeln und Merkmale des [alten] \u00e4gyptischen Volkes sowie deren Siedlungen auf der ganzen Welt.<\/p>\n<p>Kapitel 3: Die Religi\u00f6sesten bietet einen sehr kurzen \u00dcberblick \u00fcber die \u00e4gyptische Kosmologie; Monotheismus und Polytheismus; tierische Symbolik; Sch\u00f6pfung des Universums usw.<\/p>\n<p>Kapitel 4: Die soziale\/politische Ordnung umfasst die Grundlagen und Anwendungen der matrilinearen\/matriarchalen Prinzipien; Die matrilokalen Gemeinschaften; Das \u00e4gyptische Basisreformsystem; das duale Aufsichts- \/ Verwaltungssystem und die Dokumentationsreihenfolge aller Angelegenheiten in der \u00e4gyptischen Gesellschaft.<\/p>\n<p>Teil II: Die kosmischen Zusammenh\u00e4nge besteht aus den drei folgenden Kapiteln 5 bis 7:<\/p>\n<p>Kapitel 5: Wie oben, so unten umfasst die Grunds\u00e4tze und Anwendungen des kosmischen Bewusstseins im Leben der \u00c4gypter und die zyklischen Erneuerungs- Festivals als eine Form solcher Prinzipien.<\/p>\n<p>Kapitel 6: Der Pharao, die kosmische Verbindung umfasst die wahre Bestimmung des \u00e4gyptischen Pharaos als oberster Diener; Wie herrschte das Volk? und vieles mehr.<\/p>\n<p>Kapitel 7: \u00c4gyptische Tempel bietet eine kurze \u00dcbersicht \u00fcber die echte Funktion\/den echten Zweck des \u00e4gyptischen Tempels; Die harmonischen Designparameter und vieles mehr.<\/p>\n<p>Teil III: Die gelehrten \u00c4gypter besteht aus den f\u00fcnf folgenden Kapiteln 8 bis 12:<\/p>\n<p>Kapitel 8: Die g\u00f6ttliche Sprache gibt eine kurze \u00dcbersicht \u00fcber die Modi des Schreibens im Alten \u00c4gypten \u2013 die alphabetische Schreibform und die bildlichen metaphysischen Symbole\/Skripte, sowie die kulturellen Aspekte der \u00e4gyptischen Alphabetsprache.<\/p>\n<p>Kapitel 9: Das \u00e4gyptische musikalische Erbe bietet eine kurze \u00dcbersicht \u00fcber sein musikalisches Erbe; Die Musikorchester; Die breite Palette von Musikinstrumenten, sowie Tanz und Ballett im alten \u00c4gypten.<\/p>\n<p>Kapitel 10: Gesundheit und Medizin bietet eine kurze \u00dcbersicht \u00fcber das hohe internationale Ansehen der \u00e4gyptischen Medizin; den medizinischen Beruf; Inhalte einiger \u00e4gyptischer medizinischen Papyri in Bezug auf Diagnosen, Heilmittel und Behandlungen von verschiedenen Krankheiten, Operationen; und die breite Palette von Rezepten.<\/p>\n<p>Kapitel 11: Die Astronomie umfasst die erstaunlich genauen astronomischen Kenntnisse und Praktiken wie astronomische Beobachtungen und Aufzeichnungen, den Tierkreis Zyklus, etc.<\/p>\n<p>Kapitel 12: Geometrie und Mathematik bietet eine kurze \u00dcbersicht \u00fcber die Themen Geometrie und Naturwissenschaften, Geod\u00e4sie, Mathematik und Numerologie, sowie ihr Wissen und ihre Anwendung der heiligen \u201cVerh\u00e4ltnisse\u201d von Pi und Phi.<\/p>\n<p>Teil IV: Die pulsierende Wirtschaft besteht aus den folgenden vier Kapiteln 13 bis 16:<\/p>\n<p>Kapitel 13: Die Anbaukultur umfasst die hervorragende Anwendung der Trockenwetter-Techniken,die gesellschaftliche Arbeitsteilung und die Bauernschaft (Agrargemeinschaft).<\/p>\n<p>Kapitel 14: Die Fertigungsindustrie umfasst das \u00e4gyptische Wissen \u00fcber Metallurgie &amp; Metallverarbeitung; ihre Gold-, Silber- (Elektron-) Produkte; ihre Kupfer- und Bronzeprodukte; ihre Glaskunstprodukte (Glas und Verglasung); ihre Eisenprodukte; ihre Bergbauaktivit\u00e4ten, sowie einige technologische Anwendungen.<\/p>\n<p>Kapitel 15: Verkehrsinfrastruktur umfasst eine kurze \u00dcbersicht \u00fcber die verschiedenen hochwertigen Typen \u00e4gyptischer Schiffe, gro\u00dfe \u00e4gyptische K\u00fcstenh\u00e4fen, Landverkehr sowie Schutzpatrone und Reise-Schreine (Tempel am Wegrand).<\/p>\n<p>Kapitel 16: Die Marktwirtschaft umfasst die Funktionsweise der \u00e4gyptischen Marktwirtschaft, gesch\u00e4ftliche Transaktionen, \u00e4gyptische Exporte (Waren und Dienstleistungen), \u00e4gyptische Importe sowie der Aufstieg und Fall des internationalen Handels, der an das Alte \u00c4gypten als dem wirtschaftlicher Motor der alten Welt gebunden war.<\/p>\n<p>Der Inhalt der drei Anh\u00e4nge wird aus ihren Titeln ersichtlich:<br \/>\nAnhang A: Fotos \u2013 Das aufsteigende Tal<\/p>\n<p>Anhang B: Fotos \u2013 Das Zeitalter des L\u00f6wen und der Sphinx<\/p>\n<p>Anhang C: Fotos \u2013 Astronomie<\/p>","protected":false},"excerpt":{"rendered":"<p>von <a href=\"https:\/\/egyptianwisdomcenter.org\/de\/uber-mich\/\">Moustafa Gadalla<\/a><\/p>\n<hr \/>\n<p><strong>Zusammenfassung<\/strong><\/p>\n<p>Diese ins Deutsche \u00fcbersetzte Ausgabe zeigt einige Aspekte der alt\u00e4gyptischen Kultur, wie das sehr antike Alter \u00c4gyptens, die \u00e4gyptischen Eigenschaften und religi\u00f6sen \u00dcberzeugungen und Praktiken, ihr soziales\/politisches System, ihre kosmischen Tempel, ihren Sprachreichtum, das Musikalische Erbe und die umfassenden Wissenschaften, ihre fortschrittliche Medizin, ihre dynamische Wirtschaft, ihre ausgezeichneten landwirtschaftlichen und selbst hergestellten Produkte, ihr Verkehrssystem und vieles mehr.<\/p>\n<p><a href=\"https:\/\/egyptianwisdomcenter.org\/wp-content\/uploads\/2023\/01\/Die-Altagyptische-Kultur-enthullt-zweite-Ausgabe-1492551953.pdf\">Vorschau jetzt<\/a><\/p>\n<hr \/>\n<p><center><br \/>\n<a class=\"button minimal\" href=\"https:\/\/books2read.com\/u\/4jML6D\" target=\"_blank\" rel=\"noopener\">Kaufoptionen anzeigen<\/a><\/center><center><\/center><center><a href=\"https:\/\/www.amazon.com\/Die-Alt%C3%A4gyptische-Kultur-enth%C3%BCllt-German\/dp\/B0B92H93QJ\" target=\"_blank\" rel=\"noopener\"><img decoding=\"async\" class=\"alignnone size-full wp-image-69137\" src=\"https:\/\/egyptianwisdomcenter.org\/wp-content\/uploads\/2023\/01\/Capture-11.png\" alt=\"\" width=\"151\" height=\"30\" srcset=\"https:\/\/egyptianwisdomcenter.org\/wp-content\/uploads\/2023\/01\/Capture-11.png 151w, https:\/\/egyptianwisdomcenter.org\/wp-content\/uploads\/2023\/01\/Capture-11-18x4.png 18w\" sizes=\"(max-width: 151px) 100vw, 151px\" \/><\/a><\/center><\/p>","protected":false},"featured_media":61915,"comment_status":"open","ping_status":"closed","template":"","meta":[],"product_brand":[],"product_cat":[104,105],"product_tag":[],"class_list":{"0":"post-61914","1":"product","2":"type-product","3":"status-publish","4":"has-post-thumbnail","6":"product_cat-deutsch","7":"product_cat-deutsche-ausgabe","9":"first","10":"instock","11":"shipping-taxable","12":"product-type-simple"},"aioseo_notices":[],"_links":{"self":[{"href":"https:\/\/egyptianwisdomcenter.org\/pt\/wp-json\/wp\/v2\/product\/61914","targetHints":{"allow":["GET"]}}],"collection":[{"href":"https:\/\/egyptianwisdomcenter.org\/pt\/wp-json\/wp\/v2\/product"}],"about":[{"href":"https:\/\/egyptianwisdomcenter.org\/pt\/wp-json\/wp\/v2\/types\/product"}],"replies":[{"embeddable":true,"href":"https:\/\/egyptianwisdomcenter.org\/pt\/wp-json\/wp\/v2\/comments?post=61914"}],"wp:featuredmedia":[{"embeddable":true,"href":"https:\/\/egyptianwisdomcenter.org\/pt\/wp-json\/wp\/v2\/media\/61915"}],"wp:attachment":[{"href":"https:\/\/egyptianwisdomcenter.org\/pt\/wp-json\/wp\/v2\/media?parent=61914"}],"wp:term":[{"taxonomy":"product_brand","embeddable":true,"href":"https:\/\/egyptianwisdomcenter.org\/pt\/wp-json\/wp\/v2\/product_brand?post=61914"},{"taxonomy":"product_cat","embeddable":true,"href":"https:\/\/egyptianwisdomcenter.org\/pt\/wp-json\/wp\/v2\/product_cat?post=61914"},{"taxonomy":"product_tag","embeddable":true,"href":"https:\/\/egyptianwisdomcenter.org\/pt\/wp-json\/wp\/v2\/product_tag?post=61914"}],"curies":[{"name":"wp","href":"https:\/\/api.w.org\/{rel}","templated":true}]}}