{"id":61927,"date":"2023-01-06T15:22:50","date_gmt":"2023-01-06T20:22:50","guid":{"rendered":"https:\/\/egyptianwisdomcenter.org\/?post_type=product&#038;p=61927"},"modified":"2024-06-01T05:01:53","modified_gmt":"2024-06-01T09:01:53","slug":"die-altaegyptische-metaphysische-architektur","status":"publish","type":"product","link":"https:\/\/egyptianwisdomcenter.org\/pt\/produto\/die-altaegyptische-metaphysische-architektur\/","title":{"rendered":"Die Alt\u00e4gyptische Metaphysische Architektur"},"content":{"rendered":"<p><strong>LANGE BESCHREIBUNG<\/strong><\/p>\n<p>Dieses Buch ist in zwei Teile gegliedert, die insgesamt 8 Kapitel enthalten sowie f\u00fcnf Anh\u00e4nge A \u2013 E.<\/p>\n<p>Teil I: Architektonische Konzepte \u2013 Funktion und Form besteht aus zwei Kapiteln 1 und 2:<\/p>\n<p>Kapitel 1: Der Architekturkanon wird den tief verwurzelten \u00e4gyptischen Glauben des \u201ewie oben so unten\u201c behandeln und dessen Anwendung auf die \u00e4gyptische Kunst und Architektur, die Existenz und Einhaltung einer g\u00f6ttlichen Bauordnung sowie die Verwendung von Design und Konstruktionspl\u00e4nen sowohl vor als auch w\u00e4hrend der Bauphasen, die sich bei gro\u00dfen Projekten \u00fcber mehrere Jahrhunderte erstreckten.<\/p>\n<p>Kapitel 2: Die \u00c4gyptischen Tempel der g\u00f6ttlichen Kr\u00e4fte wird die Hauptfunktion der \u00e4gyptischen Tempel abdecken, die von einer g\u00f6ttlichen Generation stammen, die konzeptionelle Gesamtgestaltung des Tempels, das metaphysische trichterf\u00f6rmige Leitungsdesign, die generative Bedeutung der Fugenmuster, der physikalische\/metaphysische Schutz der Au\u00dfenw\u00e4nde und organischen Wurzeln des \u00e4gyptischen Tempelfundaments.<\/p>\n<p>Teil II: Die physikalische Manifestation der methaphysischen Konzepte besteht aus sechs Kapiteln \u2013 3 bis 8:<\/p>\n<p>Kapitel 3: Architektonische Formkomponenten der metaphysischen Funktionen wird die verschiedenen architektonischen Formen besprechen als Manifestation ihrer entsprechenden Funktionen [sowohl physisch als auch metaphysisch] f\u00fcr \u201cfalsche T\u00fcren\u201d, versenkte Wandverkleidungen, S\u00e4ulen und Pfeiler, Kapitelle der S\u00e4ulen, S\u00e4uleng\u00e4nge, Peristylen, Kolonnadenformationen an vier verschiedenen Standorten, Obelisken, Statuen, verschiedene Dachformen (flach, Giebel, Erker, Bogen und Gew\u00f6lbe), stilistische architektonische Details (Architrav (Zarge), Gesims und Torus) und stilistische Verzierungen und Dekoration wie Sternendecken, Blumen, geometrische, bildliche, eine Kombination von zwei oder allen drei Formen, Guilloche- (falsch benannt nach der toskanischen Grenze), Chevron- und Scroll-Muster.<\/p>\n<p>Kapitel 4: Die prim\u00e4ren geometrischen Formen\/Gestaltungen wird die Prinzipien und die Anwendung der heiligen Geometrie der g\u00f6ttlichen Architektur, die \u00e4gyptische heilige Schnur [Werkzeug], die allgemeine Form von beispielhaften geometrischen Formen, den heiligen Kreis als Urbild der Sch\u00f6pfung, die Quadratur des Kreises, die prim\u00e4ren Dreiecke und die kombinierten quadratisch-rechteckigen 3D-Pyramiden besprechen.<\/p>\n<p>Kapitel 5: Die generativen Quadratwurzel-Rechtecke \u2013 \u201cirrationale Zahlen\u201d wird die generativen Wurzel-Rechtecke als Hypotenuse des rechtwinkligen Dreiecks besprechen, beginnend mit einem Quadrat und dem Generieren der Quadratwurzel von 2,3 und 5; Bildung der kosmischen Festk\u00f6rper; Generierung des Goldenen Schnitts des 5. Wurzel-Rechtecks; die Konstruktion von wirbelnden quadratischen Spiralen und die beispielhafte Anwendung dieser Form von dynamischem Design an den vier Standorten der alt\u00e4gyptischen Denkm\u00e4ler.<\/p>\n<p>Kapitel 6: Die generative arithmetische Progression wird die Rolle der Zahlen als Generatoren von geordnetem Wachstum und Progression, die Summationsserie und den Goldenen Schnitt sowie die kosmische Proportion der menschlichen Gestalt abdecken.<\/p>\n<p>Kapitel 7: Kombiniert: Arithmetik und harmonisches Grafikdesign der \u00e4gyptischen Geb\u00e4ude wird die Kombination der Rechen- als auch Grafikelemente zu einer harmonischen Gestaltung der Teile und der Gesamtheit eines \u00e4gyptischen Tempels abdecken, was beinhaltet: aktive Achsen, signifikante Punkte, die Teleskopdreiecke und die rechteckigen Perimeter der horizontalen und vertikalen Ebenen.<\/p>\n<p>Kapitel 8: Harmonieanalyse der alt\u00e4gyptischen Werke wird mehrere Beispiele des Alten \u00c4gyptens aus allen Epochen besprechen, die die \u00e4gyptischen Anwendungen der Design-Elemente zeigen, die in diesem Buch besprochen werden. Beispiele daf\u00fcr sind Tempel, Gr\u00e4ber, Pyramiden, Schreine, Kapitellen der S\u00e4ulen, Stelen, Pylone und T\u00fcren.<\/p>\n<p>Appendices hat f\u00fcnf Anh\u00e4nge \u2013 A bis E:<\/p>\n<p>Anhang A: Absichtliche \u201cUnregelm\u00e4\u00dfigkeiten\u201d in \u00e4gyptischen Werken umfasst die religi\u00f6sen Gr\u00fcnde f\u00fcr das, was \u201cUnregelm\u00e4\u00dfigkeiten\u201d in der hochwertigen Ausf\u00fchrung zu sein scheinen.<\/p>\n<p>Anhang B: Mittelzuweisungen f\u00fcr Denkm\u00e4ler neu \u00fcberdacht deckt die Kl\u00e4rung dessen, was eine Zuweisung des einen Pharaos an einen anderen zu sein scheint.<\/p>\n<p>Anhang C: Betonsteine \u2013 verschiedene Arten umfasst die fortschrittlichen \u00e4gyptischen Kenntnisse von Betonmischungen und Anwendungsbeispiele f\u00fcr diese Kenntnisse im gesamten Alten \u00c4gypten.<\/p>\n<p>Anhang D: Die \u00e4gyptischen Wurzeln der Freimaurer bespricht die \u00e4gyptischen Wurzeln der weit verbreiteten geheimen br\u00fcderliche Gesellschaft namens \u201cFreie und angenommene Maurer\u201d (allgemein als Freimaurerei bekannt).<\/p>\n<p>Anhang E: Der \u00e4gyptische Einfluss auf die moderne Architektur umfasst mehrere Beispiele weltweit f\u00fcr einen solchen Einfluss.<\/p>","protected":false},"excerpt":{"rendered":"<p>von <a href=\"https:\/\/egyptianwisdomcenter.org\/de\/uber-mich\/\">Moustafa Gadalla<\/a><\/p>\n<hr \/>\n<p><strong>Zusammenfassung<\/strong><\/p>\n<p>Diese ins Deutsche \u00fcbersetzt Ausgabe enth\u00fcllt das alte \u00e4gyptische Wissen der harmonischen Proportionen, die heilige Geometrie und Zahlenmystik; wie sie sich in ihren Texten, Tempeln, Gr\u00e4bern, ihrer Kunst und den Hieroglyphen usw. manifestiert hat \u2026 w\u00e4hrend ihrer gesamten bekannten Geschichte. Es zeigt, wie die \u00c4gypter ihre Bauten konstruierten, um kosmische Energie zu erzeugen; und die mystische Anwendung von Zahlen in den \u00e4gyptischen Werken. Das Buch erkl\u00e4rt im Detail die harmonischen Proportionen von etwa 20 alten \u00e4gyptischen Geb\u00e4uden im Laufe ihrer gesamten aufgezeichneten Geschichte.<\/p>\n<p><a href=\"https:\/\/egyptianwisdomcenter.org\/wp-content\/uploads\/2023\/01\/Die-altagyptische-metaphysische-Architektur-1476284631.pdf\">Vorschau jetzt<\/a><\/p>\n<hr \/>\n<p><center><br \/>\n<a class=\"button minimal\" href=\"https:\/\/books2read.com\/u\/4Ad78K\" target=\"_blank\" rel=\"noopener\">Kaufoptionen anzeigen<\/a><\/center><center><\/center><center><a href=\"https:\/\/www.amazon.de\/alt%C3%A4gyptische-metaphysische-Architektur-Moustafa-Gadalla\/dp\/1521750297\" target=\"_blank\" rel=\"noopener\"><img decoding=\"async\" class=\"alignnone size-full wp-image-69139\" src=\"https:\/\/egyptianwisdomcenter.org\/wp-content\/uploads\/2023\/01\/Capture-12.png\" alt=\"\" width=\"151\" height=\"30\" srcset=\"https:\/\/egyptianwisdomcenter.org\/wp-content\/uploads\/2023\/01\/Capture-12.png 151w, https:\/\/egyptianwisdomcenter.org\/wp-content\/uploads\/2023\/01\/Capture-12-18x4.png 18w\" sizes=\"(max-width: 151px) 100vw, 151px\" \/><\/a><\/center><\/p>","protected":false},"featured_media":61928,"comment_status":"open","ping_status":"closed","template":"","meta":[],"product_brand":[],"product_cat":[104,105],"product_tag":[],"class_list":{"0":"post-61927","1":"product","2":"type-product","3":"status-publish","4":"has-post-thumbnail","6":"product_cat-deutsch","7":"product_cat-deutsche-ausgabe","9":"first","10":"instock","11":"shipping-taxable","12":"product-type-simple"},"aioseo_notices":[],"_links":{"self":[{"href":"https:\/\/egyptianwisdomcenter.org\/pt\/wp-json\/wp\/v2\/product\/61927","targetHints":{"allow":["GET"]}}],"collection":[{"href":"https:\/\/egyptianwisdomcenter.org\/pt\/wp-json\/wp\/v2\/product"}],"about":[{"href":"https:\/\/egyptianwisdomcenter.org\/pt\/wp-json\/wp\/v2\/types\/product"}],"replies":[{"embeddable":true,"href":"https:\/\/egyptianwisdomcenter.org\/pt\/wp-json\/wp\/v2\/comments?post=61927"}],"wp:featuredmedia":[{"embeddable":true,"href":"https:\/\/egyptianwisdomcenter.org\/pt\/wp-json\/wp\/v2\/media\/61928"}],"wp:attachment":[{"href":"https:\/\/egyptianwisdomcenter.org\/pt\/wp-json\/wp\/v2\/media?parent=61927"}],"wp:term":[{"taxonomy":"product_brand","embeddable":true,"href":"https:\/\/egyptianwisdomcenter.org\/pt\/wp-json\/wp\/v2\/product_brand?post=61927"},{"taxonomy":"product_cat","embeddable":true,"href":"https:\/\/egyptianwisdomcenter.org\/pt\/wp-json\/wp\/v2\/product_cat?post=61927"},{"taxonomy":"product_tag","embeddable":true,"href":"https:\/\/egyptianwisdomcenter.org\/pt\/wp-json\/wp\/v2\/product_tag?post=61927"}],"curies":[{"name":"wp","href":"https:\/\/api.w.org\/{rel}","templated":true}]}}