{"id":69790,"date":"2025-12-04T06:04:55","date_gmt":"2025-12-04T11:04:55","guid":{"rendered":"https:\/\/egyptianwisdomcenter.org\/?post_type=product&#038;p=69790"},"modified":"2025-12-18T04:43:18","modified_gmt":"2025-12-18T09:43:18","slug":"egyptilaisyyden-alkulahteilla-muinaisen-egyptin-merkitys","status":"publish","type":"product","link":"https:\/\/egyptianwisdomcenter.org\/pt\/produto\/egyptilaisyyden-alkulahteilla-muinaisen-egyptin-merkitys\/","title":{"rendered":"Egyptil\u00e4isyyden alkul\u00e4hteill\u00e4: Muinaisen Egyptin merkitys"},"content":{"rendered":"<div class=\"collapsible-synopsis gizmo-collapsible-with-header show-teaser open\" data-kobo-gizmo=\"Collapsible.Synopsis\" data-kobo-gizmo-config=\"{ &quot;isOpen&quot;: {&quot;small&quot;: false, &quot;medium&quot;: false, &quot;large&quot;: false, &quot;jumbo&quot;: false}, &quot;name&quot;: &quot;AboutItem&quot;, &quot;toggleClass&quot; : &quot;toggle-button-hitbox&quot; }\" data-gid=\"g_20\">\n<div class=\"synopsis-description\" translate=\"no\">\n<p>Teos on lyhyt johdanto muinaiseen Egyptin sivilisaatioon, josta voimme ammentaa inspiraatiota arkeemme nyky\u00e4\u00e4nkin, asuimmepa miss\u00e4 p\u00e4in maailmaa tahansa.<\/p>\n<p>Kirjassa k\u00e4sitelt\u00e4vi\u00e4 aiheita:<\/p>\n<p>\u2013 Maailmankaikkeuden toimintamekanismit ja oma paikkamme siin\u00e4<\/p>\n<p>\u2013 Itsens\u00e4 ymm\u00e4rt\u00e4minen ja sis\u00e4isten energioiden j\u00e4rjest\u00e4minen onnellisen ja terveellisen el\u00e4m\u00e4n saavuttamiseksi<\/p>\n<p>\u2013 Poliittisten, sosiaalisten ja taloudellisten olosuhteiden ongelmat ja vanhat egyptil\u00e4iset ratkaisut niihin<\/p>\n<p>\u2013 Rauhanomaisen rinnakkaiselon saavuttaminen kansojen ja maiden v\u00e4lill\u00e4 ja luonnonvarojen suhteen (t\u00e4m\u00e4 koskee my\u00f6s puhtaan ymp\u00e4rist\u00f6n vaalimista)<\/p>\n<p>\u2013 Harmonisten periaatteiden ymm\u00e4rt\u00e4minen ja soveltaminen rakentamisessa<\/p>\n<p>\u2013 Taiteen arvostaminen sek\u00e4 sen harmoniset toiminnot ja sovellukset<\/p>\n<p>\u2013 Muinaisen Egyptin sivilisaation ajaton luonne<\/p>\n<\/div>\n<\/div>","protected":false},"excerpt":{"rendered":"<div class=\"fb-page\" data-href=\"https:\/\/www.facebook.com\/UntaintedEgyptianOriginOfAllThingsThatMatter\" data-width=\"380\" data-hide-cover=\"false\" data-show-facepile=\"false\"><\/div>\n<p><span class=\"contributor-name-prefix\"><br \/>\nKirjoittanut:<\/span>\u00a0<span class=\"visible-contributors\">Moustafa Gadalla<\/span><\/p>\n<hr \/>\n<p><strong>LYHYT KUVAUS<\/strong><\/p>\n<p>Kirja on tiivis johdanto muinaiseen Egyptin sivilisaatioon, josta voimme ammentaa inspiraatiota arkeemme nyky\u00e4\u00e4nkin, asuimmepa miss\u00e4 p\u00e4in maailmaa tahansa. Kirja k\u00e4sittelee muun muassa itsens\u00e4 voimaannuttamista, nykyisten poliittisten, sosiaalisten, taloudellisten ja ymp\u00e4rist\u00f6\u00f6n liittyvien ongelmien ratkaisemista sek\u00e4 harmonisten periaatteiden tunnistamista ja soveltamista ty\u00f6ss\u00e4mme ja toiminnassamme.<\/p>\n<p>&nbsp;<\/p>\n<hr \/>\n<p>&nbsp;<\/p>\n<p>&nbsp;<\/p>","protected":false},"featured_media":69806,"comment_status":"open","ping_status":"closed","template":"","meta":[],"product_brand":[],"product_cat":[143],"product_tag":[],"class_list":{"0":"post-69790","1":"product","2":"type-product","3":"status-publish","4":"has-post-thumbnail","6":"product_cat-suomenkieliset-painokset","8":"first","9":"instock","10":"shipping-taxable","11":"product-type-simple"},"aioseo_notices":[],"_links":{"self":[{"href":"https:\/\/egyptianwisdomcenter.org\/pt\/wp-json\/wp\/v2\/product\/69790","targetHints":{"allow":["GET"]}}],"collection":[{"href":"https:\/\/egyptianwisdomcenter.org\/pt\/wp-json\/wp\/v2\/product"}],"about":[{"href":"https:\/\/egyptianwisdomcenter.org\/pt\/wp-json\/wp\/v2\/types\/product"}],"replies":[{"embeddable":true,"href":"https:\/\/egyptianwisdomcenter.org\/pt\/wp-json\/wp\/v2\/comments?post=69790"}],"wp:featuredmedia":[{"embeddable":true,"href":"https:\/\/egyptianwisdomcenter.org\/pt\/wp-json\/wp\/v2\/media\/69806"}],"wp:attachment":[{"href":"https:\/\/egyptianwisdomcenter.org\/pt\/wp-json\/wp\/v2\/media?parent=69790"}],"wp:term":[{"taxonomy":"product_brand","embeddable":true,"href":"https:\/\/egyptianwisdomcenter.org\/pt\/wp-json\/wp\/v2\/product_brand?post=69790"},{"taxonomy":"product_cat","embeddable":true,"href":"https:\/\/egyptianwisdomcenter.org\/pt\/wp-json\/wp\/v2\/product_cat?post=69790"},{"taxonomy":"product_tag","embeddable":true,"href":"https:\/\/egyptianwisdomcenter.org\/pt\/wp-json\/wp\/v2\/product_tag?post=69790"}],"curies":[{"name":"wp","href":"https:\/\/api.w.org\/{rel}","templated":true}]}}