{"id":2435,"date":"2019-03-02T11:33:59","date_gmt":"2019-03-02T16:33:59","guid":{"rendered":"https:\/\/egyptianwisdomcenter.org\/eiil-se-levanta-senora-de-la-asuncion\/"},"modified":"2023-01-12T11:57:14","modified_gmt":"2023-01-12T16:57:14","slug":"eiil-se-levanta-senora-de-la-asuncion","status":"publish","type":"page","link":"https:\/\/egyptianwisdomcenter.org\/ro\/eiil-se-levanta-senora-de-la-asuncion\/","title":{"rendered":"Eiil asciende\u2014Se\u00f1ora de la Asunci\u00f3n"},"content":{"rendered":"<h2 style=\"text-align: center;\"><span style=\"color: #ff0000;\">Eiil asciende\u2014Se\u00f1ora de la Asunci\u00f3n<\/span><\/h2>\n<p>&nbsp;<\/p>\n<p>En la forma t\u00edpica egipcia de la historia, Eiil termin\u00f3 su llanto sobre su alma gemela Osiris en alrededor de mediados de agosto, lo que significa que Isis lloro todas las l\u00e1grimas que ten\u00eda. Es en este momento que los egipcios (tanto antiguos como modernos) tienen un festival que significa la \u00faltima l\u00e1grima de Isis que causar\u00e1 el pico del nivel de inundaci\u00f3n. Es durante esta celebraci\u00f3n que los egipcios lanzan una efigie de Isis en las aguas, para simbolizar que Eiil se ahog\u00f3 en sus propias l\u00e1grimas. Incre\u00edblemente, la iglesia ha adoptado la misma fecha exacta para representar la ascensi\u00f3n de la &#8220;Virgen Mar\u00eda&#8221; al cielo como d\u00eda de la Asunci\u00f3n, que se define como:<\/p>\n<p style=\"padding-left: 30px;\"><strong><em>El dogma de la toma del cuerpo y alma de la Virgen Mar\u00eda (Auset es tambi\u00e9n Virgen) en los cielos despu\u00e9s de su muerte.<\/em><\/strong><\/p>\n<p>La iglesia ortodoxa celebra el d\u00eda de la Asunci\u00f3n el 15 de agosto, que es el mismo d\u00eda exacto cuando los egipcios actuales observan el final de la estaci\u00f3n lluviosa en Etiop\u00eda.<\/p>\n<p>Adem\u00e1s de las celebraciones gubernamentales oficiales, los egipcios Baladi tienen un mouled llamado <em>Sitena Meriam <\/em>(que significa <em>Nuestra Se\u00f1ora Meriam<\/em>). Esto no es un &#8220;Festival cristiano&#8221;. El festival dura la t\u00edpica semana octava egipcia\u00a0(8 d\u00edas). El \u00faltimo d\u00eda de la celebraci\u00f3n es de 16 Mesoree (22 de agosto).<\/p>\n<p>Otro t\u00edtulo para este festival es <strong><em>Novia del Nilo<\/em><\/strong>, uniendo a Isis con Osiris. Eiil ha sumergido\u2014como s\u00edmbolo de la tierra\u2014en el cuerpo de su esposo, un s\u00edmbolo de agua. Esta unificaci\u00f3n es otra aplicaci\u00f3n perfecta del concepto de matrimonio interior que impura las tradiciones egipcias antiguas (y m\u00e1s tarde sufi).<\/p>\n<p><strong>=&gt; <span style=\"text-decoration: underline;\">Debe tenerse en cuenta que desde el 3 de julio (el comienzo del ascenso de las aguas del Nilo) hasta el 22 de agosto es de 50 d\u00edas\u2014otro Pentecost\u00e9s.<\/span><\/strong><\/p>\n<p>&nbsp;<\/p>\n<p><span style=\"color: #ff0000;\"><strong>[Un fragmento de Ra\u00edces del cristianismo del Antiguo Egipto,<\/strong><\/span><span style=\"color: #ff0000;\"><strong> por Moustafa Gadalla]<\/strong><\/span><\/p>\n<div>\n<div dir=\"auto\">\n<p><strong><span style=\"color: #0000ff;\">https:\/\/egyptianwisdomcenter.org\/product\/raices-del-cristianismo-del-antiguo-egipto\/<\/span><\/strong><\/p>\n<p><img decoding=\"async\" class=\"aligncenter\" src=\"https:\/\/egypt-tehuti.org\/wp-content\/uploads\/2016\/10\/cover-spanish-3-e1514493674416-225x338.jpg\" \/><\/p>\n<div dir=\"auto\" style=\"text-align: center;\"><span style=\"color: #0000ff;\"><strong>https:\/\/egyptianwisdomcenter.org\/product\/raices-del-cristianismo-del-antiguo-egipto\/<\/strong><\/span><\/div>\n<div dir=\"auto\">\n<div dir=\"auto\"><\/div>\n<\/div>\n<\/div>\n<\/div>\n","protected":false},"excerpt":{"rendered":"<p>Eiil asciende\u2014Se\u00f1ora de la Asunci\u00f3n &nbsp; En la forma t\u00edpica egipcia de la historia, Eiil termin\u00f3 su llanto sobre su alma gemela [&hellip;]<\/p>\n","protected":false},"author":3,"featured_media":0,"parent":0,"menu_order":0,"comment_status":"closed","ping_status":"closed","template":"","meta":{"_monsterinsights_skip_tracking":false,"_monsterinsights_sitenote_active":false,"_monsterinsights_sitenote_note":"","_monsterinsights_sitenote_category":0,"footnotes":""},"class_list":["post-2435","page","type-page","status-publish","hentry"],"aioseo_notices":[],"_links":{"self":[{"href":"https:\/\/egyptianwisdomcenter.org\/ro\/wp-json\/wp\/v2\/pages\/2435","targetHints":{"allow":["GET"]}}],"collection":[{"href":"https:\/\/egyptianwisdomcenter.org\/ro\/wp-json\/wp\/v2\/pages"}],"about":[{"href":"https:\/\/egyptianwisdomcenter.org\/ro\/wp-json\/wp\/v2\/types\/page"}],"author":[{"embeddable":true,"href":"https:\/\/egyptianwisdomcenter.org\/ro\/wp-json\/wp\/v2\/users\/3"}],"replies":[{"embeddable":true,"href":"https:\/\/egyptianwisdomcenter.org\/ro\/wp-json\/wp\/v2\/comments?post=2435"}],"version-history":[{"count":0,"href":"https:\/\/egyptianwisdomcenter.org\/ro\/wp-json\/wp\/v2\/pages\/2435\/revisions"}],"wp:attachment":[{"href":"https:\/\/egyptianwisdomcenter.org\/ro\/wp-json\/wp\/v2\/media?parent=2435"}],"curies":[{"name":"wp","href":"https:\/\/api.w.org\/{rel}","templated":true}]}}