{"id":2868,"date":"2019-03-02T13:02:23","date_gmt":"2019-03-02T18:02:23","guid":{"rendered":"https:\/\/egyptianwisdomcenter.org\/energia-de-la-piramide\/"},"modified":"2023-01-12T12:33:51","modified_gmt":"2023-01-12T17:33:51","slug":"energia-de-la-piramide","status":"publish","type":"page","link":"https:\/\/egyptianwisdomcenter.org\/ro\/energia-de-la-piramide\/","title":{"rendered":"Energ\u00eda De La Pir\u00e1mide"},"content":{"rendered":"<h2 style=\"text-align: center;\"><span style=\"color: #ff0000;\"><strong>Energ\u00eda De La Pir\u00e1mide<\/strong><\/span><\/h2>\n<p>&nbsp;<\/p>\n<p>Muchos investigadores descubrieron que hab\u00eda alguna propiedad en la forma piramidal que lo hizo responsable de poderes extraordinarios. Experimentaron con varios art\u00edculos colocando cada art\u00edculo en la posici\u00f3n equivalente de la &#8220;habitaci\u00f3n del rey&#8221; dentro de un modelo escalado de una pir\u00e1mide correctamente orientada. Descubrieron que los materiales altamente perecederos fueron preservados, embotados, las hojas de afeitar de acero de carb\u00f3n anticuadas recuperaron sus bordes afilados despu\u00e9s de una estancia de noche, etc. Muchos concluyeron que la forma piramidal misma era responsable, y de alguna manera cambi\u00f3 los procesos f\u00edsicos, qu\u00edmicos y biol\u00f3gicos que podr\u00edan tener lugar dentro de esa forma. Esta experimentaci\u00f3n condujo al fen\u00f3meno conocido como &#8220;poder piramidal&#8221;.<\/p>\n<p>Uno siente el poder de estas pir\u00e1mides egipcias cuando est\u00e1n dentro o fuera de ellos porque sus configuraciones se proporci\u00f3nan arm\u00f3nicamente.<\/p>\n<p>Las pir\u00e1mides fueron proporcionadas arm\u00f3nicamente para actuar\/funci\u00f3n de la misma manera que los <em>invernaderos<\/em> -es decir, para atraer y retener ciertas energ\u00edas. En el caso de la pir\u00e1mide egipcia, debe llamarse el efecto <em>Bluehouse<\/em>.<\/p>\n<p>En el caso del efecto invernadero, es la retenci\u00f3n de calor de la luz solar en la superficie de la tierra, causada por el di\u00f3xido de carbono atmosf\u00e9rico, que admite la radiaci\u00f3n de onda corta, pero absorbe la radiaci\u00f3n de onda larga emitida por la tierra.<\/p>\n<p>En el caso del efecto <em>Bluehouse<\/em>, el edificio conserva la energ\u00eda Orgone. Orgone proviene del espacio exterior. Es lo que hace que las estrellas centellean, y el cielo azul.<\/p>\n<p>Orgone se puede acumular mediante la construcci\u00f3n de una caja con madera en el exterior y plancha en el interior. El material org\u00e1nico permite que el Orgone a trav\u00e9s, y el interior del metal lo refleja.<\/p>\n<p>Por lo tanto, esta condici\u00f3n\/fen\u00f3meno podr\u00eda llamarse el efecto <em>Bluehouse<\/em>. Las concentraciones anormalmente altas de energ\u00eda PSI-org se acumulan dentro de una caja.<\/p>\n<p>PSI-org combina abreviaturas para la energ\u00eda ps\u00edquica y Orgone. Son nombres diferentes para la misma fuerza. El campo PSI, que produce el aura humana y es responsable de todos los poderes ps\u00edquicos, no es otra cosa que lo que Wilhelm Reich, el controvertido disc\u00edpulo austriaco de Freud, llam\u00f3 &#8220;energ\u00eda Orgone&#8221;.<\/p>\n<p>Los egipcios sab\u00edan todo acerca de la energ\u00eda PSI-org, porque lo usaron. Los antiguos egipcios fueron los primeros en descubrir que la forma de una pir\u00e1mide bien proporcionada puede concentrar la energ\u00eda PSI-org.<\/p>\n<p>El efecto Bluehouse aumenta dr\u00e1sticamente cuando se lamina la superficie de la pir\u00e1mide.<\/p>\n<p>Los primeros historiadores y viajeros nos contaron c\u00f3mo las piedras de la cubierta de las pir\u00e1mides sol\u00edan brillar. Las piedras de la cubierta fueron extra\u00eddas durante y despu\u00e9s del siglo XIII, para construir mezquitas y palacios o para quemar cal.<\/p>\n<p>La prueba de este tipo de energ\u00eda fue realizada por el Dr. Harald Puton, un f\u00edsico belga muy competente que descubri\u00f3 que cada forma de energ\u00eda psi se incrementa al sentarse bajo una pir\u00e1mide de proporciones arm\u00f3nicamente. Tal persona es m\u00e1s telep\u00e1tica, m\u00e1s clarividente, y m\u00e1s precognitiva. Es m\u00e1s f\u00e1cil iniciar experiencias fuera del cuerpo en estas condiciones. Adem\u00e1s, el aura del cuerpo es m\u00e1s intensa dentro de una pir\u00e1mide.<\/p>\n<p style=\"text-align: center;\">\u0394 \u0394 \u0394<\/p>\n<p><span style=\"text-decoration: underline;\"><strong>Los Canales De Energ\u00eda De Los Interiores De Las Pir\u00e1mides<\/strong><\/span><\/p>\n<p>Como se mencion\u00f3 anteriormente, las aut\u00e9nticas pir\u00e1mides de piedra maciza de Egipto tienen pasillos estrechos y algunas habitaciones vac\u00edas que est\u00e1n totalmente desprovista de cualquier inscripciones funerarias y caracter\u00edsticas.<\/p>\n<p>Los interiores de estas pir\u00e1mides s\u00f3lidas verdaderamente formadas son b\u00e1sicamente una red de canalizaci\u00f3n de energ\u00eda. Esta red de energ\u00eda se compone de habitaciones vac\u00edas, pasillos estrechos, grandes pasillos, pendientes escarpadas, paredes vac\u00edas, superficies lisas, etc.<\/p>\n<p>&nbsp;<\/p>\n<p><span style=\"color: #ff0000;\"><strong>[Un fragmento de Redescubriendo las pir\u00e1mides egipcias<\/strong><\/span><span style=\"color: #ff0000;\"><strong>\u00a0por Moustafa Gadalla]<\/strong><\/span><\/p>\n<p><span style=\"color: #0000ff;\"><strong>https:\/\/egyptianwisdomcenter.org\/product\/redescubriendo-las-piramides-egipcias\/<\/strong><\/span><\/p>\n<p><img decoding=\"async\" class=\"aligncenter\" src=\"https:\/\/egypt-tehuti.org\/wp-content\/uploads\/2018\/06\/Redescubriendo-las-pira%CC%81mides-egipcias-225x338.jpg\" \/><\/p>\n<p style=\"text-align: center;\"><span style=\"color: #0000ff;\"><strong>https:\/\/egyptianwisdomcenter.org\/product\/redescubriendo-las-piramides-egipcias\/<\/strong><\/span><\/p>\n<div dir=\"auto\"><\/div>\n","protected":false},"excerpt":{"rendered":"<p>Energ\u00eda De La Pir\u00e1mide &nbsp; Muchos investigadores descubrieron que hab\u00eda alguna propiedad en la forma piramidal que lo hizo responsable de poderes [&hellip;]<\/p>\n","protected":false},"author":3,"featured_media":0,"parent":0,"menu_order":0,"comment_status":"closed","ping_status":"closed","template":"","meta":{"_monsterinsights_skip_tracking":false,"_monsterinsights_sitenote_active":false,"_monsterinsights_sitenote_note":"","_monsterinsights_sitenote_category":0,"footnotes":""},"class_list":["post-2868","page","type-page","status-publish","hentry"],"aioseo_notices":[],"_links":{"self":[{"href":"https:\/\/egyptianwisdomcenter.org\/ro\/wp-json\/wp\/v2\/pages\/2868","targetHints":{"allow":["GET"]}}],"collection":[{"href":"https:\/\/egyptianwisdomcenter.org\/ro\/wp-json\/wp\/v2\/pages"}],"about":[{"href":"https:\/\/egyptianwisdomcenter.org\/ro\/wp-json\/wp\/v2\/types\/page"}],"author":[{"embeddable":true,"href":"https:\/\/egyptianwisdomcenter.org\/ro\/wp-json\/wp\/v2\/users\/3"}],"replies":[{"embeddable":true,"href":"https:\/\/egyptianwisdomcenter.org\/ro\/wp-json\/wp\/v2\/comments?post=2868"}],"version-history":[{"count":0,"href":"https:\/\/egyptianwisdomcenter.org\/ro\/wp-json\/wp\/v2\/pages\/2868\/revisions"}],"wp:attachment":[{"href":"https:\/\/egyptianwisdomcenter.org\/ro\/wp-json\/wp\/v2\/media?parent=2868"}],"curies":[{"name":"wp","href":"https:\/\/api.w.org\/{rel}","templated":true}]}}