{"id":30790,"date":"2019-03-25T16:26:54","date_gmt":"2019-03-25T20:26:54","guid":{"rendered":"http:\/\/egyptianwisdomcenter.org\/os-estilos-alfabeticos-da-escrita-do-egyptian\/"},"modified":"2023-01-08T05:51:12","modified_gmt":"2023-01-08T10:51:12","slug":"os-estilos-alfabeticos-da-escrita-do-egyptian","status":"publish","type":"page","link":"https:\/\/egyptianwisdomcenter.org\/ro\/os-estilos-alfabeticos-da-escrita-do-egyptian\/","title":{"rendered":"Os Estilos Alfab\u00e9ticos Da Escrita Do Egyptian"},"content":{"rendered":"<h2 style=\"text-align: center;\"><span style=\"color: #0000ff;\">Os Estilos Alfab\u00e9ticos Da Escrita Do Egyptian<\/span><\/h2>\n<p>&nbsp;<\/p>\n<h3><span style=\"color: #ff0000;\"><strong>1. O Devious Categoriza\u00e7\u00e3o Ocidental De Alfabeto Alfab\u00e9tico Eg\u00edpcio<\/strong><\/span><\/h3>\n<p>Como afirmado anteriormente, apesar de todos os fatos, a Academia ocidental fabricou uma hist\u00f3ria de como o script &#8216; Hieratic &#8216; foi degenerado a partir dos s\u00edmbolos pict\u00f3ricos hier\u00f3glifos, e que o script &#8220;demotic&#8221; foi mais degenera\u00e7\u00e3o do j\u00e1 degenerado &#8220;Hieratic&#8221; Script! Em seguida, eles inventaram a hist\u00f3ria de que os crist\u00e3os no Egito adotaram o alfabeto &#8220;grego&#8221; e adicionaram algumas cartas adicionais da vers\u00e3o &#8220;demotic&#8221; mais degenerada para que pudessem us\u00e1-la para seus escritos religiosos! Nenhum fato de apoio qualquer. Todo o esquema desonesto \u00e9 duplo:<\/p>\n<p style=\"padding-left: 30px;\">1. para negar o Egito como a origem do alfabeto.<\/p>\n<p style=\"padding-left: 30px;\">2. colocar um pa\u00eds europeu como fonte de alfabetos <em>reais <\/em>com &#8220;vogais&#8221;.<\/p>\n<p>Est\u00e3o aqui os delimita\u00e7\u00f5es artificiais da Academia ocidental nos estilos alfab\u00e9ticos da escrita do Egyptian antigo:<\/p>\n<p><span style=\"text-decoration: underline;\"><strong>Eu. O erroneamente chamado &#8220;Hieratic&#8221; script<\/strong><\/span> \u00e9 reivindicada, por acad\u00eamicos ocidentais, para ser uma forma \u00fanica de escrita cursiva da l\u00edngua eg\u00edpcia. \u00c9 reivindicada ainda por Academians ocidentais que este estilo &#8220;original&#8221; est\u00eave usado extensivamente pelos priests para textos liter\u00e1rios ou religiosos as well as para neg\u00f3cios e originais pessoais.<\/p>\n<p>Isto \u00e9 absolutamente falso e enganador, para &#8220;hier\u00e1tico&#8221; significa <em>sagrado\/religioso, <\/em>e \u00e9 um ox\u00edmoro para chamar um roteiro &#8220;hier\u00e1tico&#8221; que n\u00e3o tem nenhum prop\u00f3sito sagrado\/religioso mundano! A Academia ocidental categorizou escritos eg\u00edpcios da natureza mais mundana como sendo &#8220;hieratic&#8221;; tais como aqueles encontrados em peda\u00e7os de cer\u00e2mica e pedra chamado ostraka, bem como r\u00f3tulos em vasos!!<\/p>\n<p>No entanto, n\u00e3o h\u00e1 nada sagrado\/hier\u00e1tico sobre r\u00f3tulos em garrafas!<\/p>\n<p>Mesmo chips de ostraka [mostrado abaixo] t\u00eam inscri\u00e7\u00f5es que s\u00e3o erroneamente chamados de &#8220;hieratic&#8221; por academias ocidentais! Assuntos encontrados em tais ostraka s\u00e3o mundanos [n\u00e3o-hier\u00e1tico\/sagrado], tais como:<\/p>\n<p style=\"padding-left: 30px;\">-Registros de trabalho, memorando de trabalho, relat\u00f3rios de inspe\u00e7\u00e3o.<br \/>\n-Listas de oper\u00e1rios, ra\u00e7\u00f5es e suprimentos.<br \/>\n-Um registro de um visitante do canteiro de obras.<br \/>\n-A lista de uma expedi\u00e7\u00e3o de pedreiras.<br \/>\n-Registros di\u00e1rios do trabalho feito.<br \/>\n-Notas de visitas de inspec\u00e7\u00e3o por escribas e superiores.<br \/>\n-Rosters dos trabalhadores qualificados e n\u00e3o qualificados empregados em um canteiro de obras.<\/p>\n<p><a href=\"https:\/\/egyptianwisdomcenter.org\/wp-content\/uploads\/2019\/02\/eu-ch6-1-96c-1.jpg\"><img decoding=\"async\" class=\"size-full wp-image-1373 aligncenter\" src=\"https:\/\/egyptianwisdomcenter.org\/wp-content\/uploads\/2019\/02\/eu-ch6-1-96c-1.jpg\" alt=\"\" width=\"384\" height=\"101\" \/><\/a><\/p>\n<p style=\"text-align: center;\"><strong>. . .<\/strong><\/p>\n<p><span style=\"text-decoration: underline;\"><strong>Ii. Script Enchorial\/demotic<\/strong><\/span> \u00e9 reivindicada por Academians ocidentais para ser um formul\u00e1rio original da escrita Cursive da l\u00edngua Egyptian. \u00c9 reivindicada ainda por academias ocidentais que este estilo &#8220;original&#8221; est\u00eave usado para casos di\u00e1rios, para os eg\u00edpcios antigos. Reivindicou-se por Academians ocidentais que era tipo de um taquigrafia muito Cursive para a escrita r\u00e1pida que era repleta com ligaduras, abreviaturas e outras peculiaridades ortogr\u00e1fica. Como tal, essas academias afirmam que o registro dem\u00f3tico \u00e9 dominado por material jur\u00eddico, administrativo e comercial, composi\u00e7\u00f5es liter\u00e1rias, cient\u00edficos e at\u00e9 mesmo &#8220;textos religiosos&#8221; que foram escritos em uma m\u00e3o mais caligr\u00e1fica.<\/p>\n<p><a href=\"https:\/\/egyptianwisdomcenter.org\/wp-content\/uploads\/2019\/02\/eu-ch6-2-96c-1.jpg\"><img fetchpriority=\"high\" decoding=\"async\" class=\"size-full wp-image-1374 aligncenter\" src=\"https:\/\/egyptianwisdomcenter.org\/wp-content\/uploads\/2019\/02\/eu-ch6-2-96c-1.jpg\" alt=\"\" width=\"269\" height=\"458\" \/><\/a><\/p>\n<p>Se as academias afirmam que este roteiro foi usado para &#8220;textos religiosos&#8221;, bem como documentos de neg\u00f3cios, como \u00e9 poss\u00edvel chamar esta forma cursiva r\u00e1pida &#8220;<em>demotic<\/em>&#8221; quando foi usado para fins <em>hieratic\/sagrado <\/em>na escrita religiosa?!<\/p>\n<p style=\"text-align: center;\"><strong>. . .<\/strong><\/p>\n<p style=\"text-align: left;\"><span style=\"text-decoration: underline;\"><strong>Iii. Script Coptic<\/strong><\/span> \u00e9 reivindicada por Academians ocidentais para ser um formul\u00e1rio original da escrita Cursive da l\u00edngua Egyptian. \u00c9 afirmado ainda por academias ocidentais por pura repeti\u00e7\u00e3o (e ao contr\u00e1rio dos fatos), que uma forma &#8220;Coptic&#8221; de escrita foi desenvolvida sobre 300 CE para o uso da popula\u00e7\u00e3o crist\u00e3 no Egito, que consistia das letras do alfabeto grego com um adicional de seis personagens (derivado do antigo roteiro do Egito) para expressar sons peculiares \u00e0 l\u00edngua eg\u00edpcia! Mostrado abaixo \u00e9 &#8220;script Coptic&#8221; dos codices Nag Hammadi. Est\u00e1 escrito em unciais e tem o mesmo exato eg\u00edpcio antigo carta-formas milhares de anos antes da era grega.<\/p>\n<p><a href=\"https:\/\/egyptianwisdomcenter.org\/wp-content\/uploads\/2019\/02\/eu-ch6-3-96c-1.jpg\"><img decoding=\"async\" class=\"size-full wp-image-1375 aligncenter\" src=\"https:\/\/egyptianwisdomcenter.org\/wp-content\/uploads\/2019\/02\/eu-ch6-3-96c-1.jpg\" alt=\"\" width=\"235\" height=\"135\" \/><\/a><\/p>\n<p>O chamado &#8220;Coptic&#8221;\/&#8221;grego&#8221; script \u00e9 na verdade um antigo eg\u00edpcio unciais forma de escrita. Foram os gregos que os adotaram dos eg\u00edpcios, quando chegaram ao Egito como mercen\u00e1rios ou para estudar, e n\u00e3o o inverso.<\/p>\n<p>No s\u00e9culo XVII , o padre Athanasius Kircher reconheceu, em suas extensas obras anal\u00edticas, que o roteiro &#8220;grego&#8221; \u00e9 o antigo eg\u00edpcio de origem. E por isso, ele foi mal ridiculamente por seus companheiros europeus.<\/p>\n<p>&nbsp;<\/p>\n<h3><span style=\"color: #ff0000;\"><strong>2. Os Verdadeiros Dois Prim\u00e1rios Eg\u00edpcio Alfab\u00e9ticos Scripts<\/strong> <strong> [Uncials E Cursive]<\/strong><\/span><\/h3>\n<p>Clemente de Alexandria, no <em>Livro V de Stromata<\/em>, cap\u00edtulo IV, diz-nos claramente dos dois estilos preliminares reais de escritas alfab\u00e9ticas; bem como os hieroglyphs eg\u00edpcios pict\u00f3ricos n\u00e3o relacionados:<\/p>\n<p style=\"padding-left: 30px;\"><strong><em>&#8220;Agora, aqueles instru\u00eddos entre os eg\u00edpcios aprenderam antes de tudo <span style=\"text-decoration: underline;\">esse estilo das letras eg\u00edpcias<\/span> , que \u00e9 chamado Epistologr\u00e1fico<\/em><\/strong>[Cursive ou seja,&#8221; composto como uma s\u00e9rie de letras &#8220;]<strong><em>; <span style=\"text-decoration: underline;\">e segundo, o estilo hier\u00e1tico, que os escribas sacerdotais desempenham<\/span>; e finalmente, e \u00faltimo de tudo, o hier\u00f3glifos,&#8230;<\/em><\/strong> <strong><em>&#8220;<\/em><\/strong><\/p>\n<p>O terceiro item, sendo o hieroglyphics eg\u00edpcio e sua natureza, significados, etc., foi discutido mais cedo.<\/p>\n<p>Clement nunca afirmou que o estilo &#8220;hier\u00e1tico&#8221; eg\u00edpcio era uma forma &#8220;cursiva&#8221; ou &#8220;degenerada&#8221; de hier\u00f3glifos. Hieroglyphics foi notavelmente a \u00faltima forma que ele mencionou.<\/p>\n<p><strong>O \u00faltimo modo de script que est\u00e1 sendo hier\u00f3glifos n\u00e3o \u00e9 de letras e palavras, mas Clemente reafirmou o que todos os escritores de antiguidades haviam indicado: que os hier\u00f3glifos eg\u00edpcios s\u00e3o de tr\u00eas naturezas \u2014 imitativa, figurativa e aleg\u00f3rica.<\/strong><\/p>\n<p>Assim Clemente de Alexandria especifica dois modos alfab\u00e9ticos preliminares da escrita-um para o uso dom\u00e9stico\/comum\/p\u00fablico e outro que \u00e9 executado exclusivamente pelos priests eg\u00edpcios e usado exclusivamente para escritas religiosas.<\/p>\n<table>\n<tbody>\n<tr>\n<td style=\"text-align: center;\"><strong>Estilo Cursive<\/strong><\/td>\n<td style=\"text-align: center;\"><strong>Sacerdotal [religioso] estilo<\/strong><\/td>\n<\/tr>\n<tr>\n<td style=\"text-align: center;\">Um fluido, arredondado,<\/td>\n<td style=\"text-align: center;\">Quadrado, n\u00e3o inclinado, segmentado<\/td>\n<\/tr>\n<tr>\n<td style=\"text-align: center;\">Asfixiada<\/td>\n<td style=\"text-align: center;\">Uncials \u2014 cartas escritas separadamente<\/td>\n<\/tr>\n<tr>\n<td style=\"text-align: center;\">Escrita da m\u00e3o [Kufic]<\/td>\n<td style=\"text-align: center;\">Formal\/livro<\/td>\n<\/tr>\n<tr>\n<td style=\"text-align: center;\">F\u00e1cil de escrever<\/td>\n<td style=\"text-align: center;\">F\u00e1cil de ler<\/td>\n<\/tr>\n<tr>\n<td style=\"text-align: center;\">Assuntos internos [secular\/civil]<\/td>\n<td style=\"text-align: center;\">Assuntos teol\u00f3gicos<\/td>\n<\/tr>\n<\/tbody>\n<\/table>\n<p>A fim de tornar mais f\u00e1cil para os leitores que foram enganadas por categoria\u00e7\u00f5es falsas dos acad\u00eamicos ocidentais, oferecemos aqui os verdadeiros delineamentos com refer\u00eancia cruzada para os estilos de escrita eg\u00edpcio referenciados pela Academia ocidental incorreto:<\/p>\n<p><span style=\"text-decoration: underline; color: #ff0000;\"><strong>Eu. Estilo Cursive Puro<\/strong> <\/span>[erroneamente rotulado pela Academia ocidental como estilo &#8220;hier\u00e1tico&#8221;]<\/p>\n<p>Esta foi uma aplica\u00e7\u00e3o mais cuidadosa usada para documentos jur\u00eddicos, profissionais [cient\u00edficos e m\u00e9dicos] e governamentais. Estes foram cuidadosamente executados por escribas especializados e altamente qualificados de acordo com as normas estabelecidas em cada uma dessas aplica\u00e7\u00f5es, que s\u00e3o identificadas como formas caligr\u00e1ficas espec\u00edficas [a serem discutidas mais adiante neste cap\u00edtulo].<\/p>\n<p>Como em toda a escrita cursiva eg\u00edpcia, foi asfixiada\/n\u00e3o asfixiada de acordo com um sistema espec\u00edfico, como discutido mais cedo. Como tal, mostra que algumas letras t\u00eam formas diferentes quando usado como a primeira letra em uma palavra (inicial) do que quando usado em outro lugar na palavra (medial, final).<\/p>\n<p><a href=\"https:\/\/egyptianwisdomcenter.org\/wp-content\/uploads\/2019\/02\/eu-ch6-5-96c-1.jpg\"><img loading=\"lazy\" decoding=\"async\" class=\"size-full wp-image-1376 aligncenter\" src=\"https:\/\/egyptianwisdomcenter.org\/wp-content\/uploads\/2019\/02\/eu-ch6-5-96c-1.jpg\" alt=\"\" width=\"365\" height=\"163\" \/><\/a><\/p>\n<p>Mostrado acima \u00e9 uma amostra do erroneamente rotulado (pela Academia ocidental) estilo &#8220;hier\u00e1tico&#8221; como aparece no Papiro Ebers, que se parece exatamente com o erroneamente rotulado (pela Academia ocidental) &#8220;script demotic!<\/p>\n<p><span style=\"text-decoration: underline; color: #ff0000;\"><strong>Ii. Estilo Cursive P\u00fablico<\/strong><\/span> [erroneamente rotulado por acad\u00eamicos ocidentais como estilo &#8220;demotic&#8221;]<\/p>\n<p>Scripts que n\u00e3o se destinam a ser de registros p\u00fablicos, mas para neg\u00f3cios e assuntos cotidianos n\u00e3o estavam confinados a qualquer forma padr\u00e3o [caligr\u00e1fico] formul\u00e1rio (s) e n\u00e3o foram executadas por escribas oficiais.<\/p>\n<p>Tal categoria de scripts\/documentos\/escritos estendido para cartas privadas.<\/p>\n<p>Como em toda a escrita cursiva eg\u00edpcia, foi asfixiada\/n\u00e3o asfixiada de acordo com um sistema espec\u00edfico, como discutido mais cedo. Como tal, mostra que algumas letras t\u00eam formas diferentes quando usado como a primeira letra em uma palavra (inicial) do que quando usado em outro lugar na palavra (medial, final)..<\/p>\n<p>Uma vez que tais scripts foram feitos por escribas n\u00e3o-profissionais, houve diferen\u00e7as-muitas vezes menores, mas ainda evidente-no roteiro, vocabul\u00e1rio, morfologia e\/ou sintaxe; como se esperaria o mesmo com caligrafia moderna.<\/p>\n<p>Como era comum com este tipo de categoria descontrolada da escrita, havia um uso freq\u00fcente das abreviaturas, especial com as palavras que s\u00e3o usadas freq\u00fcentemente.<\/p>\n<p><span style=\"text-decoration: underline; color: #ff0000;\"><strong>Iii. Estilo Sagrado\/Hieratic<\/strong><\/span> [erroneamente rotulado pela Academia ocidental como &#8220;Coptic&#8221; estilo]<\/p>\n<p>Em seus escritos sagrados, os padres eg\u00edpcios antigos [como confirmado na declara\u00e7\u00e3o de Clemente acima] usaram uncials-a forma n\u00e3o-conectada n\u00e3o-cursiva de letras alfab\u00e9ticas. Como afirmado em um cap\u00edtulo anterior, cada letra alfab\u00e9tica na l\u00edngua eg\u00edpcia antiga [que foi copiado em mais tarde &#8220;\u00e1rabe&#8221;] tem quatro formas-a primeira das quais \u00e9 a forma de letra uncial.<\/p>\n<p>Apesar de todo o ru\u00eddo acad\u00eamico\/asser\u00e7\u00f5es, n\u00e3o h\u00e1 um \u00fanico texto religioso eg\u00edpcio escrito no que erroneamente rotulado &#8220;hieratic&#8221; script, que \u00e9 uma escrita cursiva e n\u00e3o unciais.<\/p>\n<p>A Academia ocidental renomeou o roteiro uncial REAL que os antigos eg\u00edpcios usaram para fins religiosos como &#8220;Coptic&#8221;, que eles declararam ser &#8220;uma ado\u00e7\u00e3o eg\u00edpcia do alfabeto grego com algumas cartas adicionais de demotic&#8221;! N\u00e3o h\u00e1 um \u00fanico registro hist\u00f3rico para confirmar suas asser\u00e7\u00f5es fabricadas.<\/p>\n<p>&nbsp;<\/p>\n<p><span style=\"color: #ff0000;\"><strong>[Trechos<span style=\"color: #0000ff;\"> Ancient Egyptian Universal Writing Modes<\/span><\/strong><\/span><span style=\"color: #ff0000;\"><strong> por Moustafa Gadalla]<\/strong><\/span><\/p>\n<div dir=\"auto\">\n<p><span style=\"color: #ff0000;\"><strong><span style=\"color: #0000ff;\">https:\/\/egyptianwisdomcenter.org\/product\/ancient-egyptian-universal-writing-modes\/<\/span><\/strong><\/span><\/p>\n<p><img decoding=\"async\" class=\"aligncenter\" src=\"https:\/\/books2read-prod.s3.amazonaws.com\/CACHE\/images\/ubl_book_images\/book_display_image_47HRC95\/515452d8b8f6b949614788303f629e63\" \/><\/p>\n<p style=\"text-align: center;\"><strong style=\"color: #ff0000;\"><span style=\"color: #0000ff;\">https:\/\/egyptianwisdomcenter.org\/product\/ancient-egyptian-universal-writing-modes\/<\/span><\/strong><\/p>\n<p>&nbsp;<\/p>\n<\/div>","protected":false},"excerpt":{"rendered":"<p>Os Estilos Alfab\u00e9ticos Da Escrita Do Egyptian &nbsp; 1. O Devious Categoriza\u00e7\u00e3o Ocidental De Alfabeto Alfab\u00e9tico Eg\u00edpcio Como afirmado anteriormente, apesar de [&hellip;]<\/p>","protected":false},"author":3,"featured_media":0,"parent":0,"menu_order":0,"comment_status":"closed","ping_status":"closed","template":"","meta":{"footnotes":""},"class_list":["post-30790","page","type-page","status-publish","hentry"],"aioseo_notices":[],"_links":{"self":[{"href":"https:\/\/egyptianwisdomcenter.org\/ro\/wp-json\/wp\/v2\/pages\/30790","targetHints":{"allow":["GET"]}}],"collection":[{"href":"https:\/\/egyptianwisdomcenter.org\/ro\/wp-json\/wp\/v2\/pages"}],"about":[{"href":"https:\/\/egyptianwisdomcenter.org\/ro\/wp-json\/wp\/v2\/types\/page"}],"author":[{"embeddable":true,"href":"https:\/\/egyptianwisdomcenter.org\/ro\/wp-json\/wp\/v2\/users\/3"}],"replies":[{"embeddable":true,"href":"https:\/\/egyptianwisdomcenter.org\/ro\/wp-json\/wp\/v2\/comments?post=30790"}],"version-history":[{"count":0,"href":"https:\/\/egyptianwisdomcenter.org\/ro\/wp-json\/wp\/v2\/pages\/30790\/revisions"}],"wp:attachment":[{"href":"https:\/\/egyptianwisdomcenter.org\/ro\/wp-json\/wp\/v2\/media?parent=30790"}],"curies":[{"name":"wp","href":"https:\/\/api.w.org\/{rel}","templated":true}]}}