{"id":32902,"date":"2019-03-26T11:01:36","date_gmt":"2019-03-26T15:01:36","guid":{"rendered":"http:\/\/egyptianwisdomcenter.org\/la-forma-di-scrittura-alfabetica-egiziana\/"},"modified":"2023-01-05T13:52:48","modified_gmt":"2023-01-05T18:52:48","slug":"la-forma-di-scrittura-alfabetica-egiziana","status":"publish","type":"page","link":"https:\/\/egyptianwisdomcenter.org\/ro\/la-forma-di-scrittura-alfabetica-egiziana\/","title":{"rendered":"La Forma Di Scrittura Alfabetica Egiziana"},"content":{"rendered":"<h2 style=\"text-align: center;\"><span style=\"color: #0000ff;\">La Forma Alfabetica Egiziana Della Scrittura<\/span><\/h2>\n<p>&nbsp;<\/p>\n<h3><span style=\"color: #ff0000;\"><strong>1. L&#8217;et\u00e0 Remota Degli Alfabeti Egiziani <\/strong><\/span><\/h3>\n<p>La maggior parte degli studiosi occidentali moderni affermano, esplicitamente e implicitamente, che l&#8217;antico alfabeto egizio (e la lingua) \u00e8 la fonte pi\u00f9 antica del mondo. Nel suo libro <em>la letteratura degli antichi egiziani <\/em>[pagina XXXIV-v], l&#8217;egittologo tedesco Adolf Erman ammette:<\/p>\n<p style=\"padding-left: 30px;\"><em>&#8220;<strong>Solo gli egiziani erano destinati ad adottare un metodo straordinario, in seguito al quale raggiunsero la pi\u00f9 alta forma di scrittura, l&#8217;alfabeto. . .&#8221;<\/strong><\/em><\/p>\n<p>L&#8217;egittologo britannico, W.M. Flinders Petrie, nel suo libro <em>la formazione degli alfabeti<\/em> [pagina 3], ha concluso:<\/p>\n<p style=\"padding-left: 30px;\"><span style=\"text-decoration: underline;\"><strong><em>&#8220;Dall&#8217;inizio delle epoche preistoriche, un sistema corsivo costituito da segni lineari, pieni di variet\u00e0 e distinzione \u00e8 stato certamente utilizzato in Egitto.&#8221;<\/em><\/strong><\/span><\/p>\n<p>L&#8217;autorit\u00e0 pi\u00f9 eminente sulle lingue, Isaac Taylor, nel suo libro <em>storia degli alfabeti,<\/em> volume 1, pagina 62:<\/p>\n<p style=\"padding-left: 30px;\"><strong><em>&#8220;La data immensamente precoce in cui i simboli di una natura alfabetica si trovano sui monumenti egiziani \u00e8 un fatto di grande interesse e importanza. \u00c8 di grande interesse, in quanto costituisce il punto di partenza nella storia dell&#8217;alfabeto, stabilendo la verit\u00e0 letterale dell&#8217;affermazione che <span style=\"text-decoration: underline;\">le lettere dell&#8217;alfabeto sono pi\u00f9 vecchie delle piramidi \u2014 pi\u00f9 vecchio probabilmente di qualsiasi altro monumento esistente di civilt\u00e0 umana &#8220;.<\/span> <\/em><\/strong><\/p>\n<p>Isaac Taylor, nella sua <em>storia libro degli alfabeti<\/em> volume i, PG. 64, scrisse del re egiziano inviato:<\/p>\n<p style=\"padding-left: 30px;\"><strong><em>&#8220;Re inviato, nel cui Regno i caratteri alfabetici erano gi\u00e0 in uso, pu\u00f2 essere preso per aver vissuto <span style=\"text-decoration: underline;\">tra 4000 e 4700 a.c.<\/span> Sorprendente come il risultato di tali calcoli possono apparire, si deve affermare che sia probabile che gli <span style=\"text-decoration: underline;\">inizi dell&#8217;arte grafica nella valle del Nilo debbano essere repressi ad una data di sette o 8000 anni dal momento presente.<\/span>&#8220;<\/em><\/strong><\/p>\n<p>\u00c8 molto chiaro che il linguaggio alfabetico antico egiziano \u00e8 stato il primo nel mondo migliaia di anni prima il tanto-to-do-niente &#8220;script Sinai&#8221; [vedere un capitolo successivo su questo argomento].<\/p>\n<p>Nel suo libro <em>la formazione dell&#8217;alfabeto<\/em>, W.M. Flinders Petrie ha raccolto e tabulato letterforme alfabetiche che si estendeva dalla prima et\u00e0 preistorica dell&#8217;Egitto per le epoche greche e romane. Petrie ha anche compilato (da diversi studiosi indipendenti) simili lettere alfabetiche-forme da 25 sedi in Asia minore, Grecia, Italia, Spagna, e altre localit\u00e0 in tutta Europa. Tutti sono molto pi\u00f9 giovani delle forme alfabetiche dell&#8217;antico Egitto.<\/p>\n<p>La tabulazione di Petrie di queste forme di lettere alfabetiche Mostra che:<\/p>\n<p style=\"padding-left: 30px;\">1. tutte le lettere alfabetiche erano presenti nell&#8217;antico Egitto fin dalle prime epoche pre-dinastiche (oltre 7.000 anni fa), prima di qualsiasi altro luogo del mondo.<\/p>\n<p style=\"padding-left: 30px;\">2. tutte le lettere alfabetiche egiziane sono chiaramente distinguibili nella pi\u00f9 antica scrittura ieratica egiziana recuperata pi\u00f9 di 5.000 anni fa.<\/p>\n<p style=\"padding-left: 30px;\">3. la stessa esatta lettera alfabetica antica egizia \u00e8 stata successivamente adottata e diffusa ad altre persone in tutto il mondo.<\/p>\n<p>&nbsp;<\/p>\n<h3><strong><span style=\"color: #ff0000;\">2. Il Distintivo Prehyksos Egiziano Papiri Alfabetici<\/span> <\/strong><\/h3>\n<p>L&#8217;eminente egittologo tedesco Adolf Erman scrisse, nel suo libro <em>Life in antico Egitto<\/em>, pagina 339:<\/p>\n<p style=\"padding-left: 30px;\"><strong><em>&#8220;Anche sotto il vecchio Regno<\/em><\/strong> [2575-2040 A.C.]<strong><em> una speciale mano corsiva era gi\u00e0 stata inventata per l&#8217;uso quotidiano, il cosiddetto ieratico &#8220;.<\/em><\/strong><\/p>\n<p>Isaac Taylor, nel suo libro <em>la storia dell&#8217;alfabeto<\/em>, vol. 1, pagine 94 e 95, si rifer\u00ec a tre importanti manoscritti antichi egizi del vecchio e Medio Regno epoche [2575-1783] prima del periodo Hyksos [c. 1600 A.C.], che aveva scritti alfabetici molto chiari e distintivi. I tre papiri concordano essenzialmente con l&#8217;altro per lo stile generale della scrittura e le forme dei singoli caratteri alfabetici in corsivo ordinato.<\/p>\n<p>Questi scritti alfabetici iniziali [hieratic] mostrano chiaramente un vero carattere corsivo: nero, arrotondato e audace.<\/p>\n<p>I tre manoscritti antichi egizi a cui si riferisce<\/p>\n<p>Isaac Taylor sono:<\/p>\n<p style=\"padding-left: 30px;\">1. un manoscritto egiziano in possesso del Prof. Lepsius in cui si fa menzione del costruttore della grande piramide di Giza, Khufu [Cheops], e di altri re delle dinastie precedenti di Memphis [2649-2465 A.C.].<\/p>\n<p style=\"padding-left: 30px;\">2. l&#8217;esemplare pi\u00f9 perfetto della scrittura corsiva ordinata alfabetica del primo periodo \u00e8 il celebre papiro che \u00e8 stato acquisito a Tebe da M. Prisse d&#8217;Avennes, dato da lui alla Biblioth\u00e8que Nationale di Parigi. Questo manoscritto \u00e8 solitamente chiamato &#8220;Papyrus Prisse&#8221;. \u00c8 stato pubblicato in facsimile da M. Prisse nel 1847 e si compone di diciotto pagine di una magnifica scrittura corsiva alfabetica, senza eguali in dimensioni e bellezza, i personaggi sono insolitamente grandi, pieni e fermi. Una dichiarazione alla fine del papiro Mostra che \u00e8 solo una copia dell&#8217;opera originale, che pretende di essere stata composta dal principe Ptah-Hotep, che visse durante il Regno di Assa, un re della Quinta dinastia [2465-2323 A.C.].<\/p>\n<p style=\"padding-left: 30px;\">3. nel Museo di Berlino, ci sono alcuni frammenti di un papiro ieratico durante i tempi dei re egiziani Amenemhat e Usurtasen, che apparteneva alla XII dinastia [1991-1783] che precedette l&#8217;invasione degli Hyksos.<\/p>\n<p><strong>Ecco il<\/strong> <strong>Facsimile di Papyrus Prisse<\/strong> <strong>, dove le forme di lettera sembrano esattamente come le forme di lettera in tutta la storia antica egizia riconosciuta e oltre.<\/strong><\/p>\n<p><a href=\"https:\/\/egyptianwisdomcenter.org\/wp-content\/uploads\/2019\/02\/eu-ch1-2-96c-1.jpg\"><img decoding=\"async\" class=\"size-full wp-image-1369 aligncenter\" src=\"https:\/\/egyptianwisdomcenter.org\/wp-content\/uploads\/2019\/02\/eu-ch1-2-96c-1.jpg\" alt=\"\" width=\"307\" height=\"137\" \/><\/a><\/p>\n<div class=\"gmail_default\">Ecco una porzione allargata di questo antico papiro egiziano che mostra le forme distintive di lettere alfabetiche che ogni altro paese adotter\u00e0, come le prove mostreranno in tutto questo libro.<\/div>\n<div><\/div>\n<div><a href=\"https:\/\/egyptianwisdomcenter.org\/wp-content\/uploads\/2019\/02\/eu-ch1-3-96c-1.jpg\"><img decoding=\"async\" class=\"size-full wp-image-1365 aligncenter\" src=\"https:\/\/egyptianwisdomcenter.org\/wp-content\/uploads\/2019\/02\/eu-ch1-3-96c-1.jpg\" alt=\"\" width=\"269\" height=\"124\" \/><\/a><\/div>\n<div><\/div>\n<div class=\"gmail_default\">Altri scritti alfabetici precoci sono numerosi. Ecco alcuni esempi:<\/div>\n<p style=\"padding-left: 30px;\">1. Cancella alfabeti dall&#8217;era del vecchio Regno [2575-2040 A.C.] da una lettera di una vedova, scritta su lino, Museo Egizio, Cairo, JE25975.<\/p>\n<p><a href=\"https:\/\/egyptianwisdomcenter.org\/wp-content\/uploads\/2019\/02\/eu-ch1-4-96c-1.jpg\"><img decoding=\"async\" class=\"size-full wp-image-1366 aligncenter\" src=\"https:\/\/egyptianwisdomcenter.org\/wp-content\/uploads\/2019\/02\/eu-ch1-4-96c-1.jpg\" alt=\"\" width=\"269\" height=\"172\" \/><\/a><\/p>\n<p style=\"padding-left: 30px;\">2. questo \u00e8 il terzo di un ciclo di cinque inni a Senwosret III, che \u00e8 stato trovato nella citt\u00e0 di El-Lahun. L&#8217;inno a Senwosret III Mostra l&#8217;arrangiamento strofico, ed \u00e8 stato scritto a met\u00e0 della XII dinastia [1991-1783 A.C.].<\/p>\n<p><a href=\"https:\/\/egyptianwisdomcenter.org\/wp-content\/uploads\/2019\/02\/eu-ch1-5-96c-1.jpg\"><img loading=\"lazy\" decoding=\"async\" class=\"size-full wp-image-1367 aligncenter\" src=\"https:\/\/egyptianwisdomcenter.org\/wp-content\/uploads\/2019\/02\/eu-ch1-5-96c-1.jpg\" alt=\"\" width=\"384\" height=\"159\" \/><\/a><\/p>\n<p style=\"padding-left: 30px;\">3. la scrittura mostrata qui \u00e8 un memorandum del sovrintendente del tempio al sacerdote del lettore al tempio Nubkaura di El-Lahun (durante il periodo di Senwosret II, 1897 \u2013 1878 A.C.), notificandolo che Sirius sarebbe salita il 16 \u00b0 giorno del 4\u00ba mese , in modo da prendere nota della sua esatta ubicazione e del suo tempo per inserirla nei registri del tempio.<\/p>\n<p><a href=\"https:\/\/egyptianwisdomcenter.org\/wp-content\/uploads\/2019\/02\/eu-ch1-6aa.-1-96c-1.jpg\"><img loading=\"lazy\" decoding=\"async\" class=\"size-full wp-image-1368 aligncenter\" src=\"https:\/\/egyptianwisdomcenter.org\/wp-content\/uploads\/2019\/02\/eu-ch1-6aa.-1-96c-1.jpg\" alt=\"\" width=\"307\" height=\"92\" \/><\/a><\/p>\n<p style=\"padding-left: 30px;\">4. diversi altri campioni simili su vari argomenti e scopi possono essere trovati nel libro di R.B. Parkinson [vedi bibliografia selezionata.]<\/p>\n<p style=\"padding-left: 30px;\">5. altri papiri egizi antichi con scritti alfabetici ordinati su tutti i tipi di soggetti di questa epoca molto precoce sono riferiti a tutte le varie pubblicazioni di Moustafa gadalla e sono nella maggior parte dei riferimenti egittologici.<\/p>\n<p>&nbsp;<\/p>\n<h3><span style=\"color: #ff0000;\"><strong>3. Fumatore Screening Migliaia Di Scritti Alfabetici Egiziani<\/strong><\/span><\/h3>\n<p>Il pi\u00f9 grande schermo di fumo nella storia sta nascondendo il (antico) sistema di scrittura alfabetica egiziano. Hanno fatto pensare tutti alla lingua egiziana come una raccolta di &#8220;immagini primitive&#8221; chiamate geroglifici. Nascondeva il sistema alfabetico egiziano come madre di tutte le lingue del mondo.<\/p>\n<p>Ecco come Alan Gardiner, nel suo libro <em>Grammatica egiziana<\/em>, cerca di &#8220;razionalizzare&#8221; come hanno nascosto il sistema alfabetico egiziano:<\/p>\n<p style=\"padding-left: 30px;\"><strong><em>&#8220;Gli egittologi hanno sperimentato la necessit\u00e0 pratica di adottare alcuni standard comuni a cui diverse mani ieratiche potevano essere ridotte, e invece di selezionare uno stile semplice di ieratico per lo scopo, hanno preferito trascriptare tutte le mani ieratiche in geroglifici &#8220;.<\/em><\/strong><\/p>\n<p>La &#8220;spiegazione\/giustificazione&#8221; di Gardiner per seppellire gli scritti alfabetici [ieratici] ci assicura che ci fossero <span style=\"text-decoration: underline;\">varie forme di scritti per vari scopi<\/span>. Le stesse accademie occidentali non usavano mai la stessa &#8220;scusa zoppo&#8221; con greco, Romano o qualsiasi altra lingua del mondo!<\/p>\n<p>Questa scusa zoppo \u00e8 stata usata solo negli scritti egiziani per ingannare e nascondere la lingua di scrittura alfabetica dell&#8217;antico egiziano.<\/p>\n<p>NON c&#8217;\u00e8 un solo riferimento \u2014 prima di questo XIX-XX secolo &#8220;egittologi occidentali&#8221; cospirazione \u2014 che ha dichiarato una relazione tra geroglifici (segni pittorici) e hieratic\/demotic lettere alfabetiche-forme. Al contrario, ogni singolo riferimento ha dichiarato esplicitamente quanto siano estranei.<\/p>\n<p>&nbsp;<\/p>\n<h3><span style=\"color: #ff0000;\"><strong>4. Egiziano \u00c8 Morto, Lunga Live &#8220;Arabo&#8221; <\/strong><\/span><\/h3>\n<p>Dopo aver nascosto il (antico) sistema di scrittura alfabetico egiziano che fa pensare a tutti della lingua egiziana come una raccolta di &#8220;immagini primitive&#8221; chiamati geroglifici, il loro secondo colpo \u00e8 stato dichiarando che la lingua egizia antica \u00e8 morta e che \u00e8 stato sostituito \u2014 dall&#8217;aria sottile \u2014 dal linguaggio &#8220;arabo&#8221;!<\/p>\n<p>Dire che gli egiziani parlano &#8220;arabo&#8221; \u00e8 totalmente falso e illogico. \u00c8 l&#8217;altro senso intorno: gli &#8220;arabi&#8221; molto tempo fa &#8220;adottati&#8221; e continuano a parlare egiziano.<\/p>\n<p>L&#8217;egittologo britannico Alan Gardiner nel suo libro, <em>Grammatica egiziana<\/em>, pagina 3, scrive:<\/p>\n<p style=\"padding-left: 30px;\"><span style=\"text-decoration: underline;\"><strong><em>&#8220;L&#8217;intero sistema vocalico del vecchio Egiziano pu\u00f2 infatti essere dimostrato di aver raggiunto una tappa simile a quella dell&#8217;arabo ebraico o moderno&#8221;<\/em><\/strong><\/span><\/p>\n<p>L&#8217;egiziano \u00e8 la madre di tutte le lingue semitiche, come dimostrato e concluso da tutti gli accademici.<\/p>\n<p>Come per altri pilastri di un linguaggio come la grammatica, la sintassi, ecc, rimane esattamente come la lingua egiziana antica.<\/p>\n<p>L&#8217;egittologo britannico Alan Gardiner, nel suo libro la <em>Grammatica egiziana<\/em>, pagina 2, ha dichiarato:<\/p>\n<p style=\"padding-left: 30px;\"><strong><em>&#8220;La lingua egiziana \u00e8 correlata, non solo per le lingue semitiche (ebraico, arabo, aramaico, babilonese, ecc.), ma anche per l&#8217;Africa orientale (galla, somalo, ecc.) e gli idiomi berberi del Nord Africa. Il suo legame con questi ultimi gruppi, conosciuti insieme come la famiglia Hamitica, \u00e8 un soggetto molto spinoso, ma il rapporto con le lingue semitiche pu\u00f2 essere definito in modo abbastanza preciso. Nella struttura generale la somiglianza \u00e8 molto grande; Egiziano condivide la peculiarit\u00e0 principale di semitico in quanto la sua parola-steli consistono di combinazioni di consonanti, come regola tre in numero, che sono teoricamente almeno immutabile. L&#8217;inflessione grammaticale e le variazioni minori di significato sono escogite principalmente suonando i cambiamenti sulle vocali interne, anche se le terminazioni apposte vengono utilizzate per lo stesso scopo<\/em><\/strong>.<\/p>\n<p>La &#8220;lingua araba&#8221; rispetta esattamente le caratteristiche linguistiche della pi\u00f9 antica lingua egizia, descritta dettagliatamente nel capitolo 15 di questo libro. Tali includono (ma non sono limitati a) antico egiziano prototipico interconnesso lessico, grammatica, e la sintassi come il significato dei verbi, radici verbali, gambi verbo,, classi di verbi e strutture, lo schema di coniugazione per i verbi, e il prototipico egiziano Etimologia\/Lessica e formazione di parole\/derivazioni da una radice di tre lettere (che significa un certo concetto generale) in numerosi modelli attraverso l&#8217;uso di vocali intermedie e prefissi, correzioni e suffissi, ecc.; oltre a tipi e strutture di sillabe, nonch\u00e9 gli ordini di sintassi\/parola e tipi di frasi.<\/p>\n<p>&nbsp;<\/p>\n<p><span style=\"color: #ff0000;\"><strong>[Estratti dalle Ancient Egyptian Universal Writing Modes (<\/strong><\/span><span style=\"color: #ff0000;\"><strong>modalit\u00e0 di scrittura universali egizie antiche) di Moustafa Gadalla]<\/strong><\/span><\/p>\n<p><span style=\"color: #ff0000;\"><strong><span style=\"color: #0000ff;\">https:\/\/egyptianwisdomcenter.org\/product\/ancient-egyptian-universal-writing-modes\/<\/span><\/strong><\/span><\/p>\n<p><img decoding=\"async\" class=\"aligncenter\" src=\"https:\/\/books2read-prod.s3.amazonaws.com\/CACHE\/images\/ubl_book_images\/book_display_image_47HRC95\/515452d8b8f6b949614788303f629e63\" \/><\/p>\n<p style=\"text-align: center;\"><strong style=\"color: #ff0000;\"><span style=\"color: #0000ff;\">https:\/\/egyptianwisdomcenter.org\/product\/ancient-egyptian-universal-writing-modes\/<\/span><\/strong><\/p>\n<div dir=\"auto\"><\/div>","protected":false},"excerpt":{"rendered":"<p>La Forma Alfabetica Egiziana Della Scrittura &nbsp; 1. L&#8217;et\u00e0 Remota Degli Alfabeti Egiziani La maggior parte degli studiosi occidentali moderni affermano, esplicitamente [&hellip;]<\/p>","protected":false},"author":3,"featured_media":0,"parent":0,"menu_order":0,"comment_status":"closed","ping_status":"closed","template":"","meta":{"footnotes":""},"class_list":["post-32902","page","type-page","status-publish","hentry"],"aioseo_notices":[],"_links":{"self":[{"href":"https:\/\/egyptianwisdomcenter.org\/ro\/wp-json\/wp\/v2\/pages\/32902","targetHints":{"allow":["GET"]}}],"collection":[{"href":"https:\/\/egyptianwisdomcenter.org\/ro\/wp-json\/wp\/v2\/pages"}],"about":[{"href":"https:\/\/egyptianwisdomcenter.org\/ro\/wp-json\/wp\/v2\/types\/page"}],"author":[{"embeddable":true,"href":"https:\/\/egyptianwisdomcenter.org\/ro\/wp-json\/wp\/v2\/users\/3"}],"replies":[{"embeddable":true,"href":"https:\/\/egyptianwisdomcenter.org\/ro\/wp-json\/wp\/v2\/comments?post=32902"}],"version-history":[{"count":0,"href":"https:\/\/egyptianwisdomcenter.org\/ro\/wp-json\/wp\/v2\/pages\/32902\/revisions"}],"wp:attachment":[{"href":"https:\/\/egyptianwisdomcenter.org\/ro\/wp-json\/wp\/v2\/media?parent=32902"}],"curies":[{"name":"wp","href":"https:\/\/api.w.org\/{rel}","templated":true}]}}