{"id":3581,"date":"2019-03-02T14:56:03","date_gmt":"2019-03-02T19:56:03","guid":{"rendered":"http:\/\/egyptianwisdomcenter.org\/los-estilos-alfabeticos-egipcios-de-la-escritura\/"},"modified":"2023-01-08T05:51:49","modified_gmt":"2023-01-08T10:51:49","slug":"los-estilos-alfabeticos-egipcios-de-la-escritura","status":"publish","type":"page","link":"https:\/\/egyptianwisdomcenter.org\/ro\/los-estilos-alfabeticos-egipcios-de-la-escritura\/","title":{"rendered":"Los Estilos Alfab\u00e9ticos Egipcios De La Escritura"},"content":{"rendered":"<h2 style=\"text-align: center;\"><span style=\"color: #0000ff;\">Los Estilos Alfab\u00e9ticos Egipcios De La Escritura<\/span><\/h2>\n<p>&nbsp;<\/p>\n<h3><span style=\"color: #ff0000;\"><strong>1. La Categorizaci\u00f3n Occidental Tortuosa De Los Guiones Alfab\u00e9ticos Egipcios<\/strong><\/span><\/h3>\n<p>Como se indic\u00f3 anteriormente, a pesar de todos los hechos, la Academia occidental invent\u00f3 una historia de c\u00f3mo el gui\u00f3n &#8216; Hieratic &#8216; fue degenerado a partir de los s\u00edmbolos pict\u00f3ricos jerogl\u00edficos, y que el gui\u00f3n &#8220;dem\u00f3tico&#8221; era m\u00e1s degeneraci\u00f3n de la ya degenerada &#8220;Hieratic&#8221; \u00a1Gui\u00f3n! Luego inventaron la historia de que los cristianos en Egipto adoptaron el alfabeto &#8220;griego&#8221; y agregaron algunas cartas adicionales de la versi\u00f3n &#8220;dem\u00f3tica&#8221; m\u00e1s degenerada para que pudieran usarla para sus escritos religiosos. No hay datos de apoyo en absoluto. Todo el esquema tortuoso es doble:<\/p>\n<p style=\"padding-left: 30px;\">1. negar a Egipto como el origen del alfabeto.<\/p>\n<p style=\"padding-left: 30px;\">2. colocar un pa\u00eds europeo como fuente de alfabetos <em>reales <\/em>con &#8220;vocales&#8221;.<\/p>\n<p>Aqu\u00ed est\u00e1n las delineaciones artificiales de la Academia occidental en los estilos alfab\u00e9ticos de la escritura del egipcio antiguo:<\/p>\n<p><span style=\"text-decoration: underline;\"><strong>i. El err\u00f3neamente llamado gui\u00f3n &#8220;Hieratic&#8221;<\/strong><\/span> es reclamado, por los acad\u00e9micos occidentales, de ser una forma \u00fanica de escritura cursiva de la lengua egipcia. Tambi\u00e9n es reclamado por los acad\u00e9micos occidentales que este estilo &#8220;\u00fanico&#8221; fue utilizado extensamente por los sacerdotes para textos literarios o religiosos, as\u00ed como para los negocios y documentos personales.<\/p>\n<p>Esto es absolutamente falso y enga\u00f1oso, para &#8220;hieratic&#8221; significa <em>sagrado\/religioso, <\/em>y es un ox\u00edmoron para llamar a un gui\u00f3n &#8220;hieratic&#8221; que no tiene ning\u00fan prop\u00f3sito sagrado\/religioso mundano! La Academia occidental ha categorizado escritos egipcios de la naturaleza m\u00e1s mundana como &#8220;hieratic&#8221;; tales como los que se encuentran en trozos de cer\u00e1mica y piedra llamada Ostraka, as\u00ed como etiquetas en los buques!!<\/p>\n<p>\u00a1 Sin embargo, no hay nada sagrado\/hier\u00e1tico sobre las etiquetas en las botellas!<\/p>\n<p>Incluso las fichas de Ostraka [mostradas abajo] tienen inscripciones que son err\u00f3neamente llamadas &#8220;hier\u00e1ticas&#8221; por las academias occidentales! Los temas que se encuentran en tales Ostraka son mundanos [no Hier\u00e1ticos\/sagrados], tales como:<\/p>\n<p style=\"padding-left: 30px;\">-Registros de trabajo, Memor\u00e1ndum de trabajo, informes de inspecci\u00f3n.<br \/>\n-Listas de obreros, raciones y suministros.<br \/>\n-Un registro de un visitante de la obra.<br \/>\n-La lista de una expedici\u00f3n de canteras.<br \/>\n-Registros diarios de trabajo realizado.<br \/>\n-Notas de visitas de inspecci\u00f3n por escribas y superiores.<br \/>\n-Rosters de los trabajadores cualificados y no calificados empleados en un sitio de construcci\u00f3n.<\/p>\n<p><a href=\"https:\/\/egyptianwisdomcenter.org\/wp-content\/uploads\/2019\/02\/eu-ch6-1-96c-1.jpg\"><img decoding=\"async\" class=\"size-full wp-image-1373 aligncenter\" src=\"https:\/\/egyptianwisdomcenter.org\/wp-content\/uploads\/2019\/02\/eu-ch6-1-96c-1.jpg\" alt=\"\" width=\"384\" height=\"101\" \/><\/a><\/p>\n<p style=\"text-align: center;\"><strong>. . .<\/strong><\/p>\n<p><span style=\"text-decoration: underline;\"><strong>ii. Script de Enchorial\/Demotic<\/strong><\/span> es reclamado por los acad\u00e9micos occidentales para ser una forma \u00fanica de escritura cursiva de la lengua egipcia. Tambi\u00e9n es reclamado por las academias occidentales que este estilo &#8220;\u00fanico&#8221; fue utilizado para los asuntos cotidianos, para los antiguos egipcios. Es reclamado por los acad\u00e9micos occidentales que era una especie de abreviaturas muy cursivas para la escritura r\u00e1pida que estaba repleta de ligaduras, abreviaturas y otras peculiaridades ortogr\u00e1ficas. Como tal, estas Academias afirman que el registro dem\u00f3tico est\u00e1 dominado por material legal, administrativo y comercial, composiciones literarias, cient\u00edficas e incluso &#8220;textos religiosos&#8221; que fueron escritas en una mano m\u00e1s caligr\u00e1fica.<\/p>\n<p><a href=\"https:\/\/egyptianwisdomcenter.org\/wp-content\/uploads\/2019\/02\/eu-ch6-2-96c-1.jpg\"><img fetchpriority=\"high\" decoding=\"async\" class=\"size-full wp-image-1374 aligncenter\" src=\"https:\/\/egyptianwisdomcenter.org\/wp-content\/uploads\/2019\/02\/eu-ch6-2-96c-1.jpg\" alt=\"\" width=\"269\" height=\"458\" \/><\/a><\/p>\n<p>Si las academias afirman que este gui\u00f3n fue utilizado para &#8220;textos religiosos&#8221;, as\u00ed como documentos de negocios, \u00bfc\u00f3mo es posible llamar a esta forma cursiva r\u00e1pida &#8220;<em>Demotic<\/em>&#8221; cuando se utiliz\u00f3 para prop\u00f3sitos <em>Hier\u00e1ticos\/sagrados <\/em>en la escritura religiosa?!<\/p>\n<p style=\"text-align: center;\"><strong>. . .<\/strong><\/p>\n<p style=\"text-align: left;\"><span style=\"text-decoration: underline;\"><strong>iii. Gui\u00f3n copto<\/strong><\/span> es reclamado por los acad\u00e9micos occidentales para ser una forma \u00fanica de escritura cursiva de la lengua egipcia. Tambi\u00e9n es declarada por las academias occidentales por pura repetici\u00f3n (y contrariamente a los hechos), que una forma &#8220;copta&#8221; de escritura fue desarrollada alrededor de 300 CE para el uso de la poblaci\u00f3n cristiana en Egipto que consist\u00eda en las letras del alfabeto griego con seis adicionales caracteres (derivado del antiguo gui\u00f3n dem\u00f3tico egipcio) para expresar sonidos que eran peculiares de la lengua egipcia! A continuaci\u00f3n se muestra &#8220;gui\u00f3n copto&#8221; de los c\u00f3dices Nag Hammadi. Est\u00e1 escrito en los unciales y tiene el mismo exacto antiguo egipcio Letras-formas miles de a\u00f1os antes de la era griega.<\/p>\n<p><a href=\"https:\/\/egyptianwisdomcenter.org\/wp-content\/uploads\/2019\/02\/eu-ch6-3-96c-1.jpg\"><img decoding=\"async\" class=\"size-full wp-image-1375 aligncenter\" src=\"https:\/\/egyptianwisdomcenter.org\/wp-content\/uploads\/2019\/02\/eu-ch6-3-96c-1.jpg\" alt=\"\" width=\"235\" height=\"135\" \/><\/a><\/p>\n<p>El llamado gui\u00f3n &#8220;Coptic&#8221;\/&#8221;griego&#8221; es de hecho una antigua forma de escritura de los unciales egipcios. Fueron los griegos los que los adoptaron de los egipcios, cuando vinieron a Egipto como mercenarios o a estudiar, y no al rev\u00e9s.<\/p>\n<p>En el siglo XVII, el padre Athanasius Kircher ha reconocido, en sus extensas obras anal\u00edticas, que el gui\u00f3n &#8220;griego&#8221; es de origen egipcio antiguo. Y por eso, \u00e9l fue mal ridicizado por sus compatriotas europeos.<\/p>\n<p>&nbsp;<\/p>\n<h3><span style=\"color: #ff0000;\"><strong>2. Los Verdaderos Dos G<\/strong><\/span><span style=\"color: #ff0000;\"><strong>uiones Alfab\u00e9ticos Egipcios Primarios<\/strong> <strong> [Unciales y Cursivos]<\/strong><\/span><\/h3>\n<p>Clemente de Alejandr\u00eda, en <em>Stromata libro V<\/em>, cap\u00edtulo IV, nos dice claramente de los dos estilos primarios reales de escrituras alfab\u00e9ticas; as\u00ed como los jerogl\u00edficos egipcios pict\u00f3ricos no relacionados:<\/p>\n<p style=\"padding-left: 30px;\"><strong><em>&#8220;Ahora \u00e9sos instruidos entre los egipcios aprendieron primero de todo <span style=\"text-decoration: underline;\">ese estilo de las letras egipcias<\/span> que se llama Epistolographic<\/em><\/strong>[cursivo i.e. &#8216; compuesto como una serie de letras &#8216;]<strong><em>; <span style=\"text-decoration: underline;\">y segundo, el estilo hier\u00e1tico, que act\u00faan los escribas sacerdotales<\/span>; y finalmente, y por \u00faltimo, el jerogl\u00edfico,<\/em><\/strong> &#8230; <strong><em>&#8220;<\/em><\/strong><\/p>\n<p>El tercer punto, siendo los jerogl\u00edficos egipcios y su naturaleza, significados, etc., fue discutido antes.<\/p>\n<p>Clemente nunca afirm\u00f3 que el estilo &#8220;hier\u00e1tico&#8221; egipcio era una forma &#8220;cursiva&#8221; o &#8220;degenerada&#8221; de jerogl\u00edficos. Los jerogl\u00edficos fueron notablemente la \u00faltima forma que mencion\u00f3.<\/p>\n<p><strong>El \u00faltimo modo de gui\u00f3n siendo jerogl\u00edficos no es de letras y palabras, pero Clemente reafirm\u00f3 lo que todos los escritores de antig\u00fcedades hab\u00edan indicado: que los jerogl\u00edficos egipcios son de tres naturalezas \u2014 imitativas, figurativas y aleg\u00f3ricas.<\/strong><\/p>\n<p>As\u00ed Clemente de Alejandr\u00eda especifica dos modos de escritura alfab\u00e9tica primaria \u2014 uno para uso dom\u00e9stico\/com\u00fan\/p\u00fablico y otro que es realizado exclusivamente por los sacerdotes egipcios y utilizado exclusivamente para los escritos religiosos.<\/p>\n<table>\n<tbody>\n<tr>\n<td style=\"text-align: center;\"><strong>Estilo cursivo<\/strong><\/td>\n<td style=\"text-align: center;\"><strong>Estilo sacerdotal [religioso]<\/strong><\/td>\n<\/tr>\n<tr>\n<td style=\"text-align: center;\">Un fluido, redondeado,<\/td>\n<td style=\"text-align: center;\">Cuadrado, desinclinado, segmentado<\/td>\n<\/tr>\n<tr>\n<td style=\"text-align: center;\">Ligatured<\/td>\n<td style=\"text-align: center;\">Unciales \u2014 cartas escritas por separado<\/td>\n<\/tr>\n<tr>\n<td style=\"text-align: center;\">Escritura de la mano [Kufic]<\/td>\n<td style=\"text-align: center;\">Formal\/libro<\/td>\n<\/tr>\n<tr>\n<td style=\"text-align: center;\">F\u00e1cil de escribir<\/td>\n<td style=\"text-align: center;\">F\u00e1cil de leer<\/td>\n<\/tr>\n<tr>\n<td style=\"text-align: center;\">Asuntos dom\u00e9sticos [secular\/civil]<\/td>\n<td style=\"text-align: center;\">Asuntos teol\u00f3gicos<\/td>\n<\/tr>\n<\/tbody>\n<\/table>\n<p>Con el fin de facilitarlo a los lectores que han sido enga\u00f1ados por las falsas categorizaciones de los acad\u00e9micos occidentales, ofrecemos aqu\u00ed las verdaderas delineaciones con referencias cruzadas a los estilos de escritura egipcios de referencia acad\u00e9mica occidentales incorrectos:<\/p>\n<p><span style=\"text-decoration: underline; color: #ff0000;\"><strong>i. Estilo cursivo aseado<\/strong> <\/span>[err\u00f3neamente etiquetada por la Academia occidental como estilo &#8220;hier\u00e1tico&#8221;]<\/p>\n<p>Esta fue una aplicaci\u00f3n m\u00e1s cuidadosa utilizada para documentos legales, profesionales [cient\u00edficos y m\u00e9dicos] y gubernamentales. Estos fueron cuidadosamente ejecutados por escribanos especializados y altamente cualificados seg\u00fan las normas establecidas en cada una de esas aplicaciones, que se identifican como formas caligr\u00e1ficas espec\u00edficas [que se discutir\u00e1n m\u00e1s adelante en este cap\u00edtulo].<\/p>\n<p>Como en toda la escritura cursiva egipcia, era ligatured\/no ligatured seg\u00fan un sistema espec\u00edfico, seg\u00fan lo discutido anterior. Como tal, muestra que algunas letras tienen formas diferentes cuando se utiliza como la primera letra en una palabra (inicial) que cuando se utiliza en otra parte de la palabra (medial, final).<\/p>\n<p><a href=\"https:\/\/egyptianwisdomcenter.org\/wp-content\/uploads\/2019\/02\/eu-ch6-5-96c-1.jpg\"><img loading=\"lazy\" decoding=\"async\" class=\"size-full wp-image-1376 aligncenter\" src=\"https:\/\/egyptianwisdomcenter.org\/wp-content\/uploads\/2019\/02\/eu-ch6-5-96c-1.jpg\" alt=\"\" width=\"365\" height=\"163\" \/><\/a><\/p>\n<p>Se muestra arriba es una muestra de la err\u00f3neamente etiquetada (por la Academia occidental) estilo &#8220;hier\u00e1tico&#8221; como aparece en el papiro de Ebers, que se ve exactamente como el err\u00f3neamente etiquetado (por la Academia occidental) &#8220;gui\u00f3n dem\u00f3tico!<\/p>\n<p><span style=\"text-decoration: underline; color: #ff0000;\"><strong>ii. Estilo cursivo p\u00fablico<\/strong><\/span> [err\u00f3neamente etiquetada por acad\u00e9micos occidentales como estilo &#8220;dem\u00f3tico&#8221;]<\/p>\n<p>Los guiones que no est\u00e1n destinados a ser de registros p\u00fablicos, pero para los negocios y los asuntos cotidianos no se limitaban a ninguna forma [caligr\u00e1fica] est\u00e1ndar (s) y no fueron ejecutados por escribas oficiales.<\/p>\n<p>Dicha categor\u00eda de guiones\/documentos\/escritos se extendi\u00f3 a letras privadas.<\/p>\n<p>Como en toda la escritura cursiva egipcia, era ligatured\/no ligatured seg\u00fan un sistema espec\u00edfico, seg\u00fan lo discutido anterior. Como tal, muestra que algunas letras tienen formas diferentes cuando se utiliza como la primera letra en una palabra (inicial) que cuando se utiliza en otra parte de la palabra (medial, final)..<\/p>\n<p>Dado que tales scripts fueron realizados por escribas no profesionales, hubo diferencias-a menudo menores pero a\u00fan evidentes-en el gui\u00f3n, el vocabulario, la morfolog\u00eda y\/o la sintaxis; como uno esperar\u00eda lo mismo con la escritura a mano moderna.<\/p>\n<p>Como era com\u00fan con este tipo de categor\u00eda de escritura no controlada, hubo un uso frecuente de abreviaturas, especialmente con palabras que se utilizan con frecuencia.<\/p>\n<p><span style=\"text-decoration: underline; color: #ff0000;\"><strong>iii. Estilo sagrado\/Hier\u00e1tico<\/strong><\/span> [err\u00f3neamente etiquetada por la Academia occidental como &#8220;Coptic&#8221; estilo]<\/p>\n<p>En sus Sagradas Escrituras, los sacerdotes egipcios antiguos [seg\u00fan lo confirmado en la declaraci\u00f3n de Clemente anterior] utilizaron Uncials \u2014 la forma no-cursiva no relacionada de letras alfab\u00e9ticas. Como se indic\u00f3 en un cap\u00edtulo anterior, cada letra alfab\u00e9tica en la lengua egipcia antigua [que fue copiada en m\u00e1s tarde &#8220;\u00e1rabe&#8221;] tiene cuatro formas, la primera de las cuales es la forma de letra uncial.<\/p>\n<p>A pesar de todo el ruido acad\u00e9mico\/afirmaciones, no hay un solo texto religioso egipcio escrito en lo que err\u00f3neamente etiquetados &#8220;Hieratic&#8221; gui\u00f3n, que es una escritura cursiva y no unciales del nuevo.<\/p>\n<p>La Academia occidental renombr\u00f3 el gui\u00f3n uncial REAL que los antiguos egipcios usaban para prop\u00f3sitos religiosos como &#8220;Coptic&#8221;, que declararon ser &#8220;una adopci\u00f3n egipcia del alfabeto griego con algunas cartas adicionales de dem\u00f3tico&#8221;! No hay un solo registro hist\u00f3rico para confirmar sus afirmaciones inventadas.<\/p>\n<p>&nbsp;<\/p>\n<p><span style=\"color: #ff0000;\"><strong>[Un extracto traducido de Ancient Egyptian Universal Writing Modes por Moustafa Gadalla]<\/strong><\/span><\/p>\n<div dir=\"auto\">\n<p><span style=\"color: #ff0000;\"><strong><span style=\"color: #0000ff;\">https:\/\/egyptianwisdomcenter.org\/product\/ancient-egyptian-universal-writing-modes\/<\/span><\/strong><\/span><\/p>\n<p><img decoding=\"async\" class=\"aligncenter\" src=\"https:\/\/books2read-prod.s3.amazonaws.com\/CACHE\/images\/ubl_book_images\/book_display_image_47HRC95\/515452d8b8f6b949614788303f629e63\" \/><\/p>\n<p style=\"text-align: center;\"><strong style=\"color: #ff0000;\"><span style=\"color: #0000ff;\">https:\/\/egyptianwisdomcenter.org\/product\/ancient-egyptian-universal-writing-modes\/<\/span><\/strong><\/p>\n<p>&nbsp;<\/p>\n<\/div>","protected":false},"excerpt":{"rendered":"<p>Los Estilos Alfab\u00e9ticos Egipcios De La Escritura &nbsp; 1. La Categorizaci\u00f3n Occidental Tortuosa De Los Guiones Alfab\u00e9ticos Egipcios Como se indic\u00f3 anteriormente, [&hellip;]<\/p>","protected":false},"author":3,"featured_media":0,"parent":0,"menu_order":0,"comment_status":"closed","ping_status":"closed","template":"","meta":{"footnotes":""},"class_list":["post-3581","page","type-page","status-publish","hentry"],"aioseo_notices":[],"_links":{"self":[{"href":"https:\/\/egyptianwisdomcenter.org\/ro\/wp-json\/wp\/v2\/pages\/3581","targetHints":{"allow":["GET"]}}],"collection":[{"href":"https:\/\/egyptianwisdomcenter.org\/ro\/wp-json\/wp\/v2\/pages"}],"about":[{"href":"https:\/\/egyptianwisdomcenter.org\/ro\/wp-json\/wp\/v2\/types\/page"}],"author":[{"embeddable":true,"href":"https:\/\/egyptianwisdomcenter.org\/ro\/wp-json\/wp\/v2\/users\/3"}],"replies":[{"embeddable":true,"href":"https:\/\/egyptianwisdomcenter.org\/ro\/wp-json\/wp\/v2\/comments?post=3581"}],"version-history":[{"count":0,"href":"https:\/\/egyptianwisdomcenter.org\/ro\/wp-json\/wp\/v2\/pages\/3581\/revisions"}],"wp:attachment":[{"href":"https:\/\/egyptianwisdomcenter.org\/ro\/wp-json\/wp\/v2\/media?parent=3581"}],"curies":[{"name":"wp","href":"https:\/\/api.w.org\/{rel}","templated":true}]}}