{"id":5556,"date":"2019-03-03T14:42:33","date_gmt":"2019-03-03T19:42:33","guid":{"rendered":"http:\/\/egyptianwisdomcenter.org\/les-orchestres-musicaux\/"},"modified":"2023-01-07T07:56:09","modified_gmt":"2023-01-07T12:56:09","slug":"les-orchestres-musicaux","status":"publish","type":"page","link":"https:\/\/egyptianwisdomcenter.org\/ro\/les-orchestres-musicaux\/","title":{"rendered":"Les Orchestres Musicaux"},"content":{"rendered":"<h2 style=\"text-align: center;\"><span style=\"color: #ff0000;\"><strong>L&#8217;orchestre Musical<\/strong><\/span><\/h2>\n<p>&nbsp;<\/p>\n<p>Les instruments de musique diff\u00e8rent dans la boussole, la vari\u00e9t\u00e9 de la force d&#8217;une seule note, valeur d&#8217;accent, valeur de survie, la vitesse d&#8217;articulation pour une note r\u00e9p\u00e9t\u00e9e, et combien de notes chaque instrument peut jouer \u00e0 la fois. En tant que tel, une vari\u00e9t\u00e9 d&#8217;instruments ont \u00e9t\u00e9 utilis\u00e9s par les anciens \u00c9gyptiens pour fournir un syst\u00e8me complet\/gamme de sons musicaux.<\/p>\n<p>Il convient de noter que l&#8217;aper\u00e7u des instruments de musique de l&#8217;Egypte ancienne dans ce livre est limit\u00e9 aux instruments qui peuvent \u00eatre compar\u00e9s avec les instruments actuels. Certains des instruments des anciens \u00c9gyptiens diff\u00e8rent trop de la classification actuelle pour \u00eatre class\u00e9s avec l&#8217;un d&#8217;eux.<\/p>\n<p>Des groupes musicaux vari\u00e9s, en Egypte ancienne. Des ensembles plus petits et plus grands ont \u00e9t\u00e9 employ\u00e9s \u00e0 diverses fins, comme en t\u00e9moignent les sc\u00e8nes musicales repr\u00e9sent\u00e9es dans les \u00e9difices \u00e9gyptiens antiques. Il est suffisamment \u00e9vident, \u00e0 partir des sculptures des anciens \u00c9gyptiens, que leurs musiciens connaissaient la triple Symphonie \u2014 l&#8217;harmonie des instruments, des voix, des voix et des instruments. Le jeu des instruments de musique \u00e9tait contr\u00f4l\u00e9 par les mouvements des mains des chefs d&#8217;orchestre (chironomides). Leurs signes de main montrent une vari\u00e9t\u00e9 de jeu: l&#8217;unisson, l&#8217;accord, la polyphonie, etc., comme montr\u00e9 plus t\u00f4t.<\/p>\n<p>L&#8217;orchestre\/ensemble \u00e9gyptien se composait g\u00e9n\u00e9ralement des quatre groupes d&#8217;instruments:<\/p>\n<p style=\"padding-left: 30px;\">instruments <strong>1. <\/strong>String avec des cordes ouvertes, comme le tri-Gonon, lyre, harpe, etc. [Voir chapitre 2.]<\/p>\n<p style=\"padding-left: 30px;\">instruments <strong>2. <\/strong>String avec des cordes arr\u00eat\u00e9es sur un cou, comme le tanboura, guitare, Oud\/luth, etc. [Voir chapitre 2.]<\/p>\n<p style=\"padding-left: 30px;\">instruments <strong>3. <\/strong>Wind comme la fl\u00fbte, pipe, etc. [Voir chapitre 3.]<\/p>\n<p style=\"padding-left: 30px;\">instruments <strong>4. <\/strong>percussion comme tambours, clappers, cloches, etc. [Voir chapitre 4.]<\/p>\n<p>Le chironomide pr\u00e9sida l&#8217;ensemble musical et, par une s\u00e9rie de gestes, d\u00e9termina le pitch et les intervalles sur lesquels les musiciens fondaient leur performance. Les d\u00e9tails de cet examen sont rapport\u00e9s dans une \u00e9tude sp\u00e9ciale [H. <em>La chironomie dans l&#8217;Egypte ancienne<\/em>, le magazine de la langue \u00e9gyptienne et l&#8217;antique 83, 2, 1958.].<\/p>\n<div>\n<p>Les variations symphoniques et polyphonique sont repr\u00e9sent\u00e9es dans les sc\u00e8nes musicales des b\u00e2timents antiques \u00e9gyptiens de l&#8217;ancien Royaume (il y a 4500 ans), avec un r\u00e9alisateur guidant l&#8217;ensemble total au moyen de gestes visibles. Un ou plusieurs chironomides ont \u00e9t\u00e9 repr\u00e9sent\u00e9s pour signifier le type de performance. Il convient de noter que le fait de repr\u00e9senter plus d&#8217;un chironomide pour un instrument est symbolique de l&#8217;action pr\u00e9vue dans la repr\u00e9sentation artistique \u00e9gyptienne ancienne.<\/p>\n<\/div>\n<p>Les chironomides \u00e9gyptiens guidaient les musiciens en trois mani\u00e8res diff\u00e9rentes, pour fournir des tonalit\u00e9s simples, doubles et triples, comme suit:<\/p>\n<p style=\"text-align: left;\"><strong>1. <\/strong>les chironomides indiquent des signes de main identiques; ainsi, le musicien (s) est\/jouent \u00e0 l&#8217;unisson.<\/p>\n<p><a href=\"http:\/\/egyptianwisdomcenter.org\/wp-content\/uploads\/2019\/02\/chironomids-300x150.png\" rel=\"attachment wp-att-366\"><img decoding=\"async\" class=\"aligncenter size-medium wp-image-366\" src=\"http:\/\/egyptianwisdomcenter.org\/wp-content\/uploads\/2019\/02\/chironomids-300x150.png\" alt=\"chironomid\u00e9s\" width=\"300\" height=\"150\" \/><\/a><\/p>\n<p><strong>2. <\/strong>les chironomides indiquent des signes de main diff\u00e9rents; ainsi, les musiciens jouent un accord. Voici deux exemples:<\/p>\n<p style=\"padding-left: 30px;\"><strong>a.<\/strong> Dans la tombe de TI [Saqqarah, ancien Royaume], nous avons deux chironomides illustr\u00e9s donnant des signaux de main diff\u00e9rents pour un seul instrument (harpe), repr\u00e9sentant deux sons diff\u00e9rents; C&#8217;est \u00e0 dire de repr\u00e9senter un exemple de polyphonie.<\/p>\n<p style=\"padding-left: 30px;\"><a href=\"https:\/\/fr.egyptianwisdomcenter.org\/wp-content\/uploads\/2019\/02\/hand-signals-1.png\"><img decoding=\"async\" class=\"size-full wp-image-761 aligncenter\" src=\"https:\/\/fr.egyptianwisdomcenter.org\/wp-content\/uploads\/2019\/02\/hand-signals-1.png\" alt=\"\" width=\"233\" height=\"180\" \/><\/a><\/p>\n<p style=\"padding-left: 30px;\">Cette repr\u00e9sentation de deux chironomides est indicative de la double tonalit\u00e9, qui pourrait \u00eatre cons\u00e9cutive ou simultan\u00e9e.<\/p>\n<p style=\"padding-left: 30px;\"><strong>b.<\/strong> jouer un accord avec trois tonalit\u00e9s diff\u00e9rentes est repr\u00e9sent\u00e9e [ci-dessous] dans la tombe de Nencheftka [5<sup>\u00e8me<\/sup> dynastie, Saqqarah, maintenant au Mus\u00e9e du Caire]. Trois signaux de main diff\u00e9rents sont montr\u00e9s par les chironomides repr\u00e9sent\u00e9s.<\/p>\n<p style=\"padding-left: 30px;\"><a href=\"https:\/\/fr.egyptianwisdomcenter.org\/wp-content\/uploads\/2019\/02\/playing-chord.png\"><img decoding=\"async\" class=\"size-full wp-image-780 aligncenter\" src=\"https:\/\/fr.egyptianwisdomcenter.org\/wp-content\/uploads\/2019\/02\/playing-chord.png\" alt=\"\" width=\"400\" height=\"113\" \/><\/a><\/p>\n<p style=\"padding-left: 30px;\">Un autre exemple de polyphonie compos\u00e9e de trois tonalit\u00e9s diff\u00e9rentes est pr\u00e9sent\u00e9e dans une sc\u00e8ne musicale \u00e0 partir d&#8217;un soulagement de la tombe de Nekauhor [Saqqara, 5<sup>\u00e8me<\/sup> dynastie, actuellement au Metropolitan Museum of Art, New York].<\/p>\n<p>&nbsp;<\/p>\n<p><strong>[Un extrait de<span style=\"color: #ff0000;\"> Instruments de Musique \u00c9gyptiens <\/span><\/strong><strong>par Moustafa Gadalla]<\/strong><\/p>\n<p><span style=\"color: #0000ff;\"><strong>https:\/\/egyptianwisdomcenter.org\/product\/instruments-de-musique-egyptiens\/<\/strong><\/span><\/p>\n<p><img decoding=\"async\" class=\"aligncenter\" src=\"https:\/\/books2read-prod.s3.amazonaws.com\/CACHE\/images\/ubl_book_images\/book_display_image_PnlXAdS\/7e9d4fa7964995f1804bca552139e9e0\" \/><\/p>\n<p style=\"text-align: center;\"><span style=\"color: #0000ff;\"><strong>https:\/\/egyptianwisdomcenter.org\/product\/instruments-de-musique-egyptiens\/<\/strong><\/span><\/p>","protected":false},"excerpt":{"rendered":"<p>L&#8217;orchestre Musical &nbsp; Les instruments de musique diff\u00e8rent dans la boussole, la vari\u00e9t\u00e9 de la force d&#8217;une seule note, valeur d&#8217;accent, valeur [&hellip;]<\/p>","protected":false},"author":3,"featured_media":0,"parent":0,"menu_order":0,"comment_status":"closed","ping_status":"closed","template":"","meta":{"footnotes":""},"class_list":["post-5556","page","type-page","status-publish","hentry"],"aioseo_notices":[],"_links":{"self":[{"href":"https:\/\/egyptianwisdomcenter.org\/ro\/wp-json\/wp\/v2\/pages\/5556","targetHints":{"allow":["GET"]}}],"collection":[{"href":"https:\/\/egyptianwisdomcenter.org\/ro\/wp-json\/wp\/v2\/pages"}],"about":[{"href":"https:\/\/egyptianwisdomcenter.org\/ro\/wp-json\/wp\/v2\/types\/page"}],"author":[{"embeddable":true,"href":"https:\/\/egyptianwisdomcenter.org\/ro\/wp-json\/wp\/v2\/users\/3"}],"replies":[{"embeddable":true,"href":"https:\/\/egyptianwisdomcenter.org\/ro\/wp-json\/wp\/v2\/comments?post=5556"}],"version-history":[{"count":0,"href":"https:\/\/egyptianwisdomcenter.org\/ro\/wp-json\/wp\/v2\/pages\/5556\/revisions"}],"wp:attachment":[{"href":"https:\/\/egyptianwisdomcenter.org\/ro\/wp-json\/wp\/v2\/media?parent=5556"}],"curies":[{"name":"wp","href":"https:\/\/api.w.org\/{rel}","templated":true}]}}